{"id":2777,"date":"2025-01-31T15:49:56","date_gmt":"2025-01-31T15:49:56","guid":{"rendered":"https:\/\/chaveirodelisboa.pt\/?page_id=2777"},"modified":"2025-01-31T15:52:09","modified_gmt":"2025-01-31T15:52:09","slug":"abertura-de-porta","status":"publish","type":"page","link":"https:\/\/chaveirodelisboa.pt\/de\/turoffnung\/","title":{"rendered":"T\u00fcr\u00f6ffnung in Lissabon - schneller und sicherer 24h-Service"},"content":{"rendered":"<p>Sich zu Hause auszusperren oder seine Schl\u00fcssel zu verlieren, kann nervenaufreibend sein. In diesem Fall ist es am besten, sich auf einen Schl\u00fcsseldienst zu verlassen. <strong>T\u00fcr\u00f6ffnung<\/strong> effizient, schnell und sicher in Lissabon.<\/p>\n<\/section>\n<section>\n<h2>Was tun Sie, wenn Sie die T\u00fcr nicht \u00f6ffnen k\u00f6nnen?<\/h2>\n<p>Stellen Sie sich die Szene vor: Sie kommen sp\u00e4t in der Nacht an, stecken Ihren Schl\u00fcssel ins Schloss und... nichts passiert. Oder Sie stellen fest, dass Sie den Schl\u00fcssel im Haus vergessen haben. Solche Situationen sind h\u00e4ufiger, als Sie vielleicht denken, und erfordern eine sofortige L\u00f6sung.<\/p>\n<p>Eine gewaltsame \u00d6ffnung der T\u00fcr kann unn\u00f6tige Sch\u00e4den verursachen, die Kosten erh\u00f6hen und in vielen F\u00e4llen das Problem gar nicht l\u00f6sen. Die beste Alternative ist, einen Fachmann hinzuzuziehen, der geeignete Techniken anwendet, um die T\u00fcr zu \u00f6ffnen, ohne ihre Sicherheit zu gef\u00e4hrden.<\/p>\n<\/section>\n<section>\n<h2>Warum sollten Sie sich f\u00fcr einen professionellen T\u00fcr\u00f6ffnungsdienst entscheiden?<\/h2>\n<p>Wenn Sie versuchen, eine T\u00fcr ohne die richtige Technik zu \u00f6ffnen, k\u00f6nnten Sie das Schloss, die Struktur der T\u00fcr und sogar die Sicherheit der Immobilie besch\u00e4digen. Ein qualifizierter Fachmann verwendet pr\u00e4zise Methoden, die Sch\u00e4den verhindern und eine schnelle L\u00f6sung garantieren.<\/p>\n<ul>\n<li><strong>Geschwindigkeit und Effizienz<\/strong> - Sofortiger Service, damit Sie nicht warten m\u00fcssen.<\/li>\n<li><strong>Sicherheit<\/strong> - Fortgeschrittene Techniken, die Ihre T\u00fcr und Ihr Schloss sch\u00fctzen.<\/li>\n<li><strong>24-Stunden-Verf\u00fcgbarkeit<\/strong> - Hilfe zu jeder Tages- und Nachtzeit.<\/li>\n<li><strong>Erleben Sie<\/strong> - Fachleute, die f\u00fcr den Umgang mit verschiedenen Arten von Schl\u00f6ssern und T\u00fcren geschult sind.<\/li>\n<\/ul>\n<\/section>\n<section>\n<h2>Arten von T\u00fcr\u00f6ffnungen, die wir durchf\u00fchren<\/h2>\n<p>Unabh\u00e4ngig von der Art der T\u00fcr oder des Schlosses kann ein professioneller Schl\u00fcsseldienst helfen. Zu den h\u00e4ufigsten Dienstleistungen geh\u00f6ren:<\/p>\n<ul>\n<li><strong>\u00d6ffnung der Wohnungst\u00fcr<\/strong> - Wenn Sie sich aus Ihrem Haus oder Ihrer Wohnung ausgesperrt haben.<\/li>\n<li><strong>\u00d6ffnen von gewerblichen T\u00fcren<\/strong> - F\u00fcr Unternehmen, Gesch\u00e4fte und B\u00fcros, die schnelle Hilfe ben\u00f6tigen.<\/li>\n<li><strong>\u00d6ffnen gepanzerter T\u00fcren<\/strong> - Spezialisierte Techniken zur Vermeidung von Sch\u00e4den an Sicherheitssystemen.<\/li>\n<li><strong>\u00d6ffnen von Autot\u00fcren<\/strong> - Wenn Sie Ihren Autoschl\u00fcssel verloren haben oder er im Fahrzeug stecken geblieben ist.<\/li>\n<\/ul>\n<\/section>\n<section>\n<h2>Wie viel kostet ein T\u00fcr\u00f6ffnungsdienst?<\/h2>\n<p>Die Kosten f\u00fcr die Dienstleistung k\u00f6nnen je nach Art des Schlosses, der Komplexit\u00e4t der \u00d6ffnung und der Dauer der Dienstleistung variieren. Die \u00d6ffnung einer einfachen T\u00fcr hat einen anderen Preis als die \u00d6ffnung eines Hochsicherheits- oder elektronischen Schlosses.<\/p>\n<p>Eines ist jedoch sicher: Es ist in jedem Fall wirtschaftlicher, einen qualifizierten Fachmann zu beauftragen, als zu versuchen, das Problem selbst zu beheben und dabei gr\u00f6\u00dfere Sch\u00e4den zu verursachen.<\/p>\n<\/section>\n<section>\n<h2>24-Stunden-T\u00fcr\u00f6ffnungshilfe in Lissabon<\/h2>\n<p>Probleme mit T\u00fcren und Schl\u00f6ssern k\u00f6nnen jederzeit auftreten. Deshalb ist es wichtig, einen Schl\u00fcsseldienst zu haben. <strong>24-Stunden-T\u00fcr\u00f6ffnung<\/strong> in Lissabon, die schnelle Hilfe garantieren, wenn Sie sie am meisten brauchen.<\/p>\n<p>Unabh\u00e4ngig von der Tageszeit oder der Komplexit\u00e4t des Problems ist ein erfahrener Fachmann immer bereit zu helfen.<\/p>\n<\/section>\n<section>\n<h2>Spezialisierter Schl\u00fcsseldienst f\u00fcr einen sicheren und effizienten Service<\/h2>\n<p>Was auch immer Ihr Problem mit T\u00fcren oder Schl\u00f6ssern ist, ein spezialisierter Schl\u00fcsseldienst macht den Unterschied. Moderne Techniken, das richtige Werkzeug und jahrelange Erfahrung garantieren einen hochwertigen Service.<\/p>\n<p><strong>Ben\u00f6tigen Sie einen T\u00fcr\u00f6ffnungsdienst in Lissabon?<\/strong> Verlieren Sie keine Zeit und verschaffen Sie sich schnell und sicher Zugang zu Ihrem Eigentum.<\/p>\n<\/section>","protected":false},"excerpt":{"rendered":"<p>Ficar trancado para fora de casa ou perder as chaves pode ser desesperador. Quando isso acontece, a melhor solu\u00e7\u00e3o \u00e9 contar com um servi\u00e7o de abertura de porta eficiente, r\u00e1pido e seguro em Lisboa. O que fazer quando n\u00e3o consegue abrir a porta? Imagine a cena: chega tarde da noite, coloca a chave na fechadura [&hellip;]<\/p>","protected":false},"author":1,"featured_media":0,"parent":0,"menu_order":0,"comment_status":"closed","ping_status":"closed","template":"","meta":{"footnotes":""},"class_list":["post-2777","page","type-page","status-publish","hentry"],"yoast_head":"<!-- This site is optimized with the Yoast SEO plugin v24.5 - https:\/\/yoast.com\/wordpress\/plugins\/seo\/ -->\n<title>Abertura de Porta em Lisboa \u2013 Servi\u00e7o R\u00e1pido e Seguro 24h<\/title>\n<meta name=\"description\" content=\"Precisa de um servi\u00e7o r\u00e1pido e seguro de abertura de porta em Lisboa? Atendemos 24 horas por dia com profissionais experientes e confi\u00e1veis.\" \/>\n<meta name=\"robots\" content=\"index, follow, max-snippet:-1, max-image-preview:large, max-video-preview:-1\" \/>\n<link rel=\"canonical\" href=\"https:\/\/chaveirodelisboa.pt\/de\/turoffnung\/\" \/>\n<meta property=\"og:locale\" content=\"de_DE\" \/>\n<meta property=\"og:type\" content=\"article\" \/>\n<meta property=\"og:title\" content=\"Abertura de Porta em Lisboa \u2013 Servi\u00e7o R\u00e1pido e Seguro 24h\" \/>\n<meta property=\"og:description\" content=\"Precisa de um servi\u00e7o r\u00e1pido e seguro de abertura de porta em Lisboa? Atendemos 24 horas por dia com profissionais experientes e confi\u00e1veis.\" \/>\n<meta property=\"og:url\" content=\"https:\/\/chaveirodelisboa.pt\/de\/turoffnung\/\" \/>\n<meta property=\"og:site_name\" content=\"Chaveiro de Lisboa\" \/>\n<meta property=\"article:modified_time\" content=\"2025-01-31T15:52:09+00:00\" \/>\n<meta name=\"twitter:card\" content=\"summary_large_image\" \/>\n<meta name=\"twitter:label1\" content=\"Est. reading time\" \/>\n\t<meta name=\"twitter:data1\" content=\"3\u00a0Minuten\" \/>\n<script type=\"application\/ld+json\" class=\"yoast-schema-graph\">{\"@context\":\"https:\/\/schema.org\",\"@graph\":[{\"@type\":\"WebPage\",\"@id\":\"https:\/\/chaveirodelisboa.pt\/abertura-de-porta\/\",\"url\":\"https:\/\/chaveirodelisboa.pt\/abertura-de-porta\/\",\"name\":\"Abertura de Porta em Lisboa \u2013 Servi\u00e7o R\u00e1pido e Seguro 24h\",\"isPartOf\":{\"@id\":\"https:\/\/chaveirodelisboa.pt\/#website\"},\"datePublished\":\"2025-01-31T15:49:56+00:00\",\"dateModified\":\"2025-01-31T15:52:09+00:00\",\"description\":\"Precisa de um servi\u00e7o r\u00e1pido e seguro de abertura de porta em Lisboa? Atendemos 24 horas por dia com profissionais experientes e confi\u00e1veis.\",\"breadcrumb\":{\"@id\":\"https:\/\/chaveirodelisboa.pt\/abertura-de-porta\/#breadcrumb\"},\"inLanguage\":\"de\",\"potentialAction\":[{\"@type\":\"ReadAction\",\"target\":[\"https:\/\/chaveirodelisboa.pt\/abertura-de-porta\/\"]}]},{\"@type\":\"BreadcrumbList\",\"@id\":\"https:\/\/chaveirodelisboa.pt\/abertura-de-porta\/#breadcrumb\",\"itemListElement\":[{\"@type\":\"ListItem\",\"position\":1,\"name\":\"Home\",\"item\":\"https:\/\/chaveirodelisboa.pt\/\"},{\"@type\":\"ListItem\",\"position\":2,\"name\":\"Abertura de Porta em Lisboa \u2013 Servi\u00e7o R\u00e1pido e Seguro 24h\"}]},{\"@type\":\"WebSite\",\"@id\":\"https:\/\/chaveirodelisboa.pt\/#website\",\"url\":\"https:\/\/chaveirodelisboa.pt\/\",\"name\":\"Chaveiro de Lisboa\",\"description\":\"\ud83d\udd11 Solu\u00e7\u00f5es em chaveiro urgentes e confi\u00e1veis em Lisboa, 24 horas por dia.\",\"potentialAction\":[{\"@type\":\"SearchAction\",\"target\":{\"@type\":\"EntryPoint\",\"urlTemplate\":\"https:\/\/chaveirodelisboa.pt\/?s={search_term_string}\"},\"query-input\":{\"@type\":\"PropertyValueSpecification\",\"valueRequired\":true,\"valueName\":\"search_term_string\"}}],\"inLanguage\":\"de\"}]}<\/script>\n<!-- \/ Yoast SEO plugin. -->","yoast_head_json":{"title":"Abertura de Porta em Lisboa \u2013 Servi\u00e7o R\u00e1pido e Seguro 24h","description":"Precisa de um servi\u00e7o r\u00e1pido e seguro de abertura de porta em Lisboa? Atendemos 24 horas por dia com profissionais experientes e confi\u00e1veis.","robots":{"index":"index","follow":"follow","max-snippet":"max-snippet:-1","max-image-preview":"max-image-preview:large","max-video-preview":"max-video-preview:-1"},"canonical":"https:\/\/chaveirodelisboa.pt\/de\/turoffnung\/","og_locale":"de_DE","og_type":"article","og_title":"Abertura de Porta em Lisboa \u2013 Servi\u00e7o R\u00e1pido e Seguro 24h","og_description":"Precisa de um servi\u00e7o r\u00e1pido e seguro de abertura de porta em Lisboa? Atendemos 24 horas por dia com profissionais experientes e confi\u00e1veis.","og_url":"https:\/\/chaveirodelisboa.pt\/de\/turoffnung\/","og_site_name":"Chaveiro de Lisboa","article_modified_time":"2025-01-31T15:52:09+00:00","twitter_card":"summary_large_image","twitter_misc":{"Est. reading time":"3\u00a0Minuten"},"schema":{"@context":"https:\/\/schema.org","@graph":[{"@type":"WebPage","@id":"https:\/\/chaveirodelisboa.pt\/abertura-de-porta\/","url":"https:\/\/chaveirodelisboa.pt\/abertura-de-porta\/","name":"Abertura de Porta em Lisboa \u2013 Servi\u00e7o R\u00e1pido e Seguro 24h","isPartOf":{"@id":"https:\/\/chaveirodelisboa.pt\/#website"},"datePublished":"2025-01-31T15:49:56+00:00","dateModified":"2025-01-31T15:52:09+00:00","description":"Precisa de um servi\u00e7o r\u00e1pido e seguro de abertura de porta em Lisboa? Atendemos 24 horas por dia com profissionais experientes e confi\u00e1veis.","breadcrumb":{"@id":"https:\/\/chaveirodelisboa.pt\/abertura-de-porta\/#breadcrumb"},"inLanguage":"de","potentialAction":[{"@type":"ReadAction","target":["https:\/\/chaveirodelisboa.pt\/abertura-de-porta\/"]}]},{"@type":"BreadcrumbList","@id":"https:\/\/chaveirodelisboa.pt\/abertura-de-porta\/#breadcrumb","itemListElement":[{"@type":"ListItem","position":1,"name":"Home","item":"https:\/\/chaveirodelisboa.pt\/"},{"@type":"ListItem","position":2,"name":"Abertura de Porta em Lisboa \u2013 Servi\u00e7o R\u00e1pido e Seguro 24h"}]},{"@type":"WebSite","@id":"https:\/\/chaveirodelisboa.pt\/#website","url":"https:\/\/chaveirodelisboa.pt\/","name":"Chaveiro de Lisboa","description":"\ud83d\udd11 Solu\u00e7\u00f5es em chaveiro urgentes e confi\u00e1veis em Lisboa, 24 horas por dia.","potentialAction":[{"@type":"SearchAction","target":{"@type":"EntryPoint","urlTemplate":"https:\/\/chaveirodelisboa.pt\/?s={search_term_string}"},"query-input":{"@type":"PropertyValueSpecification","valueRequired":true,"valueName":"search_term_string"}}],"inLanguage":"de"}]}},"_links":{"self":[{"href":"https:\/\/chaveirodelisboa.pt\/de\/wp-json\/wp\/v2\/pages\/2777","targetHints":{"allow":["GET"]}}],"collection":[{"href":"https:\/\/chaveirodelisboa.pt\/de\/wp-json\/wp\/v2\/pages"}],"about":[{"href":"https:\/\/chaveirodelisboa.pt\/de\/wp-json\/wp\/v2\/types\/page"}],"author":[{"embeddable":true,"href":"https:\/\/chaveirodelisboa.pt\/de\/wp-json\/wp\/v2\/users\/1"}],"replies":[{"embeddable":true,"href":"https:\/\/chaveirodelisboa.pt\/de\/wp-json\/wp\/v2\/comments?post=2777"}],"version-history":[{"count":0,"href":"https:\/\/chaveirodelisboa.pt\/de\/wp-json\/wp\/v2\/pages\/2777\/revisions"}],"wp:attachment":[{"href":"https:\/\/chaveirodelisboa.pt\/de\/wp-json\/wp\/v2\/media?parent=2777"}],"curies":[{"name":"wp","href":"https:\/\/api.w.org\/{rel}","templated":true}]}}