{"id":2797,"date":"2025-02-02T07:25:27","date_gmt":"2025-02-02T07:25:27","guid":{"rendered":"https:\/\/chaveirodelisboa.pt\/?page_id=2797"},"modified":"2025-02-02T07:25:27","modified_gmt":"2025-02-02T07:25:27","slug":"serralheiro","status":"publish","type":"page","link":"https:\/\/chaveirodelisboa.pt\/de\/schlusseldienst\/","title":{"rendered":"Schl\u00fcsseldienst in Lissabon - Reparatur- und Einbauservice 24h"},"content":{"rendered":"<p>Sie ben\u00f6tigen eine <strong>Schl\u00fcsseldienst<\/strong> in Lissabon? Ganz gleich, ob Sie eine verschlossene T\u00fcr \u00f6ffnen, Schl\u00f6sser austauschen oder die Sicherheit Ihrer Wohnung oder Ihres Unternehmens verst\u00e4rken m\u00fcssen, ein erfahrener Fachmann kann Ihr Problem schnell und effizient l\u00f6sen.<\/p>\n<\/section>\n<section>\n<h2>Was macht ein Schlosser?<\/h2>\n<p>Ein Schlosser ist auf die Arbeit mit T\u00fcren, Schl\u00f6ssern, Metallstrukturen und Sicherheitssystemen spezialisiert. Ob in Notf\u00e4llen oder zur vorbeugenden Wartung, ein qualifizierter Fachmann garantiert mehr Sicherheit und Praktikabilit\u00e4t.<\/p>\n<p>Zu den wichtigsten Dienstleistungen eines Schl\u00fcsseldienstes geh\u00f6ren:<\/p>\n<ul>\n<li><strong>T\u00fcren \u00f6ffnen<\/strong> - Wohn-, Gesch\u00e4fts- und Fahrzeugbau, ohne die Struktur zu besch\u00e4digen.<\/li>\n<li><strong>Auswechseln und Reparieren von Schl\u00f6ssern<\/strong> - Wenn das Schloss defekt ist oder Sie mehr Sicherheit ben\u00f6tigen.<\/li>\n<li><strong>Austausch und Einbau von Panzert\u00fcren<\/strong> - Verst\u00e4rkung der Sicherheit in Wohnungen und Unternehmen.<\/li>\n<li><strong>Einbau von Kanonen und elektrischen Schl\u00f6ssern<\/strong> - Erh\u00f6hen Sie den Schutz Ihres Eigentums mit modernen Systemen.<\/li>\n<li><strong>Reparatur von automatischen Toren<\/strong> - L\u00f6sung f\u00fcr Tore, die klemmen oder sich nicht richtig \u00f6ffnen lassen.<\/li>\n<li><strong>Herstellung und Instandhaltung von Metallkonstruktionen<\/strong> - F\u00fcr Tore, Gel\u00e4nder, Eisent\u00fcren und mehr.<\/li>\n<\/ul>\n<\/section>\n<section>\n<h2>Wann sollte man einen Schl\u00fcsseldienst rufen?<\/h2>\n<p>Probleme mit Schl\u00f6ssern und T\u00fcren k\u00f6nnen jederzeit auftreten. Einige Situationen, in denen ein Schl\u00fcsseldienst unerl\u00e4sslich sein kann, sind:<\/p>\n<ul>\n<li>Sie haben Ihren Schl\u00fcssel verloren und m\u00fcssen die T\u00fcr \u00f6ffnen?<\/li>\n<li>Ist das Schloss verklemmt oder gebrochen?<\/li>\n<li>M\u00f6chten Sie die Sicherheit Ihres Hauses mit widerstandsf\u00e4higeren Schl\u00f6ssern verst\u00e4rken?<\/li>\n<li>M\u00fcssen Sie ein automatisches Tor reparieren oder ersetzen?<\/li>\n<li>M\u00f6chten Sie eine gepanzerte T\u00fcr einbauen?<\/li>\n<\/ul>\n<p>Was auch immer das Problem ist, ein professioneller Schl\u00fcsseldienst kann schnell und sicher die beste L\u00f6sung bieten.<\/p>\n<\/section>\n<section>\n<h2>Warum eine qualifizierte Fachkraft w\u00e4hlen?<\/h2>\n<p>Ein erfahrener Schlosser sorgt daf\u00fcr, dass jede Arbeit korrekt ausgef\u00fchrt wird, ohne unn\u00f6tige Sch\u00e4den zu verursachen. Au\u00dferdem macht die richtige Ausr\u00fcstung den Unterschied aus, wenn es darum geht, einen sicheren und dauerhaften Service zu gew\u00e4hrleisten.<\/p>\n<p>Die Vorteile eines Spezialisten sind unter anderem<\/p>\n<ul>\n<li><strong>Geschwindigkeit und Effizienz<\/strong> - Sofortige Reaktion auf Notf\u00e4lle.<\/li>\n<li><strong>Sicherheit<\/strong> - Moderne Techniken zur Vermeidung von Sch\u00e4den an T\u00fcren und Schl\u00f6ssern.<\/li>\n<li><strong>24-Stunden-Verf\u00fcgbarkeit<\/strong> - Der Service ist immer erreichbar, unabh\u00e4ngig von der Tageszeit.<\/li>\n<li><strong>Hochwertige Materialien<\/strong> - Verwendung von langlebigen und zuverl\u00e4ssigen Teilen.<\/li>\n<\/ul>\n<\/section>\n<section>\n<h2>Wie viel kostet ein Schl\u00fcsseldienst?<\/h2>\n<p>Die Preise k\u00f6nnen je nach der gew\u00fcnschten Dienstleistung variieren. Eine einfache T\u00fcr\u00f6ffnung kann mehr kosten als der Einbau einer Panzert\u00fcr oder der Austausch von Hochsicherheitsschl\u00f6ssern.<\/p>\n<p>Wichtig ist, dass Sie in einen professionellen Dienst investieren, um Verluste zu vermeiden und ein qualitativ hochwertiges Ergebnis zu gew\u00e4hrleisten.<\/p>\n<\/section>\n<section>\n<h2>24-Stunden-Notfallhilfe in Lissabon<\/h2>\n<p>Probleme mit Schl\u00f6ssern und T\u00fcren k\u00f6nnen zu ganz unerwarteten Zeiten auftreten. Egal, ob Sie sich ausgesperrt haben, Ihr Schloss kaputt ist oder Sie die Sicherheit Ihres Hauses verst\u00e4rken m\u00fcssen, ein Schl\u00fcsseldienst kann das Problem schnell l\u00f6sen.<\/p>\n<p>Mit unserem 24-Stunden-Service garantieren wir Ihnen, dass Sie Hilfe bekommen, wenn Sie sie am meisten brauchen.<\/p>\n<\/section>\n<section>\n<h2>Sichern Sie Ihr Eigentum mit einem spezialisierten Service<\/h2>\n<p>Egal, ob Sie eine T\u00fcr \u00f6ffnen, ein Schloss auswechseln oder ein neues Sicherheitssystem installieren m\u00fcssen, ein qualifizierter Schl\u00fcsseldienst ist unerl\u00e4sslich. Wir arbeiten mit den besten Techniken, um sicherzustellen, dass Ihr Eigentum stets gesch\u00fctzt ist.<\/p>\n<p><strong>Brauchen Sie einen Schl\u00fcsseldienst in Lissabon?<\/strong> Verlieren Sie keine Zeit! Vertrauen Sie den Experten f\u00fcr einen schnellen, sicheren und effizienten Service.<\/p>\n<\/section>","protected":false},"excerpt":{"rendered":"<p>Precisa de um serralheiro de confian\u00e7a em Lisboa? Seja para abrir uma porta trancada, substituir fechaduras ou refor\u00e7ar a seguran\u00e7a da sua casa ou empresa, um profissional experiente pode resolver seu problema de forma r\u00e1pida e eficiente. O que faz um serralheiro? Um serralheiro \u00e9 especialista em trabalhar com portas, fechaduras, estruturas met\u00e1licas e sistemas [&hellip;]<\/p>","protected":false},"author":1,"featured_media":0,"parent":0,"menu_order":0,"comment_status":"closed","ping_status":"closed","template":"","meta":{"footnotes":""},"class_list":["post-2797","page","type-page","status-publish","hentry"],"yoast_head":"<!-- This site is optimized with the Yoast SEO plugin v24.5 - https:\/\/yoast.com\/wordpress\/plugins\/seo\/ -->\n<title>Serralheiro em Lisboa \u2013 Servi\u00e7os de Repara\u00e7\u00e3o e Instala\u00e7\u00e3o 24h<\/title>\n<meta name=\"description\" content=\"Servi\u00e7os de serralheiro em Lisboa. Instala\u00e7\u00e3o, repara\u00e7\u00e3o e substitui\u00e7\u00e3o de fechaduras, portas blindadas e estruturas met\u00e1licas. Atendimento 24h.\" \/>\n<meta name=\"robots\" content=\"index, follow, max-snippet:-1, max-image-preview:large, max-video-preview:-1\" \/>\n<link rel=\"canonical\" href=\"https:\/\/chaveirodelisboa.pt\/de\/schlusseldienst\/\" \/>\n<meta property=\"og:locale\" content=\"de_DE\" \/>\n<meta property=\"og:type\" content=\"article\" \/>\n<meta property=\"og:title\" content=\"Serralheiro em Lisboa \u2013 Servi\u00e7os de Repara\u00e7\u00e3o e Instala\u00e7\u00e3o 24h\" \/>\n<meta property=\"og:description\" content=\"Servi\u00e7os de serralheiro em Lisboa. Instala\u00e7\u00e3o, repara\u00e7\u00e3o e substitui\u00e7\u00e3o de fechaduras, portas blindadas e estruturas met\u00e1licas. Atendimento 24h.\" \/>\n<meta property=\"og:url\" content=\"https:\/\/chaveirodelisboa.pt\/de\/schlusseldienst\/\" \/>\n<meta property=\"og:site_name\" content=\"Chaveiro de Lisboa\" \/>\n<meta name=\"twitter:card\" content=\"summary_large_image\" \/>\n<script type=\"application\/ld+json\" class=\"yoast-schema-graph\">{\"@context\":\"https:\/\/schema.org\",\"@graph\":[{\"@type\":\"WebPage\",\"@id\":\"https:\/\/chaveirodelisboa.pt\/serralheiro\/\",\"url\":\"https:\/\/chaveirodelisboa.pt\/serralheiro\/\",\"name\":\"Serralheiro em Lisboa \u2013 Servi\u00e7os de Repara\u00e7\u00e3o e Instala\u00e7\u00e3o 24h\",\"isPartOf\":{\"@id\":\"https:\/\/chaveirodelisboa.pt\/#website\"},\"datePublished\":\"2025-02-02T07:25:27+00:00\",\"description\":\"Servi\u00e7os de serralheiro em Lisboa. Instala\u00e7\u00e3o, repara\u00e7\u00e3o e substitui\u00e7\u00e3o de fechaduras, portas blindadas e estruturas met\u00e1licas. Atendimento 24h.\",\"breadcrumb\":{\"@id\":\"https:\/\/chaveirodelisboa.pt\/serralheiro\/#breadcrumb\"},\"inLanguage\":\"de\",\"potentialAction\":[{\"@type\":\"ReadAction\",\"target\":[\"https:\/\/chaveirodelisboa.pt\/serralheiro\/\"]}]},{\"@type\":\"BreadcrumbList\",\"@id\":\"https:\/\/chaveirodelisboa.pt\/serralheiro\/#breadcrumb\",\"itemListElement\":[{\"@type\":\"ListItem\",\"position\":1,\"name\":\"Home\",\"item\":\"https:\/\/chaveirodelisboa.pt\/\"},{\"@type\":\"ListItem\",\"position\":2,\"name\":\"Serralheiro em Lisboa \u2013 Servi\u00e7os de Repara\u00e7\u00e3o e Instala\u00e7\u00e3o 24h\"}]},{\"@type\":\"WebSite\",\"@id\":\"https:\/\/chaveirodelisboa.pt\/#website\",\"url\":\"https:\/\/chaveirodelisboa.pt\/\",\"name\":\"Chaveiro de Lisboa\",\"description\":\"\ud83d\udd11 Solu\u00e7\u00f5es em chaveiro urgentes e confi\u00e1veis em Lisboa, 24 horas por dia.\",\"potentialAction\":[{\"@type\":\"SearchAction\",\"target\":{\"@type\":\"EntryPoint\",\"urlTemplate\":\"https:\/\/chaveirodelisboa.pt\/?s={search_term_string}\"},\"query-input\":{\"@type\":\"PropertyValueSpecification\",\"valueRequired\":true,\"valueName\":\"search_term_string\"}}],\"inLanguage\":\"de\"}]}<\/script>\n<!-- \/ Yoast SEO plugin. -->","yoast_head_json":{"title":"Serralheiro em Lisboa \u2013 Servi\u00e7os de Repara\u00e7\u00e3o e Instala\u00e7\u00e3o 24h","description":"Servi\u00e7os de serralheiro em Lisboa. Instala\u00e7\u00e3o, repara\u00e7\u00e3o e substitui\u00e7\u00e3o de fechaduras, portas blindadas e estruturas met\u00e1licas. Atendimento 24h.","robots":{"index":"index","follow":"follow","max-snippet":"max-snippet:-1","max-image-preview":"max-image-preview:large","max-video-preview":"max-video-preview:-1"},"canonical":"https:\/\/chaveirodelisboa.pt\/de\/schlusseldienst\/","og_locale":"de_DE","og_type":"article","og_title":"Serralheiro em Lisboa \u2013 Servi\u00e7os de Repara\u00e7\u00e3o e Instala\u00e7\u00e3o 24h","og_description":"Servi\u00e7os de serralheiro em Lisboa. Instala\u00e7\u00e3o, repara\u00e7\u00e3o e substitui\u00e7\u00e3o de fechaduras, portas blindadas e estruturas met\u00e1licas. Atendimento 24h.","og_url":"https:\/\/chaveirodelisboa.pt\/de\/schlusseldienst\/","og_site_name":"Chaveiro de Lisboa","twitter_card":"summary_large_image","schema":{"@context":"https:\/\/schema.org","@graph":[{"@type":"WebPage","@id":"https:\/\/chaveirodelisboa.pt\/serralheiro\/","url":"https:\/\/chaveirodelisboa.pt\/serralheiro\/","name":"Serralheiro em Lisboa \u2013 Servi\u00e7os de Repara\u00e7\u00e3o e Instala\u00e7\u00e3o 24h","isPartOf":{"@id":"https:\/\/chaveirodelisboa.pt\/#website"},"datePublished":"2025-02-02T07:25:27+00:00","description":"Servi\u00e7os de serralheiro em Lisboa. Instala\u00e7\u00e3o, repara\u00e7\u00e3o e substitui\u00e7\u00e3o de fechaduras, portas blindadas e estruturas met\u00e1licas. Atendimento 24h.","breadcrumb":{"@id":"https:\/\/chaveirodelisboa.pt\/serralheiro\/#breadcrumb"},"inLanguage":"de","potentialAction":[{"@type":"ReadAction","target":["https:\/\/chaveirodelisboa.pt\/serralheiro\/"]}]},{"@type":"BreadcrumbList","@id":"https:\/\/chaveirodelisboa.pt\/serralheiro\/#breadcrumb","itemListElement":[{"@type":"ListItem","position":1,"name":"Home","item":"https:\/\/chaveirodelisboa.pt\/"},{"@type":"ListItem","position":2,"name":"Serralheiro em Lisboa \u2013 Servi\u00e7os de Repara\u00e7\u00e3o e Instala\u00e7\u00e3o 24h"}]},{"@type":"WebSite","@id":"https:\/\/chaveirodelisboa.pt\/#website","url":"https:\/\/chaveirodelisboa.pt\/","name":"Chaveiro de Lisboa","description":"\ud83d\udd11 Solu\u00e7\u00f5es em chaveiro urgentes e confi\u00e1veis em Lisboa, 24 horas por dia.","potentialAction":[{"@type":"SearchAction","target":{"@type":"EntryPoint","urlTemplate":"https:\/\/chaveirodelisboa.pt\/?s={search_term_string}"},"query-input":{"@type":"PropertyValueSpecification","valueRequired":true,"valueName":"search_term_string"}}],"inLanguage":"de"}]}},"_links":{"self":[{"href":"https:\/\/chaveirodelisboa.pt\/de\/wp-json\/wp\/v2\/pages\/2797","targetHints":{"allow":["GET"]}}],"collection":[{"href":"https:\/\/chaveirodelisboa.pt\/de\/wp-json\/wp\/v2\/pages"}],"about":[{"href":"https:\/\/chaveirodelisboa.pt\/de\/wp-json\/wp\/v2\/types\/page"}],"author":[{"embeddable":true,"href":"https:\/\/chaveirodelisboa.pt\/de\/wp-json\/wp\/v2\/users\/1"}],"replies":[{"embeddable":true,"href":"https:\/\/chaveirodelisboa.pt\/de\/wp-json\/wp\/v2\/comments?post=2797"}],"version-history":[{"count":0,"href":"https:\/\/chaveirodelisboa.pt\/de\/wp-json\/wp\/v2\/pages\/2797\/revisions"}],"wp:attachment":[{"href":"https:\/\/chaveirodelisboa.pt\/de\/wp-json\/wp\/v2\/media?parent=2797"}],"curies":[{"name":"wp","href":"https:\/\/api.w.org\/{rel}","templated":true}]}}