{"id":2825,"date":"2025-02-04T11:20:09","date_gmt":"2025-02-04T11:20:09","guid":{"rendered":"https:\/\/chaveirodelisboa.pt\/?page_id=2825"},"modified":"2025-02-04T11:20:09","modified_gmt":"2025-02-04T11:20:09","slug":"chaveiro-lisboa-24-horas","status":"publish","type":"page","link":"https:\/\/chaveirodelisboa.pt\/de\/24-stunden-schlossdienst-lissabon\/","title":{"rendered":"24-Stunden-Schlosserdienst Lissabon - schneller und sicherer Service"},"content":{"rendered":"<section>\n<p>Sie ben\u00f6tigen eine <strong>24 Stunden Schl\u00fcsseldienst in Lissabon<\/strong>? Wenn Sie Ihre Schl\u00fcssel verloren haben, sich ausgesperrt haben oder dringend ein neues Schloss brauchen, ist ein jederzeit verf\u00fcgbarer Schl\u00fcsseldienst unerl\u00e4sslich, um Ihre Sicherheit und Ihren Komfort zu gew\u00e4hrleisten.<\/p>\n<\/section>\n<section>\n<h2>Wann sollte man einen 24-Stunden-Schlosserdienst rufen?<\/h2>\n<p>Probleme mit Schl\u00f6ssern und Schl\u00fcsseln k\u00f6nnen zu jeder Tages- und Nachtzeit auftreten. Einige Situationen, in denen ein Schl\u00fcsselnotdienst helfen kann, sind:<\/p>\n<ul>\n<li><strong>Verlorene oder gestohlene Schl\u00fcssel<\/strong> - Vermeiden Sie Kratzer, indem Sie das Schloss sofort austauschen.<\/li>\n<li><strong>T\u00fcren \u00f6ffnen<\/strong> - Wenn Sie sich aus Ihrem Haus, Auto oder Gesch\u00e4ft ausgesperrt haben.<\/li>\n<li><strong>Abgebrochener Schl\u00fcssel im Inneren des Schlosses<\/strong> - Demontage-Service ohne Besch\u00e4digung der T\u00fcr.<\/li>\n<li><strong>Auswechseln von Schl\u00f6ssern<\/strong> - Verst\u00e4rkung der Sicherheit der Immobilie.<\/li>\n<li><strong>Probleme mit kodierten Schl\u00fcsseln<\/strong> - F\u00fcr Fahrzeuge mit elektronischen Systemen.<\/li>\n<\/ul>\n<\/section>\n<section>\n<h2>Dienstleistungen des 24-Stunden-Schlosserdienstes in Lissabon<\/h2>\n<p>Was auch immer das Problem ist, ein professioneller Schl\u00fcsseldienst kann es schnell beheben. Zu den wichtigsten Dienstleistungen geh\u00f6ren:<\/p>\n<ul>\n<li><strong>T\u00fcr\u00f6ffnung f\u00fcr Wohn- und Gesch\u00e4ftsr\u00e4ume<\/strong> - Schneller Service und keine Sch\u00e4den.<\/li>\n<li><strong>Auswechseln und Reparieren von Schl\u00f6ssern<\/strong> - Konventionelle und hochsichere Modelle.<\/li>\n<li><strong>Ersetzen von Zylindern und Kanonen<\/strong> - Verst\u00e4rkung des Schutzes der Immobilie.<\/li>\n<li><strong>Schl\u00fcsselduplikation<\/strong> - F\u00fcr T\u00fcren, Tresore und Fahrzeuge.<\/li>\n<li><strong>Reparatur von Panzert\u00fcren<\/strong> - Wartung, um maximale Sicherheit zu gew\u00e4hrleisten.<\/li>\n<li><strong>Programmierung von Autoschl\u00fcsseln<\/strong> - F\u00fcr Fahrzeuge mit verschl\u00fcsselter Technik.<\/li>\n<\/ul>\n<\/section>\n<section>\n<h2>Vorteile der Beauftragung eines 24-Stunden-Schlossdienstes in Lissabon<\/h2>\n<p>Die Dienste eines jederzeit verf\u00fcgbaren Schl\u00fcsseldienstes sind f\u00fcr Notf\u00e4lle unerl\u00e4sslich. Die wichtigsten Vorteile sind:<\/p>\n<ul>\n<li><strong>Sofortiger Dienst<\/strong> - Schnelle L\u00f6sung des Problems ohne langes Warten.<\/li>\n<li><strong>Schadensfreier Service<\/strong> - Moderne Techniken, die Ihre T\u00fcr oder Ihr Schloss sch\u00fctzen.<\/li>\n<li><strong>Qualifizierte Fachleute<\/strong> - Erfahrene Techniker, die einen effizienten Service garantieren.<\/li>\n<li><strong>24-Stunden-Verf\u00fcgbarkeit<\/strong> - Hilfe zu jeder Zeit, auch an Feiertagen und in den fr\u00fchen Morgenstunden.<\/li>\n<\/ul>\n<\/section>\n<section>\n<h2>Wie viel kostet ein 24-Stunden-Schlosserdienst?<\/h2>\n<p>Der Preis einer <strong>Lissabon 24 Stunden Schl\u00fcsseldienst<\/strong> k\u00f6nnen je nach Art der Dienstleistung und der Komplexit\u00e4t des Problems variieren. Dienstleistungen wie das \u00d6ffnen einfacher T\u00fcren sind erschwinglich, w\u00e4hrend der Austausch von Hochsicherheitsschl\u00f6ssern mehr kosten kann.<\/p>\n<p>Die Investition in einen professionellen Service stellt sicher, dass das Problem schnell und ohne Sch\u00e4den gel\u00f6st wird.<\/p>\n<\/section>\n<section>\n<h2>Schnelle Reaktion auf Notf\u00e4lle in Lissabon<\/h2>\n<p>Wenn Sie Ihre Schl\u00fcssel verloren haben, sich ausgesperrt haben oder ein Notschloss austauschen m\u00fcssen, kann ein spezialisierter Schl\u00fcsseldienst das Problem schnell und effizient l\u00f6sen.<\/p>\n<p>Mit unserem 24-Stunden-Service garantieren wir Ihnen Hilfe, wann immer Sie sie brauchen.<\/p>\n<\/section>\n<section>\n<h2>Chaveiro 24h in Lissabon - Sicherheit und Komfort zum Greifen nah<\/h2>\n<p>Ob Sie eine T\u00fcr \u00f6ffnen, ein Schloss auswechseln oder einen Schl\u00fcssel nachmachen m\u00fcssen, Sie k\u00f6nnen sich auf einen <strong>24 Stunden Schl\u00fcsseldienst<\/strong> ist wichtig f\u00fcr Ihren Seelenfrieden.<\/p>\n<p><strong>Brauchen Sie jetzt einen Schl\u00fcsseldienst in Lissabon?<\/strong> Warten Sie nicht l\u00e4nger! Z\u00e4hlen Sie auf erfahrene Fachleute f\u00fcr einen schnellen, sicheren und effizienten Service.<\/p>\n<\/section>","protected":false},"excerpt":{"rendered":"<p>Precisa de um chaveiro 24 horas em Lisboa? Se perdeu as chaves, ficou trancado para fora ou precisa de uma nova fechadura com urg\u00eancia, contar com um servi\u00e7o de chaveiro dispon\u00edvel a qualquer momento \u00e9 essencial para garantir sua seguran\u00e7a e comodidade. Quando chamar um chaveiro 24 horas? Problemas com fechaduras e chaves podem acontecer [&hellip;]<\/p>","protected":false},"author":1,"featured_media":0,"parent":0,"menu_order":0,"comment_status":"closed","ping_status":"closed","template":"","meta":{"footnotes":""},"class_list":["post-2825","page","type-page","status-publish","hentry"],"yoast_head":"<!-- This site is optimized with the Yoast SEO plugin v24.5 - https:\/\/yoast.com\/wordpress\/plugins\/seo\/ -->\n<title>Chaveiro Lisboa 24 Horas \u2013 Servi\u00e7o R\u00e1pido e Seguro<\/title>\n<meta name=\"robots\" content=\"index, follow, max-snippet:-1, max-image-preview:large, max-video-preview:-1\" \/>\n<link rel=\"canonical\" href=\"https:\/\/chaveirodelisboa.pt\/de\/24-stunden-schlossdienst-lissabon\/\" \/>\n<meta property=\"og:locale\" content=\"de_DE\" \/>\n<meta property=\"og:type\" content=\"article\" \/>\n<meta property=\"og:title\" content=\"Chaveiro Lisboa 24 Horas \u2013 Servi\u00e7o R\u00e1pido e Seguro\" \/>\n<meta property=\"og:description\" content=\"Precisa de um chaveiro 24 horas em Lisboa? Se perdeu as chaves, ficou trancado para fora ou precisa de uma nova fechadura com urg\u00eancia, contar com um servi\u00e7o de chaveiro dispon\u00edvel a qualquer momento \u00e9 essencial para garantir sua seguran\u00e7a e comodidade. Quando chamar um chaveiro 24 horas? Problemas com fechaduras e chaves podem acontecer [&hellip;]\" \/>\n<meta property=\"og:url\" content=\"https:\/\/chaveirodelisboa.pt\/de\/24-stunden-schlossdienst-lissabon\/\" \/>\n<meta property=\"og:site_name\" content=\"Chaveiro de Lisboa\" \/>\n<meta name=\"twitter:card\" content=\"summary_large_image\" \/>\n<meta name=\"twitter:label1\" content=\"Est. reading time\" \/>\n\t<meta name=\"twitter:data1\" content=\"2\u00a0Minuten\" \/>\n<script type=\"application\/ld+json\" class=\"yoast-schema-graph\">{\"@context\":\"https:\/\/schema.org\",\"@graph\":[{\"@type\":\"WebPage\",\"@id\":\"https:\/\/chaveirodelisboa.pt\/chaveiro-lisboa-24-horas\/\",\"url\":\"https:\/\/chaveirodelisboa.pt\/chaveiro-lisboa-24-horas\/\",\"name\":\"Chaveiro Lisboa 24 Horas \u2013 Servi\u00e7o R\u00e1pido e Seguro\",\"isPartOf\":{\"@id\":\"https:\/\/chaveirodelisboa.pt\/#website\"},\"datePublished\":\"2025-02-04T11:20:09+00:00\",\"breadcrumb\":{\"@id\":\"https:\/\/chaveirodelisboa.pt\/chaveiro-lisboa-24-horas\/#breadcrumb\"},\"inLanguage\":\"de\",\"potentialAction\":[{\"@type\":\"ReadAction\",\"target\":[\"https:\/\/chaveirodelisboa.pt\/chaveiro-lisboa-24-horas\/\"]}]},{\"@type\":\"BreadcrumbList\",\"@id\":\"https:\/\/chaveirodelisboa.pt\/chaveiro-lisboa-24-horas\/#breadcrumb\",\"itemListElement\":[{\"@type\":\"ListItem\",\"position\":1,\"name\":\"Home\",\"item\":\"https:\/\/chaveirodelisboa.pt\/\"},{\"@type\":\"ListItem\",\"position\":2,\"name\":\"Chaveiro Lisboa 24 Horas \u2013 Servi\u00e7o R\u00e1pido e Seguro\"}]},{\"@type\":\"WebSite\",\"@id\":\"https:\/\/chaveirodelisboa.pt\/#website\",\"url\":\"https:\/\/chaveirodelisboa.pt\/\",\"name\":\"Chaveiro de Lisboa\",\"description\":\"\ud83d\udd11 Solu\u00e7\u00f5es em chaveiro urgentes e confi\u00e1veis em Lisboa, 24 horas por dia.\",\"potentialAction\":[{\"@type\":\"SearchAction\",\"target\":{\"@type\":\"EntryPoint\",\"urlTemplate\":\"https:\/\/chaveirodelisboa.pt\/?s={search_term_string}\"},\"query-input\":{\"@type\":\"PropertyValueSpecification\",\"valueRequired\":true,\"valueName\":\"search_term_string\"}}],\"inLanguage\":\"de\"}]}<\/script>\n<!-- \/ Yoast SEO plugin. -->","yoast_head_json":{"title":"Chaveiro Lisboa 24 Horas \u2013 Servi\u00e7o R\u00e1pido e Seguro","robots":{"index":"index","follow":"follow","max-snippet":"max-snippet:-1","max-image-preview":"max-image-preview:large","max-video-preview":"max-video-preview:-1"},"canonical":"https:\/\/chaveirodelisboa.pt\/de\/24-stunden-schlossdienst-lissabon\/","og_locale":"de_DE","og_type":"article","og_title":"Chaveiro Lisboa 24 Horas \u2013 Servi\u00e7o R\u00e1pido e Seguro","og_description":"Precisa de um chaveiro 24 horas em Lisboa? Se perdeu as chaves, ficou trancado para fora ou precisa de uma nova fechadura com urg\u00eancia, contar com um servi\u00e7o de chaveiro dispon\u00edvel a qualquer momento \u00e9 essencial para garantir sua seguran\u00e7a e comodidade. Quando chamar um chaveiro 24 horas? Problemas com fechaduras e chaves podem acontecer [&hellip;]","og_url":"https:\/\/chaveirodelisboa.pt\/de\/24-stunden-schlossdienst-lissabon\/","og_site_name":"Chaveiro de Lisboa","twitter_card":"summary_large_image","twitter_misc":{"Est. reading time":"2\u00a0Minuten"},"schema":{"@context":"https:\/\/schema.org","@graph":[{"@type":"WebPage","@id":"https:\/\/chaveirodelisboa.pt\/chaveiro-lisboa-24-horas\/","url":"https:\/\/chaveirodelisboa.pt\/chaveiro-lisboa-24-horas\/","name":"Chaveiro Lisboa 24 Horas \u2013 Servi\u00e7o R\u00e1pido e Seguro","isPartOf":{"@id":"https:\/\/chaveirodelisboa.pt\/#website"},"datePublished":"2025-02-04T11:20:09+00:00","breadcrumb":{"@id":"https:\/\/chaveirodelisboa.pt\/chaveiro-lisboa-24-horas\/#breadcrumb"},"inLanguage":"de","potentialAction":[{"@type":"ReadAction","target":["https:\/\/chaveirodelisboa.pt\/chaveiro-lisboa-24-horas\/"]}]},{"@type":"BreadcrumbList","@id":"https:\/\/chaveirodelisboa.pt\/chaveiro-lisboa-24-horas\/#breadcrumb","itemListElement":[{"@type":"ListItem","position":1,"name":"Home","item":"https:\/\/chaveirodelisboa.pt\/"},{"@type":"ListItem","position":2,"name":"Chaveiro Lisboa 24 Horas \u2013 Servi\u00e7o R\u00e1pido e Seguro"}]},{"@type":"WebSite","@id":"https:\/\/chaveirodelisboa.pt\/#website","url":"https:\/\/chaveirodelisboa.pt\/","name":"Chaveiro de Lisboa","description":"\ud83d\udd11 Solu\u00e7\u00f5es em chaveiro urgentes e confi\u00e1veis em Lisboa, 24 horas por dia.","potentialAction":[{"@type":"SearchAction","target":{"@type":"EntryPoint","urlTemplate":"https:\/\/chaveirodelisboa.pt\/?s={search_term_string}"},"query-input":{"@type":"PropertyValueSpecification","valueRequired":true,"valueName":"search_term_string"}}],"inLanguage":"de"}]}},"_links":{"self":[{"href":"https:\/\/chaveirodelisboa.pt\/de\/wp-json\/wp\/v2\/pages\/2825","targetHints":{"allow":["GET"]}}],"collection":[{"href":"https:\/\/chaveirodelisboa.pt\/de\/wp-json\/wp\/v2\/pages"}],"about":[{"href":"https:\/\/chaveirodelisboa.pt\/de\/wp-json\/wp\/v2\/types\/page"}],"author":[{"embeddable":true,"href":"https:\/\/chaveirodelisboa.pt\/de\/wp-json\/wp\/v2\/users\/1"}],"replies":[{"embeddable":true,"href":"https:\/\/chaveirodelisboa.pt\/de\/wp-json\/wp\/v2\/comments?post=2825"}],"version-history":[{"count":0,"href":"https:\/\/chaveirodelisboa.pt\/de\/wp-json\/wp\/v2\/pages\/2825\/revisions"}],"wp:attachment":[{"href":"https:\/\/chaveirodelisboa.pt\/de\/wp-json\/wp\/v2\/media?parent=2825"}],"curies":[{"name":"wp","href":"https:\/\/api.w.org\/{rel}","templated":true}]}}