{"id":2826,"date":"2025-02-04T11:23:27","date_gmt":"2025-02-04T11:23:27","guid":{"rendered":"https:\/\/chaveirodelisboa.pt\/?page_id=2826"},"modified":"2025-02-04T11:23:33","modified_gmt":"2025-02-04T11:23:33","slug":"chaveiro-amadora","status":"publish","type":"page","link":"https:\/\/chaveirodelisboa.pt\/de\/hobbyschlosser\/","title":{"rendered":"Schl\u00fcsseldienst Amadora - Schneller und sicherer 24-Stunden-Service"},"content":{"rendered":"<section>\n<p>Wenn Sie eine <strong>Schl\u00fcsseldienste in Amadora<\/strong>Ganz gleich, ob Sie eine T\u00fcr \u00f6ffnen, ein Schloss auswechseln oder einen Schl\u00fcssel nachmachen lassen m\u00fcssen, Sie k\u00f6nnen sich auf einen spezialisierten Dienst verlassen, der 24 Stunden am Tag zur Verf\u00fcgung steht. Mit schnellem und sicherem Service garantieren wir Ihnen die beste L\u00f6sung f\u00fcr Ihre Bed\u00fcrfnisse.<\/p>\n<\/section>\n<section>\n<h2>Wann sollte man einen Schl\u00fcsseldienst in Amadora rufen?<\/h2>\n<p>Probleme mit Schl\u00f6ssern und Schl\u00fcsseln k\u00f6nnen zu jeder Zeit auftreten. Einige Situationen, in denen ein Schl\u00fcsselnotdienst helfen kann, sind:<\/p>\n<ul>\n<li><strong>Verlorene oder gestohlene Schl\u00fcssel<\/strong> - Ersetzen Sie das Schloss, um Sicherheitsrisiken zu vermeiden.<\/li>\n<li><strong>Verschlossene T\u00fcren \u00f6ffnen<\/strong> - Wohnen, Gewerbe und Kraftfahrzeuge.<\/li>\n<li><strong>Abgebrochener Schl\u00fcssel im Inneren des Schlosses<\/strong> - Demontage-Service ohne Besch\u00e4digung der T\u00fcr.<\/li>\n<li><strong>Auswechseln und Reparieren von Schl\u00f6ssern<\/strong> - Verst\u00e4rkung der Sicherheit der Immobilie.<\/li>\n<li><strong>Programmierung von Autoschl\u00fcsseln<\/strong> - F\u00fcr Fahrzeuge mit elektronischen Systemen.<\/li>\n<\/ul>\n<\/section>\n<section>\n<h2>Dienstleistungen des Schl\u00fcsseldienstes in Amadora<\/h2>\n<p>Was auch immer das Problem ist, ein professioneller Schl\u00fcsseldienst kann es schnell beheben. Zu den wichtigsten Dienstleistungen geh\u00f6ren:<\/p>\n<ul>\n<li><strong>T\u00fcren \u00f6ffnen<\/strong> - Schneller, schadenfreier Service f\u00fcr Haushalte und Unternehmen.<\/li>\n<li><strong>Auswechseln und Reparieren von Schl\u00f6ssern<\/strong> - Konventionelle und hochsichere Modelle.<\/li>\n<li><strong>Ersetzen von Zylindern und Kanonen<\/strong> - Verst\u00e4rkung der Sicherheit.<\/li>\n<li><strong>Schl\u00fcsselduplikation<\/strong> - F\u00fcr T\u00fcren, Tresore und Fahrzeuge.<\/li>\n<li><strong>Reparatur und Wartung von Panzert\u00fcren<\/strong> - Um maximalen Schutz zu gew\u00e4hrleisten.<\/li>\n<li><strong>Programmierung von Autoschl\u00fcsseln<\/strong> - F\u00fcr Fahrzeuge mit verschl\u00fcsselter Technik.<\/li>\n<\/ul>\n<\/section>\n<section>\n<h2>Vorteile der Beauftragung eines professionellen Schl\u00fcsseldienstes in Amadora<\/h2>\n<p>Die Dienste eines spezialisierten Schl\u00fcsseldienstes sind f\u00fcr Notf\u00e4lle unerl\u00e4sslich. Die wichtigsten Vorteile sind:<\/p>\n<ul>\n<li><strong>Sofortiger Dienst<\/strong> - Schnelle L\u00f6sung des Problems ohne langes Warten.<\/li>\n<li><strong>Schadensfreier Service<\/strong> - Moderne Techniken, die Ihre T\u00fcr oder Ihr Schloss sch\u00fctzen.<\/li>\n<li><strong>Qualifizierte Fachleute<\/strong> - Erfahrene Techniker, die einen effizienten Service garantieren.<\/li>\n<li><strong>24-Stunden-Verf\u00fcgbarkeit<\/strong> - Hilfe zu jeder Zeit, auch an Feiertagen und in den fr\u00fchen Morgenstunden.<\/li>\n<\/ul>\n<\/section>\n<section>\n<h2>Wie viel kostet ein Schl\u00fcsseldienst in Amadora?<\/h2>\n<p>Der Preis einer <strong>Schl\u00fcsseldienste in Amadora<\/strong> k\u00f6nnen je nach Art der Dienstleistung und der Komplexit\u00e4t des Problems variieren. Dienstleistungen wie das \u00d6ffnen einfacher T\u00fcren sind erschwinglich, w\u00e4hrend der Austausch von Hochsicherheitsschl\u00f6ssern mehr kosten kann.<\/p>\n<p>Die Investition in einen professionellen Service stellt sicher, dass das Problem schnell und ohne Sch\u00e4den gel\u00f6st wird.<\/p>\n<\/section>\n<section>\n<h2>Schnelle Reaktion auf Notf\u00e4lle in Amadora<\/h2>\n<p>Wenn Sie Ihre Schl\u00fcssel verloren haben, sich ausgesperrt haben oder ein Notschloss austauschen m\u00fcssen, kann ein spezialisierter Schl\u00fcsseldienst das Problem schnell und effizient l\u00f6sen.<\/p>\n<p>Mit unserem 24-Stunden-Service garantieren wir Ihnen Hilfe, wann immer Sie sie brauchen.<\/p>\n<\/section>\n<section>\n<h2>Schl\u00fcsselanh\u00e4nger in Amadora - Sicherheit und Komfort auf Knopfdruck<\/h2>\n<p>Ob Sie eine T\u00fcr \u00f6ffnen, ein Schloss auswechseln oder einen Schl\u00fcssel nachmachen m\u00fcssen, Sie k\u00f6nnen sich auf einen <strong>Schl\u00fcsseldienste in Amadora<\/strong> ist wichtig f\u00fcr Ihren Seelenfrieden.<\/p>\n<p><strong>Brauchen Sie jetzt einen Schl\u00fcsseldienst in Amadora?<\/strong> Warten Sie nicht l\u00e4nger! Z\u00e4hlen Sie auf erfahrene Fachleute f\u00fcr einen schnellen, sicheren und effizienten Service.<\/p>\n<\/section>","protected":false},"excerpt":{"rendered":"<p>Se precisa de um chaveiro em Amadora, seja para abrir uma porta, trocar uma fechadura ou fazer uma c\u00f3pia de chave, conte com um servi\u00e7o especializado e dispon\u00edvel 24 horas. Com atendimento r\u00e1pido e seguro, garantimos a melhor solu\u00e7\u00e3o para suas necessidades. Quando chamar um chaveiro em Amadora? Problemas com fechaduras e chaves podem surgir [&hellip;]<\/p>","protected":false},"author":1,"featured_media":0,"parent":0,"menu_order":0,"comment_status":"closed","ping_status":"closed","template":"","meta":{"footnotes":""},"class_list":["post-2826","page","type-page","status-publish","hentry"],"yoast_head":"<!-- This site is optimized with the Yoast SEO plugin v24.5 - https:\/\/yoast.com\/wordpress\/plugins\/seo\/ -->\n<title>Chaveiro Amadora \u2013 Servi\u00e7o R\u00e1pido e Seguro 24h<\/title>\n<meta name=\"description\" content=\"Chaveiro Amadora 24 horas. Servi\u00e7o de abertura de portas, troca de fechaduras e c\u00f3pias de chaves. Atendimento r\u00e1pido e seguro na regi\u00e3o de Amadora.\" \/>\n<meta name=\"robots\" content=\"index, follow, max-snippet:-1, max-image-preview:large, max-video-preview:-1\" \/>\n<link rel=\"canonical\" href=\"https:\/\/chaveirodelisboa.pt\/de\/hobbyschlosser\/\" \/>\n<meta property=\"og:locale\" content=\"de_DE\" \/>\n<meta property=\"og:type\" content=\"article\" \/>\n<meta property=\"og:title\" content=\"Chaveiro Amadora \u2013 Servi\u00e7o R\u00e1pido e Seguro 24h\" \/>\n<meta property=\"og:description\" content=\"Chaveiro Amadora 24 horas. Servi\u00e7o de abertura de portas, troca de fechaduras e c\u00f3pias de chaves. Atendimento r\u00e1pido e seguro na regi\u00e3o de Amadora.\" \/>\n<meta property=\"og:url\" content=\"https:\/\/chaveirodelisboa.pt\/de\/hobbyschlosser\/\" \/>\n<meta property=\"og:site_name\" content=\"Chaveiro de Lisboa\" \/>\n<meta property=\"article:modified_time\" content=\"2025-02-04T11:23:33+00:00\" \/>\n<meta name=\"twitter:card\" content=\"summary_large_image\" \/>\n<meta name=\"twitter:label1\" content=\"Est. reading time\" \/>\n\t<meta name=\"twitter:data1\" content=\"3\u00a0Minuten\" \/>\n<script type=\"application\/ld+json\" class=\"yoast-schema-graph\">{\"@context\":\"https:\/\/schema.org\",\"@graph\":[{\"@type\":\"WebPage\",\"@id\":\"https:\/\/chaveirodelisboa.pt\/chaveiro-amadora\/\",\"url\":\"https:\/\/chaveirodelisboa.pt\/chaveiro-amadora\/\",\"name\":\"Chaveiro Amadora \u2013 Servi\u00e7o R\u00e1pido e Seguro 24h\",\"isPartOf\":{\"@id\":\"https:\/\/chaveirodelisboa.pt\/#website\"},\"datePublished\":\"2025-02-04T11:23:27+00:00\",\"dateModified\":\"2025-02-04T11:23:33+00:00\",\"description\":\"Chaveiro Amadora 24 horas. Servi\u00e7o de abertura de portas, troca de fechaduras e c\u00f3pias de chaves. Atendimento r\u00e1pido e seguro na regi\u00e3o de Amadora.\",\"breadcrumb\":{\"@id\":\"https:\/\/chaveirodelisboa.pt\/chaveiro-amadora\/#breadcrumb\"},\"inLanguage\":\"de\",\"potentialAction\":[{\"@type\":\"ReadAction\",\"target\":[\"https:\/\/chaveirodelisboa.pt\/chaveiro-amadora\/\"]}]},{\"@type\":\"BreadcrumbList\",\"@id\":\"https:\/\/chaveirodelisboa.pt\/chaveiro-amadora\/#breadcrumb\",\"itemListElement\":[{\"@type\":\"ListItem\",\"position\":1,\"name\":\"Home\",\"item\":\"https:\/\/chaveirodelisboa.pt\/\"},{\"@type\":\"ListItem\",\"position\":2,\"name\":\"Chaveiro Amadora \u2013 Servi\u00e7o R\u00e1pido e Seguro 24h\"}]},{\"@type\":\"WebSite\",\"@id\":\"https:\/\/chaveirodelisboa.pt\/#website\",\"url\":\"https:\/\/chaveirodelisboa.pt\/\",\"name\":\"Chaveiro de Lisboa\",\"description\":\"\ud83d\udd11 Solu\u00e7\u00f5es em chaveiro urgentes e confi\u00e1veis em Lisboa, 24 horas por dia.\",\"potentialAction\":[{\"@type\":\"SearchAction\",\"target\":{\"@type\":\"EntryPoint\",\"urlTemplate\":\"https:\/\/chaveirodelisboa.pt\/?s={search_term_string}\"},\"query-input\":{\"@type\":\"PropertyValueSpecification\",\"valueRequired\":true,\"valueName\":\"search_term_string\"}}],\"inLanguage\":\"de\"}]}<\/script>\n<!-- \/ Yoast SEO plugin. -->","yoast_head_json":{"title":"Chaveiro Amadora \u2013 Servi\u00e7o R\u00e1pido e Seguro 24h","description":"Chaveiro Amadora 24 horas. Servi\u00e7o de abertura de portas, troca de fechaduras e c\u00f3pias de chaves. Atendimento r\u00e1pido e seguro na regi\u00e3o de Amadora.","robots":{"index":"index","follow":"follow","max-snippet":"max-snippet:-1","max-image-preview":"max-image-preview:large","max-video-preview":"max-video-preview:-1"},"canonical":"https:\/\/chaveirodelisboa.pt\/de\/hobbyschlosser\/","og_locale":"de_DE","og_type":"article","og_title":"Chaveiro Amadora \u2013 Servi\u00e7o R\u00e1pido e Seguro 24h","og_description":"Chaveiro Amadora 24 horas. Servi\u00e7o de abertura de portas, troca de fechaduras e c\u00f3pias de chaves. Atendimento r\u00e1pido e seguro na regi\u00e3o de Amadora.","og_url":"https:\/\/chaveirodelisboa.pt\/de\/hobbyschlosser\/","og_site_name":"Chaveiro de Lisboa","article_modified_time":"2025-02-04T11:23:33+00:00","twitter_card":"summary_large_image","twitter_misc":{"Est. reading time":"3\u00a0Minuten"},"schema":{"@context":"https:\/\/schema.org","@graph":[{"@type":"WebPage","@id":"https:\/\/chaveirodelisboa.pt\/chaveiro-amadora\/","url":"https:\/\/chaveirodelisboa.pt\/chaveiro-amadora\/","name":"Chaveiro Amadora \u2013 Servi\u00e7o R\u00e1pido e Seguro 24h","isPartOf":{"@id":"https:\/\/chaveirodelisboa.pt\/#website"},"datePublished":"2025-02-04T11:23:27+00:00","dateModified":"2025-02-04T11:23:33+00:00","description":"Chaveiro Amadora 24 horas. Servi\u00e7o de abertura de portas, troca de fechaduras e c\u00f3pias de chaves. Atendimento r\u00e1pido e seguro na regi\u00e3o de Amadora.","breadcrumb":{"@id":"https:\/\/chaveirodelisboa.pt\/chaveiro-amadora\/#breadcrumb"},"inLanguage":"de","potentialAction":[{"@type":"ReadAction","target":["https:\/\/chaveirodelisboa.pt\/chaveiro-amadora\/"]}]},{"@type":"BreadcrumbList","@id":"https:\/\/chaveirodelisboa.pt\/chaveiro-amadora\/#breadcrumb","itemListElement":[{"@type":"ListItem","position":1,"name":"Home","item":"https:\/\/chaveirodelisboa.pt\/"},{"@type":"ListItem","position":2,"name":"Chaveiro Amadora \u2013 Servi\u00e7o R\u00e1pido e Seguro 24h"}]},{"@type":"WebSite","@id":"https:\/\/chaveirodelisboa.pt\/#website","url":"https:\/\/chaveirodelisboa.pt\/","name":"Chaveiro de Lisboa","description":"\ud83d\udd11 Solu\u00e7\u00f5es em chaveiro urgentes e confi\u00e1veis em Lisboa, 24 horas por dia.","potentialAction":[{"@type":"SearchAction","target":{"@type":"EntryPoint","urlTemplate":"https:\/\/chaveirodelisboa.pt\/?s={search_term_string}"},"query-input":{"@type":"PropertyValueSpecification","valueRequired":true,"valueName":"search_term_string"}}],"inLanguage":"de"}]}},"_links":{"self":[{"href":"https:\/\/chaveirodelisboa.pt\/de\/wp-json\/wp\/v2\/pages\/2826","targetHints":{"allow":["GET"]}}],"collection":[{"href":"https:\/\/chaveirodelisboa.pt\/de\/wp-json\/wp\/v2\/pages"}],"about":[{"href":"https:\/\/chaveirodelisboa.pt\/de\/wp-json\/wp\/v2\/types\/page"}],"author":[{"embeddable":true,"href":"https:\/\/chaveirodelisboa.pt\/de\/wp-json\/wp\/v2\/users\/1"}],"replies":[{"embeddable":true,"href":"https:\/\/chaveirodelisboa.pt\/de\/wp-json\/wp\/v2\/comments?post=2826"}],"version-history":[{"count":0,"href":"https:\/\/chaveirodelisboa.pt\/de\/wp-json\/wp\/v2\/pages\/2826\/revisions"}],"wp:attachment":[{"href":"https:\/\/chaveirodelisboa.pt\/de\/wp-json\/wp\/v2\/media?parent=2826"}],"curies":[{"name":"wp","href":"https:\/\/api.w.org\/{rel}","templated":true}]}}