{"id":2831,"date":"2025-02-04T11:33:28","date_gmt":"2025-02-04T11:33:28","guid":{"rendered":"https:\/\/chaveirodelisboa.pt\/?page_id=2831"},"modified":"2025-02-04T11:33:28","modified_gmt":"2025-02-04T11:33:28","slug":"chaveiro-urgente-lisboa","status":"publish","type":"page","link":"https:\/\/chaveirodelisboa.pt\/de\/dringende-schlossmacher-lissabon\/","title":{"rendered":"Eilige Schl\u00fcsseldienste in Lissabon - Schneller und sicherer Service 24 Stunden am Tag"},"content":{"rendered":"<section>\n<p>Es ist ausgesperrt und braucht eine <strong>Eilige Schl\u00fcsseldienste in Lissabon<\/strong>? Wenn Sie Ihre Schl\u00fcssel verloren haben, das Schloss aufgebrochen ist oder Sie einen sofortigen Ersatz ben\u00f6tigen, kann ein qualifizierter Fachmann das Problem schnell und sicher l\u00f6sen.<\/p>\n<\/section>\n<section>\n<h2>Wann sollte man dringend einen Schl\u00fcsseldienst rufen?<\/h2>\n<p>Unvorhergesehene Ereignisse k\u00f6nnen zu jeder Tages- und Nachtzeit eintreten. Wenn Sie sofortige Hilfe ben\u00f6tigen, kann ein Schl\u00fcsselnotdienst in diesen Situationen unverzichtbar sein:<\/p>\n<ul>\n<li><strong>Verlorene oder gestohlene Schl\u00fcssel<\/strong> - Vermeiden Sie Kratzer, indem Sie das Schloss sofort austauschen.<\/li>\n<li><strong>Verschlossene T\u00fcren \u00f6ffnen<\/strong> - Wohnen, Gewerbe und Kraftfahrzeuge.<\/li>\n<li><strong>Abgebrochener Schl\u00fcssel im Inneren des Schlosses<\/strong> - Demontage-Service ohne Besch\u00e4digung der T\u00fcr.<\/li>\n<li><strong>Schloss klemmt oder ist besch\u00e4digt<\/strong> - Schwierigkeiten beim Drehen des Schl\u00fcssels oder beim Abschlie\u00dfen der T\u00fcr.<\/li>\n<li><strong>Wechsel des Notschlosses<\/strong> - Sicherheitsverst\u00e4rkung nach Einbruchsversuch erforderlich.<\/li>\n<\/ul>\n<\/section>\n<section>\n<h2>Dienstleistungen des Schl\u00fcsseldienstes in Lissabon<\/h2>\n<p>Was auch immer das Problem ist, ein spezialisierter Schl\u00fcsseldienst kann schnelle und effiziente L\u00f6sungen anbieten, ohne die T\u00fcr oder das Schloss zu besch\u00e4digen. Die Dienstleistungen umfassen:<\/p>\n<ul>\n<li><strong>T\u00fcren \u00f6ffnen<\/strong> - Wohnen, Gewerbe und Kraftfahrzeuge.<\/li>\n<li><strong>Auswechseln und Reparieren von Schl\u00f6ssern<\/strong> - Konventionelle und hochsichere Modelle.<\/li>\n<li><strong>Ersetzen von Zylindern und Kanonen<\/strong> - Verst\u00e4rkung der Sicherheit.<\/li>\n<li><strong>Schl\u00fcsselduplikation<\/strong> - F\u00fcr T\u00fcren, Tresore und Fahrzeuge.<\/li>\n<li><strong>Reparatur und Wartung von Panzert\u00fcren<\/strong> - Zus\u00e4tzliche Sicherheit f\u00fcr Immobilien.<\/li>\n<li><strong>Programmierung von Autoschl\u00fcsseln<\/strong> - F\u00fcr Fahrzeuge mit verschl\u00fcsselter Technik.<\/li>\n<\/ul>\n<\/section>\n<section>\n<h2>Vorteile der Beauftragung eines Schl\u00fcsseldienstes in Lissabon<\/h2>\n<p>Die Inanspruchnahme eines professionellen Dienstes verhindert Sch\u00e4den am Schloss und bietet eine schnelle und sichere L\u00f6sung. Die wichtigsten Vorteile sind:<\/p>\n<ul>\n<li><strong>Sofortiger Dienst<\/strong> - Problem ohne Verz\u00f6gerung gel\u00f6st.<\/li>\n<li><strong>Schadensfreier Service<\/strong> - Fortschrittliche Techniken, die Ihr Schloss und Ihre T\u00fcr sch\u00fctzen.<\/li>\n<li><strong>24-Stunden-Verf\u00fcgbarkeit<\/strong> - Service zu jeder Zeit, auch an Feiertagen.<\/li>\n<li><strong>Qualifizierte Fachleute<\/strong> - Erfahrene Techniker garantieren einen effizienten Service.<\/li>\n<\/ul>\n<\/section>\n<section>\n<h2>Wie viel kostet ein dringender Schl\u00fcsseldienst in Lissabon?<\/h2>\n<p>Der Preis einer <strong>Eilige Schl\u00fcsseldienste Lissabon<\/strong> k\u00f6nnen je nach Art der Dienstleistung und der Komplexit\u00e4t des Problems variieren. Dienstleistungen wie das \u00d6ffnen einfacher T\u00fcren sind in der Regel erschwinglich, w\u00e4hrend der Austausch von Hochsicherheitsschl\u00f6ssern mehr kosten kann.<\/p>\n<p>Das Wichtigste ist, sich auf einen zuverl\u00e4ssigen Fachmann zu verlassen, um eine effiziente und sichere Dienstleistung zu gew\u00e4hrleisten.<\/p>\n<\/section>\n<section>\n<h2>24-Stunden-Notdienst in Lissabon<\/h2>\n<p>Wenn Sie Ihre Schl\u00fcssel verloren haben, sich ausgesperrt haben oder dringend ein neues Schloss brauchen, kann ein spezialisierter Schl\u00fcsseldienst das Problem schnell und effizient l\u00f6sen. Der 24-Stunden-Service sorgt daf\u00fcr, dass Sie Hilfe bekommen, wenn Sie sie am meisten brauchen.<\/p>\n<\/section>\n<section>\n<h2>Sie brauchen dringend einen Schl\u00fcsseldienst in Lissabon? Rufen Sie jetzt einen Profi an!<\/h2>\n<p>Was auch immer Ihr Problem ist, ein <strong>Eilige Schl\u00fcsseldienste in Lissabon<\/strong> kann Ihnen helfen, schnell wieder Zugang zu Ihrem Eigentum oder Fahrzeug zu erhalten. Versuchen Sie nicht, das Schloss gewaltsam zu \u00f6ffnen, um unn\u00f6tige Sch\u00e4den zu vermeiden.<\/p>\n<p><strong>Brauchen Sie jetzt einen Schl\u00fcsseldienst?<\/strong> Z\u00e4hlen Sie auf Experten f\u00fcr einen schnellen, sicheren und effizienten Service!<\/p>\n<\/section>","protected":false},"excerpt":{"rendered":"<p>Est\u00e1 trancado para fora e precisa de um chaveiro urgente em Lisboa? Se perdeu as chaves, quebrou a fechadura ou precisa de uma substitui\u00e7\u00e3o imediata, um profissional qualificado pode resolver o problema com rapidez e seguran\u00e7a. Quando chamar um chaveiro urgente? Os imprevistos acontecem a qualquer hora do dia ou da noite. Se precisar de [&hellip;]<\/p>","protected":false},"author":1,"featured_media":0,"parent":0,"menu_order":0,"comment_status":"closed","ping_status":"closed","template":"","meta":{"footnotes":""},"class_list":["post-2831","page","type-page","status-publish","hentry"],"yoast_head":"<!-- This site is optimized with the Yoast SEO plugin v24.5 - https:\/\/yoast.com\/wordpress\/plugins\/seo\/ -->\n<title>Chaveiro Urgente Lisboa \u2013 Servi\u00e7o R\u00e1pido e Seguro 24h<\/title>\n<meta name=\"description\" content=\"Chaveiro urgente em Lisboa dispon\u00edvel 24 horas. Abertura de portas, troca de fechaduras e c\u00f3pia de chaves. Servi\u00e7o r\u00e1pido e seguro.\" \/>\n<meta name=\"robots\" content=\"index, follow, max-snippet:-1, max-image-preview:large, max-video-preview:-1\" \/>\n<link rel=\"canonical\" href=\"https:\/\/chaveirodelisboa.pt\/de\/dringende-schlossmacher-lissabon\/\" \/>\n<meta property=\"og:locale\" content=\"de_DE\" \/>\n<meta property=\"og:type\" content=\"article\" \/>\n<meta property=\"og:title\" content=\"Chaveiro Urgente Lisboa \u2013 Servi\u00e7o R\u00e1pido e Seguro 24h\" \/>\n<meta property=\"og:description\" content=\"Chaveiro urgente em Lisboa dispon\u00edvel 24 horas. Abertura de portas, troca de fechaduras e c\u00f3pia de chaves. Servi\u00e7o r\u00e1pido e seguro.\" \/>\n<meta property=\"og:url\" content=\"https:\/\/chaveirodelisboa.pt\/de\/dringende-schlossmacher-lissabon\/\" \/>\n<meta property=\"og:site_name\" content=\"Chaveiro de Lisboa\" \/>\n<meta name=\"twitter:card\" content=\"summary_large_image\" \/>\n<script type=\"application\/ld+json\" class=\"yoast-schema-graph\">{\"@context\":\"https:\/\/schema.org\",\"@graph\":[{\"@type\":\"WebPage\",\"@id\":\"https:\/\/chaveirodelisboa.pt\/chaveiro-urgente-lisboa\/\",\"url\":\"https:\/\/chaveirodelisboa.pt\/chaveiro-urgente-lisboa\/\",\"name\":\"Chaveiro Urgente Lisboa \u2013 Servi\u00e7o R\u00e1pido e Seguro 24h\",\"isPartOf\":{\"@id\":\"https:\/\/chaveirodelisboa.pt\/#website\"},\"datePublished\":\"2025-02-04T11:33:28+00:00\",\"description\":\"Chaveiro urgente em Lisboa dispon\u00edvel 24 horas. Abertura de portas, troca de fechaduras e c\u00f3pia de chaves. Servi\u00e7o r\u00e1pido e seguro.\",\"breadcrumb\":{\"@id\":\"https:\/\/chaveirodelisboa.pt\/chaveiro-urgente-lisboa\/#breadcrumb\"},\"inLanguage\":\"de\",\"potentialAction\":[{\"@type\":\"ReadAction\",\"target\":[\"https:\/\/chaveirodelisboa.pt\/chaveiro-urgente-lisboa\/\"]}]},{\"@type\":\"BreadcrumbList\",\"@id\":\"https:\/\/chaveirodelisboa.pt\/chaveiro-urgente-lisboa\/#breadcrumb\",\"itemListElement\":[{\"@type\":\"ListItem\",\"position\":1,\"name\":\"Home\",\"item\":\"https:\/\/chaveirodelisboa.pt\/\"},{\"@type\":\"ListItem\",\"position\":2,\"name\":\"Chaveiro Urgente Lisboa \u2013 Servi\u00e7o R\u00e1pido e Seguro 24h\"}]},{\"@type\":\"WebSite\",\"@id\":\"https:\/\/chaveirodelisboa.pt\/#website\",\"url\":\"https:\/\/chaveirodelisboa.pt\/\",\"name\":\"Chaveiro de Lisboa\",\"description\":\"\ud83d\udd11 Solu\u00e7\u00f5es em chaveiro urgentes e confi\u00e1veis em Lisboa, 24 horas por dia.\",\"potentialAction\":[{\"@type\":\"SearchAction\",\"target\":{\"@type\":\"EntryPoint\",\"urlTemplate\":\"https:\/\/chaveirodelisboa.pt\/?s={search_term_string}\"},\"query-input\":{\"@type\":\"PropertyValueSpecification\",\"valueRequired\":true,\"valueName\":\"search_term_string\"}}],\"inLanguage\":\"de\"}]}<\/script>\n<!-- \/ Yoast SEO plugin. -->","yoast_head_json":{"title":"Chaveiro Urgente Lisboa \u2013 Servi\u00e7o R\u00e1pido e Seguro 24h","description":"Chaveiro urgente em Lisboa dispon\u00edvel 24 horas. Abertura de portas, troca de fechaduras e c\u00f3pia de chaves. Servi\u00e7o r\u00e1pido e seguro.","robots":{"index":"index","follow":"follow","max-snippet":"max-snippet:-1","max-image-preview":"max-image-preview:large","max-video-preview":"max-video-preview:-1"},"canonical":"https:\/\/chaveirodelisboa.pt\/de\/dringende-schlossmacher-lissabon\/","og_locale":"de_DE","og_type":"article","og_title":"Chaveiro Urgente Lisboa \u2013 Servi\u00e7o R\u00e1pido e Seguro 24h","og_description":"Chaveiro urgente em Lisboa dispon\u00edvel 24 horas. Abertura de portas, troca de fechaduras e c\u00f3pia de chaves. Servi\u00e7o r\u00e1pido e seguro.","og_url":"https:\/\/chaveirodelisboa.pt\/de\/dringende-schlossmacher-lissabon\/","og_site_name":"Chaveiro de Lisboa","twitter_card":"summary_large_image","schema":{"@context":"https:\/\/schema.org","@graph":[{"@type":"WebPage","@id":"https:\/\/chaveirodelisboa.pt\/chaveiro-urgente-lisboa\/","url":"https:\/\/chaveirodelisboa.pt\/chaveiro-urgente-lisboa\/","name":"Chaveiro Urgente Lisboa \u2013 Servi\u00e7o R\u00e1pido e Seguro 24h","isPartOf":{"@id":"https:\/\/chaveirodelisboa.pt\/#website"},"datePublished":"2025-02-04T11:33:28+00:00","description":"Chaveiro urgente em Lisboa dispon\u00edvel 24 horas. Abertura de portas, troca de fechaduras e c\u00f3pia de chaves. Servi\u00e7o r\u00e1pido e seguro.","breadcrumb":{"@id":"https:\/\/chaveirodelisboa.pt\/chaveiro-urgente-lisboa\/#breadcrumb"},"inLanguage":"de","potentialAction":[{"@type":"ReadAction","target":["https:\/\/chaveirodelisboa.pt\/chaveiro-urgente-lisboa\/"]}]},{"@type":"BreadcrumbList","@id":"https:\/\/chaveirodelisboa.pt\/chaveiro-urgente-lisboa\/#breadcrumb","itemListElement":[{"@type":"ListItem","position":1,"name":"Home","item":"https:\/\/chaveirodelisboa.pt\/"},{"@type":"ListItem","position":2,"name":"Chaveiro Urgente Lisboa \u2013 Servi\u00e7o R\u00e1pido e Seguro 24h"}]},{"@type":"WebSite","@id":"https:\/\/chaveirodelisboa.pt\/#website","url":"https:\/\/chaveirodelisboa.pt\/","name":"Chaveiro de Lisboa","description":"\ud83d\udd11 Solu\u00e7\u00f5es em chaveiro urgentes e confi\u00e1veis em Lisboa, 24 horas por dia.","potentialAction":[{"@type":"SearchAction","target":{"@type":"EntryPoint","urlTemplate":"https:\/\/chaveirodelisboa.pt\/?s={search_term_string}"},"query-input":{"@type":"PropertyValueSpecification","valueRequired":true,"valueName":"search_term_string"}}],"inLanguage":"de"}]}},"_links":{"self":[{"href":"https:\/\/chaveirodelisboa.pt\/de\/wp-json\/wp\/v2\/pages\/2831","targetHints":{"allow":["GET"]}}],"collection":[{"href":"https:\/\/chaveirodelisboa.pt\/de\/wp-json\/wp\/v2\/pages"}],"about":[{"href":"https:\/\/chaveirodelisboa.pt\/de\/wp-json\/wp\/v2\/types\/page"}],"author":[{"embeddable":true,"href":"https:\/\/chaveirodelisboa.pt\/de\/wp-json\/wp\/v2\/users\/1"}],"replies":[{"embeddable":true,"href":"https:\/\/chaveirodelisboa.pt\/de\/wp-json\/wp\/v2\/comments?post=2831"}],"version-history":[{"count":0,"href":"https:\/\/chaveirodelisboa.pt\/de\/wp-json\/wp\/v2\/pages\/2831\/revisions"}],"wp:attachment":[{"href":"https:\/\/chaveirodelisboa.pt\/de\/wp-json\/wp\/v2\/media?parent=2831"}],"curies":[{"name":"wp","href":"https:\/\/api.w.org\/{rel}","templated":true}]}}