{"id":2834,"date":"2025-02-04T16:45:24","date_gmt":"2025-02-04T16:45:24","guid":{"rendered":"https:\/\/chaveirodelisboa.pt\/?page_id=2834"},"modified":"2025-02-04T16:45:24","modified_gmt":"2025-02-04T16:45:24","slug":"mudar-canhao-de-fechadura-preco","status":"publish","type":"page","link":"https:\/\/chaveirodelisboa.pt\/de\/fasspreis-andern\/","title":{"rendered":"Preis f\u00fcr das Auswechseln eines T\u00fcrriegels - Wie viel kostet das?"},"content":{"rendered":"<section>\n<p>Bedarf <strong>Auswechseln des Schlie\u00dfzylinders<\/strong> und m\u00f6chten den Preis f\u00fcr die Dienstleistung wissen? Der Austausch des Zylinders ist eine praktische und wirtschaftliche L\u00f6sung, um die Sicherheit der T\u00fcr zu erh\u00f6hen, ohne das gesamte Schloss austauschen zu m\u00fcssen.<\/p>\n<\/section>\n<section>\n<h2>Wie viel kostet es, ein Schloss auszutauschen?<\/h2>\n<p>Der Preis f\u00fcr den Austausch des Schlie\u00dfzylinders kann je nach gew\u00e4hltem Modell und der Komplexit\u00e4t des Einbaus variieren. Zu den wichtigsten Faktoren, die die Kosten beeinflussen, geh\u00f6ren:<\/p>\n<ul>\n<li><strong>Typ Kanone<\/strong> - Einfache Modelle sind billiger, w\u00e4hrend Hochsicherheitskanonen mehr kosten.<\/li>\n<li><strong>Marke und Qualit\u00e4t<\/strong> - Einige Marken bieten eine h\u00f6here Haltbarkeit und Einbruchsicherheit.<\/li>\n<li><strong>Komplexit\u00e4t der Installation<\/strong> - Einige Schl\u00f6sser erfordern zus\u00e4tzliche Einstellungen.<\/li>\n<li><strong>Dringlichkeit der Dienstleistung<\/strong> - F\u00fcr den Umtausch in Notf\u00e4llen k\u00f6nnen zus\u00e4tzliche Kosten anfallen.<\/li>\n<\/ul>\n<\/section>\n<section>\n<h2>Durchschnittliche Preise f\u00fcr den Austausch eines Schlie\u00dfzylinders<\/h2>\n<p>Die Preise k\u00f6nnen variieren, aber hier sind einige Referenzen:<\/p>\n<ul>\n<li><strong>Einfache Kanone<\/strong> - Ab 15\u20ac.<\/li>\n<li><strong>Hochsicherheitskanone<\/strong> - Zwischen 40\u20ac und 100\u20ac.<\/li>\n<li><strong>Kanone mit codiertem Schl\u00fcssel<\/strong> - Ab 80\u20ac.<\/li>\n<li><strong>Einbau durch einen Schl\u00fcsseldienst<\/strong> - Zwischen 30\u20ac und 60\u20ac, abh\u00e4ngig von der Komplexit\u00e4t der Dienstleistung.<\/li>\n<\/ul>\n<p>Die Gesamtkosten k\u00f6nnen je nach Modell und dem Bedarf an erh\u00f6hter Sicherheit variieren.<\/p>\n<\/section>\n<section>\n<h2>Wann ist ein Wechsel des Schlie\u00dfzylinders erforderlich?<\/h2>\n<p>Das Auswechseln der Kanone kann in verschiedenen Situationen erforderlich sein:<\/p>\n<ul>\n<li><strong>Verlorene oder gestohlene Schl\u00fcssel<\/strong> - Vermeiden Sie Kratzer und tauschen Sie die Pistole sofort aus.<\/li>\n<li><strong>Schloss klemmt oder ist besch\u00e4digt<\/strong> - Der Zylinder kann verschlissen sein.<\/li>\n<li><strong>Nach einem Einbruchsversuch<\/strong> - Verst\u00e4rkung der Sicherheit.<\/li>\n<li><strong>Wechselnde Mieter<\/strong> - Um sicherzustellen, dass nur neue Einwohner Zugang haben.<\/li>\n<li><strong>Upgrade auf ein sichereres Modell<\/strong> - Kanonen zur Einbruchsicherung erh\u00f6hen den Schutz.<\/li>\n<\/ul>\n<\/section>\n<section>\n<h2>Vorteile, wenn nur die Kanone ausgetauscht wird<\/h2>\n<p>Anstatt das gesamte Schloss auszutauschen, bietet der Austausch nur des Zylinders folgende Vorteile:<\/p>\n<ul>\n<li><strong>Wirtschaft<\/strong> - Reduziert die Kosten, da nicht das gesamte Schloss ausgetauscht werden muss.<\/li>\n<li><strong>Schnelle Installation<\/strong> - Die Arbeit kann in nur wenigen Minuten erledigt werden.<\/li>\n<li><strong>Erh\u00f6hte Sicherheit<\/strong> - Moderne Modelle sind besser gegen Einbr\u00fcche gesch\u00fctzt.<\/li>\n<li><strong>Erhaltung des Schlosses<\/strong> - Die urspr\u00fcngliche Struktur der T\u00fcr bleibt erhalten.<\/li>\n<\/ul>\n<\/section>\n<section>\n<h2>Wie lange dauert es, ein Schloss auszutauschen?<\/h2>\n<p>Das Auswechseln der Kanone ist eine schnelle Angelegenheit. In den meisten F\u00e4llen kann ein erfahrener Schlosser den Austausch in 15 bis 30 Minuten vornehmen und daf\u00fcr sorgen, dass die T\u00fcr wieder einwandfrei funktioniert.<\/p>\n<\/section>\n<section>\n<h2>24-Stunden-Schlosswechsel-Service<\/h2>\n<p>Wenn Sie den Zylinder dringend auswechseln m\u00fcssen, kann ein professioneller Schl\u00fcsseldienst dies schnell erledigen und Ihre Sicherheit ohne Verz\u00f6gerung gew\u00e4hrleisten.<\/p>\n<p>Der 24-Stunden-Dienst erm\u00f6glicht die L\u00f6sung von Sicherheitsproblemen zu jeder Zeit, auch an Feiertagen und nachts.<\/p>\n<\/section>\n<section>\n<h2>M\u00f6chten Sie den genauen Preis f\u00fcr den Ersatz Ihrer Kanone erfahren?<\/h2>\n<p>Die Kosten k\u00f6nnen je nach Modell und Schwierigkeitsgrad der Installation variieren. F\u00fcr einen detaillierten Kostenvoranschlag und einen professionellen Service wenden Sie sich bitte an unsere Experten.<\/p>\n<p><strong>M\u00fcssen Sie den Schlie\u00dfzylinder austauschen?<\/strong> Fordern Sie jetzt ein Angebot an und garantieren Sie die Sicherheit Ihres Eigentums!<\/p>\n<\/section>","protected":false},"excerpt":{"rendered":"<p>Precisa mudar o canh\u00e3o da fechadura e quer saber o pre\u00e7o do servi\u00e7o? Trocar o cilindro \u00e9 uma solu\u00e7\u00e3o pr\u00e1tica e econ\u00f4mica para refor\u00e7ar a seguran\u00e7a da porta sem precisar substituir toda a fechadura. Quanto custa mudar o canh\u00e3o de uma fechadura? O pre\u00e7o da troca do canh\u00e3o da fechadura pode variar dependendo do modelo [&hellip;]<\/p>","protected":false},"author":1,"featured_media":0,"parent":0,"menu_order":0,"comment_status":"closed","ping_status":"closed","template":"","meta":{"footnotes":""},"class_list":["post-2834","page","type-page","status-publish","hentry"],"yoast_head":"<!-- This site is optimized with the Yoast SEO plugin v24.5 - https:\/\/yoast.com\/wordpress\/plugins\/seo\/ -->\n<title>Mudar Canh\u00e3o de Fechadura Pre\u00e7o \u2013 Quanto Custa ?<\/title>\n<meta name=\"description\" content=\"Saiba o pre\u00e7o para mudar o canh\u00e3o da fechadura. Servi\u00e7o r\u00e1pido e seguro para troca de cilindros e refor\u00e7o da seguran\u00e7a da sua porta.\" \/>\n<meta name=\"robots\" content=\"index, follow, max-snippet:-1, max-image-preview:large, max-video-preview:-1\" \/>\n<link rel=\"canonical\" href=\"https:\/\/chaveirodelisboa.pt\/de\/fasspreis-andern\/\" \/>\n<meta property=\"og:locale\" content=\"de_DE\" \/>\n<meta property=\"og:type\" content=\"article\" \/>\n<meta property=\"og:title\" content=\"Mudar Canh\u00e3o de Fechadura Pre\u00e7o \u2013 Quanto Custa ?\" \/>\n<meta property=\"og:description\" content=\"Saiba o pre\u00e7o para mudar o canh\u00e3o da fechadura. Servi\u00e7o r\u00e1pido e seguro para troca de cilindros e refor\u00e7o da seguran\u00e7a da sua porta.\" \/>\n<meta property=\"og:url\" content=\"https:\/\/chaveirodelisboa.pt\/de\/fasspreis-andern\/\" \/>\n<meta property=\"og:site_name\" content=\"Chaveiro de Lisboa\" \/>\n<meta name=\"twitter:card\" content=\"summary_large_image\" \/>\n<script type=\"application\/ld+json\" class=\"yoast-schema-graph\">{\"@context\":\"https:\/\/schema.org\",\"@graph\":[{\"@type\":\"WebPage\",\"@id\":\"https:\/\/chaveirodelisboa.pt\/mudar-canhao-de-fechadura-preco\/\",\"url\":\"https:\/\/chaveirodelisboa.pt\/mudar-canhao-de-fechadura-preco\/\",\"name\":\"Mudar Canh\u00e3o de Fechadura Pre\u00e7o \u2013 Quanto Custa ?\",\"isPartOf\":{\"@id\":\"https:\/\/chaveirodelisboa.pt\/#website\"},\"datePublished\":\"2025-02-04T16:45:24+00:00\",\"description\":\"Saiba o pre\u00e7o para mudar o canh\u00e3o da fechadura. Servi\u00e7o r\u00e1pido e seguro para troca de cilindros e refor\u00e7o da seguran\u00e7a da sua porta.\",\"breadcrumb\":{\"@id\":\"https:\/\/chaveirodelisboa.pt\/mudar-canhao-de-fechadura-preco\/#breadcrumb\"},\"inLanguage\":\"de\",\"potentialAction\":[{\"@type\":\"ReadAction\",\"target\":[\"https:\/\/chaveirodelisboa.pt\/mudar-canhao-de-fechadura-preco\/\"]}]},{\"@type\":\"BreadcrumbList\",\"@id\":\"https:\/\/chaveirodelisboa.pt\/mudar-canhao-de-fechadura-preco\/#breadcrumb\",\"itemListElement\":[{\"@type\":\"ListItem\",\"position\":1,\"name\":\"Home\",\"item\":\"https:\/\/chaveirodelisboa.pt\/\"},{\"@type\":\"ListItem\",\"position\":2,\"name\":\"Mudar Canh\u00e3o de Fechadura Pre\u00e7o \u2013 Quanto Custa ?\"}]},{\"@type\":\"WebSite\",\"@id\":\"https:\/\/chaveirodelisboa.pt\/#website\",\"url\":\"https:\/\/chaveirodelisboa.pt\/\",\"name\":\"Chaveiro de Lisboa\",\"description\":\"\ud83d\udd11 Solu\u00e7\u00f5es em chaveiro urgentes e confi\u00e1veis em Lisboa, 24 horas por dia.\",\"potentialAction\":[{\"@type\":\"SearchAction\",\"target\":{\"@type\":\"EntryPoint\",\"urlTemplate\":\"https:\/\/chaveirodelisboa.pt\/?s={search_term_string}\"},\"query-input\":{\"@type\":\"PropertyValueSpecification\",\"valueRequired\":true,\"valueName\":\"search_term_string\"}}],\"inLanguage\":\"de\"}]}<\/script>\n<!-- \/ Yoast SEO plugin. -->","yoast_head_json":{"title":"Mudar Canh\u00e3o de Fechadura Pre\u00e7o \u2013 Quanto Custa ?","description":"Saiba o pre\u00e7o para mudar o canh\u00e3o da fechadura. Servi\u00e7o r\u00e1pido e seguro para troca de cilindros e refor\u00e7o da seguran\u00e7a da sua porta.","robots":{"index":"index","follow":"follow","max-snippet":"max-snippet:-1","max-image-preview":"max-image-preview:large","max-video-preview":"max-video-preview:-1"},"canonical":"https:\/\/chaveirodelisboa.pt\/de\/fasspreis-andern\/","og_locale":"de_DE","og_type":"article","og_title":"Mudar Canh\u00e3o de Fechadura Pre\u00e7o \u2013 Quanto Custa ?","og_description":"Saiba o pre\u00e7o para mudar o canh\u00e3o da fechadura. Servi\u00e7o r\u00e1pido e seguro para troca de cilindros e refor\u00e7o da seguran\u00e7a da sua porta.","og_url":"https:\/\/chaveirodelisboa.pt\/de\/fasspreis-andern\/","og_site_name":"Chaveiro de Lisboa","twitter_card":"summary_large_image","schema":{"@context":"https:\/\/schema.org","@graph":[{"@type":"WebPage","@id":"https:\/\/chaveirodelisboa.pt\/mudar-canhao-de-fechadura-preco\/","url":"https:\/\/chaveirodelisboa.pt\/mudar-canhao-de-fechadura-preco\/","name":"Mudar Canh\u00e3o de Fechadura Pre\u00e7o \u2013 Quanto Custa ?","isPartOf":{"@id":"https:\/\/chaveirodelisboa.pt\/#website"},"datePublished":"2025-02-04T16:45:24+00:00","description":"Saiba o pre\u00e7o para mudar o canh\u00e3o da fechadura. Servi\u00e7o r\u00e1pido e seguro para troca de cilindros e refor\u00e7o da seguran\u00e7a da sua porta.","breadcrumb":{"@id":"https:\/\/chaveirodelisboa.pt\/mudar-canhao-de-fechadura-preco\/#breadcrumb"},"inLanguage":"de","potentialAction":[{"@type":"ReadAction","target":["https:\/\/chaveirodelisboa.pt\/mudar-canhao-de-fechadura-preco\/"]}]},{"@type":"BreadcrumbList","@id":"https:\/\/chaveirodelisboa.pt\/mudar-canhao-de-fechadura-preco\/#breadcrumb","itemListElement":[{"@type":"ListItem","position":1,"name":"Home","item":"https:\/\/chaveirodelisboa.pt\/"},{"@type":"ListItem","position":2,"name":"Mudar Canh\u00e3o de Fechadura Pre\u00e7o \u2013 Quanto Custa ?"}]},{"@type":"WebSite","@id":"https:\/\/chaveirodelisboa.pt\/#website","url":"https:\/\/chaveirodelisboa.pt\/","name":"Chaveiro de Lisboa","description":"\ud83d\udd11 Solu\u00e7\u00f5es em chaveiro urgentes e confi\u00e1veis em Lisboa, 24 horas por dia.","potentialAction":[{"@type":"SearchAction","target":{"@type":"EntryPoint","urlTemplate":"https:\/\/chaveirodelisboa.pt\/?s={search_term_string}"},"query-input":{"@type":"PropertyValueSpecification","valueRequired":true,"valueName":"search_term_string"}}],"inLanguage":"de"}]}},"_links":{"self":[{"href":"https:\/\/chaveirodelisboa.pt\/de\/wp-json\/wp\/v2\/pages\/2834","targetHints":{"allow":["GET"]}}],"collection":[{"href":"https:\/\/chaveirodelisboa.pt\/de\/wp-json\/wp\/v2\/pages"}],"about":[{"href":"https:\/\/chaveirodelisboa.pt\/de\/wp-json\/wp\/v2\/types\/page"}],"author":[{"embeddable":true,"href":"https:\/\/chaveirodelisboa.pt\/de\/wp-json\/wp\/v2\/users\/1"}],"replies":[{"embeddable":true,"href":"https:\/\/chaveirodelisboa.pt\/de\/wp-json\/wp\/v2\/comments?post=2834"}],"version-history":[{"count":0,"href":"https:\/\/chaveirodelisboa.pt\/de\/wp-json\/wp\/v2\/pages\/2834\/revisions"}],"wp:attachment":[{"href":"https:\/\/chaveirodelisboa.pt\/de\/wp-json\/wp\/v2\/media?parent=2834"}],"curies":[{"name":"wp","href":"https:\/\/api.w.org\/{rel}","templated":true}]}}