{"id":2836,"date":"2025-02-05T07:29:11","date_gmt":"2025-02-05T07:29:11","guid":{"rendered":"https:\/\/chaveirodelisboa.pt\/?page_id=2836"},"modified":"2025-02-05T07:29:11","modified_gmt":"2025-02-05T07:29:11","slug":"afinacao-de-portas-blindadas","status":"publish","type":"page","link":"https:\/\/chaveirodelisboa.pt\/de\/panzertur-tuning\/","title":{"rendered":"Tuning von Panzert\u00fcren - Einstellung und Wartung in Lissabon"},"content":{"rendered":"<section>\n<p>A <strong>Tuning-Panzert\u00fcren<\/strong> ist unerl\u00e4sslich, um das perfekte Funktionieren und die maximale Sicherheit Ihrer Immobilie zu gew\u00e4hrleisten. Im Laufe der Zeit k\u00f6nnen sich Panzert\u00fcren verstellen, so dass sie sich nicht mehr richtig schlie\u00dfen lassen und die Dichtigkeit und der Schutz beeintr\u00e4chtigt werden.<\/p>\n<\/section>\n<section>\n<h2>Wann muss eine Panzert\u00fcr angepasst werden?<\/h2>\n<p>Auch wenn sie robust sind, k\u00f6nnen Panzert\u00fcren kleine Probleme haben, die ihre Wirksamkeit beeintr\u00e4chtigen. Einige Situationen, in denen ein Tuning empfohlen wird, sind:<\/p>\n<ul>\n<li><strong>Schwierigkeiten beim Schlie\u00dfen oder \u00d6ffnen<\/strong> - Die T\u00fcr scheint zu blockieren oder l\u00e4sst sich nur mit Gewalt bewegen.<\/li>\n<li><strong>Quietschen oder Ger\u00e4usche bei Bewegung<\/strong> - Dies kann ein Hinweis darauf sein, dass die Scharniere geschmiert oder nachgestellt werden m\u00fcssen.<\/li>\n<li><strong>Lockerheit oder Fehlausrichtung<\/strong> - Die T\u00fcr passt nicht richtig in den T\u00fcrpfosten, wodurch die Dichtung beeintr\u00e4chtigt wird.<\/li>\n<li><strong>Probleme mit dem Verriegelungsmechanismus<\/strong> - Das Schloss funktioniert nicht richtig oder der Schl\u00fcssel l\u00e4sst sich nur schwer drehen.<\/li>\n<li><strong>Beeintr\u00e4chtigte Abdichtung<\/strong> - Das Eindringen von Wind, Staub oder Au\u00dfenger\u00e4uschen kann auf eine defekte Armatur hinweisen.<\/li>\n<\/ul>\n<\/section>\n<section>\n<h2>Vorteile von Tuning-Panzert\u00fcren<\/h2>\n<p>Die richtige Einstellung Ihrer Panzert\u00fcr hat mehrere Vorteile, z. B:<\/p>\n<ul>\n<li><strong>Gr\u00f6\u00dfere Sicherheit<\/strong> - Eine gut sitzende T\u00fcr erschwert den Einbruch.<\/li>\n<li><strong>Verst\u00e4rkte Dichtung<\/strong> - Verhindert das Eindringen von Luft, L\u00e4rm und Staub.<\/li>\n<li><strong>Verl\u00e4ngerte Nutzungsdauer<\/strong> - Verringert den Verschlei\u00df der Scharniere und des Schlie\u00dfsystems.<\/li>\n<li><strong>Reibungsloser Betrieb<\/strong> - Verhindert \u00fcberm\u00e4\u00dfigen Kraftaufwand beim \u00d6ffnen und Schlie\u00dfen der T\u00fcr.<\/li>\n<\/ul>\n<\/section>\n<section>\n<h2>Wie funktionieren Panzert\u00fcren?<\/h2>\n<p>Die Einstellung der Panzert\u00fcr kann je nach dem festgestellten Problem verschiedene Ma\u00dfnahmen umfassen. Der professionelle Service kann Folgendes umfassen:<\/p>\n<ul>\n<li><strong>Einstellung der Scharniere<\/strong> - Korrigiert Ausrichtungsfehler und verhindert Spiel.<\/li>\n<li><strong>Schmierende Komponenten<\/strong> - Sorgt f\u00fcr einen reibungsloseren, ger\u00e4uschfreien Betrieb.<\/li>\n<li><strong>Einstellung des Schlosses<\/strong> - Stellen Sie den Verriegelungsmechanismus ein, um absolute Sicherheit zu gew\u00e4hrleisten.<\/li>\n<li><strong>Auswechseln von Dichtungen<\/strong> - Austausch von Gummis und Anpassungen f\u00fcr eine bessere akustische und thermische Isolierung.<\/li>\n<li><strong>Korrektur von Ausrichtungsfehlern<\/strong> - Verhindert \u00fcberm\u00e4\u00dfigen Druck auf den T\u00fcrrahmen.<\/li>\n<\/ul>\n<\/section>\n<section>\n<h2>Wie viel kostet das Tuning einer Panzert\u00fcr?<\/h2>\n<p>Der Preis f\u00fcr <strong>Tuning-Panzert\u00fcren<\/strong> kann je nach dem zu behebenden Problem variieren. Einige Durchschnittswerte umfassen:<\/p>\n<ul>\n<li><strong>Einstellung der Scharniere<\/strong> - Ab 50\u20ac.<\/li>\n<li><strong>Schmierung und vorbeugende Wartung<\/strong> - Zwischen 30\u20ac und 70\u20ac.<\/li>\n<li><strong>Korrektur von Ausrichtungsfehlern und Abdichtung<\/strong> - Zwischen 80 \u20ac und 150 \u20ac, je nach Komplexit\u00e4t.<\/li>\n<li><strong>Reparatur des Verriegelungsmechanismus<\/strong> - Ab 100\u20ac, wenn Sie Teile ersetzen m\u00fcssen.<\/li>\n<\/ul>\n<p>Die endg\u00fcltigen Kosten h\u00e4ngen von der Art der erforderlichen Anpassung und dem Zustand der T\u00fcr ab.<\/p>\n<\/section>\n<section>\n<h2>Regelm\u00e4\u00dfige Wartung von Panzert\u00fcren<\/h2>\n<p>Um Probleme zu vermeiden und die maximale Effizienz Ihrer Panzert\u00fcr zu gew\u00e4hrleisten, wird eine regelm\u00e4\u00dfige Wartung empfohlen. Ein Fachmann kann sie \u00fcberpr\u00fcfen:<\/p>\n<ul>\n<li>Das Schloss und die Zylinder funktionieren einwandfrei.<\/li>\n<li>Die Dichtung ist intakt und verhindert das Eindringen von Luft und L\u00e4rm.<\/li>\n<li>Die Scharniere sind ausgerichtet und gut geschmiert.<\/li>\n<li>Der Verriegelungsmechanismus funktioniert mit maximaler Sicherheit.<\/li>\n<\/ul>\n<\/section>\n<section>\n<h2>Professioneller Panzert\u00fcr-Tuning-Service<\/h2>\n<p>Wenn Ihre Panzert\u00fcr Probleme mit der Einstellung hat, kann ein professioneller Service sie wieder in einen perfekten Zustand versetzen. Mit unserem spezialisierten Service garantieren wir einen schnellen, sicheren und effizienten Service.<\/p>\n<p><strong>M\u00fcssen Sie Ihre Panzert\u00fcren tunen lassen?<\/strong> Fordern Sie jetzt ein Angebot an und garantieren Sie maximale Sicherheit und Komfort f\u00fcr Ihr Eigentum!<\/p>\n<\/section>","protected":false},"excerpt":{"rendered":"<p>A afina\u00e7\u00e3o de portas blindadas \u00e9 essencial para garantir o funcionamento perfeito e a m\u00e1xima seguran\u00e7a do seu im\u00f3vel. Com o tempo, portas blindadas podem desalinhar, dificultando o fechamento correto e comprometendo a veda\u00e7\u00e3o e prote\u00e7\u00e3o. Quando \u00e9 necess\u00e1ria a afina\u00e7\u00e3o de uma porta blindada? Mesmo sendo robustas, as portas blindadas podem apresentar pequenos problemas [&hellip;]<\/p>","protected":false},"author":1,"featured_media":0,"parent":0,"menu_order":0,"comment_status":"closed","ping_status":"closed","template":"","meta":{"footnotes":""},"class_list":["post-2836","page","type-page","status-publish","hentry"],"yoast_head":"<!-- This site is optimized with the Yoast SEO plugin v24.5 - https:\/\/yoast.com\/wordpress\/plugins\/seo\/ -->\n<title>Afina\u00e7\u00e3o de Portas Blindadas \u2013 Ajuste e Manuten\u00e7\u00e3o em Lisboa<\/title>\n<meta name=\"description\" content=\"Afina\u00e7\u00e3o de portas blindadas em Lisboa. Ajuste e manuten\u00e7\u00e3o para garantir seguran\u00e7a, veda\u00e7\u00e3o e funcionamento perfeito da sua porta blindada.\" \/>\n<meta name=\"robots\" content=\"index, follow, max-snippet:-1, max-image-preview:large, max-video-preview:-1\" \/>\n<link rel=\"canonical\" href=\"https:\/\/chaveirodelisboa.pt\/de\/panzertur-tuning\/\" \/>\n<meta property=\"og:locale\" content=\"de_DE\" \/>\n<meta property=\"og:type\" content=\"article\" \/>\n<meta property=\"og:title\" content=\"Afina\u00e7\u00e3o de Portas Blindadas \u2013 Ajuste e Manuten\u00e7\u00e3o em Lisboa\" \/>\n<meta property=\"og:description\" content=\"Afina\u00e7\u00e3o de portas blindadas em Lisboa. Ajuste e manuten\u00e7\u00e3o para garantir seguran\u00e7a, veda\u00e7\u00e3o e funcionamento perfeito da sua porta blindada.\" \/>\n<meta property=\"og:url\" content=\"https:\/\/chaveirodelisboa.pt\/de\/panzertur-tuning\/\" \/>\n<meta property=\"og:site_name\" content=\"Chaveiro de Lisboa\" \/>\n<meta name=\"twitter:card\" content=\"summary_large_image\" \/>\n<script type=\"application\/ld+json\" class=\"yoast-schema-graph\">{\"@context\":\"https:\/\/schema.org\",\"@graph\":[{\"@type\":\"WebPage\",\"@id\":\"https:\/\/chaveirodelisboa.pt\/afinacao-de-portas-blindadas\/\",\"url\":\"https:\/\/chaveirodelisboa.pt\/afinacao-de-portas-blindadas\/\",\"name\":\"Afina\u00e7\u00e3o de Portas Blindadas \u2013 Ajuste e Manuten\u00e7\u00e3o em Lisboa\",\"isPartOf\":{\"@id\":\"https:\/\/chaveirodelisboa.pt\/#website\"},\"datePublished\":\"2025-02-05T07:29:11+00:00\",\"description\":\"Afina\u00e7\u00e3o de portas blindadas em Lisboa. Ajuste e manuten\u00e7\u00e3o para garantir seguran\u00e7a, veda\u00e7\u00e3o e funcionamento perfeito da sua porta blindada.\",\"breadcrumb\":{\"@id\":\"https:\/\/chaveirodelisboa.pt\/afinacao-de-portas-blindadas\/#breadcrumb\"},\"inLanguage\":\"de\",\"potentialAction\":[{\"@type\":\"ReadAction\",\"target\":[\"https:\/\/chaveirodelisboa.pt\/afinacao-de-portas-blindadas\/\"]}]},{\"@type\":\"BreadcrumbList\",\"@id\":\"https:\/\/chaveirodelisboa.pt\/afinacao-de-portas-blindadas\/#breadcrumb\",\"itemListElement\":[{\"@type\":\"ListItem\",\"position\":1,\"name\":\"Home\",\"item\":\"https:\/\/chaveirodelisboa.pt\/\"},{\"@type\":\"ListItem\",\"position\":2,\"name\":\"Afina\u00e7\u00e3o de Portas Blindadas \u2013 Ajuste e Manuten\u00e7\u00e3o em Lisboa\"}]},{\"@type\":\"WebSite\",\"@id\":\"https:\/\/chaveirodelisboa.pt\/#website\",\"url\":\"https:\/\/chaveirodelisboa.pt\/\",\"name\":\"Chaveiro de Lisboa\",\"description\":\"\ud83d\udd11 Solu\u00e7\u00f5es em chaveiro urgentes e confi\u00e1veis em Lisboa, 24 horas por dia.\",\"potentialAction\":[{\"@type\":\"SearchAction\",\"target\":{\"@type\":\"EntryPoint\",\"urlTemplate\":\"https:\/\/chaveirodelisboa.pt\/?s={search_term_string}\"},\"query-input\":{\"@type\":\"PropertyValueSpecification\",\"valueRequired\":true,\"valueName\":\"search_term_string\"}}],\"inLanguage\":\"de\"}]}<\/script>\n<!-- \/ Yoast SEO plugin. -->","yoast_head_json":{"title":"Afina\u00e7\u00e3o de Portas Blindadas \u2013 Ajuste e Manuten\u00e7\u00e3o em Lisboa","description":"Afina\u00e7\u00e3o de portas blindadas em Lisboa. Ajuste e manuten\u00e7\u00e3o para garantir seguran\u00e7a, veda\u00e7\u00e3o e funcionamento perfeito da sua porta blindada.","robots":{"index":"index","follow":"follow","max-snippet":"max-snippet:-1","max-image-preview":"max-image-preview:large","max-video-preview":"max-video-preview:-1"},"canonical":"https:\/\/chaveirodelisboa.pt\/de\/panzertur-tuning\/","og_locale":"de_DE","og_type":"article","og_title":"Afina\u00e7\u00e3o de Portas Blindadas \u2013 Ajuste e Manuten\u00e7\u00e3o em Lisboa","og_description":"Afina\u00e7\u00e3o de portas blindadas em Lisboa. Ajuste e manuten\u00e7\u00e3o para garantir seguran\u00e7a, veda\u00e7\u00e3o e funcionamento perfeito da sua porta blindada.","og_url":"https:\/\/chaveirodelisboa.pt\/de\/panzertur-tuning\/","og_site_name":"Chaveiro de Lisboa","twitter_card":"summary_large_image","schema":{"@context":"https:\/\/schema.org","@graph":[{"@type":"WebPage","@id":"https:\/\/chaveirodelisboa.pt\/afinacao-de-portas-blindadas\/","url":"https:\/\/chaveirodelisboa.pt\/afinacao-de-portas-blindadas\/","name":"Afina\u00e7\u00e3o de Portas Blindadas \u2013 Ajuste e Manuten\u00e7\u00e3o em Lisboa","isPartOf":{"@id":"https:\/\/chaveirodelisboa.pt\/#website"},"datePublished":"2025-02-05T07:29:11+00:00","description":"Afina\u00e7\u00e3o de portas blindadas em Lisboa. Ajuste e manuten\u00e7\u00e3o para garantir seguran\u00e7a, veda\u00e7\u00e3o e funcionamento perfeito da sua porta blindada.","breadcrumb":{"@id":"https:\/\/chaveirodelisboa.pt\/afinacao-de-portas-blindadas\/#breadcrumb"},"inLanguage":"de","potentialAction":[{"@type":"ReadAction","target":["https:\/\/chaveirodelisboa.pt\/afinacao-de-portas-blindadas\/"]}]},{"@type":"BreadcrumbList","@id":"https:\/\/chaveirodelisboa.pt\/afinacao-de-portas-blindadas\/#breadcrumb","itemListElement":[{"@type":"ListItem","position":1,"name":"Home","item":"https:\/\/chaveirodelisboa.pt\/"},{"@type":"ListItem","position":2,"name":"Afina\u00e7\u00e3o de Portas Blindadas \u2013 Ajuste e Manuten\u00e7\u00e3o em Lisboa"}]},{"@type":"WebSite","@id":"https:\/\/chaveirodelisboa.pt\/#website","url":"https:\/\/chaveirodelisboa.pt\/","name":"Chaveiro de Lisboa","description":"\ud83d\udd11 Solu\u00e7\u00f5es em chaveiro urgentes e confi\u00e1veis em Lisboa, 24 horas por dia.","potentialAction":[{"@type":"SearchAction","target":{"@type":"EntryPoint","urlTemplate":"https:\/\/chaveirodelisboa.pt\/?s={search_term_string}"},"query-input":{"@type":"PropertyValueSpecification","valueRequired":true,"valueName":"search_term_string"}}],"inLanguage":"de"}]}},"_links":{"self":[{"href":"https:\/\/chaveirodelisboa.pt\/de\/wp-json\/wp\/v2\/pages\/2836","targetHints":{"allow":["GET"]}}],"collection":[{"href":"https:\/\/chaveirodelisboa.pt\/de\/wp-json\/wp\/v2\/pages"}],"about":[{"href":"https:\/\/chaveirodelisboa.pt\/de\/wp-json\/wp\/v2\/types\/page"}],"author":[{"embeddable":true,"href":"https:\/\/chaveirodelisboa.pt\/de\/wp-json\/wp\/v2\/users\/1"}],"replies":[{"embeddable":true,"href":"https:\/\/chaveirodelisboa.pt\/de\/wp-json\/wp\/v2\/comments?post=2836"}],"version-history":[{"count":0,"href":"https:\/\/chaveirodelisboa.pt\/de\/wp-json\/wp\/v2\/pages\/2836\/revisions"}],"wp:attachment":[{"href":"https:\/\/chaveirodelisboa.pt\/de\/wp-json\/wp\/v2\/media?parent=2836"}],"curies":[{"name":"wp","href":"https:\/\/api.w.org\/{rel}","templated":true}]}}