{"id":2841,"date":"2025-02-05T08:05:45","date_gmt":"2025-02-05T08:05:45","guid":{"rendered":"https:\/\/chaveirodelisboa.pt\/?page_id=2841"},"modified":"2025-02-05T08:05:57","modified_gmt":"2025-02-05T08:05:57","slug":"substituicao-de-cilindros","status":"publish","type":"page","link":"https:\/\/chaveirodelisboa.pt\/de\/zylinderwechsel\/","title":{"rendered":"Zylinderwechsel - schneller und sicherer Austausch"},"content":{"rendered":"<section>\n<p>Sie m\u00fcssen die <strong>Zylinderwechsel<\/strong> in Ihrem Schloss? Der Austausch des Zylinders ist eine praktische und kosteng\u00fcnstige M\u00f6glichkeit, die Sicherheit Ihres Eigentums zu verbessern, ohne das gesamte Schloss ersetzen zu m\u00fcssen.<\/p>\n<\/section>\n<section>\n<h2>Was ist ein Schlie\u00dfzylinder?<\/h2>\n<p>Der Zylinder, auch Zylinderrohr genannt, ist der Teil, in den der Schl\u00fcssel eingef\u00fchrt wird, um den Schlie\u00dfmechanismus zu bet\u00e4tigen. Wenn er verschlissen, besch\u00e4digt oder beeintr\u00e4chtigt ist, sollte er ausgetauscht werden, um einen effizienten und sicheren Betrieb zu gew\u00e4hrleisten.<\/p>\n<\/section>\n<section>\n<h2>Wann muss der Schlie\u00dfzylinder ausgetauscht werden?<\/h2>\n<p>Der Austausch des Zylinders kann in verschiedenen Situationen erforderlich sein, z. B:<\/p>\n<ul>\n<li><strong>Verlorene oder gestohlene Schl\u00fcssel<\/strong> - Vermeiden Sie Kratzer und tauschen Sie den Zylinder sofort aus.<\/li>\n<li><strong>Der Schl\u00fcssel l\u00e4sst sich nicht richtig drehen<\/strong> - Anzeichen von Verschlei\u00df oder Fehlfunktion.<\/li>\n<li><strong>Festgefahrener oder besch\u00e4digter Zylinder<\/strong> - Sie kann das \u00d6ffnen der T\u00fcr erschweren oder unm\u00f6glich machen.<\/li>\n<li><strong>Wechselnde Mieter<\/strong> - Sie stellt sicher, dass nur neue Einwohner Zugang haben.<\/li>\n<li><strong>Erh\u00f6hte Sicherheit<\/strong> - Steigen Sie auf ein sichereres und einbruchsichereres Modell um.<\/li>\n<\/ul>\n<\/section>\n<section>\n<h2>Verf\u00fcgbare Zylindertypen<\/h2>\n<p>Es gibt mehrere Zylindermodelle auf dem Markt, jedes mit spezifischen Eigenschaften f\u00fcr unterschiedliche Sicherheitsniveaus:<\/p>\n<ul>\n<li><strong>Europ\u00e4ischer Zylinder<\/strong> - Sie sind am h\u00e4ufigsten und am einfachsten zu ersetzen.<\/li>\n<li><strong>Ovaler Zylinder<\/strong> - Wird bei \u00e4lteren Schl\u00f6ssern verwendet.<\/li>\n<li><strong>Hochsicherheitszylinder<\/strong> - Mit Anti-Burst- und Pannenschutz-Technologie.<\/li>\n<li><strong>Doppelter Zylinder<\/strong> - Die T\u00fcr kann von beiden Seiten mit einem Schl\u00fcssel entriegelt werden.<\/li>\n<li><strong>Zylinder mit Knopf<\/strong> - Eine Seite funktioniert mit einem Schl\u00fcssel, die andere mit einem Drehknopf.<\/li>\n<li><strong>Elektronischer Zylinder<\/strong> - \u00d6ffnet sich mit Code, biometrischen Daten oder Karte.<\/li>\n<\/ul>\n<\/section>\n<section>\n<h2>Wie hoch sind die Kosten f\u00fcr den Austausch von Zylindern?<\/h2>\n<p>Der Preis f\u00fcr <strong>Zylinderwechsel<\/strong> h\u00e4ngt von dem gew\u00e4hlten Modell und der Art der gew\u00fcnschten Dienstleistung ab. Einige Durchschnittswerte sind:<\/p>\n<ul>\n<li><strong>Einzylinder<\/strong> - Ab 20 \u20ac.<\/li>\n<li><strong>Hochsicherheitszylinder<\/strong> - Zwischen 50\u20ac und 150\u20ac.<\/li>\n<li><strong>Zylinder mit codiertem Schl\u00fcssel<\/strong> - Ab 80\u20ac.<\/li>\n<li><strong>Einbau durch einen Schl\u00fcsseldienst<\/strong> - Zwischen 30\u20ac und 60\u20ac, abh\u00e4ngig von der Komplexit\u00e4t der Dienstleistung.<\/li>\n<\/ul>\n<p>Die Investition in einen Qualit\u00e4tszylinder kann k\u00fcnftige Probleme verhindern und den Schutz der Immobilie st\u00e4rken.<\/p>\n<\/section>\n<section>\n<h2>Vorteile des Wechsels nur des Zylinders<\/h2>\n<p>Der Austausch des Zylinders kann eine wirtschaftlichere und effizientere Option sein als der Austausch des gesamten Schlosses. Zu den wichtigsten Vorteilen geh\u00f6ren:<\/p>\n<ul>\n<li><strong>Niedrigere Kosten<\/strong> - Der Austausch nur des Zylinders ist billiger als der Austausch des gesamten Schlosses.<\/li>\n<li><strong>Schnelle Installation<\/strong> - Der Dienst kann in wenigen Minuten abgeschlossen werden.<\/li>\n<li><strong>Erh\u00f6hte Sicherheit<\/strong> - Moderne Modelle bieten zus\u00e4tzlichen Schutz vor Einbr\u00fcchen.<\/li>\n<li><strong>Leicht zu aktualisieren<\/strong> - Wechseln Sie den Zylinder, wann immer Sie ihn brauchen, um die Sicherheit zu erh\u00f6hen.<\/li>\n<\/ul>\n<\/section>\n<section>\n<h2>Wie funktioniert der Zylinderwechsel?<\/h2>\n<p>Der Zylinderwechsel kann von einem Fachmann schnell und sicher durchgef\u00fchrt werden. Die Schritte umfassen:<\/p>\n<ul>\n<li>Ausbau des alten Schlie\u00dfzylinders.<\/li>\n<li>Einbau des neuen Zylinders und Einstellung f\u00fcr einen perfekten Sitz.<\/li>\n<li>Testen Sie die Funktion des Schl\u00fcssels und des Schlie\u00dfmechanismus.<\/li>\n<\/ul>\n<p>Mit dem richtigen Service garantiert der Austausch eine sichere und einfach zu bedienende T\u00fcr.<\/p>\n<\/section>\n<section>\n<h2>24-Stunden-Service f\u00fcr den Austausch von Zylindern<\/h2>\n<p>Wenn Sie dringend einen Schlie\u00dfzylinder austauschen m\u00fcssen, kann ein professioneller Schl\u00fcsseldienst dies schnell erledigen und einen effizienten und problemlosen Service garantieren.<\/p>\n<p>Der 24-Stunden-Service erm\u00f6glicht es Ihnen, Ihre Bed\u00fcrfnisse jederzeit zu l\u00f6sen, ohne die Sicherheit Ihres Eigentums zu gef\u00e4hrden.<\/p>\n<\/section>\n<section>\n<h2>Sie m\u00fcssen Ihren Schlie\u00dfzylinder austauschen? Rufen Sie einen Experten an!<\/h2>\n<p>Ob es darum geht, die Sicherheit zu erh\u00f6hen oder einen verschlissenen Zylinder auszutauschen - ein qualifizierter Fachmann macht den Unterschied.<\/p>\n<p><strong>Brauchen Sie einen neuen Schlie\u00dfzylinder?<\/strong> Fordern Sie jetzt ein Angebot an und garantieren Sie einen schnellen und sicheren Service!<\/p>\n<\/section>","protected":false},"excerpt":{"rendered":"<p>Precisa fazer a substitui\u00e7\u00e3o de cilindros na sua fechadura? Trocar o cilindro \u00e9 uma maneira pr\u00e1tica e econ\u00f4mica de melhorar a seguran\u00e7a do seu im\u00f3vel sem precisar substituir toda a fechadura. O que \u00e9 um cilindro de fechadura? O cilindro, tamb\u00e9m chamado de canh\u00e3o, \u00e9 a pe\u00e7a onde a chave \u00e9 inserida para acionar o [&hellip;]<\/p>","protected":false},"author":1,"featured_media":0,"parent":0,"menu_order":0,"comment_status":"closed","ping_status":"closed","template":"","meta":{"footnotes":""},"class_list":["post-2841","page","type-page","status-publish","hentry"],"yoast_head":"<!-- This site is optimized with the Yoast SEO plugin v24.5 - https:\/\/yoast.com\/wordpress\/plugins\/seo\/ -->\n<title>Substitui\u00e7\u00e3o de Cilindros \u2013 Troca R\u00e1pida e Segura<\/title>\n<meta name=\"description\" content=\"Substitui\u00e7\u00e3o de cilindros de fechaduras em Lisboa. Troca r\u00e1pida e segura de cilindros para refor\u00e7ar a seguran\u00e7a da sua porta. Atendimento 24h.\" \/>\n<meta name=\"robots\" content=\"index, follow, max-snippet:-1, max-image-preview:large, max-video-preview:-1\" \/>\n<link rel=\"canonical\" href=\"https:\/\/chaveirodelisboa.pt\/de\/zylinderwechsel\/\" \/>\n<meta property=\"og:locale\" content=\"de_DE\" \/>\n<meta property=\"og:type\" content=\"article\" \/>\n<meta property=\"og:title\" content=\"Substitui\u00e7\u00e3o de Cilindros \u2013 Troca R\u00e1pida e Segura\" \/>\n<meta property=\"og:description\" content=\"Substitui\u00e7\u00e3o de cilindros de fechaduras em Lisboa. Troca r\u00e1pida e segura de cilindros para refor\u00e7ar a seguran\u00e7a da sua porta. Atendimento 24h.\" \/>\n<meta property=\"og:url\" content=\"https:\/\/chaveirodelisboa.pt\/de\/zylinderwechsel\/\" \/>\n<meta property=\"og:site_name\" content=\"Chaveiro de Lisboa\" \/>\n<meta property=\"article:modified_time\" content=\"2025-02-05T08:05:57+00:00\" \/>\n<meta name=\"twitter:card\" content=\"summary_large_image\" \/>\n<meta name=\"twitter:label1\" content=\"Est. reading time\" \/>\n\t<meta name=\"twitter:data1\" content=\"3\u00a0Minuten\" \/>\n<script type=\"application\/ld+json\" class=\"yoast-schema-graph\">{\"@context\":\"https:\/\/schema.org\",\"@graph\":[{\"@type\":\"WebPage\",\"@id\":\"https:\/\/chaveirodelisboa.pt\/substituicao-de-cilindros\/\",\"url\":\"https:\/\/chaveirodelisboa.pt\/substituicao-de-cilindros\/\",\"name\":\"Substitui\u00e7\u00e3o de Cilindros \u2013 Troca R\u00e1pida e Segura\",\"isPartOf\":{\"@id\":\"https:\/\/chaveirodelisboa.pt\/#website\"},\"datePublished\":\"2025-02-05T08:05:45+00:00\",\"dateModified\":\"2025-02-05T08:05:57+00:00\",\"description\":\"Substitui\u00e7\u00e3o de cilindros de fechaduras em Lisboa. Troca r\u00e1pida e segura de cilindros para refor\u00e7ar a seguran\u00e7a da sua porta. Atendimento 24h.\",\"breadcrumb\":{\"@id\":\"https:\/\/chaveirodelisboa.pt\/substituicao-de-cilindros\/#breadcrumb\"},\"inLanguage\":\"de\",\"potentialAction\":[{\"@type\":\"ReadAction\",\"target\":[\"https:\/\/chaveirodelisboa.pt\/substituicao-de-cilindros\/\"]}]},{\"@type\":\"BreadcrumbList\",\"@id\":\"https:\/\/chaveirodelisboa.pt\/substituicao-de-cilindros\/#breadcrumb\",\"itemListElement\":[{\"@type\":\"ListItem\",\"position\":1,\"name\":\"Home\",\"item\":\"https:\/\/chaveirodelisboa.pt\/\"},{\"@type\":\"ListItem\",\"position\":2,\"name\":\"Substitui\u00e7\u00e3o de Cilindros \u2013 Troca R\u00e1pida e Segura\"}]},{\"@type\":\"WebSite\",\"@id\":\"https:\/\/chaveirodelisboa.pt\/#website\",\"url\":\"https:\/\/chaveirodelisboa.pt\/\",\"name\":\"Chaveiro de Lisboa\",\"description\":\"\ud83d\udd11 Solu\u00e7\u00f5es em chaveiro urgentes e confi\u00e1veis em Lisboa, 24 horas por dia.\",\"potentialAction\":[{\"@type\":\"SearchAction\",\"target\":{\"@type\":\"EntryPoint\",\"urlTemplate\":\"https:\/\/chaveirodelisboa.pt\/?s={search_term_string}\"},\"query-input\":{\"@type\":\"PropertyValueSpecification\",\"valueRequired\":true,\"valueName\":\"search_term_string\"}}],\"inLanguage\":\"de\"}]}<\/script>\n<!-- \/ Yoast SEO plugin. -->","yoast_head_json":{"title":"Substitui\u00e7\u00e3o de Cilindros \u2013 Troca R\u00e1pida e Segura","description":"Substitui\u00e7\u00e3o de cilindros de fechaduras em Lisboa. Troca r\u00e1pida e segura de cilindros para refor\u00e7ar a seguran\u00e7a da sua porta. Atendimento 24h.","robots":{"index":"index","follow":"follow","max-snippet":"max-snippet:-1","max-image-preview":"max-image-preview:large","max-video-preview":"max-video-preview:-1"},"canonical":"https:\/\/chaveirodelisboa.pt\/de\/zylinderwechsel\/","og_locale":"de_DE","og_type":"article","og_title":"Substitui\u00e7\u00e3o de Cilindros \u2013 Troca R\u00e1pida e Segura","og_description":"Substitui\u00e7\u00e3o de cilindros de fechaduras em Lisboa. Troca r\u00e1pida e segura de cilindros para refor\u00e7ar a seguran\u00e7a da sua porta. Atendimento 24h.","og_url":"https:\/\/chaveirodelisboa.pt\/de\/zylinderwechsel\/","og_site_name":"Chaveiro de Lisboa","article_modified_time":"2025-02-05T08:05:57+00:00","twitter_card":"summary_large_image","twitter_misc":{"Est. reading time":"3\u00a0Minuten"},"schema":{"@context":"https:\/\/schema.org","@graph":[{"@type":"WebPage","@id":"https:\/\/chaveirodelisboa.pt\/substituicao-de-cilindros\/","url":"https:\/\/chaveirodelisboa.pt\/substituicao-de-cilindros\/","name":"Substitui\u00e7\u00e3o de Cilindros \u2013 Troca R\u00e1pida e Segura","isPartOf":{"@id":"https:\/\/chaveirodelisboa.pt\/#website"},"datePublished":"2025-02-05T08:05:45+00:00","dateModified":"2025-02-05T08:05:57+00:00","description":"Substitui\u00e7\u00e3o de cilindros de fechaduras em Lisboa. Troca r\u00e1pida e segura de cilindros para refor\u00e7ar a seguran\u00e7a da sua porta. Atendimento 24h.","breadcrumb":{"@id":"https:\/\/chaveirodelisboa.pt\/substituicao-de-cilindros\/#breadcrumb"},"inLanguage":"de","potentialAction":[{"@type":"ReadAction","target":["https:\/\/chaveirodelisboa.pt\/substituicao-de-cilindros\/"]}]},{"@type":"BreadcrumbList","@id":"https:\/\/chaveirodelisboa.pt\/substituicao-de-cilindros\/#breadcrumb","itemListElement":[{"@type":"ListItem","position":1,"name":"Home","item":"https:\/\/chaveirodelisboa.pt\/"},{"@type":"ListItem","position":2,"name":"Substitui\u00e7\u00e3o de Cilindros \u2013 Troca R\u00e1pida e Segura"}]},{"@type":"WebSite","@id":"https:\/\/chaveirodelisboa.pt\/#website","url":"https:\/\/chaveirodelisboa.pt\/","name":"Chaveiro de Lisboa","description":"\ud83d\udd11 Solu\u00e7\u00f5es em chaveiro urgentes e confi\u00e1veis em Lisboa, 24 horas por dia.","potentialAction":[{"@type":"SearchAction","target":{"@type":"EntryPoint","urlTemplate":"https:\/\/chaveirodelisboa.pt\/?s={search_term_string}"},"query-input":{"@type":"PropertyValueSpecification","valueRequired":true,"valueName":"search_term_string"}}],"inLanguage":"de"}]}},"_links":{"self":[{"href":"https:\/\/chaveirodelisboa.pt\/de\/wp-json\/wp\/v2\/pages\/2841","targetHints":{"allow":["GET"]}}],"collection":[{"href":"https:\/\/chaveirodelisboa.pt\/de\/wp-json\/wp\/v2\/pages"}],"about":[{"href":"https:\/\/chaveirodelisboa.pt\/de\/wp-json\/wp\/v2\/types\/page"}],"author":[{"embeddable":true,"href":"https:\/\/chaveirodelisboa.pt\/de\/wp-json\/wp\/v2\/users\/1"}],"replies":[{"embeddable":true,"href":"https:\/\/chaveirodelisboa.pt\/de\/wp-json\/wp\/v2\/comments?post=2841"}],"version-history":[{"count":0,"href":"https:\/\/chaveirodelisboa.pt\/de\/wp-json\/wp\/v2\/pages\/2841\/revisions"}],"wp:attachment":[{"href":"https:\/\/chaveirodelisboa.pt\/de\/wp-json\/wp\/v2\/media?parent=2841"}],"curies":[{"name":"wp","href":"https:\/\/api.w.org\/{rel}","templated":true}]}}