{"id":2843,"date":"2025-02-05T09:29:03","date_gmt":"2025-02-05T09:29:03","guid":{"rendered":"https:\/\/chaveirodelisboa.pt\/?page_id=2843"},"modified":"2025-02-05T09:29:03","modified_gmt":"2025-02-05T09:29:03","slug":"troca-de-fechadura","status":"publish","type":"page","link":"https:\/\/chaveirodelisboa.pt\/de\/auswechseln-des-schlosses-2\/","title":{"rendered":"Schlosswechsel - schneller und sicherer Austausch"},"content":{"rendered":"<section>\n<p>Sie m\u00fcssen die <strong>Auswechseln des Schlosses<\/strong> Ihre T\u00fcr? Ob aus Sicherheitsgr\u00fcnden, wegen Abnutzung oder wegen des Verlusts von Schl\u00fcsseln - der Austausch des Schlosses ist unerl\u00e4sslich, um den Schutz der Immobilie zu gew\u00e4hrleisten und den Zutritt Unbefugter zu verhindern.<\/p>\n<\/section>\n<section>\n<h2>Wann ist das T\u00fcrschloss zu wechseln?<\/h2>\n<p>Der Austausch des Schlosses kann in verschiedenen Situationen erforderlich sein, z. B:<\/p>\n<ul>\n<li><strong>Verlorene oder gestohlene Schl\u00fcssel<\/strong> - Verhinderung des Zugriffs Dritter auf die Immobilie.<\/li>\n<li><strong>Altes oder besch\u00e4digtes Schloss<\/strong> - Abgenutzte Modelle k\u00f6nnen die Sicherheit beeintr\u00e4chtigen.<\/li>\n<li><strong>Nach einem Einbruchsversuch<\/strong> - Verst\u00e4rkter T\u00fcrschutz.<\/li>\n<li><strong>Umzug in ein anderes Haus oder B\u00fcro<\/strong> - Um sicherzustellen, dass nur neue Bewohner Schl\u00fcssel haben.<\/li>\n<li><strong>Upgrade auf ein sichereres Schloss<\/strong> - Austausch gegen Hochsicherheits- oder elektronische Modelle.<\/li>\n<\/ul>\n<\/section>\n<section>\n<h2>Verf\u00fcgbare Arten von Schl\u00f6ssern<\/h2>\n<p>Die Wahl des idealen Schlosses h\u00e4ngt von der gew\u00fcnschten Sicherheitsstufe und der Art der T\u00fcr ab. Zu den wichtigsten Modellen geh\u00f6ren:<\/p>\n<ul>\n<li><strong>Traditionelles Schloss<\/strong> - G\u00e4ngige Modelle f\u00fcr Wohnungst\u00fcren.<\/li>\n<li><strong>Mehrpunktverriegelung<\/strong> - Besserer Schutz durch Mehrfachverriegelung.<\/li>\n<li><strong>Einsteckschloss<\/strong> - Diskrete und sichere Installation an der Innenseite der T\u00fcr.<\/li>\n<li><strong>Elektronisches Schloss<\/strong> - Mit Code, biometrischem oder Kartenzugang.<\/li>\n<li><strong>Hochsicherheitsschloss<\/strong> - Einbruchhemmend und durchstichsicher.<\/li>\n<\/ul>\n<\/section>\n<section>\n<h2>Wie viel kostet es, ein Schloss auszutauschen?<\/h2>\n<p>Die Kosten f\u00fcr <strong>Auswechseln des Schlosses<\/strong> kann je nach Modell und Art der Installation variieren. Einige Durchschnittswerte umfassen:<\/p>\n<ul>\n<li><strong>Einfaches Schloss<\/strong> - Ab 30\u20ac.<\/li>\n<li><strong>Sicherheitsschloss<\/strong> - Zwischen 50\u20ac und 150\u20ac.<\/li>\n<li><strong>Elektronisches Schloss<\/strong> - Zwischen 100 \u20ac und 400 \u20ac, je nach Technologie.<\/li>\n<li><strong>Einbau durch einen Schl\u00fcsseldienst<\/strong> - Zwischen 40 \u20ac und 100 \u20ac, je nach Komplexit\u00e4t der Dienstleistung.<\/li>\n<\/ul>\n<p>Die Investition in ein Qualit\u00e4tsschloss garantiert mehr Schutz f\u00fcr Ihr Haus oder Ihr Unternehmen.<\/p>\n<\/section>\n<section>\n<h2>Wie funktioniert ein Schlosswechsel?<\/h2>\n<p>Der Austausch des Schlosses ist ein Vorgang, der von einem Fachmann durchgef\u00fchrt werden muss, um den perfekten Sitz und die Funktionalit\u00e4t des Systems zu gew\u00e4hrleisten. Der Service umfasst:<\/p>\n<ul>\n<li>Entfernen des alten Schlosses.<\/li>\n<li>Einbau des neuen Schlosses und Einstellung des Anschlags.<\/li>\n<li>Testen Sie den Mechanismus, um sicherzustellen, dass er richtig funktioniert.<\/li>\n<li>Lieferung der neuen Schl\u00fcssel und Gebrauchsanweisung.<\/li>\n<\/ul>\n<\/section>\n<section>\n<h2>Vorteile des Austauschs des Schlosses<\/h2>\n<p>Der Austausch des Schlosses bietet wichtige Vorteile wie:<\/p>\n<ul>\n<li><strong>Gr\u00f6\u00dfere Sicherheit<\/strong> - Sch\u00fctzt vor Eindringlingen und unberechtigtem Zugriff.<\/li>\n<li><strong>Besserer Betrieb<\/strong> - Verhindert Verklemmungen und Schwierigkeiten beim Drehen des Schl\u00fcssels.<\/li>\n<li><strong>Modernisierung<\/strong> - M\u00f6glichkeit des Einbaus weiterer technischer Schl\u00f6sser.<\/li>\n<li><strong>Beschaulichkeit<\/strong> - Sie wissen, dass Ihr Schloss in einwandfreiem Zustand ist.<\/li>\n<\/ul>\n<\/section>\n<section>\n<h2>24-Stunden-Schlosswechsel-Service<\/h2>\n<p>Wenn Sie das Schloss dringend austauschen m\u00fcssen, kann ein professioneller Schl\u00fcsseldienst die Arbeit schnell erledigen und daf\u00fcr sorgen, dass Ihre T\u00fcr in k\u00fcrzester Zeit gesch\u00fctzt ist.<\/p>\n<p>Mit dem 24-Stunden-Service k\u00f6nnen Sie das Problem jederzeit beheben.<\/p>\n<\/section>\n<section>\n<h2>M\u00fcssen Sie das Schloss Ihrer T\u00fcr austauschen? Fordern Sie ein Angebot an!<\/h2>\n<p>Ob Sie Sicherheit oder Modernisierung ben\u00f6tigen, ein qualifizierter Fachmann macht den Unterschied.<\/p>\n<p><strong>Sie brauchen ein neues Schloss?<\/strong> Nehmen Sie jetzt Kontakt auf und garantieren Sie einen schnellen, sicheren und effizienten Service!<\/p>\n<\/section>","protected":false},"excerpt":{"rendered":"<p>Precisa fazer a troca de fechadura da sua porta? Seja por seguran\u00e7a, desgaste ou perda de chaves, substituir a fechadura \u00e9 essencial para garantir a prote\u00e7\u00e3o do im\u00f3vel e evitar acessos n\u00e3o autorizados. Quando trocar a fechadura da porta? A substitui\u00e7\u00e3o da fechadura pode ser necess\u00e1ria em diversas situa\u00e7\u00f5es, incluindo: Perda ou roubo de chaves [&hellip;]<\/p>","protected":false},"author":1,"featured_media":0,"parent":0,"menu_order":0,"comment_status":"closed","ping_status":"closed","template":"","meta":{"footnotes":""},"class_list":["post-2843","page","type-page","status-publish","hentry"],"yoast_head":"<!-- This site is optimized with the Yoast SEO plugin v24.5 - https:\/\/yoast.com\/wordpress\/plugins\/seo\/ -->\n<title>Troca de Fechadura \u2013 Substitui\u00e7\u00e3o R\u00e1pida e Segura<\/title>\n<meta name=\"description\" content=\"Troca de fechadura em Lisboa. Servi\u00e7o profissional para substituir fechaduras de portas residenciais, comerciais e blindadas. Atendimento r\u00e1pido e seguro 24h.\" \/>\n<meta name=\"robots\" content=\"index, follow, max-snippet:-1, max-image-preview:large, max-video-preview:-1\" \/>\n<link rel=\"canonical\" href=\"https:\/\/chaveirodelisboa.pt\/de\/auswechseln-des-schlosses-2\/\" \/>\n<meta property=\"og:locale\" content=\"de_DE\" \/>\n<meta property=\"og:type\" content=\"article\" \/>\n<meta property=\"og:title\" content=\"Troca de Fechadura \u2013 Substitui\u00e7\u00e3o R\u00e1pida e Segura\" \/>\n<meta property=\"og:description\" content=\"Troca de fechadura em Lisboa. Servi\u00e7o profissional para substituir fechaduras de portas residenciais, comerciais e blindadas. Atendimento r\u00e1pido e seguro 24h.\" \/>\n<meta property=\"og:url\" content=\"https:\/\/chaveirodelisboa.pt\/de\/auswechseln-des-schlosses-2\/\" \/>\n<meta property=\"og:site_name\" content=\"Chaveiro de Lisboa\" \/>\n<meta name=\"twitter:card\" content=\"summary_large_image\" \/>\n<script type=\"application\/ld+json\" class=\"yoast-schema-graph\">{\"@context\":\"https:\/\/schema.org\",\"@graph\":[{\"@type\":\"WebPage\",\"@id\":\"https:\/\/chaveirodelisboa.pt\/troca-de-fechadura\/\",\"url\":\"https:\/\/chaveirodelisboa.pt\/troca-de-fechadura\/\",\"name\":\"Troca de Fechadura \u2013 Substitui\u00e7\u00e3o R\u00e1pida e Segura\",\"isPartOf\":{\"@id\":\"https:\/\/chaveirodelisboa.pt\/#website\"},\"datePublished\":\"2025-02-05T09:29:03+00:00\",\"description\":\"Troca de fechadura em Lisboa. Servi\u00e7o profissional para substituir fechaduras de portas residenciais, comerciais e blindadas. Atendimento r\u00e1pido e seguro 24h.\",\"breadcrumb\":{\"@id\":\"https:\/\/chaveirodelisboa.pt\/troca-de-fechadura\/#breadcrumb\"},\"inLanguage\":\"de\",\"potentialAction\":[{\"@type\":\"ReadAction\",\"target\":[\"https:\/\/chaveirodelisboa.pt\/troca-de-fechadura\/\"]}]},{\"@type\":\"BreadcrumbList\",\"@id\":\"https:\/\/chaveirodelisboa.pt\/troca-de-fechadura\/#breadcrumb\",\"itemListElement\":[{\"@type\":\"ListItem\",\"position\":1,\"name\":\"Home\",\"item\":\"https:\/\/chaveirodelisboa.pt\/\"},{\"@type\":\"ListItem\",\"position\":2,\"name\":\"Troca de Fechadura \u2013 Substitui\u00e7\u00e3o R\u00e1pida e Segura\"}]},{\"@type\":\"WebSite\",\"@id\":\"https:\/\/chaveirodelisboa.pt\/#website\",\"url\":\"https:\/\/chaveirodelisboa.pt\/\",\"name\":\"Chaveiro de Lisboa\",\"description\":\"\ud83d\udd11 Solu\u00e7\u00f5es em chaveiro urgentes e confi\u00e1veis em Lisboa, 24 horas por dia.\",\"potentialAction\":[{\"@type\":\"SearchAction\",\"target\":{\"@type\":\"EntryPoint\",\"urlTemplate\":\"https:\/\/chaveirodelisboa.pt\/?s={search_term_string}\"},\"query-input\":{\"@type\":\"PropertyValueSpecification\",\"valueRequired\":true,\"valueName\":\"search_term_string\"}}],\"inLanguage\":\"de\"}]}<\/script>\n<!-- \/ Yoast SEO plugin. -->","yoast_head_json":{"title":"Troca de Fechadura \u2013 Substitui\u00e7\u00e3o R\u00e1pida e Segura","description":"Troca de fechadura em Lisboa. Servi\u00e7o profissional para substituir fechaduras de portas residenciais, comerciais e blindadas. Atendimento r\u00e1pido e seguro 24h.","robots":{"index":"index","follow":"follow","max-snippet":"max-snippet:-1","max-image-preview":"max-image-preview:large","max-video-preview":"max-video-preview:-1"},"canonical":"https:\/\/chaveirodelisboa.pt\/de\/auswechseln-des-schlosses-2\/","og_locale":"de_DE","og_type":"article","og_title":"Troca de Fechadura \u2013 Substitui\u00e7\u00e3o R\u00e1pida e Segura","og_description":"Troca de fechadura em Lisboa. Servi\u00e7o profissional para substituir fechaduras de portas residenciais, comerciais e blindadas. Atendimento r\u00e1pido e seguro 24h.","og_url":"https:\/\/chaveirodelisboa.pt\/de\/auswechseln-des-schlosses-2\/","og_site_name":"Chaveiro de Lisboa","twitter_card":"summary_large_image","schema":{"@context":"https:\/\/schema.org","@graph":[{"@type":"WebPage","@id":"https:\/\/chaveirodelisboa.pt\/troca-de-fechadura\/","url":"https:\/\/chaveirodelisboa.pt\/troca-de-fechadura\/","name":"Troca de Fechadura \u2013 Substitui\u00e7\u00e3o R\u00e1pida e Segura","isPartOf":{"@id":"https:\/\/chaveirodelisboa.pt\/#website"},"datePublished":"2025-02-05T09:29:03+00:00","description":"Troca de fechadura em Lisboa. Servi\u00e7o profissional para substituir fechaduras de portas residenciais, comerciais e blindadas. Atendimento r\u00e1pido e seguro 24h.","breadcrumb":{"@id":"https:\/\/chaveirodelisboa.pt\/troca-de-fechadura\/#breadcrumb"},"inLanguage":"de","potentialAction":[{"@type":"ReadAction","target":["https:\/\/chaveirodelisboa.pt\/troca-de-fechadura\/"]}]},{"@type":"BreadcrumbList","@id":"https:\/\/chaveirodelisboa.pt\/troca-de-fechadura\/#breadcrumb","itemListElement":[{"@type":"ListItem","position":1,"name":"Home","item":"https:\/\/chaveirodelisboa.pt\/"},{"@type":"ListItem","position":2,"name":"Troca de Fechadura \u2013 Substitui\u00e7\u00e3o R\u00e1pida e Segura"}]},{"@type":"WebSite","@id":"https:\/\/chaveirodelisboa.pt\/#website","url":"https:\/\/chaveirodelisboa.pt\/","name":"Chaveiro de Lisboa","description":"\ud83d\udd11 Solu\u00e7\u00f5es em chaveiro urgentes e confi\u00e1veis em Lisboa, 24 horas por dia.","potentialAction":[{"@type":"SearchAction","target":{"@type":"EntryPoint","urlTemplate":"https:\/\/chaveirodelisboa.pt\/?s={search_term_string}"},"query-input":{"@type":"PropertyValueSpecification","valueRequired":true,"valueName":"search_term_string"}}],"inLanguage":"de"}]}},"_links":{"self":[{"href":"https:\/\/chaveirodelisboa.pt\/de\/wp-json\/wp\/v2\/pages\/2843","targetHints":{"allow":["GET"]}}],"collection":[{"href":"https:\/\/chaveirodelisboa.pt\/de\/wp-json\/wp\/v2\/pages"}],"about":[{"href":"https:\/\/chaveirodelisboa.pt\/de\/wp-json\/wp\/v2\/types\/page"}],"author":[{"embeddable":true,"href":"https:\/\/chaveirodelisboa.pt\/de\/wp-json\/wp\/v2\/users\/1"}],"replies":[{"embeddable":true,"href":"https:\/\/chaveirodelisboa.pt\/de\/wp-json\/wp\/v2\/comments?post=2843"}],"version-history":[{"count":0,"href":"https:\/\/chaveirodelisboa.pt\/de\/wp-json\/wp\/v2\/pages\/2843\/revisions"}],"wp:attachment":[{"href":"https:\/\/chaveirodelisboa.pt\/de\/wp-json\/wp\/v2\/media?parent=2843"}],"curies":[{"name":"wp","href":"https:\/\/api.w.org\/{rel}","templated":true}]}}