{"id":2758,"date":"2025-01-29T15:33:14","date_gmt":"2025-01-29T15:33:14","guid":{"rendered":"https:\/\/chaveirodelisboa.pt\/?page_id=2758"},"modified":"2025-02-11T06:44:25","modified_gmt":"2025-02-11T06:44:25","slug":"servicos","status":"publish","type":"page","link":"https:\/\/chaveirodelisboa.pt\/en\/services\/","title":{"rendered":"Services"},"content":{"rendered":"<p><a href=\"https:\/\/chaveirodelisboa.pt\/en\/door-opening\/\">Door opening<\/a><br \/>\n<a href=\"https:\/\/chaveirodelisboa.pt\/en\/locks\/\">Locks<\/a><br \/>\n<a href=\"https:\/\/chaveirodelisboa.pt\/en\/locksmith\/\">Locksmith<\/a><br \/>\n<a href=\"https:\/\/chaveirodelisboa.pt\/en\/door-repair\/\">Door repair<\/a><br \/>\n<a href=\"https:\/\/chaveirodelisboa.pt\/en\/repair-of-automatic-gates\/\">Repairing automatic gates<\/a><br \/>\n<a href=\"https:\/\/chaveirodelisboa.pt\/en\/changing-the-lock\/\">Changing the lock<\/a><br \/>\n<a href=\"https:\/\/chaveirodelisboa.pt\/en\/lock-repair\/\">Lock repair<\/a><br \/>\n<a href=\"https:\/\/chaveirodelisboa.pt\/en\/armored-doors\/\">Armored Doors<\/a><br \/>\n<a href=\"https:\/\/chaveirodelisboa.pt\/en\/installation-of-armored-doors\/\">Installation of armored doors<\/a><br \/>\n<a href=\"https:\/\/chaveirodelisboa.pt\/en\/lock-tumblers\/\">Lock picks<\/a><br \/>\n<a href=\"https:\/\/chaveirodelisboa.pt\/en\/fixing-a-door-lock\/\">Fixing a Door Lock<\/a><br \/>\n<a href=\"https:\/\/chaveirodelisboa.pt\/en\/24-hour-locksmith-lisbon\/\">Lisbon 24 Hour Locksmith<\/a><br \/>\n<a href=\"https:\/\/chaveirodelisboa.pt\/en\/amateur-locksmith\/\">Amadora locksmith<\/a><br \/>\n<a href=\"https:\/\/chaveirodelisboa.pt\/en\/odivelas-locksmith\/\">Odivelas locksmith<\/a><br \/>\n<a href=\"https:\/\/chaveirodelisboa.pt\/en\/break-down-the-door\/\">Breaking down the door<\/a><br \/>\n<a href=\"https:\/\/chaveirodelisboa.pt\/en\/urgent-locksmith\/\">Urgent key ring<\/a><br \/>\n<a href=\"https:\/\/chaveirodelisboa.pt\/en\/urgent-locksmiths-lisbon\/\">Urgent locksmiths Lisbon<\/a><br \/>\n<a href=\"https:\/\/chaveirodelisboa.pt\/en\/lock-change-price\/\">Lock Change Price<\/a><br \/>\n<a href=\"https:\/\/chaveirodelisboa.pt\/en\/car-keychain\/\">Car keyring<\/a><br \/>\n<a href=\"https:\/\/chaveirodelisboa.pt\/en\/change-lock-barrel-price\/\">Change lock cylinder price<\/a><br \/>\n<a href=\"https:\/\/chaveirodelisboa.pt\/en\/24-hour-door-opening\/\">24-hour door opening<\/a><br \/>\n<a href=\"https:\/\/chaveirodelisboa.pt\/en\/armored-door-tuning\/\">Tuning armored doors<\/a><br \/>\n<a href=\"https:\/\/chaveirodelisboa.pt\/en\/armored-door-lubrication\/\">Lubrication of armored doors<\/a><br \/>\n<a href=\"https:\/\/chaveirodelisboa.pt\/en\/armored-door-repair\/\">Repairing armored doors<\/a><br \/>\n<a href=\"https:\/\/chaveirodelisboa.pt\/en\/door-tuning\/\">Door adjustment<\/a><br \/>\n<a href=\"https:\/\/chaveirodelisboa.pt\/en\/barrel-replacement\/\">Cannon replacement<\/a><br \/>\n<a href=\"https:\/\/chaveirodelisboa.pt\/en\/cylinder-replacement\/\">Cylinder replacement<\/a><br \/>\n<a href=\"https:\/\/chaveirodelisboa.pt\/en\/replacing-secrets\/\">Replacing Secrets<\/a><br \/>\n<a href=\"https:\/\/chaveirodelisboa.pt\/en\/changing-the-lock-2\/\">Changing the lock<\/a><br \/>\n<a href=\"https:\/\/chaveirodelisboa.pt\/en\/electric-latches\/\">Electric Latches<\/a><br \/>\n<a href=\"https:\/\/chaveirodelisboa.pt\/en\/air-springs\/\">Air springs<\/a><br \/>\n<a href=\"https:\/\/chaveirodelisboa.pt\/en\/opening-car-doors\/\">Opening Car Doors<\/a><\/p>","protected":false},"excerpt":{"rendered":"<p>Door opening Locks Locksmith Door repair Automatic gate repair Lock change Lock repair Armored doors Assembly of armored doors Lock picks Fix door lock Locksmith Lisbon 24 Hour Locksmith Amadora Locksmith Odivelas Door break-in Locksmith Lisbon 24 Hour Locksmith Locksmith Price Change Locksmith Cars Change Locksmith [...]<\/p>","protected":false},"author":1,"featured_media":0,"parent":0,"menu_order":0,"comment_status":"closed","ping_status":"closed","template":"","meta":{"footnotes":""},"class_list":["post-2758","page","type-page","status-publish","hentry"],"yoast_head":"<!-- This site is optimized with the Yoast SEO plugin v24.5 - https:\/\/yoast.com\/wordpress\/plugins\/seo\/ -->\n<title>Servi\u00e7os<\/title>\n<meta name=\"robots\" content=\"index, follow, max-snippet:-1, max-image-preview:large, max-video-preview:-1\" \/>\n<link rel=\"canonical\" href=\"https:\/\/chaveirodelisboa.pt\/en\/services\/\" \/>\n<meta property=\"og:locale\" content=\"en_US\" \/>\n<meta property=\"og:type\" content=\"article\" \/>\n<meta property=\"og:title\" content=\"Servi\u00e7os\" \/>\n<meta property=\"og:description\" content=\"Abertura de porta Fechaduras Serralheiro Repara\u00e7\u00e3o de Portas Repara\u00e7\u00e3o de Port\u00f5es Autom\u00e1ticos Mudan\u00e7a de Fechadura Repara\u00e7\u00e3o de Fechadura Portas Blindadas Montagem de portas blindadas Canh\u00f5es de fechaduras Arranjar Fechadura de Porta Chaveiro Lisboa 24 Horas Chaveiro Amadora Chaveiro Odivelas Arrombar porta Chaveiro urgente Chaveiro urgente Lisboa Mudan\u00e7a de Fechadura Pre\u00e7o Chaveiro Carros Mudar Canh\u00e3o de [&hellip;]\" \/>\n<meta property=\"og:url\" content=\"https:\/\/chaveirodelisboa.pt\/en\/services\/\" \/>\n<meta property=\"og:site_name\" content=\"Chaveiro de Lisboa\" \/>\n<meta property=\"article:modified_time\" content=\"2025-02-11T06:44:25+00:00\" \/>\n<meta name=\"twitter:card\" content=\"summary_large_image\" \/>\n<meta name=\"twitter:label1\" content=\"Est. reading time\" \/>\n\t<meta name=\"twitter:data1\" content=\"1 minute\" \/>\n<script type=\"application\/ld+json\" class=\"yoast-schema-graph\">{\"@context\":\"https:\/\/schema.org\",\"@graph\":[{\"@type\":\"WebPage\",\"@id\":\"https:\/\/chaveirodelisboa.pt\/servicos\/\",\"url\":\"https:\/\/chaveirodelisboa.pt\/servicos\/\",\"name\":\"Servi\u00e7os\",\"isPartOf\":{\"@id\":\"https:\/\/chaveirodelisboa.pt\/#website\"},\"datePublished\":\"2025-01-29T15:33:14+00:00\",\"dateModified\":\"2025-02-11T06:44:25+00:00\",\"breadcrumb\":{\"@id\":\"https:\/\/chaveirodelisboa.pt\/servicos\/#breadcrumb\"},\"inLanguage\":\"en-US\",\"potentialAction\":[{\"@type\":\"ReadAction\",\"target\":[\"https:\/\/chaveirodelisboa.pt\/servicos\/\"]}]},{\"@type\":\"BreadcrumbList\",\"@id\":\"https:\/\/chaveirodelisboa.pt\/servicos\/#breadcrumb\",\"itemListElement\":[{\"@type\":\"ListItem\",\"position\":1,\"name\":\"Home\",\"item\":\"https:\/\/chaveirodelisboa.pt\/\"},{\"@type\":\"ListItem\",\"position\":2,\"name\":\"Servi\u00e7os\"}]},{\"@type\":\"WebSite\",\"@id\":\"https:\/\/chaveirodelisboa.pt\/#website\",\"url\":\"https:\/\/chaveirodelisboa.pt\/\",\"name\":\"Chaveiro de Lisboa\",\"description\":\"\ud83d\udd11 Solu\u00e7\u00f5es em chaveiro urgentes e confi\u00e1veis em Lisboa, 24 horas por dia.\",\"potentialAction\":[{\"@type\":\"SearchAction\",\"target\":{\"@type\":\"EntryPoint\",\"urlTemplate\":\"https:\/\/chaveirodelisboa.pt\/?s={search_term_string}\"},\"query-input\":{\"@type\":\"PropertyValueSpecification\",\"valueRequired\":true,\"valueName\":\"search_term_string\"}}],\"inLanguage\":\"en-US\"}]}<\/script>\n<!-- \/ Yoast SEO plugin. -->","yoast_head_json":{"title":"Servi\u00e7os","robots":{"index":"index","follow":"follow","max-snippet":"max-snippet:-1","max-image-preview":"max-image-preview:large","max-video-preview":"max-video-preview:-1"},"canonical":"https:\/\/chaveirodelisboa.pt\/en\/services\/","og_locale":"en_US","og_type":"article","og_title":"Servi\u00e7os","og_description":"Abertura de porta Fechaduras Serralheiro Repara\u00e7\u00e3o de Portas Repara\u00e7\u00e3o de Port\u00f5es Autom\u00e1ticos Mudan\u00e7a de Fechadura Repara\u00e7\u00e3o de Fechadura Portas Blindadas Montagem de portas blindadas Canh\u00f5es de fechaduras Arranjar Fechadura de Porta Chaveiro Lisboa 24 Horas Chaveiro Amadora Chaveiro Odivelas Arrombar porta Chaveiro urgente Chaveiro urgente Lisboa Mudan\u00e7a de Fechadura Pre\u00e7o Chaveiro Carros Mudar Canh\u00e3o de [&hellip;]","og_url":"https:\/\/chaveirodelisboa.pt\/en\/services\/","og_site_name":"Chaveiro de Lisboa","article_modified_time":"2025-02-11T06:44:25+00:00","twitter_card":"summary_large_image","twitter_misc":{"Est. reading time":"1 minute"},"schema":{"@context":"https:\/\/schema.org","@graph":[{"@type":"WebPage","@id":"https:\/\/chaveirodelisboa.pt\/servicos\/","url":"https:\/\/chaveirodelisboa.pt\/servicos\/","name":"Servi\u00e7os","isPartOf":{"@id":"https:\/\/chaveirodelisboa.pt\/#website"},"datePublished":"2025-01-29T15:33:14+00:00","dateModified":"2025-02-11T06:44:25+00:00","breadcrumb":{"@id":"https:\/\/chaveirodelisboa.pt\/servicos\/#breadcrumb"},"inLanguage":"en-US","potentialAction":[{"@type":"ReadAction","target":["https:\/\/chaveirodelisboa.pt\/servicos\/"]}]},{"@type":"BreadcrumbList","@id":"https:\/\/chaveirodelisboa.pt\/servicos\/#breadcrumb","itemListElement":[{"@type":"ListItem","position":1,"name":"Home","item":"https:\/\/chaveirodelisboa.pt\/"},{"@type":"ListItem","position":2,"name":"Servi\u00e7os"}]},{"@type":"WebSite","@id":"https:\/\/chaveirodelisboa.pt\/#website","url":"https:\/\/chaveirodelisboa.pt\/","name":"Chaveiro de Lisboa","description":"\ud83d\udd11 Solu\u00e7\u00f5es em chaveiro urgentes e confi\u00e1veis em Lisboa, 24 horas por dia.","potentialAction":[{"@type":"SearchAction","target":{"@type":"EntryPoint","urlTemplate":"https:\/\/chaveirodelisboa.pt\/?s={search_term_string}"},"query-input":{"@type":"PropertyValueSpecification","valueRequired":true,"valueName":"search_term_string"}}],"inLanguage":"en-US"}]}},"_links":{"self":[{"href":"https:\/\/chaveirodelisboa.pt\/en\/wp-json\/wp\/v2\/pages\/2758","targetHints":{"allow":["GET"]}}],"collection":[{"href":"https:\/\/chaveirodelisboa.pt\/en\/wp-json\/wp\/v2\/pages"}],"about":[{"href":"https:\/\/chaveirodelisboa.pt\/en\/wp-json\/wp\/v2\/types\/page"}],"author":[{"embeddable":true,"href":"https:\/\/chaveirodelisboa.pt\/en\/wp-json\/wp\/v2\/users\/1"}],"replies":[{"embeddable":true,"href":"https:\/\/chaveirodelisboa.pt\/en\/wp-json\/wp\/v2\/comments?post=2758"}],"version-history":[{"count":0,"href":"https:\/\/chaveirodelisboa.pt\/en\/wp-json\/wp\/v2\/pages\/2758\/revisions"}],"wp:attachment":[{"href":"https:\/\/chaveirodelisboa.pt\/en\/wp-json\/wp\/v2\/media?parent=2758"}],"curies":[{"name":"wp","href":"https:\/\/api.w.org\/{rel}","templated":true}]}}