{"id":2758,"date":"2025-01-29T15:33:14","date_gmt":"2025-01-29T15:33:14","guid":{"rendered":"https:\/\/chaveirodelisboa.pt\/?page_id=2758"},"modified":"2025-02-11T06:44:25","modified_gmt":"2025-02-11T06:44:25","slug":"servicos","status":"publish","type":"page","link":"https:\/\/chaveirodelisboa.pt\/es\/servicios\/","title":{"rendered":"Servicios"},"content":{"rendered":"<p><a href=\"https:\/\/chaveirodelisboa.pt\/es\/apertura-de-la-puerta\/\">Apertura de puertas<\/a><br \/>\n<a href=\"https:\/\/chaveirodelisboa.pt\/es\/cerraduras\/\">Cerraduras<\/a><br \/>\n<a href=\"https:\/\/chaveirodelisboa.pt\/es\/cerrajero\/\">Cerrajero<\/a><br \/>\n<a href=\"https:\/\/chaveirodelisboa.pt\/es\/reparacion-de-puertas\/\">Reparaci\u00f3n de puertas<\/a><br \/>\n<a href=\"https:\/\/chaveirodelisboa.pt\/es\/reparacion-de-puertas-automaticas\/\">Reparaci\u00f3n de puertas autom\u00e1ticas<\/a><br \/>\n<a href=\"https:\/\/chaveirodelisboa.pt\/es\/cambiar-la-cerradura\/\">Cambiar la cerradura<\/a><br \/>\n<a href=\"https:\/\/chaveirodelisboa.pt\/es\/reparacion-de-cerraduras\/\">Reparaci\u00f3n de cerraduras<\/a><br \/>\n<a href=\"https:\/\/chaveirodelisboa.pt\/es\/puertas-blindadas\/\">Puertas blindadas<\/a><br \/>\n<a href=\"https:\/\/chaveirodelisboa.pt\/es\/instalacion-de-puertas-blindadas\/\">Montaje de puertas blindadas<\/a><br \/>\n<a href=\"https:\/\/chaveirodelisboa.pt\/es\/bombines\/\">Ganz\u00faas<\/a><br \/>\n<a href=\"https:\/\/chaveirodelisboa.pt\/es\/fijacion-de-la-cerradura-de-una-puerta\/\">Arreglar la cerradura de una puerta<\/a><br \/>\n<a href=\"https:\/\/chaveirodelisboa.pt\/es\/cerrajero-24-horas-lisboa\/\">Cerrajero 24 horas Lisboa<\/a><br \/>\n<a href=\"https:\/\/chaveirodelisboa.pt\/es\/cerrajero-aficionado\/\">Cerrajero Amadora<\/a><br \/>\n<a href=\"https:\/\/chaveirodelisboa.pt\/es\/llavero-odivelas\/\">Llavero Odivelas<\/a><br \/>\n<a href=\"https:\/\/chaveirodelisboa.pt\/es\/derribar-la-puerta\/\">Irrumpir<\/a><br \/>\n<a href=\"https:\/\/chaveirodelisboa.pt\/es\/cerrajero-urgente\/\">Llaveros urgentes<\/a><br \/>\n<a href=\"https:\/\/chaveirodelisboa.pt\/es\/cerrajeros-urgentes-lisboa\/\">Cerrajeros urgentes Lisboa<\/a><br \/>\n<a href=\"https:\/\/chaveirodelisboa.pt\/es\/precio-del-cambio-de-cerradura\/\">Precio del cambio de cerradura<\/a><br \/>\n<a href=\"https:\/\/chaveirodelisboa.pt\/es\/llavero-de-coche\/\">Llavero de coche<\/a><br \/>\n<a href=\"https:\/\/chaveirodelisboa.pt\/es\/cambiar-el-precio-de-la-cerradura\/\">Cambiar cilindro de cerradura precio<\/a><br \/>\n<a href=\"https:\/\/chaveirodelisboa.pt\/es\/apertura-de-puertas-24-horas\/\">Apertura de puertas 24 horas<\/a><br \/>\n<a href=\"https:\/\/chaveirodelisboa.pt\/es\/puerta-blindada-tuning\/\">Puertas blindadas<\/a><br \/>\n<a href=\"https:\/\/chaveirodelisboa.pt\/es\/lubricacion-de-puertas-blindadas\/\">Lubricaci\u00f3n de puertas blindadas<\/a><br \/>\n<a href=\"https:\/\/chaveirodelisboa.pt\/es\/reparacion-de-puertas-blindadas\/\">Reparaci\u00f3n de puertas blindadas<\/a><br \/>\n<a href=\"https:\/\/chaveirodelisboa.pt\/es\/afinacion-de-puertas\/\">Ajuste de la puerta<\/a><br \/>\n<a href=\"https:\/\/chaveirodelisboa.pt\/es\/sustitucion-de-barriles\/\">Sustituci\u00f3n de ca\u00f1ones<\/a><br \/>\n<a href=\"https:\/\/chaveirodelisboa.pt\/es\/sustitucion-de-cilindros\/\">Sustituci\u00f3n de cilindros<\/a><br \/>\n<a href=\"https:\/\/chaveirodelisboa.pt\/es\/sustituir-secretos\/\">Sustituci\u00f3n de secretos<\/a><br \/>\n<a href=\"https:\/\/chaveirodelisboa.pt\/es\/cambiar-la-cerradura-2\/\">Cambio de cerradura<\/a><br \/>\n<a href=\"https:\/\/chaveirodelisboa.pt\/es\/cierres-electricos\/\">Pestillos el\u00e9ctricos<\/a><br \/>\n<a href=\"https:\/\/chaveirodelisboa.pt\/es\/muelles-neumaticos\/\">Amortiguadores de aire<\/a><br \/>\n<a href=\"https:\/\/chaveirodelisboa.pt\/es\/abrir-las-puertas-del-coche\/\">Abrir las puertas del coche<\/a><\/p>","protected":false},"excerpt":{"rendered":"<p>Abertura de porta Fechaduras Serralheiro Repara\u00e7\u00e3o de Portas Repara\u00e7\u00e3o de Port\u00f5es Autom\u00e1ticos Mudan\u00e7a de Fechadura Repara\u00e7\u00e3o de Fechadura Portas Blindadas Montagem de portas blindadas Canh\u00f5es de fechaduras Arranjar Fechadura de Porta Chaveiro Lisboa 24 Horas Chaveiro Amadora Chaveiro Odivelas Arrombar porta Chaveiro urgente Chaveiro urgente Lisboa Mudan\u00e7a de Fechadura Pre\u00e7o Chaveiro Carros Mudar Canh\u00e3o de [&hellip;]<\/p>","protected":false},"author":1,"featured_media":0,"parent":0,"menu_order":0,"comment_status":"closed","ping_status":"closed","template":"","meta":{"footnotes":""},"class_list":["post-2758","page","type-page","status-publish","hentry"],"yoast_head":"<!-- This site is optimized with the Yoast SEO plugin v24.5 - https:\/\/yoast.com\/wordpress\/plugins\/seo\/ -->\n<title>Servi\u00e7os<\/title>\n<meta name=\"robots\" content=\"index, follow, max-snippet:-1, max-image-preview:large, max-video-preview:-1\" \/>\n<link rel=\"canonical\" href=\"https:\/\/chaveirodelisboa.pt\/es\/servicios\/\" \/>\n<meta property=\"og:locale\" content=\"es_ES\" \/>\n<meta property=\"og:type\" content=\"article\" \/>\n<meta property=\"og:title\" content=\"Servi\u00e7os\" \/>\n<meta property=\"og:description\" content=\"Abertura de porta Fechaduras Serralheiro Repara\u00e7\u00e3o de Portas Repara\u00e7\u00e3o de Port\u00f5es Autom\u00e1ticos Mudan\u00e7a de Fechadura Repara\u00e7\u00e3o de Fechadura Portas Blindadas Montagem de portas blindadas Canh\u00f5es de fechaduras Arranjar Fechadura de Porta Chaveiro Lisboa 24 Horas Chaveiro Amadora Chaveiro Odivelas Arrombar porta Chaveiro urgente Chaveiro urgente Lisboa Mudan\u00e7a de Fechadura Pre\u00e7o Chaveiro Carros Mudar Canh\u00e3o de [&hellip;]\" \/>\n<meta property=\"og:url\" content=\"https:\/\/chaveirodelisboa.pt\/es\/servicios\/\" \/>\n<meta property=\"og:site_name\" content=\"Chaveiro de Lisboa\" \/>\n<meta property=\"article:modified_time\" content=\"2025-02-11T06:44:25+00:00\" \/>\n<meta name=\"twitter:card\" content=\"summary_large_image\" \/>\n<meta name=\"twitter:label1\" content=\"Est. reading time\" \/>\n\t<meta name=\"twitter:data1\" content=\"1 minuto\" \/>\n<script type=\"application\/ld+json\" class=\"yoast-schema-graph\">{\"@context\":\"https:\/\/schema.org\",\"@graph\":[{\"@type\":\"WebPage\",\"@id\":\"https:\/\/chaveirodelisboa.pt\/servicos\/\",\"url\":\"https:\/\/chaveirodelisboa.pt\/servicos\/\",\"name\":\"Servi\u00e7os\",\"isPartOf\":{\"@id\":\"https:\/\/chaveirodelisboa.pt\/#website\"},\"datePublished\":\"2025-01-29T15:33:14+00:00\",\"dateModified\":\"2025-02-11T06:44:25+00:00\",\"breadcrumb\":{\"@id\":\"https:\/\/chaveirodelisboa.pt\/servicos\/#breadcrumb\"},\"inLanguage\":\"es\",\"potentialAction\":[{\"@type\":\"ReadAction\",\"target\":[\"https:\/\/chaveirodelisboa.pt\/servicos\/\"]}]},{\"@type\":\"BreadcrumbList\",\"@id\":\"https:\/\/chaveirodelisboa.pt\/servicos\/#breadcrumb\",\"itemListElement\":[{\"@type\":\"ListItem\",\"position\":1,\"name\":\"Home\",\"item\":\"https:\/\/chaveirodelisboa.pt\/\"},{\"@type\":\"ListItem\",\"position\":2,\"name\":\"Servi\u00e7os\"}]},{\"@type\":\"WebSite\",\"@id\":\"https:\/\/chaveirodelisboa.pt\/#website\",\"url\":\"https:\/\/chaveirodelisboa.pt\/\",\"name\":\"Chaveiro de Lisboa\",\"description\":\"\ud83d\udd11 Solu\u00e7\u00f5es em chaveiro urgentes e confi\u00e1veis em Lisboa, 24 horas por dia.\",\"potentialAction\":[{\"@type\":\"SearchAction\",\"target\":{\"@type\":\"EntryPoint\",\"urlTemplate\":\"https:\/\/chaveirodelisboa.pt\/?s={search_term_string}\"},\"query-input\":{\"@type\":\"PropertyValueSpecification\",\"valueRequired\":true,\"valueName\":\"search_term_string\"}}],\"inLanguage\":\"es\"}]}<\/script>\n<!-- \/ Yoast SEO plugin. -->","yoast_head_json":{"title":"Servi\u00e7os","robots":{"index":"index","follow":"follow","max-snippet":"max-snippet:-1","max-image-preview":"max-image-preview:large","max-video-preview":"max-video-preview:-1"},"canonical":"https:\/\/chaveirodelisboa.pt\/es\/servicios\/","og_locale":"es_ES","og_type":"article","og_title":"Servi\u00e7os","og_description":"Abertura de porta Fechaduras Serralheiro Repara\u00e7\u00e3o de Portas Repara\u00e7\u00e3o de Port\u00f5es Autom\u00e1ticos Mudan\u00e7a de Fechadura Repara\u00e7\u00e3o de Fechadura Portas Blindadas Montagem de portas blindadas Canh\u00f5es de fechaduras Arranjar Fechadura de Porta Chaveiro Lisboa 24 Horas Chaveiro Amadora Chaveiro Odivelas Arrombar porta Chaveiro urgente Chaveiro urgente Lisboa Mudan\u00e7a de Fechadura Pre\u00e7o Chaveiro Carros Mudar Canh\u00e3o de [&hellip;]","og_url":"https:\/\/chaveirodelisboa.pt\/es\/servicios\/","og_site_name":"Chaveiro de Lisboa","article_modified_time":"2025-02-11T06:44:25+00:00","twitter_card":"summary_large_image","twitter_misc":{"Est. reading time":"1 minuto"},"schema":{"@context":"https:\/\/schema.org","@graph":[{"@type":"WebPage","@id":"https:\/\/chaveirodelisboa.pt\/servicos\/","url":"https:\/\/chaveirodelisboa.pt\/servicos\/","name":"Servi\u00e7os","isPartOf":{"@id":"https:\/\/chaveirodelisboa.pt\/#website"},"datePublished":"2025-01-29T15:33:14+00:00","dateModified":"2025-02-11T06:44:25+00:00","breadcrumb":{"@id":"https:\/\/chaveirodelisboa.pt\/servicos\/#breadcrumb"},"inLanguage":"es","potentialAction":[{"@type":"ReadAction","target":["https:\/\/chaveirodelisboa.pt\/servicos\/"]}]},{"@type":"BreadcrumbList","@id":"https:\/\/chaveirodelisboa.pt\/servicos\/#breadcrumb","itemListElement":[{"@type":"ListItem","position":1,"name":"Home","item":"https:\/\/chaveirodelisboa.pt\/"},{"@type":"ListItem","position":2,"name":"Servi\u00e7os"}]},{"@type":"WebSite","@id":"https:\/\/chaveirodelisboa.pt\/#website","url":"https:\/\/chaveirodelisboa.pt\/","name":"Chaveiro de Lisboa","description":"\ud83d\udd11 Solu\u00e7\u00f5es em chaveiro urgentes e confi\u00e1veis em Lisboa, 24 horas por dia.","potentialAction":[{"@type":"SearchAction","target":{"@type":"EntryPoint","urlTemplate":"https:\/\/chaveirodelisboa.pt\/?s={search_term_string}"},"query-input":{"@type":"PropertyValueSpecification","valueRequired":true,"valueName":"search_term_string"}}],"inLanguage":"es"}]}},"_links":{"self":[{"href":"https:\/\/chaveirodelisboa.pt\/es\/wp-json\/wp\/v2\/pages\/2758","targetHints":{"allow":["GET"]}}],"collection":[{"href":"https:\/\/chaveirodelisboa.pt\/es\/wp-json\/wp\/v2\/pages"}],"about":[{"href":"https:\/\/chaveirodelisboa.pt\/es\/wp-json\/wp\/v2\/types\/page"}],"author":[{"embeddable":true,"href":"https:\/\/chaveirodelisboa.pt\/es\/wp-json\/wp\/v2\/users\/1"}],"replies":[{"embeddable":true,"href":"https:\/\/chaveirodelisboa.pt\/es\/wp-json\/wp\/v2\/comments?post=2758"}],"version-history":[{"count":0,"href":"https:\/\/chaveirodelisboa.pt\/es\/wp-json\/wp\/v2\/pages\/2758\/revisions"}],"wp:attachment":[{"href":"https:\/\/chaveirodelisboa.pt\/es\/wp-json\/wp\/v2\/media?parent=2758"}],"curies":[{"name":"wp","href":"https:\/\/api.w.org\/{rel}","templated":true}]}}