{"id":2777,"date":"2025-01-31T15:49:56","date_gmt":"2025-01-31T15:49:56","guid":{"rendered":"https:\/\/chaveirodelisboa.pt\/?page_id=2777"},"modified":"2025-01-31T15:52:09","modified_gmt":"2025-01-31T15:52:09","slug":"abertura-de-porta","status":"publish","type":"page","link":"https:\/\/chaveirodelisboa.pt\/es\/apertura-de-la-puerta\/","title":{"rendered":"Apertura de puertas en Lisboa - Servicio 24h r\u00e1pido y seguro"},"content":{"rendered":"<p>Quedarse encerrado fuera de casa o perder las llaves puede ser angustioso. Cuando esto ocurre, la mejor soluci\u00f3n es confiar en un servicio de cerrajer\u00eda. <strong>apertura de la puerta<\/strong> eficiente, r\u00e1pida y segura en Lisboa.<\/p>\n<\/section>\n<section>\n<h2>\u00bfQu\u00e9 haces cuando no puedes abrir la puerta?<\/h2>\n<p>Imag\u00ednate la escena: llegas tarde por la noche, metes la llave en la cerradura y... no pasa nada. O te das cuenta de que te has dejado la llave dentro de casa. Este tipo de situaciones son m\u00e1s habituales de lo que imaginas y requieren una soluci\u00f3n inmediata.<\/p>\n<p>Forzar la puerta puede causar da\u00f1os innecesarios, aumentar los costes y, en muchos casos, ni siquiera resolver el problema. La mejor alternativa es llamar a un profesional especializado que utilizar\u00e1 las t\u00e9cnicas adecuadas para abrir la puerta sin comprometer su seguridad.<\/p>\n<\/section>\n<section>\n<h2>\u00bfPor qu\u00e9 elegir un servicio profesional de apertura de puertas?<\/h2>\n<p>Si intenta abrir una puerta sin la t\u00e9cnica correcta, podr\u00eda da\u00f1ar la cerradura, la estructura de la puerta e incluso la seguridad de la propiedad. Un profesional cualificado utiliza m\u00e9todos precisos que evitan da\u00f1os y garantizan una soluci\u00f3n r\u00e1pida.<\/p>\n<ul>\n<li><strong>Rapidez y eficacia<\/strong> - Servicio inmediato para que no tenga que esperar.<\/li>\n<li><strong>Seguridad<\/strong> - T\u00e9cnicas avanzadas que protegen su puerta y su cerradura.<\/li>\n<li><strong>Disponibilidad 24 horas<\/strong> - Asistencia a cualquier hora del d\u00eda o de la noche.<\/li>\n<li><strong>Experiencia<\/strong> - Profesionales formados para tratar diferentes tipos de cerraduras y puertas.<\/li>\n<\/ul>\n<\/section>\n<section>\n<h2>Tipos de apertura de puertas que realizamos<\/h2>\n<p>Independientemente del tipo de puerta o cerradura, un cerrajero profesional puede ayudarle. Los servicios m\u00e1s comunes incluyen:<\/p>\n<ul>\n<li><strong>Apertura de puertas residenciales<\/strong> - Si se ha quedado encerrado fuera de su casa o piso.<\/li>\n<li><strong>Abrir puertas comerciales<\/strong> - Para empresas, comercios y oficinas que necesitan asistencia r\u00e1pida.<\/li>\n<li><strong>Apertura de puertas blindadas<\/strong> - T\u00e9cnicas especializadas para no da\u00f1ar los sistemas de seguridad.<\/li>\n<li><strong>Abrir las puertas del coche<\/strong> - Si has perdido la llave de tu coche o se ha quedado atascada dentro del veh\u00edculo.<\/li>\n<\/ul>\n<\/section>\n<section>\n<h2>\u00bfCu\u00e1nto cuesta un servicio de apertura de puertas?<\/h2>\n<p>El coste del servicio puede variar en funci\u00f3n del tipo de cerradura, la complejidad de la apertura y el tiempo del servicio. Abrir una puerta sencilla tiene un precio diferente que abrir una cerradura de alta seguridad o electr\u00f3nica.<\/p>\n<p>Sin embargo, una cosa es cierta: contratar a un profesional cualificado siempre es m\u00e1s econ\u00f3mico que intentar arreglarlo uno mismo y acabar causando da\u00f1os m\u00e1s graves.<\/p>\n<\/section>\n<section>\n<h2>Asistencia en apertura de puertas 24 horas en Lisboa<\/h2>\n<p>Los problemas con puertas y cerraduras pueden surgir en cualquier momento. Por eso es esencial contar con un servicio de cerrajer\u00eda. <strong>Apertura de puertas 24 horas<\/strong> en Lisboa, garantizando una asistencia r\u00e1pida cuando m\u00e1s lo necesite.<\/p>\n<p>No importa la hora del d\u00eda ni la complejidad del problema, un profesional con experiencia siempre estar\u00e1 dispuesto a ayudarle.<\/p>\n<\/section>\n<section>\n<h2>Cerrajer\u00eda especializada para un servicio seguro y eficaz<\/h2>\n<p>Sea cual sea su problema con puertas o cerraduras, contar con un cerrajero especializado marca la diferencia. T\u00e9cnicas modernas, las herramientas adecuadas y a\u00f1os de experiencia garantizan un servicio de calidad.<\/p>\n<p><strong>\u00bfNecesita un servicio de apertura de puertas en Lisboa?<\/strong> No pierda tiempo y recupere el acceso a su propiedad de forma r\u00e1pida y segura.<\/p>\n<\/section>","protected":false},"excerpt":{"rendered":"<p>Ficar trancado para fora de casa ou perder as chaves pode ser desesperador. Quando isso acontece, a melhor solu\u00e7\u00e3o \u00e9 contar com um servi\u00e7o de abertura de porta eficiente, r\u00e1pido e seguro em Lisboa. O que fazer quando n\u00e3o consegue abrir a porta? Imagine a cena: chega tarde da noite, coloca a chave na fechadura [&hellip;]<\/p>","protected":false},"author":1,"featured_media":0,"parent":0,"menu_order":0,"comment_status":"closed","ping_status":"closed","template":"","meta":{"footnotes":""},"class_list":["post-2777","page","type-page","status-publish","hentry"],"yoast_head":"<!-- This site is optimized with the Yoast SEO plugin v24.5 - https:\/\/yoast.com\/wordpress\/plugins\/seo\/ -->\n<title>Abertura de Porta em Lisboa \u2013 Servi\u00e7o R\u00e1pido e Seguro 24h<\/title>\n<meta name=\"description\" content=\"Precisa de um servi\u00e7o r\u00e1pido e seguro de abertura de porta em Lisboa? Atendemos 24 horas por dia com profissionais experientes e confi\u00e1veis.\" \/>\n<meta name=\"robots\" content=\"index, follow, max-snippet:-1, max-image-preview:large, max-video-preview:-1\" \/>\n<link rel=\"canonical\" href=\"https:\/\/chaveirodelisboa.pt\/es\/apertura-de-la-puerta\/\" \/>\n<meta property=\"og:locale\" content=\"es_ES\" \/>\n<meta property=\"og:type\" content=\"article\" \/>\n<meta property=\"og:title\" content=\"Abertura de Porta em Lisboa \u2013 Servi\u00e7o R\u00e1pido e Seguro 24h\" \/>\n<meta property=\"og:description\" content=\"Precisa de um servi\u00e7o r\u00e1pido e seguro de abertura de porta em Lisboa? Atendemos 24 horas por dia com profissionais experientes e confi\u00e1veis.\" \/>\n<meta property=\"og:url\" content=\"https:\/\/chaveirodelisboa.pt\/es\/apertura-de-la-puerta\/\" \/>\n<meta property=\"og:site_name\" content=\"Chaveiro de Lisboa\" \/>\n<meta property=\"article:modified_time\" content=\"2025-01-31T15:52:09+00:00\" \/>\n<meta name=\"twitter:card\" content=\"summary_large_image\" \/>\n<meta name=\"twitter:label1\" content=\"Est. reading time\" \/>\n\t<meta name=\"twitter:data1\" content=\"3 minutos\" \/>\n<script type=\"application\/ld+json\" class=\"yoast-schema-graph\">{\"@context\":\"https:\/\/schema.org\",\"@graph\":[{\"@type\":\"WebPage\",\"@id\":\"https:\/\/chaveirodelisboa.pt\/abertura-de-porta\/\",\"url\":\"https:\/\/chaveirodelisboa.pt\/abertura-de-porta\/\",\"name\":\"Abertura de Porta em Lisboa \u2013 Servi\u00e7o R\u00e1pido e Seguro 24h\",\"isPartOf\":{\"@id\":\"https:\/\/chaveirodelisboa.pt\/#website\"},\"datePublished\":\"2025-01-31T15:49:56+00:00\",\"dateModified\":\"2025-01-31T15:52:09+00:00\",\"description\":\"Precisa de um servi\u00e7o r\u00e1pido e seguro de abertura de porta em Lisboa? Atendemos 24 horas por dia com profissionais experientes e confi\u00e1veis.\",\"breadcrumb\":{\"@id\":\"https:\/\/chaveirodelisboa.pt\/abertura-de-porta\/#breadcrumb\"},\"inLanguage\":\"es\",\"potentialAction\":[{\"@type\":\"ReadAction\",\"target\":[\"https:\/\/chaveirodelisboa.pt\/abertura-de-porta\/\"]}]},{\"@type\":\"BreadcrumbList\",\"@id\":\"https:\/\/chaveirodelisboa.pt\/abertura-de-porta\/#breadcrumb\",\"itemListElement\":[{\"@type\":\"ListItem\",\"position\":1,\"name\":\"Home\",\"item\":\"https:\/\/chaveirodelisboa.pt\/\"},{\"@type\":\"ListItem\",\"position\":2,\"name\":\"Abertura de Porta em Lisboa \u2013 Servi\u00e7o R\u00e1pido e Seguro 24h\"}]},{\"@type\":\"WebSite\",\"@id\":\"https:\/\/chaveirodelisboa.pt\/#website\",\"url\":\"https:\/\/chaveirodelisboa.pt\/\",\"name\":\"Chaveiro de Lisboa\",\"description\":\"\ud83d\udd11 Solu\u00e7\u00f5es em chaveiro urgentes e confi\u00e1veis em Lisboa, 24 horas por dia.\",\"potentialAction\":[{\"@type\":\"SearchAction\",\"target\":{\"@type\":\"EntryPoint\",\"urlTemplate\":\"https:\/\/chaveirodelisboa.pt\/?s={search_term_string}\"},\"query-input\":{\"@type\":\"PropertyValueSpecification\",\"valueRequired\":true,\"valueName\":\"search_term_string\"}}],\"inLanguage\":\"es\"}]}<\/script>\n<!-- \/ Yoast SEO plugin. -->","yoast_head_json":{"title":"Abertura de Porta em Lisboa \u2013 Servi\u00e7o R\u00e1pido e Seguro 24h","description":"Precisa de um servi\u00e7o r\u00e1pido e seguro de abertura de porta em Lisboa? Atendemos 24 horas por dia com profissionais experientes e confi\u00e1veis.","robots":{"index":"index","follow":"follow","max-snippet":"max-snippet:-1","max-image-preview":"max-image-preview:large","max-video-preview":"max-video-preview:-1"},"canonical":"https:\/\/chaveirodelisboa.pt\/es\/apertura-de-la-puerta\/","og_locale":"es_ES","og_type":"article","og_title":"Abertura de Porta em Lisboa \u2013 Servi\u00e7o R\u00e1pido e Seguro 24h","og_description":"Precisa de um servi\u00e7o r\u00e1pido e seguro de abertura de porta em Lisboa? Atendemos 24 horas por dia com profissionais experientes e confi\u00e1veis.","og_url":"https:\/\/chaveirodelisboa.pt\/es\/apertura-de-la-puerta\/","og_site_name":"Chaveiro de Lisboa","article_modified_time":"2025-01-31T15:52:09+00:00","twitter_card":"summary_large_image","twitter_misc":{"Est. reading time":"3 minutos"},"schema":{"@context":"https:\/\/schema.org","@graph":[{"@type":"WebPage","@id":"https:\/\/chaveirodelisboa.pt\/abertura-de-porta\/","url":"https:\/\/chaveirodelisboa.pt\/abertura-de-porta\/","name":"Abertura de Porta em Lisboa \u2013 Servi\u00e7o R\u00e1pido e Seguro 24h","isPartOf":{"@id":"https:\/\/chaveirodelisboa.pt\/#website"},"datePublished":"2025-01-31T15:49:56+00:00","dateModified":"2025-01-31T15:52:09+00:00","description":"Precisa de um servi\u00e7o r\u00e1pido e seguro de abertura de porta em Lisboa? Atendemos 24 horas por dia com profissionais experientes e confi\u00e1veis.","breadcrumb":{"@id":"https:\/\/chaveirodelisboa.pt\/abertura-de-porta\/#breadcrumb"},"inLanguage":"es","potentialAction":[{"@type":"ReadAction","target":["https:\/\/chaveirodelisboa.pt\/abertura-de-porta\/"]}]},{"@type":"BreadcrumbList","@id":"https:\/\/chaveirodelisboa.pt\/abertura-de-porta\/#breadcrumb","itemListElement":[{"@type":"ListItem","position":1,"name":"Home","item":"https:\/\/chaveirodelisboa.pt\/"},{"@type":"ListItem","position":2,"name":"Abertura de Porta em Lisboa \u2013 Servi\u00e7o R\u00e1pido e Seguro 24h"}]},{"@type":"WebSite","@id":"https:\/\/chaveirodelisboa.pt\/#website","url":"https:\/\/chaveirodelisboa.pt\/","name":"Chaveiro de Lisboa","description":"\ud83d\udd11 Solu\u00e7\u00f5es em chaveiro urgentes e confi\u00e1veis em Lisboa, 24 horas por dia.","potentialAction":[{"@type":"SearchAction","target":{"@type":"EntryPoint","urlTemplate":"https:\/\/chaveirodelisboa.pt\/?s={search_term_string}"},"query-input":{"@type":"PropertyValueSpecification","valueRequired":true,"valueName":"search_term_string"}}],"inLanguage":"es"}]}},"_links":{"self":[{"href":"https:\/\/chaveirodelisboa.pt\/es\/wp-json\/wp\/v2\/pages\/2777","targetHints":{"allow":["GET"]}}],"collection":[{"href":"https:\/\/chaveirodelisboa.pt\/es\/wp-json\/wp\/v2\/pages"}],"about":[{"href":"https:\/\/chaveirodelisboa.pt\/es\/wp-json\/wp\/v2\/types\/page"}],"author":[{"embeddable":true,"href":"https:\/\/chaveirodelisboa.pt\/es\/wp-json\/wp\/v2\/users\/1"}],"replies":[{"embeddable":true,"href":"https:\/\/chaveirodelisboa.pt\/es\/wp-json\/wp\/v2\/comments?post=2777"}],"version-history":[{"count":0,"href":"https:\/\/chaveirodelisboa.pt\/es\/wp-json\/wp\/v2\/pages\/2777\/revisions"}],"wp:attachment":[{"href":"https:\/\/chaveirodelisboa.pt\/es\/wp-json\/wp\/v2\/media?parent=2777"}],"curies":[{"name":"wp","href":"https:\/\/api.w.org\/{rel}","templated":true}]}}