{"id":2824,"date":"2025-02-04T07:48:48","date_gmt":"2025-02-04T07:48:48","guid":{"rendered":"https:\/\/chaveirodelisboa.pt\/?page_id=2824"},"modified":"2025-02-04T07:48:48","modified_gmt":"2025-02-04T07:48:48","slug":"arranjar-fechadura-de-porta","status":"publish","type":"page","link":"https:\/\/chaveirodelisboa.pt\/es\/fijacion-de-la-cerradura-de-una-puerta\/","title":{"rendered":"Arreglar una cerradura de puerta en Lisboa - Servicio r\u00e1pido y seguro"},"content":{"rendered":"<section>\n<p>Si su <strong>cerradura de puerta<\/strong> est\u00e1 atascado, da\u00f1ado o simplemente no funciona correctamente, es esencial que un profesional lo repare. En <strong>herraje de cerradura<\/strong> evita problemas de seguridad y garantiza un funcionamiento suave y seguro.<\/p>\n<\/section>\n<section>\n<h2>\u00bfCu\u00e1ndo hay que arreglar la cerradura de la puerta?<\/h2>\n<p>Los problemas con las cerraduras pueden ocurrir en cualquier momento, poniendo en peligro la seguridad de su propiedad. Si observa alguna de las situaciones que se indican a continuaci\u00f3n, es hora de repararla:<\/p>\n<ul>\n<li><strong>Cerradura atascada<\/strong> - La llave no gira correctamente o se atasca.<\/li>\n<li><strong>Llave rota dentro de la cerradura<\/strong> - Debe retirarse sin da\u00f1ar el mecanismo.<\/li>\n<li><strong>Cerradura floja o desalineada<\/strong> - Puede comprometer el correcto bloqueo de la puerta.<\/li>\n<li><strong>Cerradura da\u00f1ada tras intento de robo<\/strong> - Se requiere refuerzo o sustituci\u00f3n.<\/li>\n<li><strong>Desgaste<\/strong> - Las cerraduras antiguas pueden necesitar ajustes o la sustituci\u00f3n de piezas internas.<\/li>\n<\/ul>\n<\/section>\n<section>\n<h2>\u00bfC\u00f3mo funciona la reparaci\u00f3n de cerraduras?<\/h2>\n<p>En <strong>cerradura de puerta<\/strong> puede implicar diferentes etapas, en funci\u00f3n del problema detectado. Los principales procedimientos incluyen:<\/p>\n<ul>\n<li><strong>Lubricaci\u00f3n del mecanismo<\/strong> - Para facilitar el movimiento y evitar atascos.<\/li>\n<li><strong>Alineaci\u00f3n de la cerradura<\/strong> - Corrige los problemas de ajuste y bloqueo.<\/li>\n<li><strong>Sustituci\u00f3n de componentes internos<\/strong> - Sustituci\u00f3n de cilindros, muelles y pasadores da\u00f1ados.<\/li>\n<li><strong>Mayor seguridad<\/strong> - Instalaci\u00f3n de sistemas antirrobo.<\/li>\n<li><strong>Extracci\u00f3n de llaves rotas<\/strong> - Extracci\u00f3n sin tener que cambiar la cerradura.<\/li>\n<\/ul>\n<\/section>\n<section>\n<h2>Tipos de cerraduras que se pueden reparar<\/h2>\n<p>Independientemente del tipo de cerradura de su puerta, un profesional puede evaluar y solucionar el problema. Trabajamos con<\/p>\n<ul>\n<li><strong>Cerraduras de embutir<\/strong> - Com\u00fan en puertas residenciales y comerciales.<\/li>\n<li><strong>Cerraduras multipunto<\/strong> - Se utiliza en puertas blindadas para una mayor protecci\u00f3n.<\/li>\n<li><strong>Cerraduras electr\u00f3nicas<\/strong> - Modelos que utilizan contrase\u00f1a, tarjeta o biometr\u00eda.<\/li>\n<li><strong>Cerraduras de autom\u00f3viles<\/strong> - Reparaciones y ajustes de veh\u00edculos.<\/li>\n<li><strong>Cerraduras de alta seguridad<\/strong> - Reforzado contra intentos de robo.<\/li>\n<\/ul>\n<\/section>\n<section>\n<h2>Ventajas de arreglar la cerradura en lugar de cambiarla<\/h2>\n<p>En muchos casos, reparar una cerradura puede ser m\u00e1s ventajoso que sustituirla por completo. Vea las ventajas:<\/p>\n<ul>\n<li><strong>Menor coste<\/strong> - Reparar una cerradura puede resultar m\u00e1s barato que comprar e instalar una nueva.<\/li>\n<li><strong>Soluci\u00f3n r\u00e1pida<\/strong> - El servicio puede realizarse en el mismo d\u00eda, sin necesidad de una sustituci\u00f3n completa.<\/li>\n<li><strong>Conservaci\u00f3n de puertas<\/strong> - Evita cambios estructurales innecesarios al instalar una nueva cerradura.<\/li>\n<li><strong>Mayor vida \u00fatil<\/strong> - Un mantenimiento adecuado garantiza a\u00f1os de uso sin fallos.<\/li>\n<\/ul>\n<\/section>\n<section>\n<h2>\u00bfCu\u00e1nto cuesta reparar la cerradura de una puerta?<\/h2>\n<p>El coste de <strong>reparaci\u00f3n de cerraduras<\/strong> depende del tipo de problema y de la complejidad del servicio. Los problemas sencillos, como la lubricaci\u00f3n o el ajuste, suelen ser asequibles, mientras que los da\u00f1os m\u00e1s graves pueden requerir la sustituci\u00f3n de piezas.<\/p>\n<p>Si la cerradura est\u00e1 muy da\u00f1ada, la mejor opci\u00f3n puede ser sustituirla, pero un profesional podr\u00e1 evaluar y recomendar la mejor soluci\u00f3n.<\/p>\n<\/section>\n<section>\n<h2>Servicio 24 horas de reparaci\u00f3n de cerraduras en Lisboa<\/h2>\n<p>Los problemas con las cerraduras pueden surgir en cualquier momento. Tanto si te has quedado fuera de casa como si tu cerradura ha dejado de funcionar o necesitas un refuerzo de seguridad, siempre tienes a tu disposici\u00f3n un servicio de urgencias.<\/p>\n<p>Con un servicio 24 horas, le garantizamos que su cerradura ser\u00e1 reparada con rapidez y eficacia.<\/p>\n<\/section>\n<section>\n<h2>Asegure su propiedad con un servicio especializado<\/h2>\n<p>Ya se trate de arreglar una cerradura atascada, corregir un problema con el mecanismo interno o reforzar la seguridad de su propiedad, contar con un profesional marca la diferencia. Trabajamos con t\u00e9cnicas modernas para garantizar un servicio de alta calidad.<\/p>\n<p><strong>\u00bfNecesita reparar la cerradura de una puerta en Lisboa?<\/strong> \u00a1No lo posponga! Cuente con expertos para un servicio r\u00e1pido, seguro y eficaz.<\/p>\n<\/section>","protected":false},"excerpt":{"rendered":"<p>Se a sua fechadura de porta est\u00e1 emperrada, danificada ou simplesmente n\u00e3o funciona corretamente, contar com um profissional para repara\u00e7\u00e3o \u00e9 essencial. O servi\u00e7o de arranjo de fechadura evita problemas de seguran\u00e7a e garante um funcionamento suave e seguro. Quando \u00e9 necess\u00e1rio arranjar a fechadura da porta? Problemas com fechaduras podem acontecer a qualquer momento, [&hellip;]<\/p>","protected":false},"author":1,"featured_media":0,"parent":0,"menu_order":0,"comment_status":"closed","ping_status":"closed","template":"","meta":{"footnotes":""},"class_list":["post-2824","page","type-page","status-publish","hentry"],"yoast_head":"<!-- This site is optimized with the Yoast SEO plugin v24.5 - https:\/\/yoast.com\/wordpress\/plugins\/seo\/ -->\n<title>Arranjar Fechadura de Porta em Lisboa \u2013 Servi\u00e7o R\u00e1pido e Seguro<\/title>\n<meta name=\"description\" content=\"Arranjar fechadura de porta em Lisboa. Repara\u00e7\u00e3o r\u00e1pida e segura para fechaduras emperradas, danificadas ou desgastadas. Atendimento 24h.\" \/>\n<meta name=\"robots\" content=\"index, follow, max-snippet:-1, max-image-preview:large, max-video-preview:-1\" \/>\n<link rel=\"canonical\" href=\"https:\/\/chaveirodelisboa.pt\/es\/fijacion-de-la-cerradura-de-una-puerta\/\" \/>\n<meta property=\"og:locale\" content=\"es_ES\" \/>\n<meta property=\"og:type\" content=\"article\" \/>\n<meta property=\"og:title\" content=\"Arranjar Fechadura de Porta em Lisboa \u2013 Servi\u00e7o R\u00e1pido e Seguro\" \/>\n<meta property=\"og:description\" content=\"Arranjar fechadura de porta em Lisboa. Repara\u00e7\u00e3o r\u00e1pida e segura para fechaduras emperradas, danificadas ou desgastadas. Atendimento 24h.\" \/>\n<meta property=\"og:url\" content=\"https:\/\/chaveirodelisboa.pt\/es\/fijacion-de-la-cerradura-de-una-puerta\/\" \/>\n<meta property=\"og:site_name\" content=\"Chaveiro de Lisboa\" \/>\n<meta name=\"twitter:card\" content=\"summary_large_image\" \/>\n<script type=\"application\/ld+json\" class=\"yoast-schema-graph\">{\"@context\":\"https:\/\/schema.org\",\"@graph\":[{\"@type\":\"WebPage\",\"@id\":\"https:\/\/chaveirodelisboa.pt\/arranjar-fechadura-de-porta\/\",\"url\":\"https:\/\/chaveirodelisboa.pt\/arranjar-fechadura-de-porta\/\",\"name\":\"Arranjar Fechadura de Porta em Lisboa \u2013 Servi\u00e7o R\u00e1pido e Seguro\",\"isPartOf\":{\"@id\":\"https:\/\/chaveirodelisboa.pt\/#website\"},\"datePublished\":\"2025-02-04T07:48:48+00:00\",\"description\":\"Arranjar fechadura de porta em Lisboa. Repara\u00e7\u00e3o r\u00e1pida e segura para fechaduras emperradas, danificadas ou desgastadas. Atendimento 24h.\",\"breadcrumb\":{\"@id\":\"https:\/\/chaveirodelisboa.pt\/arranjar-fechadura-de-porta\/#breadcrumb\"},\"inLanguage\":\"es\",\"potentialAction\":[{\"@type\":\"ReadAction\",\"target\":[\"https:\/\/chaveirodelisboa.pt\/arranjar-fechadura-de-porta\/\"]}]},{\"@type\":\"BreadcrumbList\",\"@id\":\"https:\/\/chaveirodelisboa.pt\/arranjar-fechadura-de-porta\/#breadcrumb\",\"itemListElement\":[{\"@type\":\"ListItem\",\"position\":1,\"name\":\"Home\",\"item\":\"https:\/\/chaveirodelisboa.pt\/\"},{\"@type\":\"ListItem\",\"position\":2,\"name\":\"Arranjar Fechadura de Porta em Lisboa \u2013 Servi\u00e7o R\u00e1pido e Seguro\"}]},{\"@type\":\"WebSite\",\"@id\":\"https:\/\/chaveirodelisboa.pt\/#website\",\"url\":\"https:\/\/chaveirodelisboa.pt\/\",\"name\":\"Chaveiro de Lisboa\",\"description\":\"\ud83d\udd11 Solu\u00e7\u00f5es em chaveiro urgentes e confi\u00e1veis em Lisboa, 24 horas por dia.\",\"potentialAction\":[{\"@type\":\"SearchAction\",\"target\":{\"@type\":\"EntryPoint\",\"urlTemplate\":\"https:\/\/chaveirodelisboa.pt\/?s={search_term_string}\"},\"query-input\":{\"@type\":\"PropertyValueSpecification\",\"valueRequired\":true,\"valueName\":\"search_term_string\"}}],\"inLanguage\":\"es\"}]}<\/script>\n<!-- \/ Yoast SEO plugin. -->","yoast_head_json":{"title":"Arranjar Fechadura de Porta em Lisboa \u2013 Servi\u00e7o R\u00e1pido e Seguro","description":"Arranjar fechadura de porta em Lisboa. Repara\u00e7\u00e3o r\u00e1pida e segura para fechaduras emperradas, danificadas ou desgastadas. Atendimento 24h.","robots":{"index":"index","follow":"follow","max-snippet":"max-snippet:-1","max-image-preview":"max-image-preview:large","max-video-preview":"max-video-preview:-1"},"canonical":"https:\/\/chaveirodelisboa.pt\/es\/fijacion-de-la-cerradura-de-una-puerta\/","og_locale":"es_ES","og_type":"article","og_title":"Arranjar Fechadura de Porta em Lisboa \u2013 Servi\u00e7o R\u00e1pido e Seguro","og_description":"Arranjar fechadura de porta em Lisboa. Repara\u00e7\u00e3o r\u00e1pida e segura para fechaduras emperradas, danificadas ou desgastadas. Atendimento 24h.","og_url":"https:\/\/chaveirodelisboa.pt\/es\/fijacion-de-la-cerradura-de-una-puerta\/","og_site_name":"Chaveiro de Lisboa","twitter_card":"summary_large_image","schema":{"@context":"https:\/\/schema.org","@graph":[{"@type":"WebPage","@id":"https:\/\/chaveirodelisboa.pt\/arranjar-fechadura-de-porta\/","url":"https:\/\/chaveirodelisboa.pt\/arranjar-fechadura-de-porta\/","name":"Arranjar Fechadura de Porta em Lisboa \u2013 Servi\u00e7o R\u00e1pido e Seguro","isPartOf":{"@id":"https:\/\/chaveirodelisboa.pt\/#website"},"datePublished":"2025-02-04T07:48:48+00:00","description":"Arranjar fechadura de porta em Lisboa. Repara\u00e7\u00e3o r\u00e1pida e segura para fechaduras emperradas, danificadas ou desgastadas. Atendimento 24h.","breadcrumb":{"@id":"https:\/\/chaveirodelisboa.pt\/arranjar-fechadura-de-porta\/#breadcrumb"},"inLanguage":"es","potentialAction":[{"@type":"ReadAction","target":["https:\/\/chaveirodelisboa.pt\/arranjar-fechadura-de-porta\/"]}]},{"@type":"BreadcrumbList","@id":"https:\/\/chaveirodelisboa.pt\/arranjar-fechadura-de-porta\/#breadcrumb","itemListElement":[{"@type":"ListItem","position":1,"name":"Home","item":"https:\/\/chaveirodelisboa.pt\/"},{"@type":"ListItem","position":2,"name":"Arranjar Fechadura de Porta em Lisboa \u2013 Servi\u00e7o R\u00e1pido e Seguro"}]},{"@type":"WebSite","@id":"https:\/\/chaveirodelisboa.pt\/#website","url":"https:\/\/chaveirodelisboa.pt\/","name":"Chaveiro de Lisboa","description":"\ud83d\udd11 Solu\u00e7\u00f5es em chaveiro urgentes e confi\u00e1veis em Lisboa, 24 horas por dia.","potentialAction":[{"@type":"SearchAction","target":{"@type":"EntryPoint","urlTemplate":"https:\/\/chaveirodelisboa.pt\/?s={search_term_string}"},"query-input":{"@type":"PropertyValueSpecification","valueRequired":true,"valueName":"search_term_string"}}],"inLanguage":"es"}]}},"_links":{"self":[{"href":"https:\/\/chaveirodelisboa.pt\/es\/wp-json\/wp\/v2\/pages\/2824","targetHints":{"allow":["GET"]}}],"collection":[{"href":"https:\/\/chaveirodelisboa.pt\/es\/wp-json\/wp\/v2\/pages"}],"about":[{"href":"https:\/\/chaveirodelisboa.pt\/es\/wp-json\/wp\/v2\/types\/page"}],"author":[{"embeddable":true,"href":"https:\/\/chaveirodelisboa.pt\/es\/wp-json\/wp\/v2\/users\/1"}],"replies":[{"embeddable":true,"href":"https:\/\/chaveirodelisboa.pt\/es\/wp-json\/wp\/v2\/comments?post=2824"}],"version-history":[{"count":0,"href":"https:\/\/chaveirodelisboa.pt\/es\/wp-json\/wp\/v2\/pages\/2824\/revisions"}],"wp:attachment":[{"href":"https:\/\/chaveirodelisboa.pt\/es\/wp-json\/wp\/v2\/media?parent=2824"}],"curies":[{"name":"wp","href":"https:\/\/api.w.org\/{rel}","templated":true}]}}