{"id":2835,"date":"2025-02-05T07:26:33","date_gmt":"2025-02-05T07:26:33","guid":{"rendered":"https:\/\/chaveirodelisboa.pt\/?page_id=2835"},"modified":"2025-02-05T07:26:33","modified_gmt":"2025-02-05T07:26:33","slug":"abertura-de-portas-24h","status":"publish","type":"page","link":"https:\/\/chaveirodelisboa.pt\/es\/apertura-de-puertas-24-horas\/","title":{"rendered":"Apertura de puertas 24h - Servicio r\u00e1pido y seguro"},"content":{"rendered":"<section>\n<p>\u00bfSe ha quedado fuera de casa, del coche o de la oficina? \u00bfNecesita un <strong>Apertura de puertas 24 horas<\/strong>? Un cerrajero profesional puede resolver el problema de forma r\u00e1pida y segura, sin da\u00f1ar la cerradura ni la puerta.<\/p>\n<\/section>\n<section>\n<h2>\u00bfCu\u00e1ndo hay que llamar a un servicio de apertura de puertas 24 horas?<\/h2>\n<p>Los problemas con puertas y cerraduras pueden surgir en cualquier momento. Algunas situaciones en las que puede ser necesario un servicio de urgencia son:<\/p>\n<ul>\n<li><strong>P\u00e9rdida o robo de llaves<\/strong> - \u00bfNo tiene llave de repuesto? Un cerrajero puede abrir la puerta con seguridad.<\/li>\n<li><strong>Llave olvidada en casa<\/strong> - Servicio r\u00e1pido para desbloquear sin da\u00f1os.<\/li>\n<li><strong>Llave rota en la cerradura<\/strong> - Extracci\u00f3n y reparaci\u00f3n seguras del mecanismo.<\/li>\n<li><strong>Cerradura atascada<\/strong> - \u00bfLa puerta no se abre? Puede que el mecanismo est\u00e9 desgastado.<\/li>\n<li><strong>Cerradura da\u00f1ada tras intento de robo<\/strong> - Para reforzar la seguridad de la puerta.<\/li>\n<\/ul>\n<\/section>\n<section>\n<h2>Servicios de apertura de puertas 24 horas<\/h2>\n<p>Independientemente del tipo de puerta, un cerrajero experimentado puede abrirla sin causar da\u00f1os. Los principales servicios incluyen:<\/p>\n<ul>\n<li><strong>Apertura de puertas residenciales<\/strong> - Casas, pisos y condominios.<\/li>\n<li><strong>Abrir puertas comerciales<\/strong> - Tiendas, oficinas y empresas.<\/li>\n<li><strong>Abrir las puertas del coche<\/strong> - Coches de todas las marcas y modelos.<\/li>\n<li><strong>Reparaci\u00f3n y cambio de cerraduras<\/strong> - Para garantizar la seguridad tras la apertura.<\/li>\n<li><strong>Sustituci\u00f3n de cilindros y ca\u00f1ones<\/strong> - Soluci\u00f3n r\u00e1pida para una mayor protecci\u00f3n.<\/li>\n<\/ul>\n<\/section>\n<section>\n<h2>\u00bfCu\u00e1nto cuesta un servicio de apertura de puertas 24 horas?<\/h2>\n<p>El coste de un <strong>servicio de apertura de puertas<\/strong> puede variar en funci\u00f3n del tipo de cerradura y de la hora del d\u00eda. Algunos precios medios incluyen:<\/p>\n<ul>\n<li><strong>Apertura sencilla de la puerta<\/strong> - Desde 30\u20ac.<\/li>\n<li><strong>Abrir una puerta blindada<\/strong> - Entre 60 y 150 euros, seg\u00fan la complejidad.<\/li>\n<li><strong>Apertura de la puerta del coche<\/strong> - A partir de 40 euros, que pueden ser m\u00e1s elevados para los veh\u00edculos con llaves codificadas.<\/li>\n<li><strong>Cambiar la cerradura despu\u00e9s de abrir<\/strong> - Coste adicional seg\u00fan el modelo.<\/li>\n<\/ul>\n<p>Las citas nocturnas o de urgencia pueden tener un coste adicional.<\/p>\n<\/section>\n<section>\n<h2>\u00bfC\u00f3mo funciona el servicio de apertura de puertas?<\/h2>\n<p>Al solicitar un <strong>Servicio de apertura de puertas 24 horas<\/strong>lo har\u00e1 un cerrajero profesional:<\/p>\n<ul>\n<li>Eval\u00fae la cerradura e identifique la mejor t\u00e9cnica para abrirla sin da\u00f1arla.<\/li>\n<li>Utilice herramientas especializadas para desbloquear la puerta con seguridad.<\/li>\n<li>Repare o sustituya la cerradura si es necesario.<\/li>\n<\/ul>\n<p>Los tiempos de servicio suelen ser r\u00e1pidos, lo que garantiza que tendr\u00e1 acceso a su propiedad o veh\u00edculo lo antes posible.<\/p>\n<\/section>\n<section>\n<h2>Servicio de urgencias 24 horas - Servicio r\u00e1pido y fiable<\/h2>\n<p>Si se ha quedado encerrado o necesita una soluci\u00f3n urgente, un cerrajero 24 horas puede ayudarle en cualquier momento, incluidos festivos y altas horas de la noche.<\/p>\n<p>Con un servicio r\u00e1pido y t\u00e9cnicas modernas, garantizamos que la puerta se abrir\u00e1 sin da\u00f1os.<\/p>\n<\/section>\n<section>\n<h2>\u00bfNecesita apertura de puertas 24 horas? Llame ahora a un profesional<\/h2>\n<p>Tanto si necesita abrir una puerta cerrada, sustituir una cerradura o reforzar la seguridad de su propiedad, un servicio profesional le garantiza un servicio eficaz y seguro.<\/p>\n<p><strong>\u00bfNecesita un cerrajero ya?<\/strong> Cuente con expertos para un servicio r\u00e1pido, seguro y eficaz.<\/p>\n<\/section>","protected":false},"excerpt":{"rendered":"<p>Ficou trancado para fora de casa, do carro ou do escrit\u00f3rio? Precisa de um servi\u00e7o de abertura de portas 24h? Um chaveiro profissional pode resolver o problema de forma r\u00e1pida e segura, sem danificar sua fechadura ou porta. Quando chamar um servi\u00e7o de abertura de portas 24h? Problemas com portas e fechaduras podem acontecer a [&hellip;]<\/p>","protected":false},"author":1,"featured_media":0,"parent":0,"menu_order":0,"comment_status":"closed","ping_status":"closed","template":"","meta":{"footnotes":""},"class_list":["post-2835","page","type-page","status-publish","hentry"],"yoast_head":"<!-- This site is optimized with the Yoast SEO plugin v24.5 - https:\/\/yoast.com\/wordpress\/plugins\/seo\/ -->\n<title>Abertura de Portas 24h \u2013 Servi\u00e7o R\u00e1pido e Seguro<\/title>\n<meta name=\"description\" content=\"Abertura de portas 24h em Lisboa. Servi\u00e7o r\u00e1pido e seguro para abrir portas residenciais, comerciais e automotivas. Atendimento de emerg\u00eancia.\" \/>\n<meta name=\"robots\" content=\"index, follow, max-snippet:-1, max-image-preview:large, max-video-preview:-1\" \/>\n<link rel=\"canonical\" href=\"https:\/\/chaveirodelisboa.pt\/es\/apertura-de-puertas-24-horas\/\" \/>\n<meta property=\"og:locale\" content=\"es_ES\" \/>\n<meta property=\"og:type\" content=\"article\" \/>\n<meta property=\"og:title\" content=\"Abertura de Portas 24h \u2013 Servi\u00e7o R\u00e1pido e Seguro\" \/>\n<meta property=\"og:description\" content=\"Abertura de portas 24h em Lisboa. Servi\u00e7o r\u00e1pido e seguro para abrir portas residenciais, comerciais e automotivas. Atendimento de emerg\u00eancia.\" \/>\n<meta property=\"og:url\" content=\"https:\/\/chaveirodelisboa.pt\/es\/apertura-de-puertas-24-horas\/\" \/>\n<meta property=\"og:site_name\" content=\"Chaveiro de Lisboa\" \/>\n<meta name=\"twitter:card\" content=\"summary_large_image\" \/>\n<script type=\"application\/ld+json\" class=\"yoast-schema-graph\">{\"@context\":\"https:\/\/schema.org\",\"@graph\":[{\"@type\":\"WebPage\",\"@id\":\"https:\/\/chaveirodelisboa.pt\/abertura-de-portas-24h\/\",\"url\":\"https:\/\/chaveirodelisboa.pt\/abertura-de-portas-24h\/\",\"name\":\"Abertura de Portas 24h \u2013 Servi\u00e7o R\u00e1pido e Seguro\",\"isPartOf\":{\"@id\":\"https:\/\/chaveirodelisboa.pt\/#website\"},\"datePublished\":\"2025-02-05T07:26:33+00:00\",\"description\":\"Abertura de portas 24h em Lisboa. Servi\u00e7o r\u00e1pido e seguro para abrir portas residenciais, comerciais e automotivas. Atendimento de emerg\u00eancia.\",\"breadcrumb\":{\"@id\":\"https:\/\/chaveirodelisboa.pt\/abertura-de-portas-24h\/#breadcrumb\"},\"inLanguage\":\"es\",\"potentialAction\":[{\"@type\":\"ReadAction\",\"target\":[\"https:\/\/chaveirodelisboa.pt\/abertura-de-portas-24h\/\"]}]},{\"@type\":\"BreadcrumbList\",\"@id\":\"https:\/\/chaveirodelisboa.pt\/abertura-de-portas-24h\/#breadcrumb\",\"itemListElement\":[{\"@type\":\"ListItem\",\"position\":1,\"name\":\"Home\",\"item\":\"https:\/\/chaveirodelisboa.pt\/\"},{\"@type\":\"ListItem\",\"position\":2,\"name\":\"Abertura de Portas 24h \u2013 Servi\u00e7o R\u00e1pido e Seguro\"}]},{\"@type\":\"WebSite\",\"@id\":\"https:\/\/chaveirodelisboa.pt\/#website\",\"url\":\"https:\/\/chaveirodelisboa.pt\/\",\"name\":\"Chaveiro de Lisboa\",\"description\":\"\ud83d\udd11 Solu\u00e7\u00f5es em chaveiro urgentes e confi\u00e1veis em Lisboa, 24 horas por dia.\",\"potentialAction\":[{\"@type\":\"SearchAction\",\"target\":{\"@type\":\"EntryPoint\",\"urlTemplate\":\"https:\/\/chaveirodelisboa.pt\/?s={search_term_string}\"},\"query-input\":{\"@type\":\"PropertyValueSpecification\",\"valueRequired\":true,\"valueName\":\"search_term_string\"}}],\"inLanguage\":\"es\"}]}<\/script>\n<!-- \/ Yoast SEO plugin. -->","yoast_head_json":{"title":"Abertura de Portas 24h \u2013 Servi\u00e7o R\u00e1pido e Seguro","description":"Abertura de portas 24h em Lisboa. Servi\u00e7o r\u00e1pido e seguro para abrir portas residenciais, comerciais e automotivas. Atendimento de emerg\u00eancia.","robots":{"index":"index","follow":"follow","max-snippet":"max-snippet:-1","max-image-preview":"max-image-preview:large","max-video-preview":"max-video-preview:-1"},"canonical":"https:\/\/chaveirodelisboa.pt\/es\/apertura-de-puertas-24-horas\/","og_locale":"es_ES","og_type":"article","og_title":"Abertura de Portas 24h \u2013 Servi\u00e7o R\u00e1pido e Seguro","og_description":"Abertura de portas 24h em Lisboa. Servi\u00e7o r\u00e1pido e seguro para abrir portas residenciais, comerciais e automotivas. Atendimento de emerg\u00eancia.","og_url":"https:\/\/chaveirodelisboa.pt\/es\/apertura-de-puertas-24-horas\/","og_site_name":"Chaveiro de Lisboa","twitter_card":"summary_large_image","schema":{"@context":"https:\/\/schema.org","@graph":[{"@type":"WebPage","@id":"https:\/\/chaveirodelisboa.pt\/abertura-de-portas-24h\/","url":"https:\/\/chaveirodelisboa.pt\/abertura-de-portas-24h\/","name":"Abertura de Portas 24h \u2013 Servi\u00e7o R\u00e1pido e Seguro","isPartOf":{"@id":"https:\/\/chaveirodelisboa.pt\/#website"},"datePublished":"2025-02-05T07:26:33+00:00","description":"Abertura de portas 24h em Lisboa. Servi\u00e7o r\u00e1pido e seguro para abrir portas residenciais, comerciais e automotivas. Atendimento de emerg\u00eancia.","breadcrumb":{"@id":"https:\/\/chaveirodelisboa.pt\/abertura-de-portas-24h\/#breadcrumb"},"inLanguage":"es","potentialAction":[{"@type":"ReadAction","target":["https:\/\/chaveirodelisboa.pt\/abertura-de-portas-24h\/"]}]},{"@type":"BreadcrumbList","@id":"https:\/\/chaveirodelisboa.pt\/abertura-de-portas-24h\/#breadcrumb","itemListElement":[{"@type":"ListItem","position":1,"name":"Home","item":"https:\/\/chaveirodelisboa.pt\/"},{"@type":"ListItem","position":2,"name":"Abertura de Portas 24h \u2013 Servi\u00e7o R\u00e1pido e Seguro"}]},{"@type":"WebSite","@id":"https:\/\/chaveirodelisboa.pt\/#website","url":"https:\/\/chaveirodelisboa.pt\/","name":"Chaveiro de Lisboa","description":"\ud83d\udd11 Solu\u00e7\u00f5es em chaveiro urgentes e confi\u00e1veis em Lisboa, 24 horas por dia.","potentialAction":[{"@type":"SearchAction","target":{"@type":"EntryPoint","urlTemplate":"https:\/\/chaveirodelisboa.pt\/?s={search_term_string}"},"query-input":{"@type":"PropertyValueSpecification","valueRequired":true,"valueName":"search_term_string"}}],"inLanguage":"es"}]}},"_links":{"self":[{"href":"https:\/\/chaveirodelisboa.pt\/es\/wp-json\/wp\/v2\/pages\/2835","targetHints":{"allow":["GET"]}}],"collection":[{"href":"https:\/\/chaveirodelisboa.pt\/es\/wp-json\/wp\/v2\/pages"}],"about":[{"href":"https:\/\/chaveirodelisboa.pt\/es\/wp-json\/wp\/v2\/types\/page"}],"author":[{"embeddable":true,"href":"https:\/\/chaveirodelisboa.pt\/es\/wp-json\/wp\/v2\/users\/1"}],"replies":[{"embeddable":true,"href":"https:\/\/chaveirodelisboa.pt\/es\/wp-json\/wp\/v2\/comments?post=2835"}],"version-history":[{"count":0,"href":"https:\/\/chaveirodelisboa.pt\/es\/wp-json\/wp\/v2\/pages\/2835\/revisions"}],"wp:attachment":[{"href":"https:\/\/chaveirodelisboa.pt\/es\/wp-json\/wp\/v2\/media?parent=2835"}],"curies":[{"name":"wp","href":"https:\/\/api.w.org\/{rel}","templated":true}]}}