{"id":231,"date":"2019-08-08T09:57:55","date_gmt":"2019-08-08T09:57:55","guid":{"rendered":"https:\/\/airtech.bolvosites.com\/demo6\/?page_id=231"},"modified":"2025-02-26T10:49:17","modified_gmt":"2025-02-26T10:49:17","slug":"contatos","status":"publish","type":"page","link":"https:\/\/chaveirodelisboa.pt\/fr\/contacts\/","title":{"rendered":"Contactez nous"},"content":{"rendered":"<div data-elementor-type=\"wp-post\" data-elementor-id=\"231\" class=\"elementor elementor-231\">\n\t\t\t\t\t\t<section class=\"elementor-section elementor-top-section elementor-element elementor-element-84c1dd9 elementor-section-boxed elementor-section-height-default elementor-section-height-default\" data-id=\"84c1dd9\" data-element_type=\"section\" data-settings=\"{&quot;background_background&quot;:&quot;classic&quot;}\">\n\t\t\t\t\t\t\t<div class=\"elementor-background-overlay\"><\/div>\n\t\t\t\t\t\t\t<div class=\"elementor-container elementor-column-gap-no\">\n\t\t\t\t\t<div class=\"elementor-column elementor-col-100 elementor-top-column elementor-element elementor-element-c422c89\" data-id=\"c422c89\" data-element_type=\"column\">\n\t\t\t<div class=\"elementor-widget-wrap elementor-element-populated\">\n\t\t\t\t\t\t<div class=\"elementor-element elementor-element-9572fba elementor-widget elementor-widget-ucaddon_homecontact\" data-id=\"9572fba\" data-element_type=\"widget\" data-widget_type=\"ucaddon_homecontact.default\">\n\t\t\t\t<div class=\"elementor-widget-container\">\n\t\t\t\t\t\n<!-- start Home Contact -->\n\n<section class=\"contact_details_area\">\n    <div class=\"container\">\n        <div class=\"row\">\n            <div class=\"col-lg-2 d-flex\">\n                <div class=\"c_details_inner\">\n                    <div class=\"main_title\">\n                    <h2>Contactez nous<\/h2>\n                    <p>D\u00e9placements et devis gratuits.<\/p>\n                    <\/div>\n                    <div class=\"contact_details_text\">\n                        <div class=\"media\">\n                            <div class=\"d-flex\">\n                            <img decoding=\"async\" src=\"https:\/\/chaveirodelisboa.pt\/wp-content\/uploads\/2019\/08\/map-marker.png\" alt=\"\">\n                            <\/div>\n                            <div class=\"media-body\">\n                                <h4> Adresse :<\/h4>\n                                <p>Chaveiro de Lisboa<br>\nAvenida da Liberdade 110, 1269-046 Lisbonne<\/p>\n                            <\/div>\n                        <\/div>\n                        <div class=\"media\">\n                            <div class=\"d-flex\">\n                            <img decoding=\"async\" src=\"https:\/\/chaveirodelisboa.pt\/wp-content\/uploads\/2019\/08\/phone-2.png\" alt=\"\">\n                            <\/div>\n                            <div class=\"media-body\">\n                                <h4>T\u00e9l\u00e9phone :<\/h4>\n                                <a href=\"tel:+351 962 558 187\">+351 962 558 187<\/a>\n                            <\/div>\n                        <\/div>\n                        <div class=\"media\">\n                            <div class=\"d-flex\">\n                                <img decoding=\"async\" src=\"https:\/\/chaveirodelisboa.pt\/wp-content\/uploads\/2019\/08\/inbox.png\" alt=\"\">\n                            <\/div>\n                            <div class=\"media-body\">\n                                <h4>Courriel :<\/h4>\n                                <a href=\"mailto:geral@chaveirodelisboa.pt\">geral@chaveirodelisboa.pt<\/a>\n                            <\/div>\n                        <\/div>\n                    <\/div>\n                <\/div>\n            <\/div>\n            <div class=\"col-lg-10\">\n                <div class=\"contact_form_area\">\n                    <h3>Envoyer un message<\/h3>\n                    \n<div class=\"wpcf7 no-js\" id=\"wpcf7-f2763-o1\" lang=\"pt-PT\" dir=\"ltr\" data-wpcf7-id=\"2763\">\n<div class=\"screen-reader-response\"><p role=\"status\" aria-live=\"polite\" aria-atomic=\"true\"><\/p> <ul><\/ul><\/div>\n<form action=\"\/fr\/wp-json\/wp\/v2\/pages\/231#wpcf7-f2763-o1\" method=\"post\" class=\"wpcf7-form init\" aria-label=\"Contact form\" novalidate=\"novalidate\" data-status=\"init\" data-trp-original-action=\"\/fr\/wp-json\/wp\/v2\/pages\/231#wpcf7-f2763-o1\">\n<div style=\"display: none;\">\n<input type=\"hidden\" name=\"_wpcf7\" value=\"2763\" \/>\n<input type=\"hidden\" name=\"_wpcf7_version\" value=\"6.0.4\" \/>\n<input type=\"hidden\" name=\"_wpcf7_locale\" value=\"pt_PT\" \/>\n<input type=\"hidden\" name=\"_wpcf7_unit_tag\" value=\"wpcf7-f2763-o1\" \/>\n<input type=\"hidden\" name=\"_wpcf7_container_post\" value=\"0\" \/>\n<input type=\"hidden\" name=\"_wpcf7_posted_data_hash\" value=\"\" \/>\n<\/div>\n<p><label> Votre nom<br \/>\n<span class=\"wpcf7-form-control-wrap\" data-name=\"your-name\"><input size=\"40\" maxlength=\"400\" class=\"wpcf7-form-control wpcf7-text wpcf7-validates-as-required\" autocomplete=\"name\" aria-required=\"true\" aria-invalid=\"false\" value=\"\" type=\"text\" name=\"your-name\" \/><\/span> <\/label>\n<\/p>\n<p><label> Votre adresse \u00e9lectronique<br \/>\n<span class=\"wpcf7-form-control-wrap\" data-name=\"your-email\"><input size=\"40\" maxlength=\"400\" class=\"wpcf7-form-control wpcf7-email wpcf7-validates-as-required wpcf7-text wpcf7-validates-as-email\" autocomplete=\"email\" aria-required=\"true\" aria-invalid=\"false\" value=\"\" type=\"email\" name=\"your-email\" \/><\/span> <\/label>\n<\/p>\n<p><label> Sujet<br \/>\n<span class=\"wpcf7-form-control-wrap\" data-name=\"your-subject\"><input size=\"40\" maxlength=\"400\" class=\"wpcf7-form-control wpcf7-text wpcf7-validates-as-required\" aria-required=\"true\" aria-invalid=\"false\" value=\"\" type=\"text\" name=\"your-subject\" \/><\/span> <\/label>\n<\/p>\n<p><label> Votre message<br \/>\n<span class=\"wpcf7-form-control-wrap\" data-name=\"your-message\"><textarea cols=\"40\" rows=\"10\" maxlength=\"2000\" class=\"wpcf7-form-control wpcf7-textarea\" aria-invalid=\"false\" name=\"your-message\"><\/textarea><\/span> <\/label>\n<\/p>\n<p><input class=\"wpcf7-form-control wpcf7-submit has-spinner\" type=\"submit\" value=\"Soumettre\" \/>\n<\/p><p style=\"display: none !important;\" class=\"akismet-fields-container\" data-prefix=\"_wpcf7_ak_\"><label>&#916;<textarea name=\"_wpcf7_ak_hp_textarea\" cols=\"45\" rows=\"8\" maxlength=\"100\"><\/textarea><\/label><input type=\"hidden\" id=\"ak_js_1\" name=\"_wpcf7_ak_js\" value=\"193\"\/><script>document.getElementById( \"ak_js_1\" ).setAttribute( \"value\", ( new Date() ).getTime() );<\/script><\/p><div class=\"wpcf7-response-output\" aria-hidden=\"true\"><\/div>\n<input type=\"hidden\" name=\"trp-form-language\" value=\"fr\"\/><\/form>\n<\/div>\n\n                <\/div>\n            <\/div>\n        <\/div>\n    <\/div>\n<\/section>\n<!-- end Home Contact -->\t\t\t\t<\/div>\n\t\t\t\t<\/div>\n\t\t\t\t\t<\/div>\n\t\t<\/div>\n\t\t\t\t\t<\/div>\n\t\t<\/section>\n\t\t<div class=\"elementor-element elementor-element-37b7bc4 e-flex e-con-boxed e-con e-parent\" data-id=\"37b7bc4\" data-element_type=\"container\">\n\t\t\t\t\t<div class=\"e-con-inner\">\n\t\t\t\t<div class=\"elementor-element elementor-element-c695f07 elementor-widget elementor-widget-html\" data-id=\"c695f07\" data-element_type=\"widget\" data-widget_type=\"html.default\">\n\t\t\t\t<div class=\"elementor-widget-container\">\n\t\t\t\t\t<iframe src=\"https:\/\/www.google.com\/maps\/embed?pb=!1m18!1m12!1m3!1d24902.137433932752!2d-9.185580520898439!3d38.72315399999999!2m3!1f0!2f0!3f0!3m2!1i1024!2i768!4f13.1!3m3!1m2!1s0x8e3c2a33450dbec3%3A0xb53b3494f66c44e2!2sChaveiro%20de%20Lisboa!5e0!3m2!1sfr!2spt!4v1738830871020!5m2!1sfr!2spt\" width=\"600\" height=\"450\" style=\"border:0;\" allowfullscreen=\"\" loading=\"lazy\" referrerpolicy=\"no-referrer-when-downgrade\"><\/iframe>\t\t\t\t<\/div>\n\t\t\t\t<\/div>\n\t\t\t\t\t<\/div>\n\t\t\t\t<\/div>\n\t\t\t\t<\/div>","protected":false},"excerpt":{"rendered":"<p>Contactez-nous Devis gratuits et itin\u00e9rants. Adresse : Chaveiro de Lisboa Avenida da Liberdade 110, 1269-046 Lisboa T\u00e9l\u00e9phone : +351 962 558 187 Courriel : geral@chaveirodelisboa.pt Envoyer un message<\/p>","protected":false},"author":1,"featured_media":0,"parent":0,"menu_order":0,"comment_status":"closed","ping_status":"closed","template":"elementor_header_footer","meta":{"footnotes":""},"class_list":["post-231","page","type-page","status-publish","hentry"],"yoast_head":"<!-- This site is optimized with the Yoast SEO plugin v24.5 - https:\/\/yoast.com\/wordpress\/plugins\/seo\/ -->\n<title>Contatos<\/title>\n<meta name=\"robots\" content=\"index, follow, max-snippet:-1, max-image-preview:large, max-video-preview:-1\" \/>\n<link rel=\"canonical\" href=\"https:\/\/chaveirodelisboa.pt\/fr\/contacts\/\" \/>\n<meta property=\"og:locale\" content=\"fr_FR\" \/>\n<meta property=\"og:type\" content=\"article\" \/>\n<meta property=\"og:title\" content=\"Contatos\" \/>\n<meta property=\"og:description\" content=\"Entre em Contato Desloca\u00e7\u00f5es e or\u00e7amentos gratuitos. Endere\u00e7o : Chaveiro de Lisboa Avenida da Liberdade 110, 1269-046 Lisboa Telefone : +351 962 558 187 Email : geral@chaveirodelisboa.pt Envie uma mensagem\" \/>\n<meta property=\"og:url\" content=\"https:\/\/chaveirodelisboa.pt\/fr\/contacts\/\" \/>\n<meta property=\"og:site_name\" content=\"Chaveiro de Lisboa\" \/>\n<meta property=\"article:modified_time\" content=\"2025-02-26T10:49:17+00:00\" \/>\n<meta property=\"og:image\" content=\"https:\/\/chaveirodelisboa.pt\/wp-content\/uploads\/2019\/08\/map-marker.png\" \/>\n<meta name=\"twitter:card\" content=\"summary_large_image\" \/>\n<meta name=\"twitter:label1\" content=\"Est. reading time\" \/>\n\t<meta name=\"twitter:data1\" content=\"1 minute\" \/>\n<script type=\"application\/ld+json\" class=\"yoast-schema-graph\">{\"@context\":\"https:\/\/schema.org\",\"@graph\":[{\"@type\":\"WebPage\",\"@id\":\"https:\/\/chaveirodelisboa.pt\/contatos\/\",\"url\":\"https:\/\/chaveirodelisboa.pt\/contatos\/\",\"name\":\"Contatos\",\"isPartOf\":{\"@id\":\"https:\/\/chaveirodelisboa.pt\/#website\"},\"primaryImageOfPage\":{\"@id\":\"https:\/\/chaveirodelisboa.pt\/contatos\/#primaryimage\"},\"image\":{\"@id\":\"https:\/\/chaveirodelisboa.pt\/contatos\/#primaryimage\"},\"thumbnailUrl\":\"https:\/\/chaveirodelisboa.pt\/wp-content\/uploads\/2019\/08\/map-marker.png\",\"datePublished\":\"2019-08-08T09:57:55+00:00\",\"dateModified\":\"2025-02-26T10:49:17+00:00\",\"breadcrumb\":{\"@id\":\"https:\/\/chaveirodelisboa.pt\/contatos\/#breadcrumb\"},\"inLanguage\":\"fr-FR\",\"potentialAction\":[{\"@type\":\"ReadAction\",\"target\":[\"https:\/\/chaveirodelisboa.pt\/contatos\/\"]}]},{\"@type\":\"ImageObject\",\"inLanguage\":\"fr-FR\",\"@id\":\"https:\/\/chaveirodelisboa.pt\/contatos\/#primaryimage\",\"url\":\"https:\/\/chaveirodelisboa.pt\/wp-content\/uploads\/2019\/08\/map-marker.png\",\"contentUrl\":\"https:\/\/chaveirodelisboa.pt\/wp-content\/uploads\/2019\/08\/map-marker.png\"},{\"@type\":\"BreadcrumbList\",\"@id\":\"https:\/\/chaveirodelisboa.pt\/contatos\/#breadcrumb\",\"itemListElement\":[{\"@type\":\"ListItem\",\"position\":1,\"name\":\"Home\",\"item\":\"https:\/\/chaveirodelisboa.pt\/\"},{\"@type\":\"ListItem\",\"position\":2,\"name\":\"Contatos\"}]},{\"@type\":\"WebSite\",\"@id\":\"https:\/\/chaveirodelisboa.pt\/#website\",\"url\":\"https:\/\/chaveirodelisboa.pt\/\",\"name\":\"Chaveiro de Lisboa\",\"description\":\"\ud83d\udd11 Solu\u00e7\u00f5es em chaveiro urgentes e confi\u00e1veis em Lisboa, 24 horas por dia.\",\"potentialAction\":[{\"@type\":\"SearchAction\",\"target\":{\"@type\":\"EntryPoint\",\"urlTemplate\":\"https:\/\/chaveirodelisboa.pt\/?s={search_term_string}\"},\"query-input\":{\"@type\":\"PropertyValueSpecification\",\"valueRequired\":true,\"valueName\":\"search_term_string\"}}],\"inLanguage\":\"fr-FR\"}]}<\/script>\n<!-- \/ Yoast SEO plugin. -->","yoast_head_json":{"title":"Contatos","robots":{"index":"index","follow":"follow","max-snippet":"max-snippet:-1","max-image-preview":"max-image-preview:large","max-video-preview":"max-video-preview:-1"},"canonical":"https:\/\/chaveirodelisboa.pt\/fr\/contacts\/","og_locale":"fr_FR","og_type":"article","og_title":"Contatos","og_description":"Entre em Contato Desloca\u00e7\u00f5es e or\u00e7amentos gratuitos. Endere\u00e7o : Chaveiro de Lisboa Avenida da Liberdade 110, 1269-046 Lisboa Telefone : +351 962 558 187 Email : geral@chaveirodelisboa.pt Envie uma mensagem","og_url":"https:\/\/chaveirodelisboa.pt\/fr\/contacts\/","og_site_name":"Chaveiro de Lisboa","article_modified_time":"2025-02-26T10:49:17+00:00","og_image":[{"url":"https:\/\/chaveirodelisboa.pt\/wp-content\/uploads\/2019\/08\/map-marker.png","type":"","width":"","height":""}],"twitter_card":"summary_large_image","twitter_misc":{"Est. reading time":"1 minute"},"schema":{"@context":"https:\/\/schema.org","@graph":[{"@type":"WebPage","@id":"https:\/\/chaveirodelisboa.pt\/contatos\/","url":"https:\/\/chaveirodelisboa.pt\/contatos\/","name":"Contatos","isPartOf":{"@id":"https:\/\/chaveirodelisboa.pt\/#website"},"primaryImageOfPage":{"@id":"https:\/\/chaveirodelisboa.pt\/contatos\/#primaryimage"},"image":{"@id":"https:\/\/chaveirodelisboa.pt\/contatos\/#primaryimage"},"thumbnailUrl":"https:\/\/chaveirodelisboa.pt\/wp-content\/uploads\/2019\/08\/map-marker.png","datePublished":"2019-08-08T09:57:55+00:00","dateModified":"2025-02-26T10:49:17+00:00","breadcrumb":{"@id":"https:\/\/chaveirodelisboa.pt\/contatos\/#breadcrumb"},"inLanguage":"fr-FR","potentialAction":[{"@type":"ReadAction","target":["https:\/\/chaveirodelisboa.pt\/contatos\/"]}]},{"@type":"ImageObject","inLanguage":"fr-FR","@id":"https:\/\/chaveirodelisboa.pt\/contatos\/#primaryimage","url":"https:\/\/chaveirodelisboa.pt\/wp-content\/uploads\/2019\/08\/map-marker.png","contentUrl":"https:\/\/chaveirodelisboa.pt\/wp-content\/uploads\/2019\/08\/map-marker.png"},{"@type":"BreadcrumbList","@id":"https:\/\/chaveirodelisboa.pt\/contatos\/#breadcrumb","itemListElement":[{"@type":"ListItem","position":1,"name":"Home","item":"https:\/\/chaveirodelisboa.pt\/"},{"@type":"ListItem","position":2,"name":"Contatos"}]},{"@type":"WebSite","@id":"https:\/\/chaveirodelisboa.pt\/#website","url":"https:\/\/chaveirodelisboa.pt\/","name":"Chaveiro de Lisboa","description":"\ud83d\udd11 Solu\u00e7\u00f5es em chaveiro urgentes e confi\u00e1veis em Lisboa, 24 horas por dia.","potentialAction":[{"@type":"SearchAction","target":{"@type":"EntryPoint","urlTemplate":"https:\/\/chaveirodelisboa.pt\/?s={search_term_string}"},"query-input":{"@type":"PropertyValueSpecification","valueRequired":true,"valueName":"search_term_string"}}],"inLanguage":"fr-FR"}]}},"_links":{"self":[{"href":"https:\/\/chaveirodelisboa.pt\/fr\/wp-json\/wp\/v2\/pages\/231","targetHints":{"allow":["GET"]}}],"collection":[{"href":"https:\/\/chaveirodelisboa.pt\/fr\/wp-json\/wp\/v2\/pages"}],"about":[{"href":"https:\/\/chaveirodelisboa.pt\/fr\/wp-json\/wp\/v2\/types\/page"}],"author":[{"embeddable":true,"href":"https:\/\/chaveirodelisboa.pt\/fr\/wp-json\/wp\/v2\/users\/1"}],"replies":[{"embeddable":true,"href":"https:\/\/chaveirodelisboa.pt\/fr\/wp-json\/wp\/v2\/comments?post=231"}],"version-history":[{"count":0,"href":"https:\/\/chaveirodelisboa.pt\/fr\/wp-json\/wp\/v2\/pages\/231\/revisions"}],"wp:attachment":[{"href":"https:\/\/chaveirodelisboa.pt\/fr\/wp-json\/wp\/v2\/media?parent=231"}],"curies":[{"name":"wp","href":"https:\/\/api.w.org\/{rel}","templated":true}]}}