{"id":2801,"date":"2025-02-02T07:32:26","date_gmt":"2025-02-02T07:32:26","guid":{"rendered":"https:\/\/chaveirodelisboa.pt\/?page_id=2801"},"modified":"2025-02-02T07:32:33","modified_gmt":"2025-02-02T07:32:33","slug":"mudanca-de-fechadura","status":"publish","type":"page","link":"https:\/\/chaveirodelisboa.pt\/fr\/changement-de-serrure\/","title":{"rendered":"Changement de serrure \u00e0 Lisbonne - Service professionnel 24h\/24"},"content":{"rendered":"<section>\n<p>Vous avez besoin <strong>changement de serrure<\/strong>? Que ce soit pour des raisons de s\u00e9curit\u00e9, d'usure ou de perte de cl\u00e9s, le changement de la serrure de votre porte est indispensable pour assurer la protection de votre propri\u00e9t\u00e9. Gr\u00e2ce \u00e0 un service professionnel, nous garantissons un travail rapide et s\u00fbr, \u00e9vitant tout dommage \u00e0 votre porte.<\/p>\n<\/section>\n<section>\n<h2>Quand faut-il changer la serrure ?<\/h2>\n<p>La serrure est la principale barri\u00e8re de s\u00e9curit\u00e9 d'une maison, d'un bureau ou d'un \u00e9tablissement commercial. Si elle est endommag\u00e9e ou obsol\u00e8te, la s\u00e9curit\u00e9 de la propri\u00e9t\u00e9 peut \u00eatre compromise. Voici quelques situations o\u00f9 le changement de serrure est recommand\u00e9 :<\/p>\n<ul>\n<li><strong>Perte ou vol de cl\u00e9s<\/strong> - Si vous avez perdu vos cl\u00e9s, n'importe qui peut acc\u00e9der \u00e0 votre propri\u00e9t\u00e9.<\/li>\n<li><strong>Serrure ancienne ou us\u00e9e<\/strong> - Avec le temps, les serrures peuvent devenir d\u00e9fectueuses et difficiles \u00e0 utiliser.<\/li>\n<li><strong>Apr\u00e8s une tentative d'effraction<\/strong> - En cas de tentative d'effraction, le changement de serrure assure une plus grande s\u00e9curit\u00e9.<\/li>\n<li><strong>Changement de locataire<\/strong> - Dans les propri\u00e9t\u00e9s lou\u00e9es, le changement de serrure \u00e0 la fin du contrat permet d'\u00e9viter les acc\u00e8s ind\u00e9sirables.<\/li>\n<li><strong>Am\u00e9liorer la s\u00e9curit\u00e9<\/strong> - Les serrures plus modernes offrent une meilleure r\u00e9sistance aux effractions.<\/li>\n<\/ul>\n<\/section>\n<section>\n<h2>Types de serrures disponibles<\/h2>\n<p>Le choix de la bonne serrure d\u00e9pend du type de porte et du niveau de s\u00e9curit\u00e9 souhait\u00e9. D\u00e9couvrez les principales options :<\/p>\n<ul>\n<li><strong>Serrures cylindriques<\/strong> - Courants dans les portes r\u00e9sidentielles, ils offrent une bonne s\u00e9curit\u00e9.<\/li>\n<li><strong>Serrures multipoints<\/strong> - Ils comportent plusieurs points de verrouillage, renfor\u00e7ant ainsi la protection.<\/li>\n<li><strong>Serrures \u00e9lectroniques<\/strong> - Mod\u00e8les modernes utilisant un mot de passe, une carte ou des donn\u00e9es biom\u00e9triques.<\/li>\n<li><strong>Serrures \u00e0 mortaiser<\/strong> - Int\u00e9gr\u00e9 \u00e0 la porte, il offre plus de discr\u00e9tion et de s\u00e9curit\u00e9.<\/li>\n<li><strong>Serrures de haute s\u00e9curit\u00e9<\/strong> - R\u00e9sistant \u00e0 l'effraction, id\u00e9al pour les portes blind\u00e9es.<\/li>\n<\/ul>\n<\/section>\n<section>\n<h2>Pourquoi faire appel \u00e0 un professionnel pour changer la serrure ?<\/h2>\n<p>Le changement de serrure peut para\u00eetre simple, mais s'il n'est pas effectu\u00e9 correctement, il peut mettre en p\u00e9ril la s\u00e9curit\u00e9 et le fonctionnement de la porte. Faire appel \u00e0 un professionnel en est la garantie :<\/p>\n<ul>\n<li><strong>Installation sans dommages<\/strong> - Le travail est effectu\u00e9 sans endommager la porte ou le montant.<\/li>\n<li><strong>S\u00e9curit\u00e9 accrue<\/strong> - La serrure est install\u00e9e correctement afin d'\u00e9viter toute erreur.<\/li>\n<li><strong>Choisir le meilleur mod\u00e8le<\/strong> - Un sp\u00e9cialiste peut vous recommander la serrure la mieux adapt\u00e9e \u00e0 votre situation.<\/li>\n<li><strong>Rapidit\u00e9 et efficacit\u00e9<\/strong> - Service effectu\u00e9 dans les plus brefs d\u00e9lais, avec une qualit\u00e9 garantie.<\/li>\n<\/ul>\n<\/section>\n<section>\n<h2>Combien co\u00fbte le changement d'une serrure ?<\/h2>\n<p>Le co\u00fbt de la <strong>changement de serrure<\/strong> peut varier en fonction du type de serrure choisi et de la complexit\u00e9 de l'installation. Les mod\u00e8les \u00e9lectroniques et de haute s\u00e9curit\u00e9 peuvent co\u00fbter plus cher, mais ils garantissent une plus grande protection.<\/p>\n<p>L'important est de choisir un service de qualit\u00e9 pour que l'\u00e9change se fasse correctement et sans complications.<\/p>\n<\/section>\n<section>\n<h2>Assistance 24 heures sur 24 pour le changement de serrure \u00e0 Lisbonne<\/h2>\n<p>Les probl\u00e8mes de serrures peuvent survenir \u00e0 n'importe quelle heure du jour ou de la nuit. C'est pourquoi nous proposons un service de changement de serrure d'urgence 24 heures sur 24, garantissant une assistance rapide lorsque vous en avez le plus besoin.<\/p>\n<p>Si vous vous \u00eates enferm\u00e9 dehors, si vous avez perdu vos cl\u00e9s ou si vous avez besoin de renforcer votre s\u00e9curit\u00e9, nous sommes pr\u00eats \u00e0 vous aider.<\/p>\n<\/section>\n<section>\n<h2>S\u00e9curisez votre propri\u00e9t\u00e9 gr\u00e2ce \u00e0 un service professionnel<\/h2>\n<p>Qu'il s'agisse de changer une serrure endommag\u00e9e, de renforcer la s\u00e9curit\u00e9 de votre propri\u00e9t\u00e9 ou de remplacer un vieux mod\u00e8le, l'intervention d'un professionnel fait toute la diff\u00e9rence. Nous travaillons avec les meilleures marques et garantissons un service rapide et efficace.<\/p>\n<p><strong>Besoin d'un changement de serrure \u00e0 Lisbonne ?<\/strong> Ne risquez pas votre s\u00e9curit\u00e9 ! Faites confiance \u00e0 des experts pour un service s\u00fbr, fiable et de qualit\u00e9.<\/p>\n<\/section>","protected":false},"excerpt":{"rendered":"<p>Precisa de mudan\u00e7a de fechadura? Seja por seguran\u00e7a, desgaste ou perda de chaves, trocar a fechadura da sua porta \u00e9 essencial para manter a prote\u00e7\u00e3o do seu im\u00f3vel. Com um servi\u00e7o profissional, garantimos um trabalho r\u00e1pido e seguro, evitando qualquer dano \u00e0 sua porta. Quando \u00e9 necess\u00e1rio trocar a fechadura? A fechadura \u00e9 a principal [&hellip;]<\/p>","protected":false},"author":1,"featured_media":0,"parent":0,"menu_order":0,"comment_status":"closed","ping_status":"closed","template":"","meta":{"footnotes":""},"class_list":["post-2801","page","type-page","status-publish","hentry"],"yoast_head":"<!-- This site is optimized with the Yoast SEO plugin v24.5 - https:\/\/yoast.com\/wordpress\/plugins\/seo\/ -->\n<title>Mudan\u00e7a de Fechadura em Lisboa \u2013 Servi\u00e7o Profissional 24h<\/title>\n<meta name=\"description\" content=\"Mudan\u00e7a de fechadura em Lisboa. Servi\u00e7o profissional 24h para troca e instala\u00e7\u00e3o de fechaduras com seguran\u00e7a e efici\u00eancia.\" \/>\n<meta name=\"robots\" content=\"index, follow, max-snippet:-1, max-image-preview:large, max-video-preview:-1\" \/>\n<link rel=\"canonical\" href=\"https:\/\/chaveirodelisboa.pt\/fr\/changement-de-serrure\/\" \/>\n<meta property=\"og:locale\" content=\"fr_FR\" \/>\n<meta property=\"og:type\" content=\"article\" \/>\n<meta property=\"og:title\" content=\"Mudan\u00e7a de Fechadura em Lisboa \u2013 Servi\u00e7o Profissional 24h\" \/>\n<meta property=\"og:description\" content=\"Mudan\u00e7a de fechadura em Lisboa. Servi\u00e7o profissional 24h para troca e instala\u00e7\u00e3o de fechaduras com seguran\u00e7a e efici\u00eancia.\" \/>\n<meta property=\"og:url\" content=\"https:\/\/chaveirodelisboa.pt\/fr\/changement-de-serrure\/\" \/>\n<meta property=\"og:site_name\" content=\"Chaveiro de Lisboa\" \/>\n<meta property=\"article:modified_time\" content=\"2025-02-02T07:32:33+00:00\" \/>\n<meta name=\"twitter:card\" content=\"summary_large_image\" \/>\n<meta name=\"twitter:label1\" content=\"Est. reading time\" \/>\n\t<meta name=\"twitter:data1\" content=\"3 minutes\" \/>\n<script type=\"application\/ld+json\" class=\"yoast-schema-graph\">{\"@context\":\"https:\/\/schema.org\",\"@graph\":[{\"@type\":\"WebPage\",\"@id\":\"https:\/\/chaveirodelisboa.pt\/mudanca-de-fechadura\/\",\"url\":\"https:\/\/chaveirodelisboa.pt\/mudanca-de-fechadura\/\",\"name\":\"Mudan\u00e7a de Fechadura em Lisboa \u2013 Servi\u00e7o Profissional 24h\",\"isPartOf\":{\"@id\":\"https:\/\/chaveirodelisboa.pt\/#website\"},\"datePublished\":\"2025-02-02T07:32:26+00:00\",\"dateModified\":\"2025-02-02T07:32:33+00:00\",\"description\":\"Mudan\u00e7a de fechadura em Lisboa. Servi\u00e7o profissional 24h para troca e instala\u00e7\u00e3o de fechaduras com seguran\u00e7a e efici\u00eancia.\",\"breadcrumb\":{\"@id\":\"https:\/\/chaveirodelisboa.pt\/mudanca-de-fechadura\/#breadcrumb\"},\"inLanguage\":\"fr-FR\",\"potentialAction\":[{\"@type\":\"ReadAction\",\"target\":[\"https:\/\/chaveirodelisboa.pt\/mudanca-de-fechadura\/\"]}]},{\"@type\":\"BreadcrumbList\",\"@id\":\"https:\/\/chaveirodelisboa.pt\/mudanca-de-fechadura\/#breadcrumb\",\"itemListElement\":[{\"@type\":\"ListItem\",\"position\":1,\"name\":\"Home\",\"item\":\"https:\/\/chaveirodelisboa.pt\/\"},{\"@type\":\"ListItem\",\"position\":2,\"name\":\"Mudan\u00e7a de Fechadura em Lisboa \u2013 Servi\u00e7o Profissional 24h\"}]},{\"@type\":\"WebSite\",\"@id\":\"https:\/\/chaveirodelisboa.pt\/#website\",\"url\":\"https:\/\/chaveirodelisboa.pt\/\",\"name\":\"Chaveiro de Lisboa\",\"description\":\"\ud83d\udd11 Solu\u00e7\u00f5es em chaveiro urgentes e confi\u00e1veis em Lisboa, 24 horas por dia.\",\"potentialAction\":[{\"@type\":\"SearchAction\",\"target\":{\"@type\":\"EntryPoint\",\"urlTemplate\":\"https:\/\/chaveirodelisboa.pt\/?s={search_term_string}\"},\"query-input\":{\"@type\":\"PropertyValueSpecification\",\"valueRequired\":true,\"valueName\":\"search_term_string\"}}],\"inLanguage\":\"fr-FR\"}]}<\/script>\n<!-- \/ Yoast SEO plugin. -->","yoast_head_json":{"title":"Mudan\u00e7a de Fechadura em Lisboa \u2013 Servi\u00e7o Profissional 24h","description":"Mudan\u00e7a de fechadura em Lisboa. Servi\u00e7o profissional 24h para troca e instala\u00e7\u00e3o de fechaduras com seguran\u00e7a e efici\u00eancia.","robots":{"index":"index","follow":"follow","max-snippet":"max-snippet:-1","max-image-preview":"max-image-preview:large","max-video-preview":"max-video-preview:-1"},"canonical":"https:\/\/chaveirodelisboa.pt\/fr\/changement-de-serrure\/","og_locale":"fr_FR","og_type":"article","og_title":"Mudan\u00e7a de Fechadura em Lisboa \u2013 Servi\u00e7o Profissional 24h","og_description":"Mudan\u00e7a de fechadura em Lisboa. Servi\u00e7o profissional 24h para troca e instala\u00e7\u00e3o de fechaduras com seguran\u00e7a e efici\u00eancia.","og_url":"https:\/\/chaveirodelisboa.pt\/fr\/changement-de-serrure\/","og_site_name":"Chaveiro de Lisboa","article_modified_time":"2025-02-02T07:32:33+00:00","twitter_card":"summary_large_image","twitter_misc":{"Est. reading time":"3 minutes"},"schema":{"@context":"https:\/\/schema.org","@graph":[{"@type":"WebPage","@id":"https:\/\/chaveirodelisboa.pt\/mudanca-de-fechadura\/","url":"https:\/\/chaveirodelisboa.pt\/mudanca-de-fechadura\/","name":"Mudan\u00e7a de Fechadura em Lisboa \u2013 Servi\u00e7o Profissional 24h","isPartOf":{"@id":"https:\/\/chaveirodelisboa.pt\/#website"},"datePublished":"2025-02-02T07:32:26+00:00","dateModified":"2025-02-02T07:32:33+00:00","description":"Mudan\u00e7a de fechadura em Lisboa. Servi\u00e7o profissional 24h para troca e instala\u00e7\u00e3o de fechaduras com seguran\u00e7a e efici\u00eancia.","breadcrumb":{"@id":"https:\/\/chaveirodelisboa.pt\/mudanca-de-fechadura\/#breadcrumb"},"inLanguage":"fr-FR","potentialAction":[{"@type":"ReadAction","target":["https:\/\/chaveirodelisboa.pt\/mudanca-de-fechadura\/"]}]},{"@type":"BreadcrumbList","@id":"https:\/\/chaveirodelisboa.pt\/mudanca-de-fechadura\/#breadcrumb","itemListElement":[{"@type":"ListItem","position":1,"name":"Home","item":"https:\/\/chaveirodelisboa.pt\/"},{"@type":"ListItem","position":2,"name":"Mudan\u00e7a de Fechadura em Lisboa \u2013 Servi\u00e7o Profissional 24h"}]},{"@type":"WebSite","@id":"https:\/\/chaveirodelisboa.pt\/#website","url":"https:\/\/chaveirodelisboa.pt\/","name":"Chaveiro de Lisboa","description":"\ud83d\udd11 Solu\u00e7\u00f5es em chaveiro urgentes e confi\u00e1veis em Lisboa, 24 horas por dia.","potentialAction":[{"@type":"SearchAction","target":{"@type":"EntryPoint","urlTemplate":"https:\/\/chaveirodelisboa.pt\/?s={search_term_string}"},"query-input":{"@type":"PropertyValueSpecification","valueRequired":true,"valueName":"search_term_string"}}],"inLanguage":"fr-FR"}]}},"_links":{"self":[{"href":"https:\/\/chaveirodelisboa.pt\/fr\/wp-json\/wp\/v2\/pages\/2801","targetHints":{"allow":["GET"]}}],"collection":[{"href":"https:\/\/chaveirodelisboa.pt\/fr\/wp-json\/wp\/v2\/pages"}],"about":[{"href":"https:\/\/chaveirodelisboa.pt\/fr\/wp-json\/wp\/v2\/types\/page"}],"author":[{"embeddable":true,"href":"https:\/\/chaveirodelisboa.pt\/fr\/wp-json\/wp\/v2\/users\/1"}],"replies":[{"embeddable":true,"href":"https:\/\/chaveirodelisboa.pt\/fr\/wp-json\/wp\/v2\/comments?post=2801"}],"version-history":[{"count":0,"href":"https:\/\/chaveirodelisboa.pt\/fr\/wp-json\/wp\/v2\/pages\/2801\/revisions"}],"wp:attachment":[{"href":"https:\/\/chaveirodelisboa.pt\/fr\/wp-json\/wp\/v2\/media?parent=2801"}],"curies":[{"name":"wp","href":"https:\/\/api.w.org\/{rel}","templated":true}]}}