{"id":2825,"date":"2025-02-04T11:20:09","date_gmt":"2025-02-04T11:20:09","guid":{"rendered":"https:\/\/chaveirodelisboa.pt\/?page_id=2825"},"modified":"2025-02-04T11:20:09","modified_gmt":"2025-02-04T11:20:09","slug":"chaveiro-lisboa-24-horas","status":"publish","type":"page","link":"https:\/\/chaveirodelisboa.pt\/fr\/24-hour-locksmith-lisbon\/","title":{"rendered":"Lisbon 24 Hour Locksmith - Service rapide et s\u00e9curis\u00e9"},"content":{"rendered":"<section>\n<p>Vous avez besoin d'un <strong>24 heures de serrurerie \u00e0 Lisbonne<\/strong>? Si vous avez perdu vos cl\u00e9s, si vous \u00eates enferm\u00e9 dehors ou si vous avez besoin d'une nouvelle serrure de toute urgence, il est essentiel d'avoir un service de serrurerie disponible \u00e0 tout moment pour assurer votre s\u00e9curit\u00e9 et votre confort.<\/p>\n<\/section>\n<section>\n<h2>Quand faut-il faire appel \u00e0 un serrurier 24 heures sur 24 ?<\/h2>\n<p>Les probl\u00e8mes de serrures et de cl\u00e9s peuvent survenir \u00e0 n'importe quelle heure du jour ou de la nuit. Voici quelques situations dans lesquelles un serrurier d'urgence peut vous aider :<\/p>\n<ul>\n<li><strong>Perte ou vol de cl\u00e9s<\/strong> - \u00c9vitez les rayures en changeant imm\u00e9diatement la serrure.<\/li>\n<li><strong>Ouverture des portes<\/strong> - Si vous avez \u00e9t\u00e9 enferm\u00e9 \u00e0 l'ext\u00e9rieur de votre maison, de votre voiture ou de votre entreprise.<\/li>\n<li><strong>Cl\u00e9 cass\u00e9e dans la serrure<\/strong> - Service d'enl\u00e8vement sans endommager la porte.<\/li>\n<li><strong>Remplacement des serrures<\/strong> - Renforcer la s\u00e9curit\u00e9 de la propri\u00e9t\u00e9.<\/li>\n<li><strong>Probl\u00e8mes li\u00e9s aux cl\u00e9s cod\u00e9es<\/strong> - Pour les v\u00e9hicules \u00e9quip\u00e9s de syst\u00e8mes \u00e9lectroniques.<\/li>\n<\/ul>\n<\/section>\n<section>\n<h2>Services offerts par le serrurier de Lisbonne 24 heures sur 24<\/h2>\n<p>Quel que soit le probl\u00e8me, un serrurier professionnel peut le r\u00e9soudre rapidement. Les principaux services comprennent :<\/p>\n<ul>\n<li><strong>Ouverture de portes r\u00e9sidentielles et commerciales<\/strong> - Service rapide et pas de d\u00e9g\u00e2ts.<\/li>\n<li><strong>Changement et r\u00e9paration de serrures<\/strong> - Mod\u00e8les conventionnels et de haute s\u00e9curit\u00e9.<\/li>\n<li><strong>Remplacement des cylindres et des canons<\/strong> - Renforcer la protection du bien.<\/li>\n<li><strong>Duplication des cl\u00e9s<\/strong> - Pour les portes, les coffres-forts et les v\u00e9hicules.<\/li>\n<li><strong>R\u00e9paration des portes blind\u00e9es<\/strong> - Maintenance pour assurer une s\u00e9curit\u00e9 maximale.<\/li>\n<li><strong>Programmation de cl\u00e9s de voiture<\/strong> - Pour les voitures \u00e9quip\u00e9es d'une technologie cod\u00e9e.<\/li>\n<\/ul>\n<\/section>\n<section>\n<h2>Avantages de faire appel \u00e0 un serrurier 24 heures sur 24 \u00e0 Lisbonne<\/h2>\n<p>Les services d'un serrurier disponible \u00e0 tout moment sont indispensables en cas d'urgence. Les principaux avantages sont les suivants :<\/p>\n<ul>\n<li><strong>Service imm\u00e9diat<\/strong> - R\u00e9solution rapide du probl\u00e8me, sans attente prolong\u00e9e.<\/li>\n<li><strong>Un service sans d\u00e9g\u00e2ts<\/strong> - Des techniques modernes qui pr\u00e9servent votre porte ou votre serrure.<\/li>\n<li><strong>Des professionnels qualifi\u00e9s<\/strong> - Des techniciens exp\u00e9riment\u00e9s qui garantissent un service efficace.<\/li>\n<li><strong>Disponibilit\u00e9 24 heures sur 24<\/strong> - Aide \u00e0 tout moment, m\u00eame les jours f\u00e9ri\u00e9s et aux petites heures du matin.<\/li>\n<\/ul>\n<\/section>\n<section>\n<h2>Combien co\u00fbte un service de serrurerie 24 heures sur 24 ?<\/h2>\n<p>Le prix d'un <strong>Lisbon 24 hour locksmith<\/strong> peut varier en fonction du type de service et de la complexit\u00e9 du probl\u00e8me. Les services tels que l'ouverture de portes simples sont abordables, tandis que le changement de serrures de haute s\u00e9curit\u00e9 peut co\u00fbter plus cher.<\/p>\n<p>Investir dans un service professionnel permet de r\u00e9soudre le probl\u00e8me rapidement et sans dommage.<\/p>\n<\/section>\n<section>\n<h2>R\u00e9ponse rapide en cas d'urgence \u00e0 Lisbonne<\/h2>\n<p>Si vous avez perdu vos cl\u00e9s, si vous \u00eates enferm\u00e9 dehors ou si vous avez besoin de remplacer votre serrure en urgence, un service de serrurerie sp\u00e9cialis\u00e9 peut r\u00e9soudre le probl\u00e8me rapidement et efficacement.<\/p>\n<p>Avec un service 24 heures sur 24, nous vous garantissons une assistance quand vous en avez besoin, \u00e0 tout moment.<\/p>\n<\/section>\n<section>\n<h2>Chaveiro 24h \u00e0 Lisbonne - S\u00e9curit\u00e9 et commodit\u00e9 \u00e0 port\u00e9e de main<\/h2>\n<p>Qu'il s'agisse d'ouvrir une porte, de changer une serrure ou de faire une copie d'une cl\u00e9, vous pouvez compter sur une <strong>Serrurier 24 heures<\/strong> est essentiel pour votre tranquillit\u00e9 d'esprit.<\/p>\n<p><strong>Besoin d'un serrurier \u00e0 Lisbonne maintenant ?<\/strong> N'attendez plus ! Comptez sur des professionnels exp\u00e9riment\u00e9s pour un service rapide, s\u00fbr et efficace.<\/p>\n<\/section>","protected":false},"excerpt":{"rendered":"<p>Precisa de um chaveiro 24 horas em Lisboa? Se perdeu as chaves, ficou trancado para fora ou precisa de uma nova fechadura com urg\u00eancia, contar com um servi\u00e7o de chaveiro dispon\u00edvel a qualquer momento \u00e9 essencial para garantir sua seguran\u00e7a e comodidade. Quando chamar um chaveiro 24 horas? Problemas com fechaduras e chaves podem acontecer [&hellip;]<\/p>","protected":false},"author":1,"featured_media":0,"parent":0,"menu_order":0,"comment_status":"closed","ping_status":"closed","template":"","meta":{"footnotes":""},"class_list":["post-2825","page","type-page","status-publish","hentry"],"yoast_head":"<!-- This site is optimized with the Yoast SEO plugin v24.5 - https:\/\/yoast.com\/wordpress\/plugins\/seo\/ -->\n<title>Chaveiro Lisboa 24 Horas \u2013 Servi\u00e7o R\u00e1pido e Seguro<\/title>\n<meta name=\"robots\" content=\"index, follow, max-snippet:-1, max-image-preview:large, max-video-preview:-1\" \/>\n<link rel=\"canonical\" href=\"https:\/\/chaveirodelisboa.pt\/fr\/24-hour-locksmith-lisbon\/\" \/>\n<meta property=\"og:locale\" content=\"fr_FR\" \/>\n<meta property=\"og:type\" content=\"article\" \/>\n<meta property=\"og:title\" content=\"Chaveiro Lisboa 24 Horas \u2013 Servi\u00e7o R\u00e1pido e Seguro\" \/>\n<meta property=\"og:description\" content=\"Precisa de um chaveiro 24 horas em Lisboa? Se perdeu as chaves, ficou trancado para fora ou precisa de uma nova fechadura com urg\u00eancia, contar com um servi\u00e7o de chaveiro dispon\u00edvel a qualquer momento \u00e9 essencial para garantir sua seguran\u00e7a e comodidade. Quando chamar um chaveiro 24 horas? Problemas com fechaduras e chaves podem acontecer [&hellip;]\" \/>\n<meta property=\"og:url\" content=\"https:\/\/chaveirodelisboa.pt\/fr\/24-hour-locksmith-lisbon\/\" \/>\n<meta property=\"og:site_name\" content=\"Chaveiro de Lisboa\" \/>\n<meta name=\"twitter:card\" content=\"summary_large_image\" \/>\n<meta name=\"twitter:label1\" content=\"Est. reading time\" \/>\n\t<meta name=\"twitter:data1\" content=\"2 minutes\" \/>\n<script type=\"application\/ld+json\" class=\"yoast-schema-graph\">{\"@context\":\"https:\/\/schema.org\",\"@graph\":[{\"@type\":\"WebPage\",\"@id\":\"https:\/\/chaveirodelisboa.pt\/chaveiro-lisboa-24-horas\/\",\"url\":\"https:\/\/chaveirodelisboa.pt\/chaveiro-lisboa-24-horas\/\",\"name\":\"Chaveiro Lisboa 24 Horas \u2013 Servi\u00e7o R\u00e1pido e Seguro\",\"isPartOf\":{\"@id\":\"https:\/\/chaveirodelisboa.pt\/#website\"},\"datePublished\":\"2025-02-04T11:20:09+00:00\",\"breadcrumb\":{\"@id\":\"https:\/\/chaveirodelisboa.pt\/chaveiro-lisboa-24-horas\/#breadcrumb\"},\"inLanguage\":\"fr-FR\",\"potentialAction\":[{\"@type\":\"ReadAction\",\"target\":[\"https:\/\/chaveirodelisboa.pt\/chaveiro-lisboa-24-horas\/\"]}]},{\"@type\":\"BreadcrumbList\",\"@id\":\"https:\/\/chaveirodelisboa.pt\/chaveiro-lisboa-24-horas\/#breadcrumb\",\"itemListElement\":[{\"@type\":\"ListItem\",\"position\":1,\"name\":\"Home\",\"item\":\"https:\/\/chaveirodelisboa.pt\/\"},{\"@type\":\"ListItem\",\"position\":2,\"name\":\"Chaveiro Lisboa 24 Horas \u2013 Servi\u00e7o R\u00e1pido e Seguro\"}]},{\"@type\":\"WebSite\",\"@id\":\"https:\/\/chaveirodelisboa.pt\/#website\",\"url\":\"https:\/\/chaveirodelisboa.pt\/\",\"name\":\"Chaveiro de Lisboa\",\"description\":\"\ud83d\udd11 Solu\u00e7\u00f5es em chaveiro urgentes e confi\u00e1veis em Lisboa, 24 horas por dia.\",\"potentialAction\":[{\"@type\":\"SearchAction\",\"target\":{\"@type\":\"EntryPoint\",\"urlTemplate\":\"https:\/\/chaveirodelisboa.pt\/?s={search_term_string}\"},\"query-input\":{\"@type\":\"PropertyValueSpecification\",\"valueRequired\":true,\"valueName\":\"search_term_string\"}}],\"inLanguage\":\"fr-FR\"}]}<\/script>\n<!-- \/ Yoast SEO plugin. -->","yoast_head_json":{"title":"Chaveiro Lisboa 24 Horas \u2013 Servi\u00e7o R\u00e1pido e Seguro","robots":{"index":"index","follow":"follow","max-snippet":"max-snippet:-1","max-image-preview":"max-image-preview:large","max-video-preview":"max-video-preview:-1"},"canonical":"https:\/\/chaveirodelisboa.pt\/fr\/24-hour-locksmith-lisbon\/","og_locale":"fr_FR","og_type":"article","og_title":"Chaveiro Lisboa 24 Horas \u2013 Servi\u00e7o R\u00e1pido e Seguro","og_description":"Precisa de um chaveiro 24 horas em Lisboa? Se perdeu as chaves, ficou trancado para fora ou precisa de uma nova fechadura com urg\u00eancia, contar com um servi\u00e7o de chaveiro dispon\u00edvel a qualquer momento \u00e9 essencial para garantir sua seguran\u00e7a e comodidade. Quando chamar um chaveiro 24 horas? Problemas com fechaduras e chaves podem acontecer [&hellip;]","og_url":"https:\/\/chaveirodelisboa.pt\/fr\/24-hour-locksmith-lisbon\/","og_site_name":"Chaveiro de Lisboa","twitter_card":"summary_large_image","twitter_misc":{"Est. reading time":"2 minutes"},"schema":{"@context":"https:\/\/schema.org","@graph":[{"@type":"WebPage","@id":"https:\/\/chaveirodelisboa.pt\/chaveiro-lisboa-24-horas\/","url":"https:\/\/chaveirodelisboa.pt\/chaveiro-lisboa-24-horas\/","name":"Chaveiro Lisboa 24 Horas \u2013 Servi\u00e7o R\u00e1pido e Seguro","isPartOf":{"@id":"https:\/\/chaveirodelisboa.pt\/#website"},"datePublished":"2025-02-04T11:20:09+00:00","breadcrumb":{"@id":"https:\/\/chaveirodelisboa.pt\/chaveiro-lisboa-24-horas\/#breadcrumb"},"inLanguage":"fr-FR","potentialAction":[{"@type":"ReadAction","target":["https:\/\/chaveirodelisboa.pt\/chaveiro-lisboa-24-horas\/"]}]},{"@type":"BreadcrumbList","@id":"https:\/\/chaveirodelisboa.pt\/chaveiro-lisboa-24-horas\/#breadcrumb","itemListElement":[{"@type":"ListItem","position":1,"name":"Home","item":"https:\/\/chaveirodelisboa.pt\/"},{"@type":"ListItem","position":2,"name":"Chaveiro Lisboa 24 Horas \u2013 Servi\u00e7o R\u00e1pido e Seguro"}]},{"@type":"WebSite","@id":"https:\/\/chaveirodelisboa.pt\/#website","url":"https:\/\/chaveirodelisboa.pt\/","name":"Chaveiro de Lisboa","description":"\ud83d\udd11 Solu\u00e7\u00f5es em chaveiro urgentes e confi\u00e1veis em Lisboa, 24 horas por dia.","potentialAction":[{"@type":"SearchAction","target":{"@type":"EntryPoint","urlTemplate":"https:\/\/chaveirodelisboa.pt\/?s={search_term_string}"},"query-input":{"@type":"PropertyValueSpecification","valueRequired":true,"valueName":"search_term_string"}}],"inLanguage":"fr-FR"}]}},"_links":{"self":[{"href":"https:\/\/chaveirodelisboa.pt\/fr\/wp-json\/wp\/v2\/pages\/2825","targetHints":{"allow":["GET"]}}],"collection":[{"href":"https:\/\/chaveirodelisboa.pt\/fr\/wp-json\/wp\/v2\/pages"}],"about":[{"href":"https:\/\/chaveirodelisboa.pt\/fr\/wp-json\/wp\/v2\/types\/page"}],"author":[{"embeddable":true,"href":"https:\/\/chaveirodelisboa.pt\/fr\/wp-json\/wp\/v2\/users\/1"}],"replies":[{"embeddable":true,"href":"https:\/\/chaveirodelisboa.pt\/fr\/wp-json\/wp\/v2\/comments?post=2825"}],"version-history":[{"count":0,"href":"https:\/\/chaveirodelisboa.pt\/fr\/wp-json\/wp\/v2\/pages\/2825\/revisions"}],"wp:attachment":[{"href":"https:\/\/chaveirodelisboa.pt\/fr\/wp-json\/wp\/v2\/media?parent=2825"}],"curies":[{"name":"wp","href":"https:\/\/api.w.org\/{rel}","templated":true}]}}