{"id":2826,"date":"2025-02-04T11:23:27","date_gmt":"2025-02-04T11:23:27","guid":{"rendered":"https:\/\/chaveirodelisboa.pt\/?page_id=2826"},"modified":"2025-02-04T11:23:33","modified_gmt":"2025-02-04T11:23:33","slug":"chaveiro-amadora","status":"publish","type":"page","link":"https:\/\/chaveirodelisboa.pt\/fr\/serrurier-amateur\/","title":{"rendered":"Serruriers d'Amadora - Service rapide et s\u00e9curis\u00e9 24 heures sur 24"},"content":{"rendered":"<section>\n<p>Si vous avez besoin d'un <strong>serruriers \u00e0 Amadora<\/strong>Qu'il s'agisse d'ouvrir une porte, de changer une serrure ou de faire un double de cl\u00e9, vous pouvez compter sur un service sp\u00e9cialis\u00e9 disponible 24 heures sur 24. Avec un service rapide et s\u00fbr, nous vous garantissons la meilleure solution pour vos besoins.<\/p>\n<\/section>\n<section>\n<h2>Quand faire appel \u00e0 un serrurier \u00e0 Amadora ?<\/h2>\n<p>Les probl\u00e8mes de serrures et de cl\u00e9s peuvent survenir \u00e0 tout moment. Voici quelques situations dans lesquelles un serrurier d'urgence peut vous aider :<\/p>\n<ul>\n<li><strong>Perte ou vol de cl\u00e9s<\/strong> - Remplacer la serrure pour \u00e9viter les risques de s\u00e9curit\u00e9.<\/li>\n<li><strong>Ouverture de portes verrouill\u00e9es<\/strong> - R\u00e9sidentiel, commercial et automobile.<\/li>\n<li><strong>Cl\u00e9 cass\u00e9e dans la serrure<\/strong> - Service d'enl\u00e8vement sans endommager la porte.<\/li>\n<li><strong>Changement et r\u00e9paration de serrures<\/strong> - Renforcer la s\u00e9curit\u00e9 de la propri\u00e9t\u00e9.<\/li>\n<li><strong>Programmation de cl\u00e9s de voiture<\/strong> - Pour les v\u00e9hicules \u00e9quip\u00e9s de syst\u00e8mes \u00e9lectroniques.<\/li>\n<\/ul>\n<\/section>\n<section>\n<h2>Services offerts par les serruriers d'Amadora<\/h2>\n<p>Quel que soit le probl\u00e8me, un serrurier professionnel peut le r\u00e9soudre rapidement. Les principaux services comprennent :<\/p>\n<ul>\n<li><strong>Ouverture des portes<\/strong> - Un service rapide et sans d\u00e9g\u00e2ts pour les particuliers et les entreprises.<\/li>\n<li><strong>Changement et r\u00e9paration de serrures<\/strong> - Mod\u00e8les conventionnels et de haute s\u00e9curit\u00e9.<\/li>\n<li><strong>Remplacement des cylindres et des canons<\/strong> - Renforcer la s\u00e9curit\u00e9.<\/li>\n<li><strong>Duplication des cl\u00e9s<\/strong> - Pour les portes, les coffres-forts et les v\u00e9hicules.<\/li>\n<li><strong>R\u00e9paration et entretien des portes blind\u00e9es<\/strong> - Pour garantir une protection maximale.<\/li>\n<li><strong>Programmation de cl\u00e9s de voiture<\/strong> - Pour les voitures \u00e9quip\u00e9es d'une technologie cod\u00e9e.<\/li>\n<\/ul>\n<\/section>\n<section>\n<h2>Les avantages d'engager un serrurier professionnel \u00e0 Amadora<\/h2>\n<p>Les services d'un serrurier sp\u00e9cialis\u00e9 sont indispensables en cas d'urgence. Les principaux avantages sont les suivants :<\/p>\n<ul>\n<li><strong>Service imm\u00e9diat<\/strong> - R\u00e9solution rapide du probl\u00e8me, sans attente prolong\u00e9e.<\/li>\n<li><strong>Un service sans d\u00e9g\u00e2ts<\/strong> - Des techniques modernes qui pr\u00e9servent votre porte ou votre serrure.<\/li>\n<li><strong>Des professionnels qualifi\u00e9s<\/strong> - Des techniciens exp\u00e9riment\u00e9s qui garantissent un service efficace.<\/li>\n<li><strong>Disponibilit\u00e9 24 heures sur 24<\/strong> - Aide \u00e0 tout moment, m\u00eame les jours f\u00e9ri\u00e9s et aux petites heures du matin.<\/li>\n<\/ul>\n<\/section>\n<section>\n<h2>Quel est le co\u00fbt d'un service de serrurerie \u00e0 Amadora ?<\/h2>\n<p>Le prix d'un <strong>serruriers \u00e0 Amadora<\/strong> peut varier en fonction du type de service et de la complexit\u00e9 du probl\u00e8me. Les services tels que l'ouverture de portes simples sont abordables, tandis que le changement de serrures de haute s\u00e9curit\u00e9 peut co\u00fbter plus cher.<\/p>\n<p>Investir dans un service professionnel permet de r\u00e9soudre le probl\u00e8me rapidement et sans dommage.<\/p>\n<\/section>\n<section>\n<h2>R\u00e9ponse rapide en cas d'urgence \u00e0 Amadora<\/h2>\n<p>Si vous avez perdu vos cl\u00e9s, si vous \u00eates enferm\u00e9 dehors ou si vous avez besoin de remplacer votre serrure en urgence, un service de serrurerie sp\u00e9cialis\u00e9 peut r\u00e9soudre le probl\u00e8me rapidement et efficacement.<\/p>\n<p>Avec un service 24 heures sur 24, nous vous garantissons une assistance quand vous en avez besoin, \u00e0 tout moment.<\/p>\n<\/section>\n<section>\n<h2>Porte-cl\u00e9s \u00e0 Amadora - S\u00e9curit\u00e9 et commodit\u00e9 \u00e0 port\u00e9e de main<\/h2>\n<p>Qu'il s'agisse d'ouvrir une porte, de changer une serrure ou de faire une copie d'une cl\u00e9, vous pouvez compter sur une <strong>serruriers \u00e0 Amadora<\/strong> est essentiel pour votre tranquillit\u00e9 d'esprit.<\/p>\n<p><strong>Besoin d'un serrurier \u00e0 Amadora maintenant ?<\/strong> N'attendez plus ! Comptez sur des professionnels exp\u00e9riment\u00e9s pour un service rapide, s\u00fbr et efficace.<\/p>\n<\/section>","protected":false},"excerpt":{"rendered":"<p>Se precisa de um chaveiro em Amadora, seja para abrir uma porta, trocar uma fechadura ou fazer uma c\u00f3pia de chave, conte com um servi\u00e7o especializado e dispon\u00edvel 24 horas. Com atendimento r\u00e1pido e seguro, garantimos a melhor solu\u00e7\u00e3o para suas necessidades. Quando chamar um chaveiro em Amadora? Problemas com fechaduras e chaves podem surgir [&hellip;]<\/p>","protected":false},"author":1,"featured_media":0,"parent":0,"menu_order":0,"comment_status":"closed","ping_status":"closed","template":"","meta":{"footnotes":""},"class_list":["post-2826","page","type-page","status-publish","hentry"],"yoast_head":"<!-- This site is optimized with the Yoast SEO plugin v24.5 - https:\/\/yoast.com\/wordpress\/plugins\/seo\/ -->\n<title>Chaveiro Amadora \u2013 Servi\u00e7o R\u00e1pido e Seguro 24h<\/title>\n<meta name=\"description\" content=\"Chaveiro Amadora 24 horas. Servi\u00e7o de abertura de portas, troca de fechaduras e c\u00f3pias de chaves. Atendimento r\u00e1pido e seguro na regi\u00e3o de Amadora.\" \/>\n<meta name=\"robots\" content=\"index, follow, max-snippet:-1, max-image-preview:large, max-video-preview:-1\" \/>\n<link rel=\"canonical\" href=\"https:\/\/chaveirodelisboa.pt\/fr\/serrurier-amateur\/\" \/>\n<meta property=\"og:locale\" content=\"fr_FR\" \/>\n<meta property=\"og:type\" content=\"article\" \/>\n<meta property=\"og:title\" content=\"Chaveiro Amadora \u2013 Servi\u00e7o R\u00e1pido e Seguro 24h\" \/>\n<meta property=\"og:description\" content=\"Chaveiro Amadora 24 horas. Servi\u00e7o de abertura de portas, troca de fechaduras e c\u00f3pias de chaves. Atendimento r\u00e1pido e seguro na regi\u00e3o de Amadora.\" \/>\n<meta property=\"og:url\" content=\"https:\/\/chaveirodelisboa.pt\/fr\/serrurier-amateur\/\" \/>\n<meta property=\"og:site_name\" content=\"Chaveiro de Lisboa\" \/>\n<meta property=\"article:modified_time\" content=\"2025-02-04T11:23:33+00:00\" \/>\n<meta name=\"twitter:card\" content=\"summary_large_image\" \/>\n<meta name=\"twitter:label1\" content=\"Est. reading time\" \/>\n\t<meta name=\"twitter:data1\" content=\"3 minutes\" \/>\n<script type=\"application\/ld+json\" class=\"yoast-schema-graph\">{\"@context\":\"https:\/\/schema.org\",\"@graph\":[{\"@type\":\"WebPage\",\"@id\":\"https:\/\/chaveirodelisboa.pt\/chaveiro-amadora\/\",\"url\":\"https:\/\/chaveirodelisboa.pt\/chaveiro-amadora\/\",\"name\":\"Chaveiro Amadora \u2013 Servi\u00e7o R\u00e1pido e Seguro 24h\",\"isPartOf\":{\"@id\":\"https:\/\/chaveirodelisboa.pt\/#website\"},\"datePublished\":\"2025-02-04T11:23:27+00:00\",\"dateModified\":\"2025-02-04T11:23:33+00:00\",\"description\":\"Chaveiro Amadora 24 horas. Servi\u00e7o de abertura de portas, troca de fechaduras e c\u00f3pias de chaves. Atendimento r\u00e1pido e seguro na regi\u00e3o de Amadora.\",\"breadcrumb\":{\"@id\":\"https:\/\/chaveirodelisboa.pt\/chaveiro-amadora\/#breadcrumb\"},\"inLanguage\":\"fr-FR\",\"potentialAction\":[{\"@type\":\"ReadAction\",\"target\":[\"https:\/\/chaveirodelisboa.pt\/chaveiro-amadora\/\"]}]},{\"@type\":\"BreadcrumbList\",\"@id\":\"https:\/\/chaveirodelisboa.pt\/chaveiro-amadora\/#breadcrumb\",\"itemListElement\":[{\"@type\":\"ListItem\",\"position\":1,\"name\":\"Home\",\"item\":\"https:\/\/chaveirodelisboa.pt\/\"},{\"@type\":\"ListItem\",\"position\":2,\"name\":\"Chaveiro Amadora \u2013 Servi\u00e7o R\u00e1pido e Seguro 24h\"}]},{\"@type\":\"WebSite\",\"@id\":\"https:\/\/chaveirodelisboa.pt\/#website\",\"url\":\"https:\/\/chaveirodelisboa.pt\/\",\"name\":\"Chaveiro de Lisboa\",\"description\":\"\ud83d\udd11 Solu\u00e7\u00f5es em chaveiro urgentes e confi\u00e1veis em Lisboa, 24 horas por dia.\",\"potentialAction\":[{\"@type\":\"SearchAction\",\"target\":{\"@type\":\"EntryPoint\",\"urlTemplate\":\"https:\/\/chaveirodelisboa.pt\/?s={search_term_string}\"},\"query-input\":{\"@type\":\"PropertyValueSpecification\",\"valueRequired\":true,\"valueName\":\"search_term_string\"}}],\"inLanguage\":\"fr-FR\"}]}<\/script>\n<!-- \/ Yoast SEO plugin. -->","yoast_head_json":{"title":"Chaveiro Amadora \u2013 Servi\u00e7o R\u00e1pido e Seguro 24h","description":"Chaveiro Amadora 24 horas. Servi\u00e7o de abertura de portas, troca de fechaduras e c\u00f3pias de chaves. Atendimento r\u00e1pido e seguro na regi\u00e3o de Amadora.","robots":{"index":"index","follow":"follow","max-snippet":"max-snippet:-1","max-image-preview":"max-image-preview:large","max-video-preview":"max-video-preview:-1"},"canonical":"https:\/\/chaveirodelisboa.pt\/fr\/serrurier-amateur\/","og_locale":"fr_FR","og_type":"article","og_title":"Chaveiro Amadora \u2013 Servi\u00e7o R\u00e1pido e Seguro 24h","og_description":"Chaveiro Amadora 24 horas. Servi\u00e7o de abertura de portas, troca de fechaduras e c\u00f3pias de chaves. Atendimento r\u00e1pido e seguro na regi\u00e3o de Amadora.","og_url":"https:\/\/chaveirodelisboa.pt\/fr\/serrurier-amateur\/","og_site_name":"Chaveiro de Lisboa","article_modified_time":"2025-02-04T11:23:33+00:00","twitter_card":"summary_large_image","twitter_misc":{"Est. reading time":"3 minutes"},"schema":{"@context":"https:\/\/schema.org","@graph":[{"@type":"WebPage","@id":"https:\/\/chaveirodelisboa.pt\/chaveiro-amadora\/","url":"https:\/\/chaveirodelisboa.pt\/chaveiro-amadora\/","name":"Chaveiro Amadora \u2013 Servi\u00e7o R\u00e1pido e Seguro 24h","isPartOf":{"@id":"https:\/\/chaveirodelisboa.pt\/#website"},"datePublished":"2025-02-04T11:23:27+00:00","dateModified":"2025-02-04T11:23:33+00:00","description":"Chaveiro Amadora 24 horas. Servi\u00e7o de abertura de portas, troca de fechaduras e c\u00f3pias de chaves. Atendimento r\u00e1pido e seguro na regi\u00e3o de Amadora.","breadcrumb":{"@id":"https:\/\/chaveirodelisboa.pt\/chaveiro-amadora\/#breadcrumb"},"inLanguage":"fr-FR","potentialAction":[{"@type":"ReadAction","target":["https:\/\/chaveirodelisboa.pt\/chaveiro-amadora\/"]}]},{"@type":"BreadcrumbList","@id":"https:\/\/chaveirodelisboa.pt\/chaveiro-amadora\/#breadcrumb","itemListElement":[{"@type":"ListItem","position":1,"name":"Home","item":"https:\/\/chaveirodelisboa.pt\/"},{"@type":"ListItem","position":2,"name":"Chaveiro Amadora \u2013 Servi\u00e7o R\u00e1pido e Seguro 24h"}]},{"@type":"WebSite","@id":"https:\/\/chaveirodelisboa.pt\/#website","url":"https:\/\/chaveirodelisboa.pt\/","name":"Chaveiro de Lisboa","description":"\ud83d\udd11 Solu\u00e7\u00f5es em chaveiro urgentes e confi\u00e1veis em Lisboa, 24 horas por dia.","potentialAction":[{"@type":"SearchAction","target":{"@type":"EntryPoint","urlTemplate":"https:\/\/chaveirodelisboa.pt\/?s={search_term_string}"},"query-input":{"@type":"PropertyValueSpecification","valueRequired":true,"valueName":"search_term_string"}}],"inLanguage":"fr-FR"}]}},"_links":{"self":[{"href":"https:\/\/chaveirodelisboa.pt\/fr\/wp-json\/wp\/v2\/pages\/2826","targetHints":{"allow":["GET"]}}],"collection":[{"href":"https:\/\/chaveirodelisboa.pt\/fr\/wp-json\/wp\/v2\/pages"}],"about":[{"href":"https:\/\/chaveirodelisboa.pt\/fr\/wp-json\/wp\/v2\/types\/page"}],"author":[{"embeddable":true,"href":"https:\/\/chaveirodelisboa.pt\/fr\/wp-json\/wp\/v2\/users\/1"}],"replies":[{"embeddable":true,"href":"https:\/\/chaveirodelisboa.pt\/fr\/wp-json\/wp\/v2\/comments?post=2826"}],"version-history":[{"count":0,"href":"https:\/\/chaveirodelisboa.pt\/fr\/wp-json\/wp\/v2\/pages\/2826\/revisions"}],"wp:attachment":[{"href":"https:\/\/chaveirodelisboa.pt\/fr\/wp-json\/wp\/v2\/media?parent=2826"}],"curies":[{"name":"wp","href":"https:\/\/api.w.org\/{rel}","templated":true}]}}