{"id":2831,"date":"2025-02-04T11:33:28","date_gmt":"2025-02-04T11:33:28","guid":{"rendered":"https:\/\/chaveirodelisboa.pt\/?page_id=2831"},"modified":"2025-02-04T11:33:28","modified_gmt":"2025-02-04T11:33:28","slug":"chaveiro-urgente-lisboa","status":"publish","type":"page","link":"https:\/\/chaveirodelisboa.pt\/fr\/serruriers-urgents-lisbonne\/","title":{"rendered":"Serruriers urgents \u00e0 Lisbonne - Service rapide et s\u00fbr 24 heures sur 24"},"content":{"rendered":"<section>\n<p>Il est bloqu\u00e9 et a besoin d'une <strong>serruriers urgents \u00e0 Lisbonne<\/strong>? Si vous avez perdu vos cl\u00e9s, cass\u00e9 la serrure ou si vous avez besoin d'un remplacement imm\u00e9diat, un professionnel qualifi\u00e9 peut r\u00e9soudre le probl\u00e8me rapidement et en toute s\u00e9curit\u00e9.<\/p>\n<\/section>\n<section>\n<h2>Quand appeler un serrurier en urgence ?<\/h2>\n<p>Des \u00e9v\u00e9nements impr\u00e9vus peuvent survenir \u00e0 toute heure du jour ou de la nuit. Si vous avez besoin d'une aide imm\u00e9diate, voici quelques-unes des situations dans lesquelles un serrurier d'urgence peut s'av\u00e9rer indispensable :<\/p>\n<ul>\n<li><strong>Perte ou vol de cl\u00e9s<\/strong> - \u00c9vitez les rayures en changeant imm\u00e9diatement la serrure.<\/li>\n<li><strong>Ouverture de portes verrouill\u00e9es<\/strong> - R\u00e9sidentiel, commercial et automobile.<\/li>\n<li><strong>Cl\u00e9 cass\u00e9e dans la serrure<\/strong> - Service d'enl\u00e8vement sans endommager la porte.<\/li>\n<li><strong>Serrure bloqu\u00e9e ou endommag\u00e9e<\/strong> - Difficult\u00e9 \u00e0 tourner la cl\u00e9 ou \u00e0 verrouiller la porte.<\/li>\n<li><strong>Changement de serrure en urgence<\/strong> - Renforcement de la s\u00e9curit\u00e9 apr\u00e8s une tentative d'effraction.<\/li>\n<\/ul>\n<\/section>\n<section>\n<h2>Services offerts par les serruriers urgents de Lisbonne<\/h2>\n<p>Quel que soit le probl\u00e8me, un serrurier sp\u00e9cialis\u00e9 peut proposer des solutions rapides et efficaces, sans endommager la porte ou la serrure. Les services propos\u00e9s sont les suivants :<\/p>\n<ul>\n<li><strong>Ouverture des portes<\/strong> - R\u00e9sidentiel, commercial et automobile.<\/li>\n<li><strong>Changement et r\u00e9paration de serrures<\/strong> - Mod\u00e8les conventionnels et de haute s\u00e9curit\u00e9.<\/li>\n<li><strong>Remplacement des cylindres et des canons<\/strong> - Renforcer la s\u00e9curit\u00e9.<\/li>\n<li><strong>Duplication des cl\u00e9s<\/strong> - Pour les portes, les coffres-forts et les v\u00e9hicules.<\/li>\n<li><strong>R\u00e9paration et entretien des portes blind\u00e9es<\/strong> - S\u00e9curit\u00e9 suppl\u00e9mentaire pour les propri\u00e9t\u00e9s.<\/li>\n<li><strong>Programmation de cl\u00e9s de voiture<\/strong> - Pour les voitures \u00e9quip\u00e9es d'une technologie cod\u00e9e.<\/li>\n<\/ul>\n<\/section>\n<section>\n<h2>Avantages d'engager un serrurier urgent \u00e0 Lisbonne<\/h2>\n<p>Faire appel \u00e0 un service professionnel permet d'\u00e9viter d'endommager la serrure et constitue une solution rapide et s\u00fbre. Les principaux avantages sont les suivants :<\/p>\n<ul>\n<li><strong>Service imm\u00e9diat<\/strong> - Probl\u00e8me r\u00e9solu sans d\u00e9lai.<\/li>\n<li><strong>Un service sans d\u00e9g\u00e2ts<\/strong> - Des techniques avanc\u00e9es qui pr\u00e9servent votre serrure et votre porte.<\/li>\n<li><strong>Disponibilit\u00e9 24 heures sur 24<\/strong> - Service \u00e0 tout moment, y compris les jours f\u00e9ri\u00e9s.<\/li>\n<li><strong>Des professionnels qualifi\u00e9s<\/strong> - Des techniciens exp\u00e9riment\u00e9s garantissent un service efficace.<\/li>\n<\/ul>\n<\/section>\n<section>\n<h2>Combien co\u00fbte un serrurier urgent \u00e0 Lisbonne ?<\/h2>\n<p>Le prix d'un <strong>serruriers urgents Lisbonne<\/strong> peut varier en fonction du type de service et de la complexit\u00e9 du probl\u00e8me. Les services tels que l'ouverture de portes simples sont g\u00e9n\u00e9ralement abordables, tandis que le remplacement de serrures de haute s\u00e9curit\u00e9 peut co\u00fbter plus cher.<\/p>\n<p>Le plus important est de faire confiance \u00e0 un professionnel fiable pour garantir un service efficace et s\u00fbr.<\/p>\n<\/section>\n<section>\n<h2>Service d'urgence 24 heures sur 24 \u00e0 Lisbonne<\/h2>\n<p>Si vous avez perdu vos cl\u00e9s, si vous \u00eates enferm\u00e9 dehors ou si vous avez besoin de remplacer une serrure de toute urgence, un serrurier sp\u00e9cialis\u00e9 peut r\u00e9soudre le probl\u00e8me rapidement et efficacement. Le service 24 heures sur 24 vous permet de b\u00e9n\u00e9ficier d'une assistance lorsque vous en avez le plus besoin.<\/p>\n<\/section>\n<section>\n<h2>Besoin d'un serrurier urgent \u00e0 Lisbonne ? Appelez un professionnel maintenant !<\/h2>\n<p>Quel que soit votre probl\u00e8me, un <strong>serruriers urgents \u00e0 Lisbonne<\/strong> peut vous aider \u00e0 retrouver rapidement l'acc\u00e8s \u00e0 votre propri\u00e9t\u00e9 ou \u00e0 votre v\u00e9hicule. N'essayez pas de forcer la serrure et \u00e9vitez tout dommage inutile.<\/p>\n<p><strong>Besoin d'un serrurier maintenant ?<\/strong> Comptez sur les experts pour un service rapide, s\u00fbr et efficace !<\/p>\n<\/section>","protected":false},"excerpt":{"rendered":"<p>Est\u00e1 trancado para fora e precisa de um chaveiro urgente em Lisboa? Se perdeu as chaves, quebrou a fechadura ou precisa de uma substitui\u00e7\u00e3o imediata, um profissional qualificado pode resolver o problema com rapidez e seguran\u00e7a. Quando chamar um chaveiro urgente? Os imprevistos acontecem a qualquer hora do dia ou da noite. Se precisar de [&hellip;]<\/p>","protected":false},"author":1,"featured_media":0,"parent":0,"menu_order":0,"comment_status":"closed","ping_status":"closed","template":"","meta":{"footnotes":""},"class_list":["post-2831","page","type-page","status-publish","hentry"],"yoast_head":"<!-- This site is optimized with the Yoast SEO plugin v24.5 - https:\/\/yoast.com\/wordpress\/plugins\/seo\/ -->\n<title>Chaveiro Urgente Lisboa \u2013 Servi\u00e7o R\u00e1pido e Seguro 24h<\/title>\n<meta name=\"description\" content=\"Chaveiro urgente em Lisboa dispon\u00edvel 24 horas. Abertura de portas, troca de fechaduras e c\u00f3pia de chaves. Servi\u00e7o r\u00e1pido e seguro.\" \/>\n<meta name=\"robots\" content=\"index, follow, max-snippet:-1, max-image-preview:large, max-video-preview:-1\" \/>\n<link rel=\"canonical\" href=\"https:\/\/chaveirodelisboa.pt\/fr\/serruriers-urgents-lisbonne\/\" \/>\n<meta property=\"og:locale\" content=\"fr_FR\" \/>\n<meta property=\"og:type\" content=\"article\" \/>\n<meta property=\"og:title\" content=\"Chaveiro Urgente Lisboa \u2013 Servi\u00e7o R\u00e1pido e Seguro 24h\" \/>\n<meta property=\"og:description\" content=\"Chaveiro urgente em Lisboa dispon\u00edvel 24 horas. Abertura de portas, troca de fechaduras e c\u00f3pia de chaves. Servi\u00e7o r\u00e1pido e seguro.\" \/>\n<meta property=\"og:url\" content=\"https:\/\/chaveirodelisboa.pt\/fr\/serruriers-urgents-lisbonne\/\" \/>\n<meta property=\"og:site_name\" content=\"Chaveiro de Lisboa\" \/>\n<meta name=\"twitter:card\" content=\"summary_large_image\" \/>\n<script type=\"application\/ld+json\" class=\"yoast-schema-graph\">{\"@context\":\"https:\/\/schema.org\",\"@graph\":[{\"@type\":\"WebPage\",\"@id\":\"https:\/\/chaveirodelisboa.pt\/chaveiro-urgente-lisboa\/\",\"url\":\"https:\/\/chaveirodelisboa.pt\/chaveiro-urgente-lisboa\/\",\"name\":\"Chaveiro Urgente Lisboa \u2013 Servi\u00e7o R\u00e1pido e Seguro 24h\",\"isPartOf\":{\"@id\":\"https:\/\/chaveirodelisboa.pt\/#website\"},\"datePublished\":\"2025-02-04T11:33:28+00:00\",\"description\":\"Chaveiro urgente em Lisboa dispon\u00edvel 24 horas. Abertura de portas, troca de fechaduras e c\u00f3pia de chaves. Servi\u00e7o r\u00e1pido e seguro.\",\"breadcrumb\":{\"@id\":\"https:\/\/chaveirodelisboa.pt\/chaveiro-urgente-lisboa\/#breadcrumb\"},\"inLanguage\":\"fr-FR\",\"potentialAction\":[{\"@type\":\"ReadAction\",\"target\":[\"https:\/\/chaveirodelisboa.pt\/chaveiro-urgente-lisboa\/\"]}]},{\"@type\":\"BreadcrumbList\",\"@id\":\"https:\/\/chaveirodelisboa.pt\/chaveiro-urgente-lisboa\/#breadcrumb\",\"itemListElement\":[{\"@type\":\"ListItem\",\"position\":1,\"name\":\"Home\",\"item\":\"https:\/\/chaveirodelisboa.pt\/\"},{\"@type\":\"ListItem\",\"position\":2,\"name\":\"Chaveiro Urgente Lisboa \u2013 Servi\u00e7o R\u00e1pido e Seguro 24h\"}]},{\"@type\":\"WebSite\",\"@id\":\"https:\/\/chaveirodelisboa.pt\/#website\",\"url\":\"https:\/\/chaveirodelisboa.pt\/\",\"name\":\"Chaveiro de Lisboa\",\"description\":\"\ud83d\udd11 Solu\u00e7\u00f5es em chaveiro urgentes e confi\u00e1veis em Lisboa, 24 horas por dia.\",\"potentialAction\":[{\"@type\":\"SearchAction\",\"target\":{\"@type\":\"EntryPoint\",\"urlTemplate\":\"https:\/\/chaveirodelisboa.pt\/?s={search_term_string}\"},\"query-input\":{\"@type\":\"PropertyValueSpecification\",\"valueRequired\":true,\"valueName\":\"search_term_string\"}}],\"inLanguage\":\"fr-FR\"}]}<\/script>\n<!-- \/ Yoast SEO plugin. -->","yoast_head_json":{"title":"Chaveiro Urgente Lisboa \u2013 Servi\u00e7o R\u00e1pido e Seguro 24h","description":"Chaveiro urgente em Lisboa dispon\u00edvel 24 horas. Abertura de portas, troca de fechaduras e c\u00f3pia de chaves. Servi\u00e7o r\u00e1pido e seguro.","robots":{"index":"index","follow":"follow","max-snippet":"max-snippet:-1","max-image-preview":"max-image-preview:large","max-video-preview":"max-video-preview:-1"},"canonical":"https:\/\/chaveirodelisboa.pt\/fr\/serruriers-urgents-lisbonne\/","og_locale":"fr_FR","og_type":"article","og_title":"Chaveiro Urgente Lisboa \u2013 Servi\u00e7o R\u00e1pido e Seguro 24h","og_description":"Chaveiro urgente em Lisboa dispon\u00edvel 24 horas. Abertura de portas, troca de fechaduras e c\u00f3pia de chaves. Servi\u00e7o r\u00e1pido e seguro.","og_url":"https:\/\/chaveirodelisboa.pt\/fr\/serruriers-urgents-lisbonne\/","og_site_name":"Chaveiro de Lisboa","twitter_card":"summary_large_image","schema":{"@context":"https:\/\/schema.org","@graph":[{"@type":"WebPage","@id":"https:\/\/chaveirodelisboa.pt\/chaveiro-urgente-lisboa\/","url":"https:\/\/chaveirodelisboa.pt\/chaveiro-urgente-lisboa\/","name":"Chaveiro Urgente Lisboa \u2013 Servi\u00e7o R\u00e1pido e Seguro 24h","isPartOf":{"@id":"https:\/\/chaveirodelisboa.pt\/#website"},"datePublished":"2025-02-04T11:33:28+00:00","description":"Chaveiro urgente em Lisboa dispon\u00edvel 24 horas. Abertura de portas, troca de fechaduras e c\u00f3pia de chaves. Servi\u00e7o r\u00e1pido e seguro.","breadcrumb":{"@id":"https:\/\/chaveirodelisboa.pt\/chaveiro-urgente-lisboa\/#breadcrumb"},"inLanguage":"fr-FR","potentialAction":[{"@type":"ReadAction","target":["https:\/\/chaveirodelisboa.pt\/chaveiro-urgente-lisboa\/"]}]},{"@type":"BreadcrumbList","@id":"https:\/\/chaveirodelisboa.pt\/chaveiro-urgente-lisboa\/#breadcrumb","itemListElement":[{"@type":"ListItem","position":1,"name":"Home","item":"https:\/\/chaveirodelisboa.pt\/"},{"@type":"ListItem","position":2,"name":"Chaveiro Urgente Lisboa \u2013 Servi\u00e7o R\u00e1pido e Seguro 24h"}]},{"@type":"WebSite","@id":"https:\/\/chaveirodelisboa.pt\/#website","url":"https:\/\/chaveirodelisboa.pt\/","name":"Chaveiro de Lisboa","description":"\ud83d\udd11 Solu\u00e7\u00f5es em chaveiro urgentes e confi\u00e1veis em Lisboa, 24 horas por dia.","potentialAction":[{"@type":"SearchAction","target":{"@type":"EntryPoint","urlTemplate":"https:\/\/chaveirodelisboa.pt\/?s={search_term_string}"},"query-input":{"@type":"PropertyValueSpecification","valueRequired":true,"valueName":"search_term_string"}}],"inLanguage":"fr-FR"}]}},"_links":{"self":[{"href":"https:\/\/chaveirodelisboa.pt\/fr\/wp-json\/wp\/v2\/pages\/2831","targetHints":{"allow":["GET"]}}],"collection":[{"href":"https:\/\/chaveirodelisboa.pt\/fr\/wp-json\/wp\/v2\/pages"}],"about":[{"href":"https:\/\/chaveirodelisboa.pt\/fr\/wp-json\/wp\/v2\/types\/page"}],"author":[{"embeddable":true,"href":"https:\/\/chaveirodelisboa.pt\/fr\/wp-json\/wp\/v2\/users\/1"}],"replies":[{"embeddable":true,"href":"https:\/\/chaveirodelisboa.pt\/fr\/wp-json\/wp\/v2\/comments?post=2831"}],"version-history":[{"count":0,"href":"https:\/\/chaveirodelisboa.pt\/fr\/wp-json\/wp\/v2\/pages\/2831\/revisions"}],"wp:attachment":[{"href":"https:\/\/chaveirodelisboa.pt\/fr\/wp-json\/wp\/v2\/media?parent=2831"}],"curies":[{"name":"wp","href":"https:\/\/api.w.org\/{rel}","templated":true}]}}