{"id":2836,"date":"2025-02-05T07:29:11","date_gmt":"2025-02-05T07:29:11","guid":{"rendered":"https:\/\/chaveirodelisboa.pt\/?page_id=2836"},"modified":"2025-02-05T07:29:11","modified_gmt":"2025-02-05T07:29:11","slug":"afinacao-de-portas-blindadas","status":"publish","type":"page","link":"https:\/\/chaveirodelisboa.pt\/fr\/reglage-de-la-porte-blindee\/","title":{"rendered":"Tuning des portes blind\u00e9es - R\u00e9glage et entretien \u00e0 Lisbonne"},"content":{"rendered":"<section>\n<p>A <strong>tuning portes blind\u00e9es<\/strong> est essentielle pour garantir le parfait fonctionnement et la s\u00e9curit\u00e9 maximale de votre propri\u00e9t\u00e9. Avec le temps, les portes blind\u00e9es peuvent se d\u00e9saligner, ce qui rend difficile leur fermeture correcte et compromet l'\u00e9tanch\u00e9it\u00e9 et la protection.<\/p>\n<\/section>\n<section>\n<h2>Quand une porte blind\u00e9e doit-elle \u00eatre ajust\u00e9e ?<\/h2>\n<p>M\u00eame si elles sont robustes, les portes blind\u00e9es peuvent pr\u00e9senter de petits probl\u00e8mes qui affectent leur efficacit\u00e9. Voici quelques situations dans lesquelles il est recommand\u00e9 de proc\u00e9der \u00e0 une mise au point :<\/p>\n<ul>\n<li><strong>Difficult\u00e9 \u00e0 fermer ou \u00e0 ouvrir<\/strong> - La porte semble se bloquer ou il faut forcer pour la d\u00e9placer.<\/li>\n<li><strong>Grincements ou bruits lors des d\u00e9placements<\/strong> - Cela peut indiquer la n\u00e9cessit\u00e9 de lubrifier ou d'ajuster les charni\u00e8res.<\/li>\n<li><strong>Manque d'\u00e9tanch\u00e9it\u00e9 ou d\u00e9salignement<\/strong> - La porte ne s'ins\u00e8re pas correctement dans le montant, ce qui compromet l'\u00e9tanch\u00e9it\u00e9.<\/li>\n<li><strong>Probl\u00e8mes li\u00e9s au m\u00e9canisme de verrouillage<\/strong> - La serrure ne fonctionne pas correctement ou la cl\u00e9 tourne difficilement.<\/li>\n<li><strong>\u00c9tanch\u00e9it\u00e9 compromise<\/strong> - La p\u00e9n\u00e9tration du vent, de la poussi\u00e8re ou des bruits ext\u00e9rieurs peut \u00eatre le signe d'une installation d\u00e9fectueuse.<\/li>\n<\/ul>\n<\/section>\n<section>\n<h2>Avantages du tuning des portes blind\u00e9es<\/h2>\n<p>Le maintien d'un bon r\u00e9glage de votre porte blind\u00e9e pr\u00e9sente plusieurs avantages :<\/p>\n<ul>\n<li><strong>Une plus grande s\u00e9curit\u00e9<\/strong> - Une porte bien ajust\u00e9e rend l'effraction difficile.<\/li>\n<li><strong>Joint renforc\u00e9<\/strong> - Emp\u00eache les infiltrations d'air, le bruit et la poussi\u00e8re.<\/li>\n<li><strong>Dur\u00e9e de vie prolong\u00e9e<\/strong> - R\u00e9duit l'usure des charni\u00e8res et du syst\u00e8me de fermeture.<\/li>\n<li><strong>Fonctionnement sans heurts<\/strong> - \u00c9vite les efforts excessifs lors de l'ouverture et de la fermeture de la porte.<\/li>\n<\/ul>\n<\/section>\n<section>\n<h2>Comment fonctionnent les portes blind\u00e9es ?<\/h2>\n<p>Le processus de r\u00e9glage de la porte blind\u00e9e peut comprendre diff\u00e9rentes actions, en fonction du probl\u00e8me identifi\u00e9. Le service professionnel peut comprendre<\/p>\n<ul>\n<li><strong>R\u00e9glage des charni\u00e8res<\/strong> - Corrige le d\u00e9salignement et \u00e9vite le jeu.<\/li>\n<li><strong>Composants de lubrification<\/strong> - Garantit un fonctionnement plus souple et sans bruit.<\/li>\n<li><strong>R\u00e9glage de la serrure<\/strong> - Ajustez le m\u00e9canisme de verrouillage pour assurer une s\u00e9curit\u00e9 totale.<\/li>\n<li><strong>Remplacement des joints<\/strong> - Remplacement des caoutchoucs et des ajustements pour une meilleure isolation acoustique et thermique.<\/li>\n<li><strong>Correction du d\u00e9salignement<\/strong> - Emp\u00eache une pression excessive sur le cadre de la porte.<\/li>\n<\/ul>\n<\/section>\n<section>\n<h2>Combien co\u00fbte le r\u00e9glage d'une porte blind\u00e9e ?<\/h2>\n<p>Le prix de <strong>tuning portes blind\u00e9es<\/strong> peut varier en fonction du probl\u00e8me \u00e0 corriger. Voici quelques valeurs moyennes :<\/p>\n<ul>\n<li><strong>R\u00e9glage des charni\u00e8res<\/strong> - A partir de 50\u20ac.<\/li>\n<li><strong>Lubrification et maintenance pr\u00e9ventive<\/strong> - Entre 30\u20ac et 70\u20ac.<\/li>\n<li><strong>Correction des d\u00e9fauts d'alignement et d'\u00e9tanch\u00e9it\u00e9<\/strong> - Entre 80 et 150 euros, en fonction de la complexit\u00e9.<\/li>\n<li><strong>R\u00e9paration du m\u00e9canisme de verrouillage<\/strong> - A partir de 100\u20ac si vous devez remplacer des pi\u00e8ces.<\/li>\n<\/ul>\n<p>Le co\u00fbt final d\u00e9pend du type d'ajustement requis et de l'\u00e9tat de la porte.<\/p>\n<\/section>\n<section>\n<h2>Entretien p\u00e9riodique des portes blind\u00e9es<\/h2>\n<p>Pour \u00e9viter les probl\u00e8mes et garantir l'efficacit\u00e9 maximale de votre porte blind\u00e9e, un entretien r\u00e9gulier est recommand\u00e9. Un professionnel peut le v\u00e9rifier :<\/p>\n<ul>\n<li>La serrure et les cylindres fonctionnent correctement.<\/li>\n<li>Le joint est intact, emp\u00eachant le passage de l'air et du bruit.<\/li>\n<li>Les charni\u00e8res sont align\u00e9es et bien lubrifi\u00e9es.<\/li>\n<li>Le m\u00e9canisme de verrouillage fonctionne avec une s\u00e9curit\u00e9 maximale.<\/li>\n<\/ul>\n<\/section>\n<section>\n<h2>Service professionnel de r\u00e9glage des portes blind\u00e9es<\/h2>\n<p>Si votre porte blind\u00e9e pr\u00e9sente des probl\u00e8mes de r\u00e9glage, un service professionnel peut la remettre en parfait \u00e9tat de marche. Gr\u00e2ce \u00e0 un service sp\u00e9cialis\u00e9, nous garantissons un service rapide, s\u00fbr et efficace.<\/p>\n<p><strong>Vous avez besoin d'un r\u00e9glage de vos portes blind\u00e9es ?<\/strong> Demandez un devis maintenant et garantissez une s\u00e9curit\u00e9 et un confort maximum pour votre propri\u00e9t\u00e9 !<\/p>\n<\/section>","protected":false},"excerpt":{"rendered":"<p>A afina\u00e7\u00e3o de portas blindadas \u00e9 essencial para garantir o funcionamento perfeito e a m\u00e1xima seguran\u00e7a do seu im\u00f3vel. Com o tempo, portas blindadas podem desalinhar, dificultando o fechamento correto e comprometendo a veda\u00e7\u00e3o e prote\u00e7\u00e3o. Quando \u00e9 necess\u00e1ria a afina\u00e7\u00e3o de uma porta blindada? Mesmo sendo robustas, as portas blindadas podem apresentar pequenos problemas [&hellip;]<\/p>","protected":false},"author":1,"featured_media":0,"parent":0,"menu_order":0,"comment_status":"closed","ping_status":"closed","template":"","meta":{"footnotes":""},"class_list":["post-2836","page","type-page","status-publish","hentry"],"yoast_head":"<!-- This site is optimized with the Yoast SEO plugin v24.5 - https:\/\/yoast.com\/wordpress\/plugins\/seo\/ -->\n<title>Afina\u00e7\u00e3o de Portas Blindadas \u2013 Ajuste e Manuten\u00e7\u00e3o em Lisboa<\/title>\n<meta name=\"description\" content=\"Afina\u00e7\u00e3o de portas blindadas em Lisboa. Ajuste e manuten\u00e7\u00e3o para garantir seguran\u00e7a, veda\u00e7\u00e3o e funcionamento perfeito da sua porta blindada.\" \/>\n<meta name=\"robots\" content=\"index, follow, max-snippet:-1, max-image-preview:large, max-video-preview:-1\" \/>\n<link rel=\"canonical\" href=\"https:\/\/chaveirodelisboa.pt\/fr\/reglage-de-la-porte-blindee\/\" \/>\n<meta property=\"og:locale\" content=\"fr_FR\" \/>\n<meta property=\"og:type\" content=\"article\" \/>\n<meta property=\"og:title\" content=\"Afina\u00e7\u00e3o de Portas Blindadas \u2013 Ajuste e Manuten\u00e7\u00e3o em Lisboa\" \/>\n<meta property=\"og:description\" content=\"Afina\u00e7\u00e3o de portas blindadas em Lisboa. Ajuste e manuten\u00e7\u00e3o para garantir seguran\u00e7a, veda\u00e7\u00e3o e funcionamento perfeito da sua porta blindada.\" \/>\n<meta property=\"og:url\" content=\"https:\/\/chaveirodelisboa.pt\/fr\/reglage-de-la-porte-blindee\/\" \/>\n<meta property=\"og:site_name\" content=\"Chaveiro de Lisboa\" \/>\n<meta name=\"twitter:card\" content=\"summary_large_image\" \/>\n<script type=\"application\/ld+json\" class=\"yoast-schema-graph\">{\"@context\":\"https:\/\/schema.org\",\"@graph\":[{\"@type\":\"WebPage\",\"@id\":\"https:\/\/chaveirodelisboa.pt\/afinacao-de-portas-blindadas\/\",\"url\":\"https:\/\/chaveirodelisboa.pt\/afinacao-de-portas-blindadas\/\",\"name\":\"Afina\u00e7\u00e3o de Portas Blindadas \u2013 Ajuste e Manuten\u00e7\u00e3o em Lisboa\",\"isPartOf\":{\"@id\":\"https:\/\/chaveirodelisboa.pt\/#website\"},\"datePublished\":\"2025-02-05T07:29:11+00:00\",\"description\":\"Afina\u00e7\u00e3o de portas blindadas em Lisboa. Ajuste e manuten\u00e7\u00e3o para garantir seguran\u00e7a, veda\u00e7\u00e3o e funcionamento perfeito da sua porta blindada.\",\"breadcrumb\":{\"@id\":\"https:\/\/chaveirodelisboa.pt\/afinacao-de-portas-blindadas\/#breadcrumb\"},\"inLanguage\":\"fr-FR\",\"potentialAction\":[{\"@type\":\"ReadAction\",\"target\":[\"https:\/\/chaveirodelisboa.pt\/afinacao-de-portas-blindadas\/\"]}]},{\"@type\":\"BreadcrumbList\",\"@id\":\"https:\/\/chaveirodelisboa.pt\/afinacao-de-portas-blindadas\/#breadcrumb\",\"itemListElement\":[{\"@type\":\"ListItem\",\"position\":1,\"name\":\"Home\",\"item\":\"https:\/\/chaveirodelisboa.pt\/\"},{\"@type\":\"ListItem\",\"position\":2,\"name\":\"Afina\u00e7\u00e3o de Portas Blindadas \u2013 Ajuste e Manuten\u00e7\u00e3o em Lisboa\"}]},{\"@type\":\"WebSite\",\"@id\":\"https:\/\/chaveirodelisboa.pt\/#website\",\"url\":\"https:\/\/chaveirodelisboa.pt\/\",\"name\":\"Chaveiro de Lisboa\",\"description\":\"\ud83d\udd11 Solu\u00e7\u00f5es em chaveiro urgentes e confi\u00e1veis em Lisboa, 24 horas por dia.\",\"potentialAction\":[{\"@type\":\"SearchAction\",\"target\":{\"@type\":\"EntryPoint\",\"urlTemplate\":\"https:\/\/chaveirodelisboa.pt\/?s={search_term_string}\"},\"query-input\":{\"@type\":\"PropertyValueSpecification\",\"valueRequired\":true,\"valueName\":\"search_term_string\"}}],\"inLanguage\":\"fr-FR\"}]}<\/script>\n<!-- \/ Yoast SEO plugin. -->","yoast_head_json":{"title":"Afina\u00e7\u00e3o de Portas Blindadas \u2013 Ajuste e Manuten\u00e7\u00e3o em Lisboa","description":"Afina\u00e7\u00e3o de portas blindadas em Lisboa. Ajuste e manuten\u00e7\u00e3o para garantir seguran\u00e7a, veda\u00e7\u00e3o e funcionamento perfeito da sua porta blindada.","robots":{"index":"index","follow":"follow","max-snippet":"max-snippet:-1","max-image-preview":"max-image-preview:large","max-video-preview":"max-video-preview:-1"},"canonical":"https:\/\/chaveirodelisboa.pt\/fr\/reglage-de-la-porte-blindee\/","og_locale":"fr_FR","og_type":"article","og_title":"Afina\u00e7\u00e3o de Portas Blindadas \u2013 Ajuste e Manuten\u00e7\u00e3o em Lisboa","og_description":"Afina\u00e7\u00e3o de portas blindadas em Lisboa. Ajuste e manuten\u00e7\u00e3o para garantir seguran\u00e7a, veda\u00e7\u00e3o e funcionamento perfeito da sua porta blindada.","og_url":"https:\/\/chaveirodelisboa.pt\/fr\/reglage-de-la-porte-blindee\/","og_site_name":"Chaveiro de Lisboa","twitter_card":"summary_large_image","schema":{"@context":"https:\/\/schema.org","@graph":[{"@type":"WebPage","@id":"https:\/\/chaveirodelisboa.pt\/afinacao-de-portas-blindadas\/","url":"https:\/\/chaveirodelisboa.pt\/afinacao-de-portas-blindadas\/","name":"Afina\u00e7\u00e3o de Portas Blindadas \u2013 Ajuste e Manuten\u00e7\u00e3o em Lisboa","isPartOf":{"@id":"https:\/\/chaveirodelisboa.pt\/#website"},"datePublished":"2025-02-05T07:29:11+00:00","description":"Afina\u00e7\u00e3o de portas blindadas em Lisboa. Ajuste e manuten\u00e7\u00e3o para garantir seguran\u00e7a, veda\u00e7\u00e3o e funcionamento perfeito da sua porta blindada.","breadcrumb":{"@id":"https:\/\/chaveirodelisboa.pt\/afinacao-de-portas-blindadas\/#breadcrumb"},"inLanguage":"fr-FR","potentialAction":[{"@type":"ReadAction","target":["https:\/\/chaveirodelisboa.pt\/afinacao-de-portas-blindadas\/"]}]},{"@type":"BreadcrumbList","@id":"https:\/\/chaveirodelisboa.pt\/afinacao-de-portas-blindadas\/#breadcrumb","itemListElement":[{"@type":"ListItem","position":1,"name":"Home","item":"https:\/\/chaveirodelisboa.pt\/"},{"@type":"ListItem","position":2,"name":"Afina\u00e7\u00e3o de Portas Blindadas \u2013 Ajuste e Manuten\u00e7\u00e3o em Lisboa"}]},{"@type":"WebSite","@id":"https:\/\/chaveirodelisboa.pt\/#website","url":"https:\/\/chaveirodelisboa.pt\/","name":"Chaveiro de Lisboa","description":"\ud83d\udd11 Solu\u00e7\u00f5es em chaveiro urgentes e confi\u00e1veis em Lisboa, 24 horas por dia.","potentialAction":[{"@type":"SearchAction","target":{"@type":"EntryPoint","urlTemplate":"https:\/\/chaveirodelisboa.pt\/?s={search_term_string}"},"query-input":{"@type":"PropertyValueSpecification","valueRequired":true,"valueName":"search_term_string"}}],"inLanguage":"fr-FR"}]}},"_links":{"self":[{"href":"https:\/\/chaveirodelisboa.pt\/fr\/wp-json\/wp\/v2\/pages\/2836","targetHints":{"allow":["GET"]}}],"collection":[{"href":"https:\/\/chaveirodelisboa.pt\/fr\/wp-json\/wp\/v2\/pages"}],"about":[{"href":"https:\/\/chaveirodelisboa.pt\/fr\/wp-json\/wp\/v2\/types\/page"}],"author":[{"embeddable":true,"href":"https:\/\/chaveirodelisboa.pt\/fr\/wp-json\/wp\/v2\/users\/1"}],"replies":[{"embeddable":true,"href":"https:\/\/chaveirodelisboa.pt\/fr\/wp-json\/wp\/v2\/comments?post=2836"}],"version-history":[{"count":0,"href":"https:\/\/chaveirodelisboa.pt\/fr\/wp-json\/wp\/v2\/pages\/2836\/revisions"}],"wp:attachment":[{"href":"https:\/\/chaveirodelisboa.pt\/fr\/wp-json\/wp\/v2\/media?parent=2836"}],"curies":[{"name":"wp","href":"https:\/\/api.w.org\/{rel}","templated":true}]}}