{"id":2758,"date":"2025-01-29T15:33:14","date_gmt":"2025-01-29T15:33:14","guid":{"rendered":"https:\/\/chaveirodelisboa.pt\/?page_id=2758"},"modified":"2025-02-11T06:44:25","modified_gmt":"2025-02-11T06:44:25","slug":"servicos","status":"publish","type":"page","link":"https:\/\/chaveirodelisboa.pt\/it\/servizi\/","title":{"rendered":"Servizi"},"content":{"rendered":"<p><a href=\"https:\/\/chaveirodelisboa.pt\/it\/apertura-della-porta\/\">Apertura della porta<\/a><br \/>\n<a href=\"https:\/\/chaveirodelisboa.pt\/it\/serrature\/\">Serrature<\/a><br \/>\n<a href=\"https:\/\/chaveirodelisboa.pt\/it\/fabbro\/\">Fabbro<\/a><br \/>\n<a href=\"https:\/\/chaveirodelisboa.pt\/it\/riparazioni-di-porte\/\">Riparazione delle porte<\/a><br \/>\n<a href=\"https:\/\/chaveirodelisboa.pt\/it\/riparazione-di-cancelli-automatici\/\">Riparazione di cancelli automatici<\/a><br \/>\n<a href=\"https:\/\/chaveirodelisboa.pt\/it\/cambiare-la-serratura\/\">Sostituzione della serratura<\/a><br \/>\n<a href=\"https:\/\/chaveirodelisboa.pt\/it\/riparazione-della-serratura\/\">Riparazione della serratura<\/a><br \/>\n<a href=\"https:\/\/chaveirodelisboa.pt\/it\/porte-blindate\/\">Porte blindate<\/a><br \/>\n<a href=\"https:\/\/chaveirodelisboa.pt\/it\/montaggio-di-porte-blindate\/\">Montaggio di porte blindate<\/a><br \/>\n<a href=\"https:\/\/chaveirodelisboa.pt\/it\/tamburi-per-serrature\/\">Grimaldelli per serrature<\/a><br \/>\n<a href=\"https:\/\/chaveirodelisboa.pt\/it\/fissaggio-della-serratura-di-una-porta\/\">Fissare la serratura di una porta<\/a><br \/>\n<a href=\"https:\/\/chaveirodelisboa.pt\/it\/fabbro-24-ore-lisbona\/\">Fabbro Lisbona 24 ore<\/a><br \/>\n<a href=\"https:\/\/chaveirodelisboa.pt\/it\/fabbro-amatoriale\/\">Fabbro Amadora<\/a><br \/>\n<a href=\"https:\/\/chaveirodelisboa.pt\/it\/portachiavi-odivelas\/\">Portachiavi Odivelas<\/a><br \/>\n<a href=\"https:\/\/chaveirodelisboa.pt\/it\/abbattere-la-porta\/\">Entrata in scena<\/a><br \/>\n<a href=\"https:\/\/chaveirodelisboa.pt\/it\/fabbro-urgente\/\">Portachiavi urgenti<\/a><br \/>\n<a href=\"https:\/\/chaveirodelisboa.pt\/it\/fabbri-urgenti-lisbona\/\">Fabbri urgenti Lisbona<\/a><br \/>\n<a href=\"https:\/\/chaveirodelisboa.pt\/it\/prezzo-del-cambio-serratura\/\">Prezzo di cambio del lucchetto<\/a><br \/>\n<a href=\"https:\/\/chaveirodelisboa.pt\/it\/portachiavi-per-auto\/\">Portachiavi per auto<\/a><br \/>\n<a href=\"https:\/\/chaveirodelisboa.pt\/it\/cambiare-il-prezzo-del-barile-di-serratura\/\">Prezzo del cilindro della serratura<\/a><br \/>\n<a href=\"https:\/\/chaveirodelisboa.pt\/it\/apertura-della-porta-24-ore-su-24\/\">Apertura della porta 24 ore su 24<\/a><br \/>\n<a href=\"https:\/\/chaveirodelisboa.pt\/it\/accordatura-della-porta-blindata\/\">Messa a punto delle porte blindate<\/a><br \/>\n<a href=\"https:\/\/chaveirodelisboa.pt\/it\/lubrificazione-delle-porte-blindate\/\">Lubrificazione delle porte blindate<\/a><br \/>\n<a href=\"https:\/\/chaveirodelisboa.pt\/it\/riparazione-porte-blindate\/\">Riparazione di porte blindate<\/a><br \/>\n<a href=\"https:\/\/chaveirodelisboa.pt\/it\/sintonizzazione-della-porta\/\">Regolazione della porta<\/a><br \/>\n<a href=\"https:\/\/chaveirodelisboa.pt\/it\/sostituzione-della-canna\/\">Sostituzione del cannone<\/a><br \/>\n<a href=\"https:\/\/chaveirodelisboa.pt\/it\/sostituzione-del-cilindro\/\">Sostituzione del cilindro<\/a><br \/>\n<a href=\"https:\/\/chaveirodelisboa.pt\/it\/sostituire-i-segreti\/\">Sostituzione dei segreti<\/a><br \/>\n<a href=\"https:\/\/chaveirodelisboa.pt\/it\/cambiare-la-serratura-2\/\">Cambio di serratura<\/a><br \/>\n<a href=\"https:\/\/chaveirodelisboa.pt\/it\/chiusure-elettriche\/\">Chiusure elettriche<\/a><br \/>\n<a href=\"https:\/\/chaveirodelisboa.pt\/it\/molle-ad-aria\/\">Molle ad aria<\/a><br \/>\n<a href=\"https:\/\/chaveirodelisboa.pt\/it\/apertura-delle-porte-dellauto\/\">Apertura delle porte dell'auto<\/a><\/p>","protected":false},"excerpt":{"rendered":"<p>Abertura de porta Fechaduras Serralheiro Repara\u00e7\u00e3o de Portas Repara\u00e7\u00e3o de Port\u00f5es Autom\u00e1ticos Mudan\u00e7a de Fechadura Repara\u00e7\u00e3o de Fechadura Portas Blindadas Montagem de portas blindadas Canh\u00f5es de fechaduras Arranjar Fechadura de Porta Chaveiro Lisboa 24 Horas Chaveiro Amadora Chaveiro Odivelas Arrombar porta Chaveiro urgente Chaveiro urgente Lisboa Mudan\u00e7a de Fechadura Pre\u00e7o Chaveiro Carros Mudar Canh\u00e3o de [&hellip;]<\/p>","protected":false},"author":1,"featured_media":0,"parent":0,"menu_order":0,"comment_status":"closed","ping_status":"closed","template":"","meta":{"footnotes":""},"class_list":["post-2758","page","type-page","status-publish","hentry"],"yoast_head":"<!-- This site is optimized with the Yoast SEO plugin v24.5 - https:\/\/yoast.com\/wordpress\/plugins\/seo\/ -->\n<title>Servi\u00e7os<\/title>\n<meta name=\"robots\" content=\"index, follow, max-snippet:-1, max-image-preview:large, max-video-preview:-1\" \/>\n<link rel=\"canonical\" href=\"https:\/\/chaveirodelisboa.pt\/it\/servizi\/\" \/>\n<meta property=\"og:locale\" content=\"it_IT\" \/>\n<meta property=\"og:type\" content=\"article\" \/>\n<meta property=\"og:title\" content=\"Servi\u00e7os\" \/>\n<meta property=\"og:description\" content=\"Abertura de porta Fechaduras Serralheiro Repara\u00e7\u00e3o de Portas Repara\u00e7\u00e3o de Port\u00f5es Autom\u00e1ticos Mudan\u00e7a de Fechadura Repara\u00e7\u00e3o de Fechadura Portas Blindadas Montagem de portas blindadas Canh\u00f5es de fechaduras Arranjar Fechadura de Porta Chaveiro Lisboa 24 Horas Chaveiro Amadora Chaveiro Odivelas Arrombar porta Chaveiro urgente Chaveiro urgente Lisboa Mudan\u00e7a de Fechadura Pre\u00e7o Chaveiro Carros Mudar Canh\u00e3o de [&hellip;]\" \/>\n<meta property=\"og:url\" content=\"https:\/\/chaveirodelisboa.pt\/it\/servizi\/\" \/>\n<meta property=\"og:site_name\" content=\"Chaveiro de Lisboa\" \/>\n<meta property=\"article:modified_time\" content=\"2025-02-11T06:44:25+00:00\" \/>\n<meta name=\"twitter:card\" content=\"summary_large_image\" \/>\n<meta name=\"twitter:label1\" content=\"Est. reading time\" \/>\n\t<meta name=\"twitter:data1\" content=\"1 minuto\" \/>\n<script type=\"application\/ld+json\" class=\"yoast-schema-graph\">{\"@context\":\"https:\/\/schema.org\",\"@graph\":[{\"@type\":\"WebPage\",\"@id\":\"https:\/\/chaveirodelisboa.pt\/servicos\/\",\"url\":\"https:\/\/chaveirodelisboa.pt\/servicos\/\",\"name\":\"Servi\u00e7os\",\"isPartOf\":{\"@id\":\"https:\/\/chaveirodelisboa.pt\/#website\"},\"datePublished\":\"2025-01-29T15:33:14+00:00\",\"dateModified\":\"2025-02-11T06:44:25+00:00\",\"breadcrumb\":{\"@id\":\"https:\/\/chaveirodelisboa.pt\/servicos\/#breadcrumb\"},\"inLanguage\":\"it-IT\",\"potentialAction\":[{\"@type\":\"ReadAction\",\"target\":[\"https:\/\/chaveirodelisboa.pt\/servicos\/\"]}]},{\"@type\":\"BreadcrumbList\",\"@id\":\"https:\/\/chaveirodelisboa.pt\/servicos\/#breadcrumb\",\"itemListElement\":[{\"@type\":\"ListItem\",\"position\":1,\"name\":\"Home\",\"item\":\"https:\/\/chaveirodelisboa.pt\/\"},{\"@type\":\"ListItem\",\"position\":2,\"name\":\"Servi\u00e7os\"}]},{\"@type\":\"WebSite\",\"@id\":\"https:\/\/chaveirodelisboa.pt\/#website\",\"url\":\"https:\/\/chaveirodelisboa.pt\/\",\"name\":\"Chaveiro de Lisboa\",\"description\":\"\ud83d\udd11 Solu\u00e7\u00f5es em chaveiro urgentes e confi\u00e1veis em Lisboa, 24 horas por dia.\",\"potentialAction\":[{\"@type\":\"SearchAction\",\"target\":{\"@type\":\"EntryPoint\",\"urlTemplate\":\"https:\/\/chaveirodelisboa.pt\/?s={search_term_string}\"},\"query-input\":{\"@type\":\"PropertyValueSpecification\",\"valueRequired\":true,\"valueName\":\"search_term_string\"}}],\"inLanguage\":\"it-IT\"}]}<\/script>\n<!-- \/ Yoast SEO plugin. -->","yoast_head_json":{"title":"Servi\u00e7os","robots":{"index":"index","follow":"follow","max-snippet":"max-snippet:-1","max-image-preview":"max-image-preview:large","max-video-preview":"max-video-preview:-1"},"canonical":"https:\/\/chaveirodelisboa.pt\/it\/servizi\/","og_locale":"it_IT","og_type":"article","og_title":"Servi\u00e7os","og_description":"Abertura de porta Fechaduras Serralheiro Repara\u00e7\u00e3o de Portas Repara\u00e7\u00e3o de Port\u00f5es Autom\u00e1ticos Mudan\u00e7a de Fechadura Repara\u00e7\u00e3o de Fechadura Portas Blindadas Montagem de portas blindadas Canh\u00f5es de fechaduras Arranjar Fechadura de Porta Chaveiro Lisboa 24 Horas Chaveiro Amadora Chaveiro Odivelas Arrombar porta Chaveiro urgente Chaveiro urgente Lisboa Mudan\u00e7a de Fechadura Pre\u00e7o Chaveiro Carros Mudar Canh\u00e3o de [&hellip;]","og_url":"https:\/\/chaveirodelisboa.pt\/it\/servizi\/","og_site_name":"Chaveiro de Lisboa","article_modified_time":"2025-02-11T06:44:25+00:00","twitter_card":"summary_large_image","twitter_misc":{"Est. reading time":"1 minuto"},"schema":{"@context":"https:\/\/schema.org","@graph":[{"@type":"WebPage","@id":"https:\/\/chaveirodelisboa.pt\/servicos\/","url":"https:\/\/chaveirodelisboa.pt\/servicos\/","name":"Servi\u00e7os","isPartOf":{"@id":"https:\/\/chaveirodelisboa.pt\/#website"},"datePublished":"2025-01-29T15:33:14+00:00","dateModified":"2025-02-11T06:44:25+00:00","breadcrumb":{"@id":"https:\/\/chaveirodelisboa.pt\/servicos\/#breadcrumb"},"inLanguage":"it-IT","potentialAction":[{"@type":"ReadAction","target":["https:\/\/chaveirodelisboa.pt\/servicos\/"]}]},{"@type":"BreadcrumbList","@id":"https:\/\/chaveirodelisboa.pt\/servicos\/#breadcrumb","itemListElement":[{"@type":"ListItem","position":1,"name":"Home","item":"https:\/\/chaveirodelisboa.pt\/"},{"@type":"ListItem","position":2,"name":"Servi\u00e7os"}]},{"@type":"WebSite","@id":"https:\/\/chaveirodelisboa.pt\/#website","url":"https:\/\/chaveirodelisboa.pt\/","name":"Chaveiro de Lisboa","description":"\ud83d\udd11 Solu\u00e7\u00f5es em chaveiro urgentes e confi\u00e1veis em Lisboa, 24 horas por dia.","potentialAction":[{"@type":"SearchAction","target":{"@type":"EntryPoint","urlTemplate":"https:\/\/chaveirodelisboa.pt\/?s={search_term_string}"},"query-input":{"@type":"PropertyValueSpecification","valueRequired":true,"valueName":"search_term_string"}}],"inLanguage":"it-IT"}]}},"_links":{"self":[{"href":"https:\/\/chaveirodelisboa.pt\/it\/wp-json\/wp\/v2\/pages\/2758","targetHints":{"allow":["GET"]}}],"collection":[{"href":"https:\/\/chaveirodelisboa.pt\/it\/wp-json\/wp\/v2\/pages"}],"about":[{"href":"https:\/\/chaveirodelisboa.pt\/it\/wp-json\/wp\/v2\/types\/page"}],"author":[{"embeddable":true,"href":"https:\/\/chaveirodelisboa.pt\/it\/wp-json\/wp\/v2\/users\/1"}],"replies":[{"embeddable":true,"href":"https:\/\/chaveirodelisboa.pt\/it\/wp-json\/wp\/v2\/comments?post=2758"}],"version-history":[{"count":0,"href":"https:\/\/chaveirodelisboa.pt\/it\/wp-json\/wp\/v2\/pages\/2758\/revisions"}],"wp:attachment":[{"href":"https:\/\/chaveirodelisboa.pt\/it\/wp-json\/wp\/v2\/media?parent=2758"}],"curies":[{"name":"wp","href":"https:\/\/api.w.org\/{rel}","templated":true}]}}