{"id":2777,"date":"2025-01-31T15:49:56","date_gmt":"2025-01-31T15:49:56","guid":{"rendered":"https:\/\/chaveirodelisboa.pt\/?page_id=2777"},"modified":"2025-01-31T15:52:09","modified_gmt":"2025-01-31T15:52:09","slug":"abertura-de-porta","status":"publish","type":"page","link":"https:\/\/chaveirodelisboa.pt\/it\/apertura-della-porta\/","title":{"rendered":"Apertura porte a Lisbona - Servizio rapido e sicuro 24 ore su 24"},"content":{"rendered":"<p>Rimanere chiusi fuori casa o perdere le chiavi pu\u00f2 essere snervante. Quando ci\u00f2 accade, la soluzione migliore \u00e8 affidarsi a un servizio di fabbro. <strong>apertura della porta<\/strong> efficiente, veloce e sicuro a Lisbona.<\/p>\n<\/section>\n<section>\n<h2>Cosa si fa quando non si riesce ad aprire la porta?<\/h2>\n<p>Immaginate la scena: arrivate a tarda sera, inserite la chiave nella serratura e... non succede nulla. Oppure vi accorgete di aver lasciato la chiave in casa. Situazioni come questa sono pi\u00f9 comuni di quanto si possa pensare e richiedono una soluzione immediata.<\/p>\n<p>Forzare la porta pu\u00f2 causare danni inutili, aumentare i costi e, in molti casi, non risolvere il problema. L'alternativa migliore \u00e8 rivolgersi a un professionista specializzato che utilizzer\u00e0 tecniche adeguate per aprire la porta senza comprometterne la sicurezza.<\/p>\n<\/section>\n<section>\n<h2>Perch\u00e9 scegliere un servizio di apertura porte professionale?<\/h2>\n<p>Se si cerca di aprire una porta senza una tecnica corretta, si rischia di danneggiare la serratura, la struttura della porta e persino la sicurezza dell'immobile. Un professionista qualificato utilizza metodi precisi che prevengono i danni e garantiscono una soluzione rapida.<\/p>\n<ul>\n<li><strong>Velocit\u00e0 ed efficienza<\/strong> - Servizio immediato per non dover aspettare.<\/li>\n<li><strong>Sicurezza<\/strong> - Tecniche avanzate che proteggono la porta e la serratura.<\/li>\n<li><strong>Disponibilit\u00e0 24 ore su 24<\/strong> - Assistenza a qualsiasi ora del giorno e della notte.<\/li>\n<li><strong>Esperienza<\/strong> - Professionisti formati per trattare diversi tipi di serrature e porte.<\/li>\n<\/ul>\n<\/section>\n<section>\n<h2>Tipi di apertura di porte che realizziamo<\/h2>\n<p>Indipendentemente dal tipo di porta o di serratura, un fabbro professionista pu\u00f2 aiutarvi. I servizi pi\u00f9 comuni includono:<\/p>\n<ul>\n<li><strong>Apertura della porta residenziale<\/strong> - Se siete rimasti chiusi fuori da casa o dall'appartamento.<\/li>\n<li><strong>Apertura di porte commerciali<\/strong> - Per aziende, negozi e uffici che necessitano di assistenza rapida.<\/li>\n<li><strong>Apertura delle porte blindate<\/strong> - Tecniche specializzate per evitare di danneggiare i sistemi di sicurezza.<\/li>\n<li><strong>Apertura delle portiere dell'auto<\/strong> - Se avete perso la chiave dell'auto o \u00e8 rimasta bloccata all'interno del veicolo.<\/li>\n<\/ul>\n<\/section>\n<section>\n<h2>Quanto costa un servizio di apertura porte?<\/h2>\n<p>Il costo del servizio pu\u00f2 variare in base al tipo di serratura, alla complessit\u00e0 dell'apertura e al tempo del servizio. L'apertura di una semplice porta ha un prezzo diverso rispetto all'apertura di una serratura di alta sicurezza o elettronica.<\/p>\n<p>Tuttavia, una cosa \u00e8 certa: rivolgersi a un professionista qualificato \u00e8 sempre pi\u00f9 economico che cercare di risolvere il problema da soli e finire per causare danni pi\u00f9 gravi.<\/p>\n<\/section>\n<section>\n<h2>Assistenza 24 ore su 24 per l'apertura delle porte a Lisbona<\/h2>\n<p>I problemi con porte e serrature possono verificarsi in qualsiasi momento. Ecco perch\u00e9 \u00e8 fondamentale avere un servizio di fabbro. <strong>Apertura della porta 24 ore su 24<\/strong> a Lisbona, garantendo un'assistenza rapida quando ne avete pi\u00f9 bisogno.<\/p>\n<p>Indipendentemente dall'ora del giorno o dalla complessit\u00e0 del problema, un professionista esperto sar\u00e0 sempre pronto ad aiutarvi.<\/p>\n<\/section>\n<section>\n<h2>Fabbro specializzato per un servizio sicuro ed efficiente<\/h2>\n<p>Qualunque sia il vostro problema con le porte o le serrature, avere un fabbro specializzato fa la differenza. Tecniche moderne, strumenti adeguati e anni di esperienza garantiscono un servizio di qualit\u00e0.<\/p>\n<p><strong>Avete bisogno di un servizio di apertura porte a Lisbona?<\/strong> Non perdete tempo e recuperate l'accesso alla vostra propriet\u00e0 in modo rapido e sicuro.<\/p>\n<\/section>","protected":false},"excerpt":{"rendered":"<p>Ficar trancado para fora de casa ou perder as chaves pode ser desesperador. Quando isso acontece, a melhor solu\u00e7\u00e3o \u00e9 contar com um servi\u00e7o de abertura de porta eficiente, r\u00e1pido e seguro em Lisboa. O que fazer quando n\u00e3o consegue abrir a porta? Imagine a cena: chega tarde da noite, coloca a chave na fechadura [&hellip;]<\/p>","protected":false},"author":1,"featured_media":0,"parent":0,"menu_order":0,"comment_status":"closed","ping_status":"closed","template":"","meta":{"footnotes":""},"class_list":["post-2777","page","type-page","status-publish","hentry"],"yoast_head":"<!-- This site is optimized with the Yoast SEO plugin v24.5 - https:\/\/yoast.com\/wordpress\/plugins\/seo\/ -->\n<title>Abertura de Porta em Lisboa \u2013 Servi\u00e7o R\u00e1pido e Seguro 24h<\/title>\n<meta name=\"description\" content=\"Precisa de um servi\u00e7o r\u00e1pido e seguro de abertura de porta em Lisboa? Atendemos 24 horas por dia com profissionais experientes e confi\u00e1veis.\" \/>\n<meta name=\"robots\" content=\"index, follow, max-snippet:-1, max-image-preview:large, max-video-preview:-1\" \/>\n<link rel=\"canonical\" href=\"https:\/\/chaveirodelisboa.pt\/it\/apertura-della-porta\/\" \/>\n<meta property=\"og:locale\" content=\"it_IT\" \/>\n<meta property=\"og:type\" content=\"article\" \/>\n<meta property=\"og:title\" content=\"Abertura de Porta em Lisboa \u2013 Servi\u00e7o R\u00e1pido e Seguro 24h\" \/>\n<meta property=\"og:description\" content=\"Precisa de um servi\u00e7o r\u00e1pido e seguro de abertura de porta em Lisboa? Atendemos 24 horas por dia com profissionais experientes e confi\u00e1veis.\" \/>\n<meta property=\"og:url\" content=\"https:\/\/chaveirodelisboa.pt\/it\/apertura-della-porta\/\" \/>\n<meta property=\"og:site_name\" content=\"Chaveiro de Lisboa\" \/>\n<meta property=\"article:modified_time\" content=\"2025-01-31T15:52:09+00:00\" \/>\n<meta name=\"twitter:card\" content=\"summary_large_image\" \/>\n<meta name=\"twitter:label1\" content=\"Est. reading time\" \/>\n\t<meta name=\"twitter:data1\" content=\"3 minuti\" \/>\n<script type=\"application\/ld+json\" class=\"yoast-schema-graph\">{\"@context\":\"https:\/\/schema.org\",\"@graph\":[{\"@type\":\"WebPage\",\"@id\":\"https:\/\/chaveirodelisboa.pt\/abertura-de-porta\/\",\"url\":\"https:\/\/chaveirodelisboa.pt\/abertura-de-porta\/\",\"name\":\"Abertura de Porta em Lisboa \u2013 Servi\u00e7o R\u00e1pido e Seguro 24h\",\"isPartOf\":{\"@id\":\"https:\/\/chaveirodelisboa.pt\/#website\"},\"datePublished\":\"2025-01-31T15:49:56+00:00\",\"dateModified\":\"2025-01-31T15:52:09+00:00\",\"description\":\"Precisa de um servi\u00e7o r\u00e1pido e seguro de abertura de porta em Lisboa? Atendemos 24 horas por dia com profissionais experientes e confi\u00e1veis.\",\"breadcrumb\":{\"@id\":\"https:\/\/chaveirodelisboa.pt\/abertura-de-porta\/#breadcrumb\"},\"inLanguage\":\"it-IT\",\"potentialAction\":[{\"@type\":\"ReadAction\",\"target\":[\"https:\/\/chaveirodelisboa.pt\/abertura-de-porta\/\"]}]},{\"@type\":\"BreadcrumbList\",\"@id\":\"https:\/\/chaveirodelisboa.pt\/abertura-de-porta\/#breadcrumb\",\"itemListElement\":[{\"@type\":\"ListItem\",\"position\":1,\"name\":\"Home\",\"item\":\"https:\/\/chaveirodelisboa.pt\/\"},{\"@type\":\"ListItem\",\"position\":2,\"name\":\"Abertura de Porta em Lisboa \u2013 Servi\u00e7o R\u00e1pido e Seguro 24h\"}]},{\"@type\":\"WebSite\",\"@id\":\"https:\/\/chaveirodelisboa.pt\/#website\",\"url\":\"https:\/\/chaveirodelisboa.pt\/\",\"name\":\"Chaveiro de Lisboa\",\"description\":\"\ud83d\udd11 Solu\u00e7\u00f5es em chaveiro urgentes e confi\u00e1veis em Lisboa, 24 horas por dia.\",\"potentialAction\":[{\"@type\":\"SearchAction\",\"target\":{\"@type\":\"EntryPoint\",\"urlTemplate\":\"https:\/\/chaveirodelisboa.pt\/?s={search_term_string}\"},\"query-input\":{\"@type\":\"PropertyValueSpecification\",\"valueRequired\":true,\"valueName\":\"search_term_string\"}}],\"inLanguage\":\"it-IT\"}]}<\/script>\n<!-- \/ Yoast SEO plugin. -->","yoast_head_json":{"title":"Abertura de Porta em Lisboa \u2013 Servi\u00e7o R\u00e1pido e Seguro 24h","description":"Precisa de um servi\u00e7o r\u00e1pido e seguro de abertura de porta em Lisboa? Atendemos 24 horas por dia com profissionais experientes e confi\u00e1veis.","robots":{"index":"index","follow":"follow","max-snippet":"max-snippet:-1","max-image-preview":"max-image-preview:large","max-video-preview":"max-video-preview:-1"},"canonical":"https:\/\/chaveirodelisboa.pt\/it\/apertura-della-porta\/","og_locale":"it_IT","og_type":"article","og_title":"Abertura de Porta em Lisboa \u2013 Servi\u00e7o R\u00e1pido e Seguro 24h","og_description":"Precisa de um servi\u00e7o r\u00e1pido e seguro de abertura de porta em Lisboa? Atendemos 24 horas por dia com profissionais experientes e confi\u00e1veis.","og_url":"https:\/\/chaveirodelisboa.pt\/it\/apertura-della-porta\/","og_site_name":"Chaveiro de Lisboa","article_modified_time":"2025-01-31T15:52:09+00:00","twitter_card":"summary_large_image","twitter_misc":{"Est. reading time":"3 minuti"},"schema":{"@context":"https:\/\/schema.org","@graph":[{"@type":"WebPage","@id":"https:\/\/chaveirodelisboa.pt\/abertura-de-porta\/","url":"https:\/\/chaveirodelisboa.pt\/abertura-de-porta\/","name":"Abertura de Porta em Lisboa \u2013 Servi\u00e7o R\u00e1pido e Seguro 24h","isPartOf":{"@id":"https:\/\/chaveirodelisboa.pt\/#website"},"datePublished":"2025-01-31T15:49:56+00:00","dateModified":"2025-01-31T15:52:09+00:00","description":"Precisa de um servi\u00e7o r\u00e1pido e seguro de abertura de porta em Lisboa? Atendemos 24 horas por dia com profissionais experientes e confi\u00e1veis.","breadcrumb":{"@id":"https:\/\/chaveirodelisboa.pt\/abertura-de-porta\/#breadcrumb"},"inLanguage":"it-IT","potentialAction":[{"@type":"ReadAction","target":["https:\/\/chaveirodelisboa.pt\/abertura-de-porta\/"]}]},{"@type":"BreadcrumbList","@id":"https:\/\/chaveirodelisboa.pt\/abertura-de-porta\/#breadcrumb","itemListElement":[{"@type":"ListItem","position":1,"name":"Home","item":"https:\/\/chaveirodelisboa.pt\/"},{"@type":"ListItem","position":2,"name":"Abertura de Porta em Lisboa \u2013 Servi\u00e7o R\u00e1pido e Seguro 24h"}]},{"@type":"WebSite","@id":"https:\/\/chaveirodelisboa.pt\/#website","url":"https:\/\/chaveirodelisboa.pt\/","name":"Chaveiro de Lisboa","description":"\ud83d\udd11 Solu\u00e7\u00f5es em chaveiro urgentes e confi\u00e1veis em Lisboa, 24 horas por dia.","potentialAction":[{"@type":"SearchAction","target":{"@type":"EntryPoint","urlTemplate":"https:\/\/chaveirodelisboa.pt\/?s={search_term_string}"},"query-input":{"@type":"PropertyValueSpecification","valueRequired":true,"valueName":"search_term_string"}}],"inLanguage":"it-IT"}]}},"_links":{"self":[{"href":"https:\/\/chaveirodelisboa.pt\/it\/wp-json\/wp\/v2\/pages\/2777","targetHints":{"allow":["GET"]}}],"collection":[{"href":"https:\/\/chaveirodelisboa.pt\/it\/wp-json\/wp\/v2\/pages"}],"about":[{"href":"https:\/\/chaveirodelisboa.pt\/it\/wp-json\/wp\/v2\/types\/page"}],"author":[{"embeddable":true,"href":"https:\/\/chaveirodelisboa.pt\/it\/wp-json\/wp\/v2\/users\/1"}],"replies":[{"embeddable":true,"href":"https:\/\/chaveirodelisboa.pt\/it\/wp-json\/wp\/v2\/comments?post=2777"}],"version-history":[{"count":0,"href":"https:\/\/chaveirodelisboa.pt\/it\/wp-json\/wp\/v2\/pages\/2777\/revisions"}],"wp:attachment":[{"href":"https:\/\/chaveirodelisboa.pt\/it\/wp-json\/wp\/v2\/media?parent=2777"}],"curies":[{"name":"wp","href":"https:\/\/api.w.org\/{rel}","templated":true}]}}