{"id":2801,"date":"2025-02-02T07:32:26","date_gmt":"2025-02-02T07:32:26","guid":{"rendered":"https:\/\/chaveirodelisboa.pt\/?page_id=2801"},"modified":"2025-02-02T07:32:33","modified_gmt":"2025-02-02T07:32:33","slug":"mudanca-de-fechadura","status":"publish","type":"page","link":"https:\/\/chaveirodelisboa.pt\/it\/cambiare-la-serratura\/","title":{"rendered":"Cambio serratura a Lisbona - Servizio professionale 24 ore su 24"},"content":{"rendered":"<section>\n<p>\u00c8 necessario <strong>cambiare la serratura<\/strong>? Che sia per motivi di sicurezza, per l'usura o per lo smarrimento delle chiavi, la sostituzione della serratura della vostra porta \u00e8 essenziale per mantenere la vostra propriet\u00e0 protetta. Con un servizio professionale, garantiamo un lavoro rapido e sicuro, evitando qualsiasi danno alla vostra porta.<\/p>\n<\/section>\n<section>\n<h2>Quando \u00e8 necessario cambiare la serratura?<\/h2>\n<p>La serratura \u00e8 la principale barriera di sicurezza di un'abitazione, di un ufficio o di uno stabilimento commerciale. Se \u00e8 danneggiata o obsoleta, la sicurezza della propriet\u00e0 pu\u00f2 essere compromessa. Ecco alcune situazioni in cui \u00e8 consigliabile cambiare la serratura:<\/p>\n<ul>\n<li><strong>Chiavi smarrite o rubate<\/strong> - Se avete perso le chiavi, chiunque pu\u00f2 accedere alla vostra propriet\u00e0.<\/li>\n<li><strong>Serratura vecchia o usurata<\/strong> - Con il tempo, le serrature possono diventare difettose e difficili da usare.<\/li>\n<li><strong>Dopo un tentativo di effrazione<\/strong> - Se c'\u00e8 stato un tentativo di effrazione, la sostituzione della serratura garantir\u00e0 una maggiore sicurezza.<\/li>\n<li><strong>Cambio di inquilini<\/strong> - Negli immobili in affitto, il cambio della serratura alla fine del contratto impedisce l'accesso indesiderato.<\/li>\n<li><strong>Migliorare la sicurezza<\/strong> - Le serrature pi\u00f9 moderne offrono una maggiore resistenza all'effrazione.<\/li>\n<\/ul>\n<\/section>\n<section>\n<h2>Tipi di serrature disponibili<\/h2>\n<p>La scelta della serratura giusta dipende dal tipo di porta e dal livello di sicurezza desiderato. Scoprite le principali opzioni:<\/p>\n<ul>\n<li><strong>Serrature cilindriche<\/strong> - Comuni nelle porte residenziali, offrono una buona sicurezza.<\/li>\n<li><strong>Serrature multipunto<\/strong> - Hanno diversi punti di chiusura, che rafforzano la protezione.<\/li>\n<li><strong>Serrature elettroniche<\/strong> - Modelli moderni che utilizzano una password, una scheda o la biometria.<\/li>\n<li><strong>Serrature da infilare<\/strong> - Integrato nella porta, garantisce maggiore discrezione e sicurezza.<\/li>\n<li><strong>Serrature ad alta sicurezza<\/strong> - Resistente all'effrazione, ideale per le porte blindate.<\/li>\n<\/ul>\n<\/section>\n<section>\n<h2>Perch\u00e9 rivolgersi a un professionista per cambiare la serratura?<\/h2>\n<p>La sostituzione di una serratura pu\u00f2 sembrare semplice, ma se non viene eseguita correttamente pu\u00f2 mettere a rischio la sicurezza e il funzionamento della porta. Affidarsi a un professionista lo garantisce:<\/p>\n<ul>\n<li><strong>Installazione senza danni<\/strong> - Il lavoro viene eseguito senza danneggiare la porta o lo stipite.<\/li>\n<li><strong>Maggiore sicurezza<\/strong> - La serratura \u00e8 installata correttamente per evitare guasti.<\/li>\n<li><strong>Scegliere il modello migliore<\/strong> - Uno specialista pu\u00f2 consigliarvi la serratura pi\u00f9 adatta a voi.<\/li>\n<li><strong>Velocit\u00e0 ed efficienza<\/strong> - Servizio svolto nel pi\u00f9 breve tempo possibile, con qualit\u00e0 garantita.<\/li>\n<\/ul>\n<\/section>\n<section>\n<h2>Quanto costa cambiare una serratura?<\/h2>\n<p>Il costo di <strong>cambiare la serratura<\/strong> possono variare a seconda del tipo di serratura scelta e della complessit\u00e0 dell'installazione. I modelli elettronici e ad alta sicurezza possono costare di pi\u00f9, ma garantiscono una maggiore protezione.<\/p>\n<p>L'importante \u00e8 scegliere un servizio di qualit\u00e0 per garantire che il cambio venga effettuato correttamente e senza complicazioni.<\/p>\n<\/section>\n<section>\n<h2>Assistenza 24 ore su 24 per il cambio della serratura a Lisbona<\/h2>\n<p>I problemi con le serrature possono verificarsi a qualsiasi ora del giorno e della notte. Per questo motivo offriamo un servizio di cambio serrature d'emergenza 24 ore su 24, garantendo un'assistenza rapida quando ne avete pi\u00f9 bisogno.<\/p>\n<p>Se siete rimasti chiusi fuori, avete perso le chiavi o avete bisogno di rafforzare la sicurezza, siamo pronti ad aiutarvi.<\/p>\n<\/section>\n<section>\n<h2>Mettete in sicurezza la vostra propriet\u00e0 con un servizio professionale<\/h2>\n<p>Se dovete cambiare una serratura danneggiata, rafforzare la sicurezza della vostra propriet\u00e0 o sostituire un vecchio modello, rivolgersi a un professionista fa la differenza. Lavoriamo con le migliori marche e garantiamo un servizio rapido ed efficiente.<\/p>\n<p><strong>Avete bisogno di cambiare una serratura a Lisbona?<\/strong> Non rischiate la vostra sicurezza! Affidatevi agli esperti per un servizio sicuro, affidabile e di qualit\u00e0.<\/p>\n<\/section>","protected":false},"excerpt":{"rendered":"<p>Precisa de mudan\u00e7a de fechadura? Seja por seguran\u00e7a, desgaste ou perda de chaves, trocar a fechadura da sua porta \u00e9 essencial para manter a prote\u00e7\u00e3o do seu im\u00f3vel. Com um servi\u00e7o profissional, garantimos um trabalho r\u00e1pido e seguro, evitando qualquer dano \u00e0 sua porta. Quando \u00e9 necess\u00e1rio trocar a fechadura? A fechadura \u00e9 a principal [&hellip;]<\/p>","protected":false},"author":1,"featured_media":0,"parent":0,"menu_order":0,"comment_status":"closed","ping_status":"closed","template":"","meta":{"footnotes":""},"class_list":["post-2801","page","type-page","status-publish","hentry"],"yoast_head":"<!-- This site is optimized with the Yoast SEO plugin v24.5 - https:\/\/yoast.com\/wordpress\/plugins\/seo\/ -->\n<title>Mudan\u00e7a de Fechadura em Lisboa \u2013 Servi\u00e7o Profissional 24h<\/title>\n<meta name=\"description\" content=\"Mudan\u00e7a de fechadura em Lisboa. Servi\u00e7o profissional 24h para troca e instala\u00e7\u00e3o de fechaduras com seguran\u00e7a e efici\u00eancia.\" \/>\n<meta name=\"robots\" content=\"index, follow, max-snippet:-1, max-image-preview:large, max-video-preview:-1\" \/>\n<link rel=\"canonical\" href=\"https:\/\/chaveirodelisboa.pt\/it\/cambiare-la-serratura\/\" \/>\n<meta property=\"og:locale\" content=\"it_IT\" \/>\n<meta property=\"og:type\" content=\"article\" \/>\n<meta property=\"og:title\" content=\"Mudan\u00e7a de Fechadura em Lisboa \u2013 Servi\u00e7o Profissional 24h\" \/>\n<meta property=\"og:description\" content=\"Mudan\u00e7a de fechadura em Lisboa. Servi\u00e7o profissional 24h para troca e instala\u00e7\u00e3o de fechaduras com seguran\u00e7a e efici\u00eancia.\" \/>\n<meta property=\"og:url\" content=\"https:\/\/chaveirodelisboa.pt\/it\/cambiare-la-serratura\/\" \/>\n<meta property=\"og:site_name\" content=\"Chaveiro de Lisboa\" \/>\n<meta property=\"article:modified_time\" content=\"2025-02-02T07:32:33+00:00\" \/>\n<meta name=\"twitter:card\" content=\"summary_large_image\" \/>\n<meta name=\"twitter:label1\" content=\"Est. reading time\" \/>\n\t<meta name=\"twitter:data1\" content=\"3 minuti\" \/>\n<script type=\"application\/ld+json\" class=\"yoast-schema-graph\">{\"@context\":\"https:\/\/schema.org\",\"@graph\":[{\"@type\":\"WebPage\",\"@id\":\"https:\/\/chaveirodelisboa.pt\/mudanca-de-fechadura\/\",\"url\":\"https:\/\/chaveirodelisboa.pt\/mudanca-de-fechadura\/\",\"name\":\"Mudan\u00e7a de Fechadura em Lisboa \u2013 Servi\u00e7o Profissional 24h\",\"isPartOf\":{\"@id\":\"https:\/\/chaveirodelisboa.pt\/#website\"},\"datePublished\":\"2025-02-02T07:32:26+00:00\",\"dateModified\":\"2025-02-02T07:32:33+00:00\",\"description\":\"Mudan\u00e7a de fechadura em Lisboa. Servi\u00e7o profissional 24h para troca e instala\u00e7\u00e3o de fechaduras com seguran\u00e7a e efici\u00eancia.\",\"breadcrumb\":{\"@id\":\"https:\/\/chaveirodelisboa.pt\/mudanca-de-fechadura\/#breadcrumb\"},\"inLanguage\":\"it-IT\",\"potentialAction\":[{\"@type\":\"ReadAction\",\"target\":[\"https:\/\/chaveirodelisboa.pt\/mudanca-de-fechadura\/\"]}]},{\"@type\":\"BreadcrumbList\",\"@id\":\"https:\/\/chaveirodelisboa.pt\/mudanca-de-fechadura\/#breadcrumb\",\"itemListElement\":[{\"@type\":\"ListItem\",\"position\":1,\"name\":\"Home\",\"item\":\"https:\/\/chaveirodelisboa.pt\/\"},{\"@type\":\"ListItem\",\"position\":2,\"name\":\"Mudan\u00e7a de Fechadura em Lisboa \u2013 Servi\u00e7o Profissional 24h\"}]},{\"@type\":\"WebSite\",\"@id\":\"https:\/\/chaveirodelisboa.pt\/#website\",\"url\":\"https:\/\/chaveirodelisboa.pt\/\",\"name\":\"Chaveiro de Lisboa\",\"description\":\"\ud83d\udd11 Solu\u00e7\u00f5es em chaveiro urgentes e confi\u00e1veis em Lisboa, 24 horas por dia.\",\"potentialAction\":[{\"@type\":\"SearchAction\",\"target\":{\"@type\":\"EntryPoint\",\"urlTemplate\":\"https:\/\/chaveirodelisboa.pt\/?s={search_term_string}\"},\"query-input\":{\"@type\":\"PropertyValueSpecification\",\"valueRequired\":true,\"valueName\":\"search_term_string\"}}],\"inLanguage\":\"it-IT\"}]}<\/script>\n<!-- \/ Yoast SEO plugin. -->","yoast_head_json":{"title":"Mudan\u00e7a de Fechadura em Lisboa \u2013 Servi\u00e7o Profissional 24h","description":"Mudan\u00e7a de fechadura em Lisboa. Servi\u00e7o profissional 24h para troca e instala\u00e7\u00e3o de fechaduras com seguran\u00e7a e efici\u00eancia.","robots":{"index":"index","follow":"follow","max-snippet":"max-snippet:-1","max-image-preview":"max-image-preview:large","max-video-preview":"max-video-preview:-1"},"canonical":"https:\/\/chaveirodelisboa.pt\/it\/cambiare-la-serratura\/","og_locale":"it_IT","og_type":"article","og_title":"Mudan\u00e7a de Fechadura em Lisboa \u2013 Servi\u00e7o Profissional 24h","og_description":"Mudan\u00e7a de fechadura em Lisboa. Servi\u00e7o profissional 24h para troca e instala\u00e7\u00e3o de fechaduras com seguran\u00e7a e efici\u00eancia.","og_url":"https:\/\/chaveirodelisboa.pt\/it\/cambiare-la-serratura\/","og_site_name":"Chaveiro de Lisboa","article_modified_time":"2025-02-02T07:32:33+00:00","twitter_card":"summary_large_image","twitter_misc":{"Est. reading time":"3 minuti"},"schema":{"@context":"https:\/\/schema.org","@graph":[{"@type":"WebPage","@id":"https:\/\/chaveirodelisboa.pt\/mudanca-de-fechadura\/","url":"https:\/\/chaveirodelisboa.pt\/mudanca-de-fechadura\/","name":"Mudan\u00e7a de Fechadura em Lisboa \u2013 Servi\u00e7o Profissional 24h","isPartOf":{"@id":"https:\/\/chaveirodelisboa.pt\/#website"},"datePublished":"2025-02-02T07:32:26+00:00","dateModified":"2025-02-02T07:32:33+00:00","description":"Mudan\u00e7a de fechadura em Lisboa. Servi\u00e7o profissional 24h para troca e instala\u00e7\u00e3o de fechaduras com seguran\u00e7a e efici\u00eancia.","breadcrumb":{"@id":"https:\/\/chaveirodelisboa.pt\/mudanca-de-fechadura\/#breadcrumb"},"inLanguage":"it-IT","potentialAction":[{"@type":"ReadAction","target":["https:\/\/chaveirodelisboa.pt\/mudanca-de-fechadura\/"]}]},{"@type":"BreadcrumbList","@id":"https:\/\/chaveirodelisboa.pt\/mudanca-de-fechadura\/#breadcrumb","itemListElement":[{"@type":"ListItem","position":1,"name":"Home","item":"https:\/\/chaveirodelisboa.pt\/"},{"@type":"ListItem","position":2,"name":"Mudan\u00e7a de Fechadura em Lisboa \u2013 Servi\u00e7o Profissional 24h"}]},{"@type":"WebSite","@id":"https:\/\/chaveirodelisboa.pt\/#website","url":"https:\/\/chaveirodelisboa.pt\/","name":"Chaveiro de Lisboa","description":"\ud83d\udd11 Solu\u00e7\u00f5es em chaveiro urgentes e confi\u00e1veis em Lisboa, 24 horas por dia.","potentialAction":[{"@type":"SearchAction","target":{"@type":"EntryPoint","urlTemplate":"https:\/\/chaveirodelisboa.pt\/?s={search_term_string}"},"query-input":{"@type":"PropertyValueSpecification","valueRequired":true,"valueName":"search_term_string"}}],"inLanguage":"it-IT"}]}},"_links":{"self":[{"href":"https:\/\/chaveirodelisboa.pt\/it\/wp-json\/wp\/v2\/pages\/2801","targetHints":{"allow":["GET"]}}],"collection":[{"href":"https:\/\/chaveirodelisboa.pt\/it\/wp-json\/wp\/v2\/pages"}],"about":[{"href":"https:\/\/chaveirodelisboa.pt\/it\/wp-json\/wp\/v2\/types\/page"}],"author":[{"embeddable":true,"href":"https:\/\/chaveirodelisboa.pt\/it\/wp-json\/wp\/v2\/users\/1"}],"replies":[{"embeddable":true,"href":"https:\/\/chaveirodelisboa.pt\/it\/wp-json\/wp\/v2\/comments?post=2801"}],"version-history":[{"count":0,"href":"https:\/\/chaveirodelisboa.pt\/it\/wp-json\/wp\/v2\/pages\/2801\/revisions"}],"wp:attachment":[{"href":"https:\/\/chaveirodelisboa.pt\/it\/wp-json\/wp\/v2\/media?parent=2801"}],"curies":[{"name":"wp","href":"https:\/\/api.w.org\/{rel}","templated":true}]}}