{"id":2826,"date":"2025-02-04T11:23:27","date_gmt":"2025-02-04T11:23:27","guid":{"rendered":"https:\/\/chaveirodelisboa.pt\/?page_id=2826"},"modified":"2025-02-04T11:23:33","modified_gmt":"2025-02-04T11:23:33","slug":"chaveiro-amadora","status":"publish","type":"page","link":"https:\/\/chaveirodelisboa.pt\/it\/fabbro-amatoriale\/","title":{"rendered":"Fabbri Amadora - Servizio rapido e sicuro 24 ore su 24"},"content":{"rendered":"<section>\n<p>Se avete bisogno di un <strong>fabbri a Amadora<\/strong>Se avete bisogno di aprire una porta, cambiare una serratura o fare una copia di una chiave, potete contare su un servizio specializzato disponibile 24 ore al giorno. Con un servizio rapido e sicuro, vi garantiamo la soluzione migliore per le vostre esigenze.<\/p>\n<\/section>\n<section>\n<h2>Quando chiamare un fabbro ad Amadora?<\/h2>\n<p>I problemi con le serrature e le chiavi possono presentarsi in qualsiasi momento. Alcune situazioni in cui un fabbro d'emergenza pu\u00f2 essere d'aiuto sono:<\/p>\n<ul>\n<li><strong>Chiavi smarrite o rubate<\/strong> - Sostituire la serratura per evitare rischi di sicurezza.<\/li>\n<li><strong>Apertura di porte chiuse a chiave<\/strong> - Residenziale, commerciale e automobilistico.<\/li>\n<li><strong>Chiave rotta all'interno della serratura<\/strong> - Servizio di rimozione senza danneggiare la porta.<\/li>\n<li><strong>Cambio e riparazione di serrature<\/strong> - Rafforzare la sicurezza della propriet\u00e0.<\/li>\n<li><strong>Programmazione delle chiavi dell'auto<\/strong> - Per i veicoli con sistemi elettronici.<\/li>\n<\/ul>\n<\/section>\n<section>\n<h2>Servizi offerti dai fabbri a Amadora<\/h2>\n<p>Qualunque sia il problema, un fabbro professionista pu\u00f2 risolverlo rapidamente. I principali servizi includono:<\/p>\n<ul>\n<li><strong>Apertura delle porte<\/strong> - Servizio rapido e senza danni per case e aziende.<\/li>\n<li><strong>Cambio e riparazione di serrature<\/strong> - Modelli convenzionali e ad alta sicurezza.<\/li>\n<li><strong>Sostituzione di cilindri e cannoni<\/strong> - Per rafforzare la sicurezza.<\/li>\n<li><strong>Duplicazione delle chiavi<\/strong> - Per porte, casseforti e veicoli.<\/li>\n<li><strong>Riparazione e manutenzione di porte blindate<\/strong> - Per garantire la massima protezione.<\/li>\n<li><strong>Programmazione delle chiavi dell'auto<\/strong> - Per le auto con tecnologia codificata.<\/li>\n<\/ul>\n<\/section>\n<section>\n<h2>Vantaggi dell'assunzione di un fabbro professionista ad Amadora<\/h2>\n<p>I servizi di un fabbro specializzato sono essenziali per le emergenze. I principali vantaggi includono:<\/p>\n<ul>\n<li><strong>Servizio immediato<\/strong> - Risoluzione rapida del problema, senza attese prolungate.<\/li>\n<li><strong>Servizio senza danni<\/strong> - Tecniche moderne che preservano la vostra porta o la vostra serratura.<\/li>\n<li><strong>Professionisti qualificati<\/strong> - Tecnici esperti che garantiscono un servizio efficiente.<\/li>\n<li><strong>Disponibilit\u00e0 24 ore su 24<\/strong> - Aiuto in qualsiasi momento, anche nei giorni festivi e nelle prime ore del mattino.<\/li>\n<\/ul>\n<\/section>\n<section>\n<h2>Quanto costa un servizio di fabbro ad Amadora?<\/h2>\n<p>Il prezzo di un <strong>fabbri a Amadora<\/strong> pu\u00f2 variare a seconda del tipo di servizio e della complessit\u00e0 del problema. Servizi come l'apertura di semplici porte sono accessibili, mentre la sostituzione di serrature di alta sicurezza pu\u00f2 costare di pi\u00f9.<\/p>\n<p>L'investimento in un servizio professionale garantisce che il problema venga risolto rapidamente e senza danni.<\/p>\n<\/section>\n<section>\n<h2>Rapido intervento di emergenza ad Amadora<\/h2>\n<p>Se avete perso le chiavi, siete rimasti chiusi fuori o avete bisogno di sostituire una serratura d'emergenza, un servizio di fabbro specializzato pu\u00f2 risolvere il problema in modo rapido ed efficiente.<\/p>\n<p>Con un servizio 24 ore su 24, vi garantiamo assistenza quando ne avete bisogno, in qualsiasi momento.<\/p>\n<\/section>\n<section>\n<h2>Portachiavi ad Amadora - Sicurezza e comodit\u00e0 a portata di mano<\/h2>\n<p>Se avete bisogno di aprire una porta, cambiare una serratura o fare una copia di una chiave, potete contare su una <strong>fabbri a Amadora<\/strong> \u00e8 essenziale per la vostra tranquillit\u00e0.<\/p>\n<p><strong>Avete bisogno di un fabbro ad Amadora ora?<\/strong> Non aspettate oltre! Affidatevi a professionisti esperti per un servizio rapido, sicuro ed efficiente.<\/p>\n<\/section>","protected":false},"excerpt":{"rendered":"<p>Se precisa de um chaveiro em Amadora, seja para abrir uma porta, trocar uma fechadura ou fazer uma c\u00f3pia de chave, conte com um servi\u00e7o especializado e dispon\u00edvel 24 horas. Com atendimento r\u00e1pido e seguro, garantimos a melhor solu\u00e7\u00e3o para suas necessidades. Quando chamar um chaveiro em Amadora? Problemas com fechaduras e chaves podem surgir [&hellip;]<\/p>","protected":false},"author":1,"featured_media":0,"parent":0,"menu_order":0,"comment_status":"closed","ping_status":"closed","template":"","meta":{"footnotes":""},"class_list":["post-2826","page","type-page","status-publish","hentry"],"yoast_head":"<!-- This site is optimized with the Yoast SEO plugin v24.5 - https:\/\/yoast.com\/wordpress\/plugins\/seo\/ -->\n<title>Chaveiro Amadora \u2013 Servi\u00e7o R\u00e1pido e Seguro 24h<\/title>\n<meta name=\"description\" content=\"Chaveiro Amadora 24 horas. Servi\u00e7o de abertura de portas, troca de fechaduras e c\u00f3pias de chaves. Atendimento r\u00e1pido e seguro na regi\u00e3o de Amadora.\" \/>\n<meta name=\"robots\" content=\"index, follow, max-snippet:-1, max-image-preview:large, max-video-preview:-1\" \/>\n<link rel=\"canonical\" href=\"https:\/\/chaveirodelisboa.pt\/it\/fabbro-amatoriale\/\" \/>\n<meta property=\"og:locale\" content=\"it_IT\" \/>\n<meta property=\"og:type\" content=\"article\" \/>\n<meta property=\"og:title\" content=\"Chaveiro Amadora \u2013 Servi\u00e7o R\u00e1pido e Seguro 24h\" \/>\n<meta property=\"og:description\" content=\"Chaveiro Amadora 24 horas. Servi\u00e7o de abertura de portas, troca de fechaduras e c\u00f3pias de chaves. Atendimento r\u00e1pido e seguro na regi\u00e3o de Amadora.\" \/>\n<meta property=\"og:url\" content=\"https:\/\/chaveirodelisboa.pt\/it\/fabbro-amatoriale\/\" \/>\n<meta property=\"og:site_name\" content=\"Chaveiro de Lisboa\" \/>\n<meta property=\"article:modified_time\" content=\"2025-02-04T11:23:33+00:00\" \/>\n<meta name=\"twitter:card\" content=\"summary_large_image\" \/>\n<meta name=\"twitter:label1\" content=\"Est. reading time\" \/>\n\t<meta name=\"twitter:data1\" content=\"3 minuti\" \/>\n<script type=\"application\/ld+json\" class=\"yoast-schema-graph\">{\"@context\":\"https:\/\/schema.org\",\"@graph\":[{\"@type\":\"WebPage\",\"@id\":\"https:\/\/chaveirodelisboa.pt\/chaveiro-amadora\/\",\"url\":\"https:\/\/chaveirodelisboa.pt\/chaveiro-amadora\/\",\"name\":\"Chaveiro Amadora \u2013 Servi\u00e7o R\u00e1pido e Seguro 24h\",\"isPartOf\":{\"@id\":\"https:\/\/chaveirodelisboa.pt\/#website\"},\"datePublished\":\"2025-02-04T11:23:27+00:00\",\"dateModified\":\"2025-02-04T11:23:33+00:00\",\"description\":\"Chaveiro Amadora 24 horas. Servi\u00e7o de abertura de portas, troca de fechaduras e c\u00f3pias de chaves. Atendimento r\u00e1pido e seguro na regi\u00e3o de Amadora.\",\"breadcrumb\":{\"@id\":\"https:\/\/chaveirodelisboa.pt\/chaveiro-amadora\/#breadcrumb\"},\"inLanguage\":\"it-IT\",\"potentialAction\":[{\"@type\":\"ReadAction\",\"target\":[\"https:\/\/chaveirodelisboa.pt\/chaveiro-amadora\/\"]}]},{\"@type\":\"BreadcrumbList\",\"@id\":\"https:\/\/chaveirodelisboa.pt\/chaveiro-amadora\/#breadcrumb\",\"itemListElement\":[{\"@type\":\"ListItem\",\"position\":1,\"name\":\"Home\",\"item\":\"https:\/\/chaveirodelisboa.pt\/\"},{\"@type\":\"ListItem\",\"position\":2,\"name\":\"Chaveiro Amadora \u2013 Servi\u00e7o R\u00e1pido e Seguro 24h\"}]},{\"@type\":\"WebSite\",\"@id\":\"https:\/\/chaveirodelisboa.pt\/#website\",\"url\":\"https:\/\/chaveirodelisboa.pt\/\",\"name\":\"Chaveiro de Lisboa\",\"description\":\"\ud83d\udd11 Solu\u00e7\u00f5es em chaveiro urgentes e confi\u00e1veis em Lisboa, 24 horas por dia.\",\"potentialAction\":[{\"@type\":\"SearchAction\",\"target\":{\"@type\":\"EntryPoint\",\"urlTemplate\":\"https:\/\/chaveirodelisboa.pt\/?s={search_term_string}\"},\"query-input\":{\"@type\":\"PropertyValueSpecification\",\"valueRequired\":true,\"valueName\":\"search_term_string\"}}],\"inLanguage\":\"it-IT\"}]}<\/script>\n<!-- \/ Yoast SEO plugin. -->","yoast_head_json":{"title":"Chaveiro Amadora \u2013 Servi\u00e7o R\u00e1pido e Seguro 24h","description":"Chaveiro Amadora 24 horas. Servi\u00e7o de abertura de portas, troca de fechaduras e c\u00f3pias de chaves. Atendimento r\u00e1pido e seguro na regi\u00e3o de Amadora.","robots":{"index":"index","follow":"follow","max-snippet":"max-snippet:-1","max-image-preview":"max-image-preview:large","max-video-preview":"max-video-preview:-1"},"canonical":"https:\/\/chaveirodelisboa.pt\/it\/fabbro-amatoriale\/","og_locale":"it_IT","og_type":"article","og_title":"Chaveiro Amadora \u2013 Servi\u00e7o R\u00e1pido e Seguro 24h","og_description":"Chaveiro Amadora 24 horas. Servi\u00e7o de abertura de portas, troca de fechaduras e c\u00f3pias de chaves. Atendimento r\u00e1pido e seguro na regi\u00e3o de Amadora.","og_url":"https:\/\/chaveirodelisboa.pt\/it\/fabbro-amatoriale\/","og_site_name":"Chaveiro de Lisboa","article_modified_time":"2025-02-04T11:23:33+00:00","twitter_card":"summary_large_image","twitter_misc":{"Est. reading time":"3 minuti"},"schema":{"@context":"https:\/\/schema.org","@graph":[{"@type":"WebPage","@id":"https:\/\/chaveirodelisboa.pt\/chaveiro-amadora\/","url":"https:\/\/chaveirodelisboa.pt\/chaveiro-amadora\/","name":"Chaveiro Amadora \u2013 Servi\u00e7o R\u00e1pido e Seguro 24h","isPartOf":{"@id":"https:\/\/chaveirodelisboa.pt\/#website"},"datePublished":"2025-02-04T11:23:27+00:00","dateModified":"2025-02-04T11:23:33+00:00","description":"Chaveiro Amadora 24 horas. Servi\u00e7o de abertura de portas, troca de fechaduras e c\u00f3pias de chaves. Atendimento r\u00e1pido e seguro na regi\u00e3o de Amadora.","breadcrumb":{"@id":"https:\/\/chaveirodelisboa.pt\/chaveiro-amadora\/#breadcrumb"},"inLanguage":"it-IT","potentialAction":[{"@type":"ReadAction","target":["https:\/\/chaveirodelisboa.pt\/chaveiro-amadora\/"]}]},{"@type":"BreadcrumbList","@id":"https:\/\/chaveirodelisboa.pt\/chaveiro-amadora\/#breadcrumb","itemListElement":[{"@type":"ListItem","position":1,"name":"Home","item":"https:\/\/chaveirodelisboa.pt\/"},{"@type":"ListItem","position":2,"name":"Chaveiro Amadora \u2013 Servi\u00e7o R\u00e1pido e Seguro 24h"}]},{"@type":"WebSite","@id":"https:\/\/chaveirodelisboa.pt\/#website","url":"https:\/\/chaveirodelisboa.pt\/","name":"Chaveiro de Lisboa","description":"\ud83d\udd11 Solu\u00e7\u00f5es em chaveiro urgentes e confi\u00e1veis em Lisboa, 24 horas por dia.","potentialAction":[{"@type":"SearchAction","target":{"@type":"EntryPoint","urlTemplate":"https:\/\/chaveirodelisboa.pt\/?s={search_term_string}"},"query-input":{"@type":"PropertyValueSpecification","valueRequired":true,"valueName":"search_term_string"}}],"inLanguage":"it-IT"}]}},"_links":{"self":[{"href":"https:\/\/chaveirodelisboa.pt\/it\/wp-json\/wp\/v2\/pages\/2826","targetHints":{"allow":["GET"]}}],"collection":[{"href":"https:\/\/chaveirodelisboa.pt\/it\/wp-json\/wp\/v2\/pages"}],"about":[{"href":"https:\/\/chaveirodelisboa.pt\/it\/wp-json\/wp\/v2\/types\/page"}],"author":[{"embeddable":true,"href":"https:\/\/chaveirodelisboa.pt\/it\/wp-json\/wp\/v2\/users\/1"}],"replies":[{"embeddable":true,"href":"https:\/\/chaveirodelisboa.pt\/it\/wp-json\/wp\/v2\/comments?post=2826"}],"version-history":[{"count":0,"href":"https:\/\/chaveirodelisboa.pt\/it\/wp-json\/wp\/v2\/pages\/2826\/revisions"}],"wp:attachment":[{"href":"https:\/\/chaveirodelisboa.pt\/it\/wp-json\/wp\/v2\/media?parent=2826"}],"curies":[{"name":"wp","href":"https:\/\/api.w.org\/{rel}","templated":true}]}}