{"id":2830,"date":"2025-02-04T11:31:08","date_gmt":"2025-02-04T11:31:08","guid":{"rendered":"https:\/\/chaveirodelisboa.pt\/?page_id=2830"},"modified":"2025-02-04T11:31:08","modified_gmt":"2025-02-04T11:31:08","slug":"chaveiro-urgente","status":"publish","type":"page","link":"https:\/\/chaveirodelisboa.pt\/it\/fabbro-urgente\/","title":{"rendered":"Fabbri urgenti - Servizio rapido e sicuro 24 ore su 24"},"content":{"rendered":"<section>\n<p>\u00c8 necessario un <strong>fabbro urgente<\/strong>? Se avete perso le chiavi, siete rimasti chiusi fuori o avete bisogno di un cambio di serratura d'emergenza, un fabbro professionista pu\u00f2 risolvere il problema in modo rapido e sicuro, a qualsiasi ora del giorno o della notte.<\/p>\n<\/section>\n<section>\n<h2>Quando chiamare un fabbro urgente?<\/h2>\n<p>I problemi con le chiavi e le serrature possono verificarsi nei momenti pi\u00f9 inaspettati. Se avete bisogno di un intervento immediato, queste sono alcune delle situazioni in cui un fabbro pu\u00f2 aiutarvi:<\/p>\n<ul>\n<li><strong>Perdita delle chiavi<\/strong> - Avete bisogno di entrare in casa o in auto e non avete una chiave di riserva?<\/li>\n<li><strong>\u00c8 stato chiuso fuori<\/strong> - Porta chiusa con la chiave all'interno?<\/li>\n<li><strong>Chiave rotta all'interno della serratura<\/strong> - Non riuscite ad aprire la porta?<\/li>\n<li><strong>Blocco inceppato<\/strong> - Avete problemi a girare la chiave?<\/li>\n<li><strong>Cambio di serratura d'emergenza<\/strong> - Avete subito un tentativo di effrazione?<\/li>\n<\/ul>\n<\/section>\n<section>\n<h2>Servizi offerti da un fabbro urgente<\/h2>\n<p>Qualunque sia il problema, un fabbro specializzato pu\u00f2 offrire soluzioni rapide ed efficienti, senza causare danni alla porta o alla serratura. I servizi includono:<\/p>\n<ul>\n<li><strong>Apertura di porte chiuse a chiave<\/strong> - Residenziale, commerciale e automobilistico.<\/li>\n<li><strong>Cambio e riparazione di serrature<\/strong> - Modelli convenzionali e ad alta sicurezza.<\/li>\n<li><strong>Sostituzione di cilindri e cannoni<\/strong> - Rafforzare la sicurezza della propriet\u00e0.<\/li>\n<li><strong>Duplicazione delle chiavi<\/strong> - Per porte, casseforti e veicoli.<\/li>\n<li><strong>Programmazione delle chiavi dell'auto<\/strong> - Per i veicoli con tecnologia codificata.<\/li>\n<\/ul>\n<\/section>\n<section>\n<h2>Vantaggi del ricorso a un fabbro urgente<\/h2>\n<p>Affidarsi a un servizio professionale evita di danneggiare la serratura e offre una soluzione rapida e sicura. I principali vantaggi sono:<\/p>\n<ul>\n<li><strong>Servizio immediato<\/strong> - Problema risolto senza indugio.<\/li>\n<li><strong>Servizio senza danni<\/strong> - Tecniche avanzate che preservano la vostra serratura e la vostra porta.<\/li>\n<li><strong>Disponibilit\u00e0 24 ore su 24<\/strong> - Servizio in qualsiasi momento, compresi i giorni festivi.<\/li>\n<li><strong>Professionisti qualificati<\/strong> - Tecnici esperti garantiscono un servizio efficiente.<\/li>\n<\/ul>\n<\/section>\n<section>\n<h2>Quanto costa un fabbro urgente?<\/h2>\n<p>Il prezzo di un <strong>fabbro urgente<\/strong> possono variare a seconda del tipo di servizio e della complessit\u00e0 del problema. Servizi come l'apertura di semplici porte sono solitamente accessibili, mentre la sostituzione di serrature di alta sicurezza pu\u00f2 costare di pi\u00f9.<\/p>\n<p>L'importante \u00e8 affidarsi a un professionista affidabile per garantire un servizio efficiente e privo di rischi.<\/p>\n<\/section>\n<section>\n<h2>Servizio di emergenza 24 ore su 24<\/h2>\n<p>Se avete perso le chiavi, siete rimasti chiusi fuori o avete bisogno di cambiare urgentemente la serratura, un fabbro specializzato pu\u00f2 risolvere il problema in modo rapido ed efficiente. Il servizio 24 ore su 24 vi garantisce assistenza quando ne avete pi\u00f9 bisogno.<\/p>\n<\/section>\n<section>\n<h2>Avete bisogno di un fabbro urgente? Chiamate subito un professionista!<\/h2>\n<p>Qualunque sia il vostro problema, un <strong>fabbro urgente<\/strong> pu\u00f2 aiutarvi a recuperare rapidamente l'accesso alla vostra propriet\u00e0 o al vostro veicolo. Non cercate di forzare la serratura ed evitate danni inutili.<\/p>\n<p><strong>Avete bisogno di un fabbro ora?<\/strong> Affidatevi agli esperti per un servizio rapido, sicuro ed efficiente!<\/p>\n<\/section>","protected":false},"excerpt":{"rendered":"<p>Precisa de um chaveiro urgente? Se perdeu as chaves, ficou trancado para fora ou precisa de uma troca de fechadura de emerg\u00eancia, um chaveiro profissional pode resolver o problema de forma r\u00e1pida e segura, a qualquer hora do dia ou da noite. Quando chamar um chaveiro urgente? Os problemas com chaves e fechaduras podem ocorrer [&hellip;]<\/p>","protected":false},"author":1,"featured_media":0,"parent":0,"menu_order":0,"comment_status":"closed","ping_status":"closed","template":"","meta":{"footnotes":""},"class_list":["post-2830","page","type-page","status-publish","hentry"],"yoast_head":"<!-- This site is optimized with the Yoast SEO plugin v24.5 - https:\/\/yoast.com\/wordpress\/plugins\/seo\/ -->\n<title>Chaveiro Urgente \u2013 Atendimento R\u00e1pido e Seguro 24h<\/title>\n<meta name=\"description\" content=\"Chaveiro urgente dispon\u00edvel 24 horas. Servi\u00e7o r\u00e1pido e seguro para abertura de portas, troca de fechaduras e c\u00f3pia de chaves.\" \/>\n<meta name=\"robots\" content=\"index, follow, max-snippet:-1, max-image-preview:large, max-video-preview:-1\" \/>\n<link rel=\"canonical\" href=\"https:\/\/chaveirodelisboa.pt\/it\/fabbro-urgente\/\" \/>\n<meta property=\"og:locale\" content=\"it_IT\" \/>\n<meta property=\"og:type\" content=\"article\" \/>\n<meta property=\"og:title\" content=\"Chaveiro Urgente \u2013 Atendimento R\u00e1pido e Seguro 24h\" \/>\n<meta property=\"og:description\" content=\"Chaveiro urgente dispon\u00edvel 24 horas. Servi\u00e7o r\u00e1pido e seguro para abertura de portas, troca de fechaduras e c\u00f3pia de chaves.\" \/>\n<meta property=\"og:url\" content=\"https:\/\/chaveirodelisboa.pt\/it\/fabbro-urgente\/\" \/>\n<meta property=\"og:site_name\" content=\"Chaveiro de Lisboa\" \/>\n<meta name=\"twitter:card\" content=\"summary_large_image\" \/>\n<script type=\"application\/ld+json\" class=\"yoast-schema-graph\">{\"@context\":\"https:\/\/schema.org\",\"@graph\":[{\"@type\":\"WebPage\",\"@id\":\"https:\/\/chaveirodelisboa.pt\/chaveiro-urgente\/\",\"url\":\"https:\/\/chaveirodelisboa.pt\/chaveiro-urgente\/\",\"name\":\"Chaveiro Urgente \u2013 Atendimento R\u00e1pido e Seguro 24h\",\"isPartOf\":{\"@id\":\"https:\/\/chaveirodelisboa.pt\/#website\"},\"datePublished\":\"2025-02-04T11:31:08+00:00\",\"description\":\"Chaveiro urgente dispon\u00edvel 24 horas. Servi\u00e7o r\u00e1pido e seguro para abertura de portas, troca de fechaduras e c\u00f3pia de chaves.\",\"breadcrumb\":{\"@id\":\"https:\/\/chaveirodelisboa.pt\/chaveiro-urgente\/#breadcrumb\"},\"inLanguage\":\"it-IT\",\"potentialAction\":[{\"@type\":\"ReadAction\",\"target\":[\"https:\/\/chaveirodelisboa.pt\/chaveiro-urgente\/\"]}]},{\"@type\":\"BreadcrumbList\",\"@id\":\"https:\/\/chaveirodelisboa.pt\/chaveiro-urgente\/#breadcrumb\",\"itemListElement\":[{\"@type\":\"ListItem\",\"position\":1,\"name\":\"Home\",\"item\":\"https:\/\/chaveirodelisboa.pt\/\"},{\"@type\":\"ListItem\",\"position\":2,\"name\":\"Chaveiro Urgente \u2013 Atendimento R\u00e1pido e Seguro 24h\"}]},{\"@type\":\"WebSite\",\"@id\":\"https:\/\/chaveirodelisboa.pt\/#website\",\"url\":\"https:\/\/chaveirodelisboa.pt\/\",\"name\":\"Chaveiro de Lisboa\",\"description\":\"\ud83d\udd11 Solu\u00e7\u00f5es em chaveiro urgentes e confi\u00e1veis em Lisboa, 24 horas por dia.\",\"potentialAction\":[{\"@type\":\"SearchAction\",\"target\":{\"@type\":\"EntryPoint\",\"urlTemplate\":\"https:\/\/chaveirodelisboa.pt\/?s={search_term_string}\"},\"query-input\":{\"@type\":\"PropertyValueSpecification\",\"valueRequired\":true,\"valueName\":\"search_term_string\"}}],\"inLanguage\":\"it-IT\"}]}<\/script>\n<!-- \/ Yoast SEO plugin. -->","yoast_head_json":{"title":"Chaveiro Urgente \u2013 Atendimento R\u00e1pido e Seguro 24h","description":"Chaveiro urgente dispon\u00edvel 24 horas. Servi\u00e7o r\u00e1pido e seguro para abertura de portas, troca de fechaduras e c\u00f3pia de chaves.","robots":{"index":"index","follow":"follow","max-snippet":"max-snippet:-1","max-image-preview":"max-image-preview:large","max-video-preview":"max-video-preview:-1"},"canonical":"https:\/\/chaveirodelisboa.pt\/it\/fabbro-urgente\/","og_locale":"it_IT","og_type":"article","og_title":"Chaveiro Urgente \u2013 Atendimento R\u00e1pido e Seguro 24h","og_description":"Chaveiro urgente dispon\u00edvel 24 horas. Servi\u00e7o r\u00e1pido e seguro para abertura de portas, troca de fechaduras e c\u00f3pia de chaves.","og_url":"https:\/\/chaveirodelisboa.pt\/it\/fabbro-urgente\/","og_site_name":"Chaveiro de Lisboa","twitter_card":"summary_large_image","schema":{"@context":"https:\/\/schema.org","@graph":[{"@type":"WebPage","@id":"https:\/\/chaveirodelisboa.pt\/chaveiro-urgente\/","url":"https:\/\/chaveirodelisboa.pt\/chaveiro-urgente\/","name":"Chaveiro Urgente \u2013 Atendimento R\u00e1pido e Seguro 24h","isPartOf":{"@id":"https:\/\/chaveirodelisboa.pt\/#website"},"datePublished":"2025-02-04T11:31:08+00:00","description":"Chaveiro urgente dispon\u00edvel 24 horas. Servi\u00e7o r\u00e1pido e seguro para abertura de portas, troca de fechaduras e c\u00f3pia de chaves.","breadcrumb":{"@id":"https:\/\/chaveirodelisboa.pt\/chaveiro-urgente\/#breadcrumb"},"inLanguage":"it-IT","potentialAction":[{"@type":"ReadAction","target":["https:\/\/chaveirodelisboa.pt\/chaveiro-urgente\/"]}]},{"@type":"BreadcrumbList","@id":"https:\/\/chaveirodelisboa.pt\/chaveiro-urgente\/#breadcrumb","itemListElement":[{"@type":"ListItem","position":1,"name":"Home","item":"https:\/\/chaveirodelisboa.pt\/"},{"@type":"ListItem","position":2,"name":"Chaveiro Urgente \u2013 Atendimento R\u00e1pido e Seguro 24h"}]},{"@type":"WebSite","@id":"https:\/\/chaveirodelisboa.pt\/#website","url":"https:\/\/chaveirodelisboa.pt\/","name":"Chaveiro de Lisboa","description":"\ud83d\udd11 Solu\u00e7\u00f5es em chaveiro urgentes e confi\u00e1veis em Lisboa, 24 horas por dia.","potentialAction":[{"@type":"SearchAction","target":{"@type":"EntryPoint","urlTemplate":"https:\/\/chaveirodelisboa.pt\/?s={search_term_string}"},"query-input":{"@type":"PropertyValueSpecification","valueRequired":true,"valueName":"search_term_string"}}],"inLanguage":"it-IT"}]}},"_links":{"self":[{"href":"https:\/\/chaveirodelisboa.pt\/it\/wp-json\/wp\/v2\/pages\/2830","targetHints":{"allow":["GET"]}}],"collection":[{"href":"https:\/\/chaveirodelisboa.pt\/it\/wp-json\/wp\/v2\/pages"}],"about":[{"href":"https:\/\/chaveirodelisboa.pt\/it\/wp-json\/wp\/v2\/types\/page"}],"author":[{"embeddable":true,"href":"https:\/\/chaveirodelisboa.pt\/it\/wp-json\/wp\/v2\/users\/1"}],"replies":[{"embeddable":true,"href":"https:\/\/chaveirodelisboa.pt\/it\/wp-json\/wp\/v2\/comments?post=2830"}],"version-history":[{"count":0,"href":"https:\/\/chaveirodelisboa.pt\/it\/wp-json\/wp\/v2\/pages\/2830\/revisions"}],"wp:attachment":[{"href":"https:\/\/chaveirodelisboa.pt\/it\/wp-json\/wp\/v2\/media?parent=2830"}],"curies":[{"name":"wp","href":"https:\/\/api.w.org\/{rel}","templated":true}]}}