{"id":2831,"date":"2025-02-04T11:33:28","date_gmt":"2025-02-04T11:33:28","guid":{"rendered":"https:\/\/chaveirodelisboa.pt\/?page_id=2831"},"modified":"2025-02-04T11:33:28","modified_gmt":"2025-02-04T11:33:28","slug":"chaveiro-urgente-lisboa","status":"publish","type":"page","link":"https:\/\/chaveirodelisboa.pt\/it\/fabbri-urgenti-lisbona\/","title":{"rendered":"Fabbri urgenti a Lisbona - Servizio rapido e sicuro 24 ore su 24"},"content":{"rendered":"<section>\n<p>\u00c8 bloccato e ha bisogno di un <strong>fabbri urgenti a Lisbona<\/strong>? Se avete perso le chiavi, rotto la serratura o avete bisogno di una sostituzione immediata, un professionista qualificato pu\u00f2 risolvere il problema in modo rapido e sicuro.<\/p>\n<\/section>\n<section>\n<h2>Quando chiamare un fabbro urgente?<\/h2>\n<p>Gli eventi imprevisti accadono a qualsiasi ora del giorno e della notte. Se avete bisogno di aiuto immediato, queste sono alcune delle situazioni in cui un fabbro di emergenza pu\u00f2 essere essenziale:<\/p>\n<ul>\n<li><strong>Chiavi smarrite o rubate<\/strong> - Evitare i graffi cambiando immediatamente la serratura.<\/li>\n<li><strong>Apertura di porte chiuse a chiave<\/strong> - Residenziale, commerciale e automobilistico.<\/li>\n<li><strong>Chiave rotta all'interno della serratura<\/strong> - Servizio di rimozione senza danneggiare la porta.<\/li>\n<li><strong>Blocco inceppato o danneggiato<\/strong> - Difficolt\u00e0 a girare la chiave o a chiudere la porta.<\/li>\n<li><strong>Cambio di serratura d'emergenza<\/strong> - Necessario un rafforzamento della sicurezza dopo un tentativo di effrazione.<\/li>\n<\/ul>\n<\/section>\n<section>\n<h2>Servizi offerti dai fabbri urgenti a Lisbona<\/h2>\n<p>Qualunque sia il problema, un fabbro specializzato pu\u00f2 offrire soluzioni rapide ed efficienti, senza causare danni alla porta o alla serratura. I servizi includono:<\/p>\n<ul>\n<li><strong>Apertura delle porte<\/strong> - Residenziale, commerciale e automobilistico.<\/li>\n<li><strong>Cambio e riparazione di serrature<\/strong> - Modelli convenzionali e ad alta sicurezza.<\/li>\n<li><strong>Sostituzione di cilindri e cannoni<\/strong> - Per rafforzare la sicurezza.<\/li>\n<li><strong>Duplicazione delle chiavi<\/strong> - Per porte, casseforti e veicoli.<\/li>\n<li><strong>Riparazione e manutenzione di porte blindate<\/strong> - Sicurezza extra per le propriet\u00e0.<\/li>\n<li><strong>Programmazione delle chiavi dell'auto<\/strong> - Per le auto con tecnologia codificata.<\/li>\n<\/ul>\n<\/section>\n<section>\n<h2>Vantaggi dell'assunzione di un fabbro urgente a Lisbona<\/h2>\n<p>Affidarsi a un servizio professionale evita di danneggiare la serratura e offre una soluzione rapida e sicura. I principali vantaggi sono:<\/p>\n<ul>\n<li><strong>Servizio immediato<\/strong> - Problema risolto senza indugio.<\/li>\n<li><strong>Servizio senza danni<\/strong> - Tecniche avanzate che preservano la vostra serratura e la vostra porta.<\/li>\n<li><strong>Disponibilit\u00e0 24 ore su 24<\/strong> - Servizio in qualsiasi momento, compresi i giorni festivi.<\/li>\n<li><strong>Professionisti qualificati<\/strong> - Tecnici esperti garantiscono un servizio efficiente.<\/li>\n<\/ul>\n<\/section>\n<section>\n<h2>Quanto costa un fabbro urgente a Lisbona?<\/h2>\n<p>Il prezzo di un <strong>fabbri urgenti Lisbona<\/strong> possono variare a seconda del tipo di servizio e della complessit\u00e0 del problema. Servizi come l'apertura di semplici porte sono solitamente accessibili, mentre la sostituzione di serrature di alta sicurezza pu\u00f2 costare di pi\u00f9.<\/p>\n<p>La cosa pi\u00f9 importante \u00e8 affidarsi a un professionista affidabile per garantire un servizio efficiente e sicuro.<\/p>\n<\/section>\n<section>\n<h2>Servizio di emergenza 24 ore su 24 a Lisbona<\/h2>\n<p>Se avete perso le chiavi, siete rimasti chiusi fuori o avete bisogno di sostituire urgentemente una serratura, un fabbro specializzato pu\u00f2 risolvere il problema in modo rapido ed efficiente. Il servizio 24 ore su 24 vi garantisce assistenza quando ne avete pi\u00f9 bisogno.<\/p>\n<\/section>\n<section>\n<h2>Avete bisogno di un fabbro urgente a Lisbona? Chiamate subito un professionista!<\/h2>\n<p>Qualunque sia il vostro problema, un <strong>fabbri urgenti a Lisbona<\/strong> pu\u00f2 aiutarvi a recuperare rapidamente l'accesso alla vostra propriet\u00e0 o al vostro veicolo. Non cercate di forzare la serratura ed evitate danni inutili.<\/p>\n<p><strong>Avete bisogno di un fabbro ora?<\/strong> Affidatevi agli esperti per un servizio rapido, sicuro ed efficiente!<\/p>\n<\/section>","protected":false},"excerpt":{"rendered":"<p>Est\u00e1 trancado para fora e precisa de um chaveiro urgente em Lisboa? Se perdeu as chaves, quebrou a fechadura ou precisa de uma substitui\u00e7\u00e3o imediata, um profissional qualificado pode resolver o problema com rapidez e seguran\u00e7a. Quando chamar um chaveiro urgente? Os imprevistos acontecem a qualquer hora do dia ou da noite. Se precisar de [&hellip;]<\/p>","protected":false},"author":1,"featured_media":0,"parent":0,"menu_order":0,"comment_status":"closed","ping_status":"closed","template":"","meta":{"footnotes":""},"class_list":["post-2831","page","type-page","status-publish","hentry"],"yoast_head":"<!-- This site is optimized with the Yoast SEO plugin v24.5 - https:\/\/yoast.com\/wordpress\/plugins\/seo\/ -->\n<title>Chaveiro Urgente Lisboa \u2013 Servi\u00e7o R\u00e1pido e Seguro 24h<\/title>\n<meta name=\"description\" content=\"Chaveiro urgente em Lisboa dispon\u00edvel 24 horas. Abertura de portas, troca de fechaduras e c\u00f3pia de chaves. Servi\u00e7o r\u00e1pido e seguro.\" \/>\n<meta name=\"robots\" content=\"index, follow, max-snippet:-1, max-image-preview:large, max-video-preview:-1\" \/>\n<link rel=\"canonical\" href=\"https:\/\/chaveirodelisboa.pt\/it\/fabbri-urgenti-lisbona\/\" \/>\n<meta property=\"og:locale\" content=\"it_IT\" \/>\n<meta property=\"og:type\" content=\"article\" \/>\n<meta property=\"og:title\" content=\"Chaveiro Urgente Lisboa \u2013 Servi\u00e7o R\u00e1pido e Seguro 24h\" \/>\n<meta property=\"og:description\" content=\"Chaveiro urgente em Lisboa dispon\u00edvel 24 horas. Abertura de portas, troca de fechaduras e c\u00f3pia de chaves. Servi\u00e7o r\u00e1pido e seguro.\" \/>\n<meta property=\"og:url\" content=\"https:\/\/chaveirodelisboa.pt\/it\/fabbri-urgenti-lisbona\/\" \/>\n<meta property=\"og:site_name\" content=\"Chaveiro de Lisboa\" \/>\n<meta name=\"twitter:card\" content=\"summary_large_image\" \/>\n<script type=\"application\/ld+json\" class=\"yoast-schema-graph\">{\"@context\":\"https:\/\/schema.org\",\"@graph\":[{\"@type\":\"WebPage\",\"@id\":\"https:\/\/chaveirodelisboa.pt\/chaveiro-urgente-lisboa\/\",\"url\":\"https:\/\/chaveirodelisboa.pt\/chaveiro-urgente-lisboa\/\",\"name\":\"Chaveiro Urgente Lisboa \u2013 Servi\u00e7o R\u00e1pido e Seguro 24h\",\"isPartOf\":{\"@id\":\"https:\/\/chaveirodelisboa.pt\/#website\"},\"datePublished\":\"2025-02-04T11:33:28+00:00\",\"description\":\"Chaveiro urgente em Lisboa dispon\u00edvel 24 horas. Abertura de portas, troca de fechaduras e c\u00f3pia de chaves. Servi\u00e7o r\u00e1pido e seguro.\",\"breadcrumb\":{\"@id\":\"https:\/\/chaveirodelisboa.pt\/chaveiro-urgente-lisboa\/#breadcrumb\"},\"inLanguage\":\"it-IT\",\"potentialAction\":[{\"@type\":\"ReadAction\",\"target\":[\"https:\/\/chaveirodelisboa.pt\/chaveiro-urgente-lisboa\/\"]}]},{\"@type\":\"BreadcrumbList\",\"@id\":\"https:\/\/chaveirodelisboa.pt\/chaveiro-urgente-lisboa\/#breadcrumb\",\"itemListElement\":[{\"@type\":\"ListItem\",\"position\":1,\"name\":\"Home\",\"item\":\"https:\/\/chaveirodelisboa.pt\/\"},{\"@type\":\"ListItem\",\"position\":2,\"name\":\"Chaveiro Urgente Lisboa \u2013 Servi\u00e7o R\u00e1pido e Seguro 24h\"}]},{\"@type\":\"WebSite\",\"@id\":\"https:\/\/chaveirodelisboa.pt\/#website\",\"url\":\"https:\/\/chaveirodelisboa.pt\/\",\"name\":\"Chaveiro de Lisboa\",\"description\":\"\ud83d\udd11 Solu\u00e7\u00f5es em chaveiro urgentes e confi\u00e1veis em Lisboa, 24 horas por dia.\",\"potentialAction\":[{\"@type\":\"SearchAction\",\"target\":{\"@type\":\"EntryPoint\",\"urlTemplate\":\"https:\/\/chaveirodelisboa.pt\/?s={search_term_string}\"},\"query-input\":{\"@type\":\"PropertyValueSpecification\",\"valueRequired\":true,\"valueName\":\"search_term_string\"}}],\"inLanguage\":\"it-IT\"}]}<\/script>\n<!-- \/ Yoast SEO plugin. -->","yoast_head_json":{"title":"Chaveiro Urgente Lisboa \u2013 Servi\u00e7o R\u00e1pido e Seguro 24h","description":"Chaveiro urgente em Lisboa dispon\u00edvel 24 horas. Abertura de portas, troca de fechaduras e c\u00f3pia de chaves. Servi\u00e7o r\u00e1pido e seguro.","robots":{"index":"index","follow":"follow","max-snippet":"max-snippet:-1","max-image-preview":"max-image-preview:large","max-video-preview":"max-video-preview:-1"},"canonical":"https:\/\/chaveirodelisboa.pt\/it\/fabbri-urgenti-lisbona\/","og_locale":"it_IT","og_type":"article","og_title":"Chaveiro Urgente Lisboa \u2013 Servi\u00e7o R\u00e1pido e Seguro 24h","og_description":"Chaveiro urgente em Lisboa dispon\u00edvel 24 horas. Abertura de portas, troca de fechaduras e c\u00f3pia de chaves. Servi\u00e7o r\u00e1pido e seguro.","og_url":"https:\/\/chaveirodelisboa.pt\/it\/fabbri-urgenti-lisbona\/","og_site_name":"Chaveiro de Lisboa","twitter_card":"summary_large_image","schema":{"@context":"https:\/\/schema.org","@graph":[{"@type":"WebPage","@id":"https:\/\/chaveirodelisboa.pt\/chaveiro-urgente-lisboa\/","url":"https:\/\/chaveirodelisboa.pt\/chaveiro-urgente-lisboa\/","name":"Chaveiro Urgente Lisboa \u2013 Servi\u00e7o R\u00e1pido e Seguro 24h","isPartOf":{"@id":"https:\/\/chaveirodelisboa.pt\/#website"},"datePublished":"2025-02-04T11:33:28+00:00","description":"Chaveiro urgente em Lisboa dispon\u00edvel 24 horas. Abertura de portas, troca de fechaduras e c\u00f3pia de chaves. Servi\u00e7o r\u00e1pido e seguro.","breadcrumb":{"@id":"https:\/\/chaveirodelisboa.pt\/chaveiro-urgente-lisboa\/#breadcrumb"},"inLanguage":"it-IT","potentialAction":[{"@type":"ReadAction","target":["https:\/\/chaveirodelisboa.pt\/chaveiro-urgente-lisboa\/"]}]},{"@type":"BreadcrumbList","@id":"https:\/\/chaveirodelisboa.pt\/chaveiro-urgente-lisboa\/#breadcrumb","itemListElement":[{"@type":"ListItem","position":1,"name":"Home","item":"https:\/\/chaveirodelisboa.pt\/"},{"@type":"ListItem","position":2,"name":"Chaveiro Urgente Lisboa \u2013 Servi\u00e7o R\u00e1pido e Seguro 24h"}]},{"@type":"WebSite","@id":"https:\/\/chaveirodelisboa.pt\/#website","url":"https:\/\/chaveirodelisboa.pt\/","name":"Chaveiro de Lisboa","description":"\ud83d\udd11 Solu\u00e7\u00f5es em chaveiro urgentes e confi\u00e1veis em Lisboa, 24 horas por dia.","potentialAction":[{"@type":"SearchAction","target":{"@type":"EntryPoint","urlTemplate":"https:\/\/chaveirodelisboa.pt\/?s={search_term_string}"},"query-input":{"@type":"PropertyValueSpecification","valueRequired":true,"valueName":"search_term_string"}}],"inLanguage":"it-IT"}]}},"_links":{"self":[{"href":"https:\/\/chaveirodelisboa.pt\/it\/wp-json\/wp\/v2\/pages\/2831","targetHints":{"allow":["GET"]}}],"collection":[{"href":"https:\/\/chaveirodelisboa.pt\/it\/wp-json\/wp\/v2\/pages"}],"about":[{"href":"https:\/\/chaveirodelisboa.pt\/it\/wp-json\/wp\/v2\/types\/page"}],"author":[{"embeddable":true,"href":"https:\/\/chaveirodelisboa.pt\/it\/wp-json\/wp\/v2\/users\/1"}],"replies":[{"embeddable":true,"href":"https:\/\/chaveirodelisboa.pt\/it\/wp-json\/wp\/v2\/comments?post=2831"}],"version-history":[{"count":0,"href":"https:\/\/chaveirodelisboa.pt\/it\/wp-json\/wp\/v2\/pages\/2831\/revisions"}],"wp:attachment":[{"href":"https:\/\/chaveirodelisboa.pt\/it\/wp-json\/wp\/v2\/media?parent=2831"}],"curies":[{"name":"wp","href":"https:\/\/api.w.org\/{rel}","templated":true}]}}