{"id":2832,"date":"2025-02-04T15:35:42","date_gmt":"2025-02-04T15:35:42","guid":{"rendered":"https:\/\/chaveirodelisboa.pt\/?page_id=2832"},"modified":"2025-02-04T15:35:42","modified_gmt":"2025-02-04T15:35:42","slug":"mudanca-de-fechadura-preco","status":"publish","type":"page","link":"https:\/\/chaveirodelisboa.pt\/it\/prezzo-del-cambio-serratura\/","title":{"rendered":"Prezzo del cambio di serratura - Quanto costa?"},"content":{"rendered":"<section>\n<p>\u00c8 necessario <strong>cambiare la serratura<\/strong> della vostra porta e volete sapere il prezzo del servizio? Che sia per motivi di sicurezza, usura o perdita delle chiavi, il cambio della serratura \u00e8 essenziale per garantire la protezione della vostra propriet\u00e0.<\/p>\n<\/section>\n<section>\n<h2>Quanto costa cambiare una serratura?<\/h2>\n<p>Il prezzo di <strong>cambiare la serratura<\/strong> pu\u00f2 variare in base a diversi fattori, come il tipo di serratura, la complessit\u00e0 dell'installazione e l'eventuale necessit\u00e0 di rinforzare la porta.<\/p>\n<p>I principali fattori che influenzano il costo includono:<\/p>\n<ul>\n<li><strong>Tipo di serratura<\/strong> - I modelli semplici sono pi\u00f9 economici, mentre le serrature ad alta sicurezza costano di pi\u00f9.<\/li>\n<li><strong>Difficolt\u00e0 di installazione<\/strong> - Alcune serrature richiedono modifiche alla porta, che possono aumentare i tempi di assistenza.<\/li>\n<li><strong>Urgenza delle cure<\/strong> - I servizi 24 ore su 24 o di emergenza possono comportare un costo aggiuntivo.<\/li>\n<li><strong>Posizione<\/strong> - Lo spostamento del fabbro pu\u00f2 influenzare il prezzo finale.<\/li>\n<\/ul>\n<\/section>\n<section>\n<h2>Tipi di serrature e prezzi<\/h2>\n<p>Il costo della sostituzione di una serratura dipende dal modello scelto. Ecco alcuni esempi:<\/p>\n<ul>\n<li><strong>Serrature semplici<\/strong> - A partire da 20 euro.<\/li>\n<li><strong>Serrature di sicurezza<\/strong> - Tra i 50 e i 150 euro, a seconda del livello di protezione.<\/li>\n<li><strong>Serrature multipunto<\/strong> - A partire da 100 euro, ideale per porte blindate.<\/li>\n<li><strong>Serrature elettroniche<\/strong> - Possono costare tra i 150\u20ac e i 400\u20ac, a seconda della tecnologia.<\/li>\n<\/ul>\n<p>Oltre al prezzo della serratura, c'\u00e8 il costo dell'installazione, che in genere varia da 30 a 80 euro, a seconda della complessit\u00e0 del servizio.<\/p>\n<\/section>\n<section>\n<h2>Quando cambiare la serratura?<\/h2>\n<p>La sostituzione della serratura pu\u00f2 essere necessaria in diverse situazioni. Alcune delle pi\u00f9 comuni sono:<\/p>\n<ul>\n<li><strong>Chiavi smarrite o rubate<\/strong> - Per garantire che nessuno abbia accesso indesiderato alla propriet\u00e0.<\/li>\n<li><strong>Serratura danneggiata o inceppata<\/strong> - Con il tempo, le serrature possono usurarsi e guastarsi.<\/li>\n<li><strong>Dopo un tentativo di effrazione<\/strong> - Per rafforzare la sicurezza e prevenire ulteriori incidenti.<\/li>\n<li><strong>Cambio di inquilini<\/strong> - Per garantire l'accesso solo ai nuovi residenti.<\/li>\n<li><strong>Aggiornamento della sicurezza<\/strong> - I modelli moderni offrono una maggiore resistenza all'effrazione.<\/li>\n<\/ul>\n<\/section>\n<section>\n<h2>I vantaggi di affidarsi a un professionista per la sostituzione delle serrature<\/h2>\n<p>Anche se alcuni cercano di cambiare la serratura da soli, rivolgersi a un professionista garantisce un servizio sicuro e senza problemi. I principali vantaggi sono:<\/p>\n<ul>\n<li><strong>Installazione senza danni<\/strong> - Il fabbro esegue il lavoro senza compromettere la porta.<\/li>\n<li><strong>Scegliere il modello giusto<\/strong> - Aiuta a scegliere la serratura migliore per le proprie esigenze.<\/li>\n<li><strong>Maggiore sicurezza<\/strong> - Un servizio professionale garantisce il corretto funzionamento della serratura.<\/li>\n<li><strong>Velocit\u00e0 ed efficienza<\/strong> - La sostituzione avviene in pochissimo tempo e senza complicazioni.<\/li>\n<\/ul>\n<\/section>\n<section>\n<h2>Servizio di cambio serratura 24 ore su 24<\/h2>\n<p>Se \u00e8 necessario cambiare urgentemente la serratura, un fabbro specializzato pu\u00f2 intervenire rapidamente, assicurando che la porta sia protetta il prima possibile.<\/p>\n<p>Grazie all'assistenza 24 ore su 24, potrete risolvere il vostro problema in qualsiasi momento, senza dover aspettare.<\/p>\n<\/section>\n<section>\n<h2>Volete sapere il prezzo esatto per cambiare la vostra serratura?<\/h2>\n<p>Il costo pu\u00f2 variare a seconda del modello e della difficolt\u00e0 di installazione. Per un preventivo dettagliato e un servizio professionale, contattate i nostri esperti.<\/p>\n<p><strong>Avete bisogno di cambiare una serratura a Lisbona?<\/strong> Richiedete subito un preventivo e garantite la sicurezza della vostra propriet\u00e0!<\/p>\n<\/section>","protected":false},"excerpt":{"rendered":"<p>Precisa de mudar a fechadura da sua porta e quer saber o pre\u00e7o do servi\u00e7o? Seja por seguran\u00e7a, desgaste ou perda de chaves, trocar a fechadura \u00e9 fundamental para garantir a prote\u00e7\u00e3o do seu im\u00f3vel. Quanto custa mudar uma fechadura? O pre\u00e7o da mudan\u00e7a de fechadura pode variar dependendo de v\u00e1rios fatores, como o tipo [&hellip;]<\/p>","protected":false},"author":1,"featured_media":0,"parent":0,"menu_order":0,"comment_status":"closed","ping_status":"closed","template":"","meta":{"footnotes":""},"class_list":["post-2832","page","type-page","status-publish","hentry"],"yoast_head":"<!-- This site is optimized with the Yoast SEO plugin v24.5 - https:\/\/yoast.com\/wordpress\/plugins\/seo\/ -->\n<title>Mudan\u00e7a de Fechadura Pre\u00e7o \u2013 Quanto Custa ?<\/title>\n<meta name=\"description\" content=\"Saiba o pre\u00e7o da mudan\u00e7a de fechadura em Lisboa. Servi\u00e7o r\u00e1pido e seguro para troca de fechaduras em portas residenciais e comerciais.\" \/>\n<meta name=\"robots\" content=\"index, follow, max-snippet:-1, max-image-preview:large, max-video-preview:-1\" \/>\n<link rel=\"canonical\" href=\"https:\/\/chaveirodelisboa.pt\/it\/prezzo-del-cambio-serratura\/\" \/>\n<meta property=\"og:locale\" content=\"it_IT\" \/>\n<meta property=\"og:type\" content=\"article\" \/>\n<meta property=\"og:title\" content=\"Mudan\u00e7a de Fechadura Pre\u00e7o \u2013 Quanto Custa ?\" \/>\n<meta property=\"og:description\" content=\"Saiba o pre\u00e7o da mudan\u00e7a de fechadura em Lisboa. Servi\u00e7o r\u00e1pido e seguro para troca de fechaduras em portas residenciais e comerciais.\" \/>\n<meta property=\"og:url\" content=\"https:\/\/chaveirodelisboa.pt\/it\/prezzo-del-cambio-serratura\/\" \/>\n<meta property=\"og:site_name\" content=\"Chaveiro de Lisboa\" \/>\n<meta name=\"twitter:card\" content=\"summary_large_image\" \/>\n<script type=\"application\/ld+json\" class=\"yoast-schema-graph\">{\"@context\":\"https:\/\/schema.org\",\"@graph\":[{\"@type\":\"WebPage\",\"@id\":\"https:\/\/chaveirodelisboa.pt\/mudanca-de-fechadura-preco\/\",\"url\":\"https:\/\/chaveirodelisboa.pt\/mudanca-de-fechadura-preco\/\",\"name\":\"Mudan\u00e7a de Fechadura Pre\u00e7o \u2013 Quanto Custa ?\",\"isPartOf\":{\"@id\":\"https:\/\/chaveirodelisboa.pt\/#website\"},\"datePublished\":\"2025-02-04T15:35:42+00:00\",\"description\":\"Saiba o pre\u00e7o da mudan\u00e7a de fechadura em Lisboa. Servi\u00e7o r\u00e1pido e seguro para troca de fechaduras em portas residenciais e comerciais.\",\"breadcrumb\":{\"@id\":\"https:\/\/chaveirodelisboa.pt\/mudanca-de-fechadura-preco\/#breadcrumb\"},\"inLanguage\":\"it-IT\",\"potentialAction\":[{\"@type\":\"ReadAction\",\"target\":[\"https:\/\/chaveirodelisboa.pt\/mudanca-de-fechadura-preco\/\"]}]},{\"@type\":\"BreadcrumbList\",\"@id\":\"https:\/\/chaveirodelisboa.pt\/mudanca-de-fechadura-preco\/#breadcrumb\",\"itemListElement\":[{\"@type\":\"ListItem\",\"position\":1,\"name\":\"Home\",\"item\":\"https:\/\/chaveirodelisboa.pt\/\"},{\"@type\":\"ListItem\",\"position\":2,\"name\":\"Mudan\u00e7a de Fechadura Pre\u00e7o \u2013 Quanto Custa ?\"}]},{\"@type\":\"WebSite\",\"@id\":\"https:\/\/chaveirodelisboa.pt\/#website\",\"url\":\"https:\/\/chaveirodelisboa.pt\/\",\"name\":\"Chaveiro de Lisboa\",\"description\":\"\ud83d\udd11 Solu\u00e7\u00f5es em chaveiro urgentes e confi\u00e1veis em Lisboa, 24 horas por dia.\",\"potentialAction\":[{\"@type\":\"SearchAction\",\"target\":{\"@type\":\"EntryPoint\",\"urlTemplate\":\"https:\/\/chaveirodelisboa.pt\/?s={search_term_string}\"},\"query-input\":{\"@type\":\"PropertyValueSpecification\",\"valueRequired\":true,\"valueName\":\"search_term_string\"}}],\"inLanguage\":\"it-IT\"}]}<\/script>\n<!-- \/ Yoast SEO plugin. -->","yoast_head_json":{"title":"Mudan\u00e7a de Fechadura Pre\u00e7o \u2013 Quanto Custa ?","description":"Saiba o pre\u00e7o da mudan\u00e7a de fechadura em Lisboa. Servi\u00e7o r\u00e1pido e seguro para troca de fechaduras em portas residenciais e comerciais.","robots":{"index":"index","follow":"follow","max-snippet":"max-snippet:-1","max-image-preview":"max-image-preview:large","max-video-preview":"max-video-preview:-1"},"canonical":"https:\/\/chaveirodelisboa.pt\/it\/prezzo-del-cambio-serratura\/","og_locale":"it_IT","og_type":"article","og_title":"Mudan\u00e7a de Fechadura Pre\u00e7o \u2013 Quanto Custa ?","og_description":"Saiba o pre\u00e7o da mudan\u00e7a de fechadura em Lisboa. Servi\u00e7o r\u00e1pido e seguro para troca de fechaduras em portas residenciais e comerciais.","og_url":"https:\/\/chaveirodelisboa.pt\/it\/prezzo-del-cambio-serratura\/","og_site_name":"Chaveiro de Lisboa","twitter_card":"summary_large_image","schema":{"@context":"https:\/\/schema.org","@graph":[{"@type":"WebPage","@id":"https:\/\/chaveirodelisboa.pt\/mudanca-de-fechadura-preco\/","url":"https:\/\/chaveirodelisboa.pt\/mudanca-de-fechadura-preco\/","name":"Mudan\u00e7a de Fechadura Pre\u00e7o \u2013 Quanto Custa ?","isPartOf":{"@id":"https:\/\/chaveirodelisboa.pt\/#website"},"datePublished":"2025-02-04T15:35:42+00:00","description":"Saiba o pre\u00e7o da mudan\u00e7a de fechadura em Lisboa. Servi\u00e7o r\u00e1pido e seguro para troca de fechaduras em portas residenciais e comerciais.","breadcrumb":{"@id":"https:\/\/chaveirodelisboa.pt\/mudanca-de-fechadura-preco\/#breadcrumb"},"inLanguage":"it-IT","potentialAction":[{"@type":"ReadAction","target":["https:\/\/chaveirodelisboa.pt\/mudanca-de-fechadura-preco\/"]}]},{"@type":"BreadcrumbList","@id":"https:\/\/chaveirodelisboa.pt\/mudanca-de-fechadura-preco\/#breadcrumb","itemListElement":[{"@type":"ListItem","position":1,"name":"Home","item":"https:\/\/chaveirodelisboa.pt\/"},{"@type":"ListItem","position":2,"name":"Mudan\u00e7a de Fechadura Pre\u00e7o \u2013 Quanto Custa ?"}]},{"@type":"WebSite","@id":"https:\/\/chaveirodelisboa.pt\/#website","url":"https:\/\/chaveirodelisboa.pt\/","name":"Chaveiro de Lisboa","description":"\ud83d\udd11 Solu\u00e7\u00f5es em chaveiro urgentes e confi\u00e1veis em Lisboa, 24 horas por dia.","potentialAction":[{"@type":"SearchAction","target":{"@type":"EntryPoint","urlTemplate":"https:\/\/chaveirodelisboa.pt\/?s={search_term_string}"},"query-input":{"@type":"PropertyValueSpecification","valueRequired":true,"valueName":"search_term_string"}}],"inLanguage":"it-IT"}]}},"_links":{"self":[{"href":"https:\/\/chaveirodelisboa.pt\/it\/wp-json\/wp\/v2\/pages\/2832","targetHints":{"allow":["GET"]}}],"collection":[{"href":"https:\/\/chaveirodelisboa.pt\/it\/wp-json\/wp\/v2\/pages"}],"about":[{"href":"https:\/\/chaveirodelisboa.pt\/it\/wp-json\/wp\/v2\/types\/page"}],"author":[{"embeddable":true,"href":"https:\/\/chaveirodelisboa.pt\/it\/wp-json\/wp\/v2\/users\/1"}],"replies":[{"embeddable":true,"href":"https:\/\/chaveirodelisboa.pt\/it\/wp-json\/wp\/v2\/comments?post=2832"}],"version-history":[{"count":0,"href":"https:\/\/chaveirodelisboa.pt\/it\/wp-json\/wp\/v2\/pages\/2832\/revisions"}],"wp:attachment":[{"href":"https:\/\/chaveirodelisboa.pt\/it\/wp-json\/wp\/v2\/media?parent=2832"}],"curies":[{"name":"wp","href":"https:\/\/api.w.org\/{rel}","templated":true}]}}