{"id":2842,"date":"2025-02-05T08:08:16","date_gmt":"2025-02-05T08:08:16","guid":{"rendered":"https:\/\/chaveirodelisboa.pt\/?page_id=2842"},"modified":"2025-02-05T08:08:16","modified_gmt":"2025-02-05T08:08:16","slug":"substituicao-de-segredos","status":"publish","type":"page","link":"https:\/\/chaveirodelisboa.pt\/it\/sostituire-i-segreti\/","title":{"rendered":"Sostituzione dei segreti - Modifica del meccanismo interno del lucchetto"},"content":{"rendered":"<section>\n<p>A <strong>sostituire i segreti<\/strong> \u00e8 un servizio essenziale per garantire che solo le nuove chiavi abbiano accesso a una serratura esistente, senza dover cambiare l'intera struttura. Questa soluzione \u00e8 ideale per rafforzare la sicurezza di case, aziende e uffici.<\/p>\n<\/section>\n<section>\n<h2>Che cos'\u00e8 la sostituzione segreta?<\/h2>\n<p>Il segreto di una serratura \u00e8 il meccanismo interno che definisce quale chiave pu\u00f2 sbloccarla. Quando si sostituisce il segreto, la serratura rimane la stessa, ma sar\u00e0 necessaria una nuova chiave per aprire la porta. In questo modo si evita l'uso di vecchie copie e si aumenta la protezione della propriet\u00e0.<\/p>\n<\/section>\n<section>\n<h2>Quando sostituire il segreto della serratura?<\/h2>\n<p>La modifica del segreto della serratura \u00e8 altamente raccomandata nelle seguenti situazioni:<\/p>\n<ul>\n<li><strong>Chiavi smarrite o rubate<\/strong> - Impedisce agli estranei di accedere alla propriet\u00e0.<\/li>\n<li><strong>Trasferirsi in una nuova propriet\u00e0<\/strong> - Per assicurarsi che gli ex residenti o inquilini non abbiano le chiavi.<\/li>\n<li><strong>Cambio di dipendenti o inquilini<\/strong> - Rafforza la sicurezza nelle aziende e nelle case in affitto.<\/li>\n<li><strong>Serratura vecchia, ma in buone condizioni<\/strong> - Aggiorna il sistema di chiavi senza doverlo sostituire completamente.<\/li>\n<li><strong>Dopo un tentativo di effrazione<\/strong> - Per ripristinare la protezione della porta.<\/li>\n<\/ul>\n<\/section>\n<section>\n<h2>Vantaggi della sostituzione dei segreti<\/h2>\n<p>Questo servizio offre diversi vantaggi rispetto al cambio completo della serratura:<\/p>\n<ul>\n<li><strong>Pi\u00f9 economico<\/strong> - Evita il costo elevato di una nuova serratura.<\/li>\n<li><strong>Processo rapido<\/strong> - Il segreto pu\u00f2 essere cambiato in pochi minuti.<\/li>\n<li><strong>Maggiore sicurezza<\/strong> - Impedisce l'utilizzo di vecchie chiavi.<\/li>\n<li><strong>Conservazione della porta<\/strong> - Non \u00e8 necessario forare o regolare la struttura.<\/li>\n<\/ul>\n<\/section>\n<section>\n<h2>Quanto costa sostituire i segreti?<\/h2>\n<p>Il prezzo del servizio pu\u00f2 variare a seconda del tipo di serratura e della complessit\u00e0 del meccanismo. Alcuni prezzi medi sono:<\/p>\n<ul>\n<li><strong>Sostituzione di un segreto in una serratura semplice<\/strong> - A partire da 30\u20ac.<\/li>\n<li><strong>Cambiare il segreto nelle serrature di alta sicurezza<\/strong> - Tra 60\u20ac e 120\u20ac.<\/li>\n<li><strong>Serrature multipunto<\/strong> - A partire da 100 euro, a seconda del sistema di chiusura.<\/li>\n<\/ul>\n<p>Il costo \u00e8 notevolmente inferiore rispetto alla sostituzione dell'intera serratura, pur mantenendo la stessa efficienza di sicurezza.<\/p>\n<\/section>\n<section>\n<h2>Come funziona la sostituzione dei segreti?<\/h2>\n<p>Il servizio di cambio serratura professionale segue queste fasi:<\/p>\n<ul>\n<li>Rimozione del meccanismo di blocco interno.<\/li>\n<li>Sostituzione del segreto con un nuovo modello compatibile.<\/li>\n<li>Test per verificare che la nuova chiave funzioni perfettamente.<\/li>\n<li>Consegna al cliente di un nuovo set di chiavi esclusive.<\/li>\n<\/ul>\n<p>Il processo \u00e8 rapido, sicuro e non danneggia la porta.<\/p>\n<\/section>\n<section>\n<h2>Tipi di serrature compatibili con lo scambio di segreti<\/h2>\n<p>La maggior parte dei modelli di serratura consente di sostituire il segreto senza dover effettuare una sostituzione completa. Tra i pi\u00f9 comuni vi sono<\/p>\n<ul>\n<li><strong>Serrature a cilindro europeo<\/strong> - Utilizzato per porte residenziali e commerciali.<\/li>\n<li><strong>Serrature multipunto<\/strong> - Si trova sulle porte blindate.<\/li>\n<li><strong>Serrature ad alta sicurezza<\/strong> - Con tecnologia antieffrazione.<\/li>\n<li><strong>Serrature elettroniche<\/strong> - Alcuni modelli consentono di sostituire il segreto manuale.<\/li>\n<\/ul>\n<\/section>\n<section>\n<h2>Servizio di sostituzione dei segreti 24 ore su 24<\/h2>\n<p>Se avete bisogno di un cambio chiavi d'emergenza, un fabbro professionista pu\u00f2 occuparsene rapidamente e garantire la vostra sicurezza senza complicazioni. Grazie al servizio 24 ore su 24, potrete avere nuove chiavi segrete ed esclusive a qualsiasi ora del giorno e della notte.<\/p>\n<\/section>\n<section>\n<h2>Dovete sostituire il segreto della vostra serratura? Mettetevi in contatto!<\/h2>\n<p>Che sia perch\u00e9 avete perso le chiavi, avete cambiato casa o state cercando di aumentare la sicurezza, cambiare il segreto della serratura \u00e8 una soluzione efficace ed economica.<\/p>\n<p><strong>Volete un servizio veloce e sicuro?<\/strong> Richiedete subito un preventivo e godetevi la tranquillit\u00e0 di una serratura protetta da nuove chiavi!<\/p>\n<\/section>","protected":false},"excerpt":{"rendered":"<p>A substitui\u00e7\u00e3o de segredos \u00e9 um servi\u00e7o essencial para garantir que apenas novas chaves tenham acesso a uma fechadura existente, sem a necessidade de trocar toda a estrutura. Essa solu\u00e7\u00e3o \u00e9 ideal para refor\u00e7ar a seguran\u00e7a de resid\u00eancias, com\u00e9rcios e escrit\u00f3rios. O que \u00e9 a substitui\u00e7\u00e3o de segredos? O segredo de uma fechadura \u00e9 o [&hellip;]<\/p>","protected":false},"author":1,"featured_media":0,"parent":0,"menu_order":0,"comment_status":"closed","ping_status":"closed","template":"","meta":{"footnotes":""},"class_list":["post-2842","page","type-page","status-publish","hentry"],"yoast_head":"<!-- This site is optimized with the Yoast SEO plugin v24.5 - https:\/\/yoast.com\/wordpress\/plugins\/seo\/ -->\n<title>Substitui\u00e7\u00e3o de Segredos \u2013 Troca de Mecanismo Interno da Fechadura<\/title>\n<meta name=\"description\" content=\"Substitui\u00e7\u00e3o de segredos de fechaduras em Lisboa. Troque o mecanismo interno da fechadura para refor\u00e7ar a seguran\u00e7a do seu im\u00f3vel. Atendimento r\u00e1pido e seguro.\" \/>\n<meta name=\"robots\" content=\"index, follow, max-snippet:-1, max-image-preview:large, max-video-preview:-1\" \/>\n<link rel=\"canonical\" href=\"https:\/\/chaveirodelisboa.pt\/it\/sostituire-i-segreti\/\" \/>\n<meta property=\"og:locale\" content=\"it_IT\" \/>\n<meta property=\"og:type\" content=\"article\" \/>\n<meta property=\"og:title\" content=\"Substitui\u00e7\u00e3o de Segredos \u2013 Troca de Mecanismo Interno da Fechadura\" \/>\n<meta property=\"og:description\" content=\"Substitui\u00e7\u00e3o de segredos de fechaduras em Lisboa. Troque o mecanismo interno da fechadura para refor\u00e7ar a seguran\u00e7a do seu im\u00f3vel. Atendimento r\u00e1pido e seguro.\" \/>\n<meta property=\"og:url\" content=\"https:\/\/chaveirodelisboa.pt\/it\/sostituire-i-segreti\/\" \/>\n<meta property=\"og:site_name\" content=\"Chaveiro de Lisboa\" \/>\n<meta name=\"twitter:card\" content=\"summary_large_image\" \/>\n<script type=\"application\/ld+json\" class=\"yoast-schema-graph\">{\"@context\":\"https:\/\/schema.org\",\"@graph\":[{\"@type\":\"WebPage\",\"@id\":\"https:\/\/chaveirodelisboa.pt\/substituicao-de-segredos\/\",\"url\":\"https:\/\/chaveirodelisboa.pt\/substituicao-de-segredos\/\",\"name\":\"Substitui\u00e7\u00e3o de Segredos \u2013 Troca de Mecanismo Interno da Fechadura\",\"isPartOf\":{\"@id\":\"https:\/\/chaveirodelisboa.pt\/#website\"},\"datePublished\":\"2025-02-05T08:08:16+00:00\",\"description\":\"Substitui\u00e7\u00e3o de segredos de fechaduras em Lisboa. Troque o mecanismo interno da fechadura para refor\u00e7ar a seguran\u00e7a do seu im\u00f3vel. Atendimento r\u00e1pido e seguro.\",\"breadcrumb\":{\"@id\":\"https:\/\/chaveirodelisboa.pt\/substituicao-de-segredos\/#breadcrumb\"},\"inLanguage\":\"it-IT\",\"potentialAction\":[{\"@type\":\"ReadAction\",\"target\":[\"https:\/\/chaveirodelisboa.pt\/substituicao-de-segredos\/\"]}]},{\"@type\":\"BreadcrumbList\",\"@id\":\"https:\/\/chaveirodelisboa.pt\/substituicao-de-segredos\/#breadcrumb\",\"itemListElement\":[{\"@type\":\"ListItem\",\"position\":1,\"name\":\"Home\",\"item\":\"https:\/\/chaveirodelisboa.pt\/\"},{\"@type\":\"ListItem\",\"position\":2,\"name\":\"Substitui\u00e7\u00e3o de Segredos \u2013 Troca de Mecanismo Interno da Fechadura\"}]},{\"@type\":\"WebSite\",\"@id\":\"https:\/\/chaveirodelisboa.pt\/#website\",\"url\":\"https:\/\/chaveirodelisboa.pt\/\",\"name\":\"Chaveiro de Lisboa\",\"description\":\"\ud83d\udd11 Solu\u00e7\u00f5es em chaveiro urgentes e confi\u00e1veis em Lisboa, 24 horas por dia.\",\"potentialAction\":[{\"@type\":\"SearchAction\",\"target\":{\"@type\":\"EntryPoint\",\"urlTemplate\":\"https:\/\/chaveirodelisboa.pt\/?s={search_term_string}\"},\"query-input\":{\"@type\":\"PropertyValueSpecification\",\"valueRequired\":true,\"valueName\":\"search_term_string\"}}],\"inLanguage\":\"it-IT\"}]}<\/script>\n<!-- \/ Yoast SEO plugin. -->","yoast_head_json":{"title":"Substitui\u00e7\u00e3o de Segredos \u2013 Troca de Mecanismo Interno da Fechadura","description":"Substitui\u00e7\u00e3o de segredos de fechaduras em Lisboa. Troque o mecanismo interno da fechadura para refor\u00e7ar a seguran\u00e7a do seu im\u00f3vel. Atendimento r\u00e1pido e seguro.","robots":{"index":"index","follow":"follow","max-snippet":"max-snippet:-1","max-image-preview":"max-image-preview:large","max-video-preview":"max-video-preview:-1"},"canonical":"https:\/\/chaveirodelisboa.pt\/it\/sostituire-i-segreti\/","og_locale":"it_IT","og_type":"article","og_title":"Substitui\u00e7\u00e3o de Segredos \u2013 Troca de Mecanismo Interno da Fechadura","og_description":"Substitui\u00e7\u00e3o de segredos de fechaduras em Lisboa. Troque o mecanismo interno da fechadura para refor\u00e7ar a seguran\u00e7a do seu im\u00f3vel. Atendimento r\u00e1pido e seguro.","og_url":"https:\/\/chaveirodelisboa.pt\/it\/sostituire-i-segreti\/","og_site_name":"Chaveiro de Lisboa","twitter_card":"summary_large_image","schema":{"@context":"https:\/\/schema.org","@graph":[{"@type":"WebPage","@id":"https:\/\/chaveirodelisboa.pt\/substituicao-de-segredos\/","url":"https:\/\/chaveirodelisboa.pt\/substituicao-de-segredos\/","name":"Substitui\u00e7\u00e3o de Segredos \u2013 Troca de Mecanismo Interno da Fechadura","isPartOf":{"@id":"https:\/\/chaveirodelisboa.pt\/#website"},"datePublished":"2025-02-05T08:08:16+00:00","description":"Substitui\u00e7\u00e3o de segredos de fechaduras em Lisboa. Troque o mecanismo interno da fechadura para refor\u00e7ar a seguran\u00e7a do seu im\u00f3vel. Atendimento r\u00e1pido e seguro.","breadcrumb":{"@id":"https:\/\/chaveirodelisboa.pt\/substituicao-de-segredos\/#breadcrumb"},"inLanguage":"it-IT","potentialAction":[{"@type":"ReadAction","target":["https:\/\/chaveirodelisboa.pt\/substituicao-de-segredos\/"]}]},{"@type":"BreadcrumbList","@id":"https:\/\/chaveirodelisboa.pt\/substituicao-de-segredos\/#breadcrumb","itemListElement":[{"@type":"ListItem","position":1,"name":"Home","item":"https:\/\/chaveirodelisboa.pt\/"},{"@type":"ListItem","position":2,"name":"Substitui\u00e7\u00e3o de Segredos \u2013 Troca de Mecanismo Interno da Fechadura"}]},{"@type":"WebSite","@id":"https:\/\/chaveirodelisboa.pt\/#website","url":"https:\/\/chaveirodelisboa.pt\/","name":"Chaveiro de Lisboa","description":"\ud83d\udd11 Solu\u00e7\u00f5es em chaveiro urgentes e confi\u00e1veis em Lisboa, 24 horas por dia.","potentialAction":[{"@type":"SearchAction","target":{"@type":"EntryPoint","urlTemplate":"https:\/\/chaveirodelisboa.pt\/?s={search_term_string}"},"query-input":{"@type":"PropertyValueSpecification","valueRequired":true,"valueName":"search_term_string"}}],"inLanguage":"it-IT"}]}},"_links":{"self":[{"href":"https:\/\/chaveirodelisboa.pt\/it\/wp-json\/wp\/v2\/pages\/2842","targetHints":{"allow":["GET"]}}],"collection":[{"href":"https:\/\/chaveirodelisboa.pt\/it\/wp-json\/wp\/v2\/pages"}],"about":[{"href":"https:\/\/chaveirodelisboa.pt\/it\/wp-json\/wp\/v2\/types\/page"}],"author":[{"embeddable":true,"href":"https:\/\/chaveirodelisboa.pt\/it\/wp-json\/wp\/v2\/users\/1"}],"replies":[{"embeddable":true,"href":"https:\/\/chaveirodelisboa.pt\/it\/wp-json\/wp\/v2\/comments?post=2842"}],"version-history":[{"count":0,"href":"https:\/\/chaveirodelisboa.pt\/it\/wp-json\/wp\/v2\/pages\/2842\/revisions"}],"wp:attachment":[{"href":"https:\/\/chaveirodelisboa.pt\/it\/wp-json\/wp\/v2\/media?parent=2842"}],"curies":[{"name":"wp","href":"https:\/\/api.w.org\/{rel}","templated":true}]}}